{"id":14,"date":"2025-06-21T14:32:11","date_gmt":"2025-06-21T14:32:11","guid":{"rendered":"http:\/\/shobain.com\/about-us\/"},"modified":"2025-12-02T16:41:21","modified_gmt":"2025-12-02T14:41:21","slug":"about-us","status":"publish","type":"page","link":"https:\/\/shobain.com\/hr\/about-us\/","title":{"rendered":"About Us"},"content":{"rendered":"<div class=\"wp-block-uagb-container uag-hide-tab uag-hide-mob uagb-block-bea5283e alignfull uagb-is-root-container\"><div class=\"uagb-container-inner-blocks-wrap\">\n<div class=\"wp-block-uagb-advanced-heading uagb-block-fc6aaff1\"><h1 class=\"uagb-heading-text\">O Shobainu<\/h1><\/div>\n<\/div><\/div>\n\n\n\n<div class=\"wp-block-uagb-container uagb-block-4ad07b0b alignfull uagb-is-root-container\"><div class=\"uagb-container-inner-blocks-wrap\">\n<div class=\"wp-block-uagb-container uagb-block-dde14a08\">\n<div class=\"wp-block-uagb-advanced-heading uagb-block-819b66ad\"><h2 class=\"uagb-heading-text\">\u0160ivamo samopouzdanje, komad po komad<\/h2><\/div>\n<\/div>\n\n\n\n<div class=\"wp-block-uagb-container uagb-block-9276b384\">\n<div class=\"wp-block-uagb-info-box uagb-block-d2c339f6 uagb-infobox__content-wrap  uagb-infobox-icon-above-title uagb-infobox-image-valign-top\"><div class=\"uagb-ifb-content\"><div class=\"uagb-ifb-title-wrap\"><h4 class=\"uagb-ifb-title\">Shobain je zapo\u010deo s jednim \u0161avom i dubokom \u017eeljom da se osje\u0107am dobro u vlastitoj ko\u017ei - sada taj osje\u0107aj stvaram za druge.<\/h4><\/div><p class=\"uagb-ifb-desc\">Nakon godina no\u0161enja neudobnih grudnjaka s neprimjereno velikim \u017eicama koje su se \u010dinile vi\u0161e zainteresiranima za bockanje nego za podupiranje, donijela sam izvr\u0161nu \u017eivotnu odluku: napravit \u0107u si grudnjak koji je zapravo ugodan za no\u0161enje. I tako sam i u\u010dinila.<br><br>Tijekom tog dugog putovanja u\u010denja, crtanja, \u0161ivanja i \u017eivljenja u vlastitim kreacijama, zaljubila sam se u svijet donjeg rublja. Bio je to transformativni proces - onaj koji mi je pomogao da se ponovno pove\u017eem sa svojim tijelom i osje\u0107am se dobro u svojoj ko\u017ei.<br><br>Upravo zato stvorila sam <strong>Shobain<\/strong>: kako bih podijelila taj osje\u0107aj s vama - udobnost, samopouzdanje i slobodu da se u potpunosti izrazite kroz komade ru\u010dno izra\u0111enog eti\u010dkog donjeg rublja koji vam zaista pristaju i u kojima se osje\u0107ate kao svoja najbolja verzija.<br><br>Svaki predmet dizajniran je i ru\u010dno izra\u0111en u na\u0161em malom studiju u Hrvatskoj, koriste\u0107i visokokvalitetne materijale. Sve proizvodimo lokalno, u ograni\u010denim koli\u010dinama i s eti\u010dkim vrijednostima koje stavljaju ljude na prvo mjesto. Time \u0161to cijeli proces obavljamo interno - od prve skice do zavr\u0161nog \u0161ava - osiguravamo iznimnu kvalitetu, promi\u0161ljen dizajn i osobni pe\u010dat u svakom komadu.<br><br>Shobain je tu da vam pomogne da se osje\u0107ate kao va\u0161a vlastita muza \u2014 ne samo odjeveni, ve\u0107 i slavljeni.<\/p><\/div><\/div>\n<\/div>\n\n\n\n<div class=\"wp-block-uagb-separator uagb-block-5f83295c\"><div class=\"wp-block-uagb-separator__inner\" style=\"--my-background-image:\"><\/div><\/div>\n\n\n\n<div class=\"wp-block-uagb-info-box uagb-block-ec65eac1 uagb-infobox__content-wrap  uagb-infobox-icon-above-title uagb-infobox-image-valign-top\"><div class=\"uagb-ifb-content\"><div class=\"uagb-ifb-title-wrap\"><h2 class=\"uagb-ifb-title\">Polako dizajnirano. Lokalno proizvedeno. No\u0161eno s ponosom.<\/h2><\/div><p class=\"uagb-ifb-desc\">U Shobainu, svaki komad je promi\u0161ljeno dizajniran i ru\u010dno izra\u0111en u na\u0161em lokalnom studiju u EU. Ovaj pristup spore mode osigurava da je svaki odjevni predmet izra\u0111en s iznimnom pa\u017enjom posve\u0107enom detaljima, kvalitetnim materijalima i eti\u010dkim praksama. Kada nosite Shobain, ne birate samo donje rublje - prihva\u0107ate pri\u010du o svjesnom stvaranju, lokalnoj izradi i ponosu na na\u010din na koji se izra\u017eavate.<\/p><\/div><\/div>\n<\/div><\/div>\n\n\n\n<div class=\"wp-block-uagb-container uagb-block-03daffa8 alignfull uagb-is-root-container\"><div class=\"uagb-container-inner-blocks-wrap\">\n<div class=\"wp-block-uagb-info-box uagb-block-3625f0bd uagb-infobox__content-wrap  uagb-infobox-icon-above-title uagb-infobox-image-valign-top\"><div class=\"uagb-ifb-content\"><div class=\"uagb-ifb-title-wrap\"><h2 class=\"uagb-ifb-title\">Vi\u0161e od donjeg rublja \u2014 Osobni do\u017eivljaj<\/h2><\/div><p class=\"uagb-ifb-desc\">U Shobainu, va\u0161a udobnost i samopouzdanje ne staju samo na na\u0161oj odje\u0107i - prote\u017eu se na svaki korak va\u0161eg iskustva s nama. Od promi\u0161ljenog savjetovanja o kroju i stilu do pa\u017eljive podr\u0161ke kad god vam zatreba, tu smo da se osje\u0107ate vi\u0111eno, saslu\u0161ano i cijenjeno. Kupovina u Shobainu zna\u010di pridru\u017eivanje zajednici u kojoj su va\u0161e jedinstvene potrebe sr\u017e onoga \u0161to radimo, a va\u0161e zadovoljstvo nije samo cilj - to je svrha.<\/p><\/div><\/div>\n<\/div><\/div>\n\n\n\n<div class=\"wp-block-uagb-container uagb-block-29842745 alignfull uagb-is-root-container\"><div class=\"uagb-container-inner-blocks-wrap\">\n<div class=\"wp-block-uagb-info-box uagb-block-2554c78b uagb-infobox__content-wrap  uagb-infobox-icon-above-title uagb-infobox-image-valign-top\"><div class=\"uagb-ifb-content\"><div class=\"uagb-ifb-title-wrap\"><h2 class=\"uagb-ifb-title\">Spora moda, brzo osna\u017eivanje<\/h2><\/div><\/div><\/div>\n\n\n\n<div class=\"wp-block-uagb-container uagb-block-2bc90d6f\">\n<div class=\"wp-block-uagb-advanced-heading uagb-block-9f1ae72a\"><h5 class=\"uagb-heading-text\">Svaki komad je ru\u010dno izra\u0111en u na\u0161em studiju s pa\u017enjom, namjerom i po\u0161tovanjem prema va\u0161em tijelu i planetu.<\/h5><\/div>\n\n\n\n<div class=\"wp-block-uagb-info-box uagb-block-71da6051 uagb-infobox__content-wrap  uagb-infobox-icon-above-title uagb-infobox-image-valign-top\"><div class=\"uagb-ifb-content\"><div class=\"uagb-ifb-title-wrap\"><\/div><p class=\"uagb-ifb-desc\">U Shobainu, svaki komad dizajniram, krojim i \u0161ivam ja u na\u0161em studiju sa sjedi\u0161tem u EU. Ovo nije brza moda - to je sporo, namjerno stvaranje utemeljeno na po\u0161tovanju prema va\u0161em tijelu, zanatu i planetu. Proizvodnjom u malim serijama i odr\u017eavanjem interne proizvodnje, osiguravamo najvi\u0161u kvalitetu, minimiziramo otpad i odr\u017eavamo potpunu kontrolu nad etikom i brigom iza svakog odjevnog predmeta. Mo\u017eete biti sigurni znaju\u0107i da va\u0161e donje rublje nije masovno proizvedeno, ve\u0107 pa\u017eljivo ru\u010dno izra\u0111eno - samo za vas.<\/p><\/div><\/div>\n<\/div>\n<\/div><\/div>\n\n\n\n<div class=\"wp-block-uagb-container uagb-block-ccc4e980 alignfull uagb-is-root-container\"><div class=\"uagb-container-inner-blocks-wrap\">\n<div class=\"wp-block-uagb-container uagb-block-9aa8d9e0\">\n<div class=\"wp-block-uagb-info-box uagb-block-d1091790 uagb-infobox__content-wrap  uagb-infobox-icon-above-title uagb-infobox-image-valign-top\"><div class=\"uagb-ifb-content\"><div class=\"uagb-ifb-title-wrap\"><h2 class=\"uagb-ifb-title\">Probudite svoju unutarnju muzu<\/h2><\/div><p class=\"uagb-ifb-desc\">Pridru\u017eite nam se na putovanju ljubavi prema sebi i stilu. Otkrijte ru\u010dno izra\u0111eno eti\u010dno donje rublje dizajnirano da proslavi va\u0161u jedinstvenu ljepotu \u2014 istra\u017eite na\u0161u kolekciju i zapo\u010dnite svoju avanturu.<\/p><\/div><\/div>\n\n\n\n<div class=\"wp-block-uagb-buttons uagb-buttons__outer-wrap uagb-btn__default-btn uagb-btn-tablet__default-btn uagb-btn-mobile__default-btn uagb-block-181e40e0\"><div class=\"uagb-buttons__wrap uagb-buttons-layout-wrap\">\n<div class=\"wp-block-uagb-buttons-child uagb-buttons__outer-wrap uagb-block-4687be33 wp-block-button\"><div class=\"uagb-button__wrapper\"><a class=\"uagb-buttons-repeater ast-outline-button\" aria-label=\"\" style=\"border-width:revert-layer\" href=\"https:\/\/shobain.com\/hr\/shop\/\" rel=\"follow noopener\" target=\"_self\" role=\"button\"><div class=\"uagb-button__link\">Istra\u017ei kolekciju<\/div><\/a><\/div><\/div>\n<\/div><\/div>\n<\/div>\n<\/div><\/div>\n\n\n\n<p><\/p>","protected":false},"excerpt":{"rendered":"<p>About Shobain Sewing Confidence, One Piece at a Time Every piece is handmade in-house with care, intention, and respect for your body and the planet.<\/p>","protected":false},"author":1,"featured_media":0,"parent":0,"menu_order":0,"comment_status":"closed","ping_status":"closed","template":"","meta":{"inline_featured_image":false,"_uag_custom_page_level_css":"","site-sidebar-layout":"default","site-content-layout":"","ast-site-content-layout":"default","site-content-style":"default","site-sidebar-style":"default","ast-global-header-display":"","ast-banner-title-visibility":"","ast-main-header-display":"","ast-hfb-above-header-display":"","ast-hfb-below-header-display":"","ast-hfb-mobile-header-display":"","site-post-title":"disabled","ast-breadcrumbs-content":"","ast-featured-img":"disabled","footer-sml-layout":"","ast-disable-related-posts":"","theme-transparent-header-meta":"enabled","adv-header-id-meta":"","stick-header-meta":"","header-above-stick-meta":"","header-main-stick-meta":"","header-below-stick-meta":"","astra-migrate-meta-layouts":"default","ast-page-background-enabled":"default","ast-page-background-meta":{"desktop":{"background-color":"var(--ast-global-color-4)","background-image":"","background-repeat":"repeat","background-position":"center center","background-size":"auto","background-attachment":"scroll","background-type":"","background-media":"","overlay-type":"","overlay-color":"","overlay-opacity":"","overlay-gradient":""},"tablet":{"background-color":"","background-image":"","background-repeat":"repeat","background-position":"center center","background-size":"auto","background-attachment":"scroll","background-type":"","background-media":"","overlay-type":"","overlay-color":"","overlay-opacity":"","overlay-gradient":""},"mobile":{"background-color":"","background-image":"","background-repeat":"repeat","background-position":"center center","background-size":"auto","background-attachment":"scroll","background-type":"","background-media":"","overlay-type":"","overlay-color":"","overlay-opacity":"","overlay-gradient":""}},"ast-content-background-meta":{"desktop":{"background-color":"var(--ast-global-color-5)","background-image":"","background-repeat":"repeat","background-position":"center center","background-size":"auto","background-attachment":"scroll","background-type":"","background-media":"","overlay-type":"","overlay-color":"","overlay-opacity":"","overlay-gradient":""},"tablet":{"background-color":"var(--ast-global-color-5)","background-image":"","background-repeat":"repeat","background-position":"center center","background-size":"auto","background-attachment":"scroll","background-type":"","background-media":"","overlay-type":"","overlay-color":"","overlay-opacity":"","overlay-gradient":""},"mobile":{"background-color":"var(--ast-global-color-5)","background-image":"","background-repeat":"repeat","background-position":"center center","background-size":"auto","background-attachment":"scroll","background-type":"","background-media":"","overlay-type":"","overlay-color":"","overlay-opacity":"","overlay-gradient":""}},"footnotes":""},"class_list":["post-14","page","type-page","status-publish","hentry"],"aioseo_notices":[],"uagb_featured_image_src":{"full":false,"thumbnail":false,"medium":false,"medium_large":false,"large":false,"1536x1536":false,"2048x2048":false,"trp-custom-language-flag":false,"mailpoet_newsletter_max":false,"woocommerce_thumbnail":false,"woocommerce_single":false,"woocommerce_gallery_thumbnail":false},"uagb_author_info":{"display_name":"Laura Roman","author_link":"https:\/\/shobain.com\/hr\/author\/romancreativestudiosgmail-com\/"},"uagb_comment_info":0,"uagb_excerpt":"About Shobain Sewing Confidence, One Piece at a Time Every piece is handmade in-house with care, intention, and respect for your body and the planet.","_links":{"self":[{"href":"https:\/\/shobain.com\/hr\/wp-json\/wp\/v2\/pages\/14","targetHints":{"allow":["GET"]}}],"collection":[{"href":"https:\/\/shobain.com\/hr\/wp-json\/wp\/v2\/pages"}],"about":[{"href":"https:\/\/shobain.com\/hr\/wp-json\/wp\/v2\/types\/page"}],"author":[{"embeddable":true,"href":"https:\/\/shobain.com\/hr\/wp-json\/wp\/v2\/users\/1"}],"replies":[{"embeddable":true,"href":"https:\/\/shobain.com\/hr\/wp-json\/wp\/v2\/comments?post=14"}],"version-history":[{"count":17,"href":"https:\/\/shobain.com\/hr\/wp-json\/wp\/v2\/pages\/14\/revisions"}],"predecessor-version":[{"id":1896,"href":"https:\/\/shobain.com\/hr\/wp-json\/wp\/v2\/pages\/14\/revisions\/1896"}],"wp:attachment":[{"href":"https:\/\/shobain.com\/hr\/wp-json\/wp\/v2\/media?parent=14"}],"curies":[{"name":"wp","href":"https:\/\/api.w.org\/{rel}","templated":true}]}}