{"id":1516,"date":"2025-07-27T15:57:28","date_gmt":"2025-07-27T13:57:28","guid":{"rendered":"https:\/\/shobain.com\/?page_id=1516"},"modified":"2025-07-31T19:10:59","modified_gmt":"2025-07-31T17:10:59","slug":"frequently-asked-questions","status":"publish","type":"page","link":"https:\/\/shobain.com\/hr\/frequently-asked-questions\/","title":{"rendered":"\u010cesto postavljena pitanja"},"content":{"rendered":"<div class=\"wp-block-uagb-table-of-contents uagb-toc__align-left uagb-toc__columns-1  uagb-block-6f22f4d6\"\n\t\t\t\t\tdata-scroll= \"1\"\n\t\t\t\t\tdata-offset= \"30\"\n\t\t\t\t\tstyle=\"\"\n\t\t\t\t>\n\t\t\t\t<div class=\"uagb-toc__wrap\">\n\t\t\t\t\t\t<div class=\"uagb-toc__title\">\n\t\t\t\t\t\t\tSadr\u017eaj\t\t\t\t\t\t<\/div>\n\t\t\t\t\t\t\t\t\t\t\t\t\t\t\t\t\t\t\t\t\t\t<div class=\"uagb-toc__list-wrap\">\n\t\t\t\t\t\t<ol class=\"uagb-toc__list\"><li class=\"uagb-toc__list\"><a href=\"#shipping-and-return-policy\" class=\"uagb-toc-link__trigger\">Pravila dostave i povrata<\/a><li class=\"uagb-toc__list\"><a href=\"#sizing\" class=\"uagb-toc-link__trigger\">Veli\u010dine<\/a><li class=\"uagb-toc__list\"><a href=\"#payment-options\" class=\"uagb-toc-link__trigger\">Opcije pla\u0107anja<\/a><li class=\"uagb-toc__list\"><a href=\"#lingerie-care\" class=\"uagb-toc-link__trigger\">Njega donjeg rublja<\/a><li class=\"uagb-toc__list\"><a href=\"#hand-washing-instructions\" class=\"uagb-toc-link__trigger\">Kako prati donje rublje:<\/a><li class=\"uagb-toc__list\"><a href=\"#terms-and-conditions\" class=\"uagb-toc-link__trigger\">Op\u0107i uvjeti poslovanja<\/a><\/ol>\t\t\t\t\t<\/div>\n\t\t\t\t\t\t\t\t\t<\/div>\n\t\t\t\t<\/div>\n\t\t\t\n\n\n<p><\/p>\n\n\n\n<h4 class=\"wp-block-heading has-text-align-center\">Pravila dostave i povrata<\/h4>\n\n\n\n<p>Svi artikli se izra\u0111uju po narud\u017ebi, a trenutno vrijeme proizvodnje je do tri tjedna.<\/p>\n\n\n\n<p>Na\u0161e artikle \u0161aljemo diljem svijeta. Doma\u0107a dostava (unutar Hrvatske) iznosi 4 EUR, a me\u0111unarodna dostava 10 EUR. Nakon \u0161to va\u0161a po\u0161iljka bude poslana, primit \u0107ete potvrdu putem e-po\u0161te s brojem za pra\u0107enje va\u0161eg paketa.<\/p>\n\n\n\n<p>Iz higijenskih razloga ne mo\u017eemo prihvatiti povrat ga\u0107ica ili bodija. Grudnjaci i bralettes mogu se zamijeniti ili vratiti ako vam ne odgovaraju. Kako biste osigurali odgovaraju\u0107u veli\u010dinu, pa\u017eljivo izmjerite svoje mjere slijede\u0107i dolje navedene upute. Ako imate bilo kakvih pitanja ili vam je potrebna pomo\u0107, slobodno nas kontaktirajte.<\/p>\n\n\n\n<p>Za po\u010detak postupka povrata, po\u0161aljite nam e-po\u0161tu na&nbsp;<a href=\"mailto:romancreativestudios@gmail.com\">romancreativestudios@gmail.com<\/a><\/p>\n\n\n\n<h4 class=\"wp-block-heading has-text-align-center\">Veli\u010dine<\/h4>\n\n\n\n<p>Trudimo se izraditi odje\u0107u s kojom \u0107ete biti zadovoljni i u kojoj \u0107ete se osje\u0107ati samopouzdano. Vodi\u010d za veli\u010dine mo\u017eete prona\u0107i u ovom odjeljku. Kako biste osigurali da vam odje\u0107a najbolje pristaje, uz narud\u017ebu nam mo\u017eete dostaviti svoje tjelesne mjere.<strong>Za detaljan vodi\u010d s video uputama kliknite <a href=\"https:\/\/shobain.com\/hr\/how-to-measure-yourself-for-shobain-lingerie\/\" title=\"\">ovdje<\/a><\/strong><\/p>\n\n\n\n<div class=\"wp-block-uagb-container uagb-block-f6f9edaa alignfull uagb-is-root-container\"><div class=\"uagb-container-inner-blocks-wrap\">\n<div class=\"wp-block-uagb-container uagb-block-8c170401\">\n<p><strong>Da biste odredili veli\u010dinu grudnjaka, izmjerite donji dio poprsja i puni obujam prsa. <\/strong> <br><br>Za mjerenje donjeg dijela prsnog ko\u0161a izmjerite opseg na vrhu prsnog ko\u0161a, ispod tkiva dojke. Traka za mjerenje trebala bi biti paralelna s tlom i \u010dvrsto vas obujmiti. Prona\u0111ite svoju veli\u010dinu uz pomo\u0107 ove tablice:<\/p>\n\n\n\n<figure class=\"wp-block-image size-full\"><img loading=\"lazy\" decoding=\"async\" width=\"603\" height=\"50\" src=\"https:\/\/shobain.com\/wp-content\/uploads\/2025\/07\/CUP-SIZE-SHOBAIN-with-D-CUP.avif\" alt=\"\" class=\"wp-image-1519\" srcset=\"https:\/\/shobain.com\/wp-content\/uploads\/2025\/07\/CUP-SIZE-SHOBAIN-with-D-CUP.avif 603w, https:\/\/shobain.com\/wp-content\/uploads\/2025\/07\/CUP-SIZE-SHOBAIN-with-D-CUP-300x25.avif 300w, https:\/\/shobain.com\/wp-content\/uploads\/2025\/07\/CUP-SIZE-SHOBAIN-with-D-CUP-600x50.avif 600w\" sizes=\"auto, (max-width: 603px) 100vw, 603px\" \/><\/figure>\n\n\n\n<p>Za mjerenje obujma prsa postavite mjernu traku oko najpunijeg djela poprsja, ponovno paze\u0107i da je mjerna vrpca paralelna s tlom. <br><strong><br><\/strong>Da biste prona\u0161li veli\u010dinu ko\u0161arice, izra\u010dunajte razliku izme\u0111u obujma prsa i veli\u010dine donjeg dijela prsnog ko\u0161a.  <br><br><strong> Veli\u010dina ko\u0161arice = opseg poprsja - opseg donjeg dijela prsnog ko\u0161a<\/strong><br><br>Na primjer, osoba s opsegom ispod prsa od 79 cm i opsegom prsa od 92 cm nosila bi veli\u010dinu 80A.<\/p>\n\n\n\n<figure class=\"wp-block-image size-full\"><img loading=\"lazy\" decoding=\"async\" width=\"600\" height=\"50\" src=\"https:\/\/shobain.com\/wp-content\/uploads\/2025\/07\/UNDERBUST-SIZE-with-90cm.avif\" alt=\"\" class=\"wp-image-1520\" srcset=\"https:\/\/shobain.com\/wp-content\/uploads\/2025\/07\/UNDERBUST-SIZE-with-90cm.avif 600w, https:\/\/shobain.com\/wp-content\/uploads\/2025\/07\/UNDERBUST-SIZE-with-90cm-300x25.avif 300w\" sizes=\"auto, (max-width: 600px) 100vw, 600px\" \/><\/figure>\n\n\n\n<p><\/p>\n<\/div>\n\n\n\n<div class=\"wp-block-uagb-container uagb-block-5e60a725\">\n<figure class=\"wp-block-image size-full\"><img loading=\"lazy\" decoding=\"async\" width=\"405\" height=\"540\" src=\"https:\/\/shobain.com\/wp-content\/uploads\/2025\/07\/measurement-guide.png\" alt=\"\" class=\"wp-image-1518\" srcset=\"https:\/\/shobain.com\/wp-content\/uploads\/2025\/07\/measurement-guide.png 405w, https:\/\/shobain.com\/wp-content\/uploads\/2025\/07\/measurement-guide-225x300.png 225w\" sizes=\"auto, (max-width: 405px) 100vw, 405px\" \/><\/figure>\n<\/div>\n<\/div><\/div>\n\n\n\n<p>Da biste prona\u0161li veli\u010dinu ga\u0107ica, izmjerite opseg struka i bokova. <br><br>Izmjerite svoj prirodni struk: ako vam je potrebna pomo\u0107 pri pronala\u017eenju podru\u010dja, poku\u0161ajte se saviti bo\u010dno, a zatim izmjerite opseg na mjestu gdje se va\u0161 struk savija. Tijekom mjerenja provjerite je li mjerna traka paralelna s tlom.<br><br>Kako biste izmjerili opseg kukova, mjernu vrpcu dr\u017eite paralelno s tlom i izmjerite oko najve\u0107eg dijela kukova.<\/p>\n\n\n\n<figure class=\"wp-block-image size-full\"><img loading=\"lazy\" decoding=\"async\" width=\"600\" height=\"64\" src=\"https:\/\/shobain.com\/wp-content\/uploads\/2025\/07\/panty-size.avif\" alt=\"\" class=\"wp-image-1521\" srcset=\"https:\/\/shobain.com\/wp-content\/uploads\/2025\/07\/panty-size.avif 600w, https:\/\/shobain.com\/wp-content\/uploads\/2025\/07\/panty-size-300x32.avif 300w\" sizes=\"auto, (max-width: 600px) 100vw, 600px\" \/><\/figure>\n\n\n\n<p>\u200b<\/p>\n\n\n\n<h4 class=\"wp-block-heading has-text-align-center\">Opcije pla\u0107anja<\/h4>\n\n\n\n<p>Od 01.01.2023. slu\u017ebena hrvatska valuta je euro.&nbsp;<br><br>Pla\u0107anje u EUR je mogu\u0107e izvr\u0161iti uplatom na \u017eiro ra\u010dun obrta putem op\u0107e uplatnice ili putem internetskog ili mobilnog bankarstva. Tako\u0111er, pla\u0107anje je mogu\u0107e izvr\u0161iti bankovnom transakcijom putem servisa Paypal.<br><br><strong>Napomena:<\/strong>&nbsp;prilikom uplate u EUR na \u017eiro ra\u010dun obrta, preferiramo SEPA-u. Ukoliko se koristi neki drugi platni kanal svi tro\u0161kovi trebaju biti na teret platitelja, odnosno nu\u017eno je koristiti tro\u0161kovnu opciju OUR.<br><br>Alternativno, mo\u017eete platiti putem PayPala. Prilikom pla\u0107anja mo\u0107i \u0107ete odabrati opciju pla\u0107anja i bit \u0107ete preusmjereni u skladu s tim.<br><br>Podaci koji \u0107e vam trebati za pla\u0107anje:<br><\/p>\n\n\n\n<p>IBAN: HR45 2400 0081 1104 6523 8<\/p>\n\n\n\n<p>SWIFT BIC: KALCHR2X<\/p>\n\n\n\n<p>Banka: Karlova\u010dka banka<\/p>\n\n\n\n<p>Adresa banke: Prolaz Marije K. Kozuli\u0107 4, 51000 Rijeka<\/p>\n\n\n\n<p>\u200b<\/p>\n\n\n\n<p>Primatelj: Laura Roman, Roman Creative Studios<\/p>\n\n\n\n<p>Adresa: Prvog Maja 58, 51000 Rijeka, Hrvatska<\/p>\n\n\n\n<p>OIB: 87632345860<\/p>\n\n\n\n<p>Prilikom uplate potrebno je napomenuti broj va\u0161e narud\u017ebe.&nbsp;<\/p>\n\n\n\n<p>\u200b\u200b<\/p>\n\n\n\n<p>\u200b<\/p>\n\n\n\n<h4 class=\"wp-block-heading has-text-align-center\">Njega donjeg rublja<\/h4>\n\n\n\n<p>Briga o va\u0161em Shobain donjem rublju osigurava da svaki komad ostane lijep i nje\u017ean kao i onog dana kada ste ga primili. Budu\u0107i da su ovi odjevni predmeti izra\u0111eni od finih materijala, preporu\u010dujemo nje\u017eno ru\u010dno pranje kako bi se sa\u010duvao njihov oblik, meko\u0107a i detalji.<\/p>\n\n\n\n<h4 class=\"wp-block-heading\">Kako prati donje rublje:<\/h4>\n\n\n\n<ol class=\"wp-block-list\">\n<li><strong>Razdvojite po boji<\/strong> \u2013 Dr\u017eite tamnije i svjetlije komade odvojeno kako biste sprije\u010dili prijenos boja.<\/li>\n\n\n\n<li><strong>Napunite umivaonik ili posudu za pranje<\/strong> \u2013 Koristite mlaku vodu i dodajte malu koli\u010dinu blagog deterd\u017eenta.<\/li>\n\n\n\n<li><strong>Potopite i nama\u010dite<\/strong> \u2013 Lagano promije\u0161ajte komade u vodi kako biste bili sigurni da su svi natopljeni. Ostavite ih da odstoje 15-20 minuta.<\/li>\n\n\n\n<li><strong>Nje\u017eno o\u010distite<\/strong> \u2013 Obratite posebnu pozornost na podru\u010dje umetka ga\u0107ica, koriste\u0107i nje\u017ene pokrete za trljanje samo tamo gdje je potrebno.<\/li>\n\n\n\n<li><strong>Isperite<\/strong> \u2013 Isperite svaki komad pod hladnom, \u010distom vodom dok se ne ukloni sav deterd\u017eent.<\/li>\n\n\n\n<li><strong>Uklonite vi\u0161ak vode<\/strong> \u2013 Izbjegavajte cije\u0111enje ili uvijanje. Umjesto toga, svaki komad stavite u \u010disti ru\u010dnik, lagano ga zarolajte i lagano pritisnite kako bi upio vlagu.<\/li>\n\n\n\n<li><strong>Su\u0161ite s pa\u017enjom<\/strong> \u2013 Objesite ili polo\u017eite na ravnu povr\u0161inu da se osu\u0161i. Ako ih stavljate na ravnu povr\u0161inu, nemojte stavljati predmete izravno na radijator \u2013 upotrijebite debeli ru\u010dnik ispod ili ih prvo zamotajte u ru\u010dnik kako biste za\u0161titili osjetljiva vlakna.<\/li>\n<\/ol>\n\n\n\n<p>Nakon \u0161to se osu\u0161i, va\u0161e donje rublje je spremno za pohranu i ponovno no\u0161enje s ljubavlju.<\/p>\n\n\n\n<p><\/p>\n\n\n\n<h4 class=\"wp-block-heading has-text-align-center\">Op\u0107i uvjeti poslovanja<\/h4>\n\n\n\n<p>Kako biste pro\u010ditali Op\u0107e Uvjete Poslovanja molimo:<\/p>\n\n\n\n<div class=\"wp-block-uagb-buttons uagb-buttons__outer-wrap uagb-btn__default-btn uagb-btn-tablet__default-btn uagb-btn-mobile__default-btn uagb-block-2c0c8a70\"><div class=\"uagb-buttons__wrap uagb-buttons-layout-wrap\">\n<div class=\"wp-block-uagb-buttons-child uagb-buttons__outer-wrap uagb-block-5bbaae8e wp-block-button\"><div class=\"uagb-button__wrapper\"><a class=\"uagb-buttons-repeater wp-block-button__link\" aria-label=\"\" href=\"https:\/\/shobain.com\/hr\/terms-and-conditions\/\" rel=\"follow noopener\" target=\"_self\" role=\"button\"><div class=\"uagb-button__link\">Kliknite ovdje<\/div><\/a><\/div><\/div>\n<\/div><\/div>\n\n\n\n<p><\/p>","protected":false},"excerpt":{"rendered":"<p>Shipping and Return Policy All items are made to order and the current production time is up to three weeks. \u200bWe ship our items worldwide. Domestic shipping (within Croatia) is 4 EUR and international shipping is 10 EUR. Once your shipment has been dispatched, you will receive a confirmation via email with the tracking number [&hellip;]<\/p>\n","protected":false},"author":1,"featured_media":0,"parent":0,"menu_order":0,"comment_status":"closed","ping_status":"closed","template":"","meta":{"inline_featured_image":false,"_uag_custom_page_level_css":"","site-sidebar-layout":"default","site-content-layout":"","ast-site-content-layout":"default","site-content-style":"default","site-sidebar-style":"default","ast-global-header-display":"","ast-banner-title-visibility":"","ast-main-header-display":"","ast-hfb-above-header-display":"","ast-hfb-below-header-display":"","ast-hfb-mobile-header-display":"","site-post-title":"","ast-breadcrumbs-content":"","ast-featured-img":"","footer-sml-layout":"","ast-disable-related-posts":"","theme-transparent-header-meta":"","adv-header-id-meta":"","stick-header-meta":"","header-above-stick-meta":"","header-main-stick-meta":"","header-below-stick-meta":"","astra-migrate-meta-layouts":"default","ast-page-background-enabled":"default","ast-page-background-meta":{"desktop":{"background-color":"var(--ast-global-color-4)","background-image":"","background-repeat":"repeat","background-position":"center center","background-size":"auto","background-attachment":"scroll","background-type":"","background-media":"","overlay-type":"","overlay-color":"","overlay-opacity":"","overlay-gradient":""},"tablet":{"background-color":"","background-image":"","background-repeat":"repeat","background-position":"center center","background-size":"auto","background-attachment":"scroll","background-type":"","background-media":"","overlay-type":"","overlay-color":"","overlay-opacity":"","overlay-gradient":""},"mobile":{"background-color":"","background-image":"","background-repeat":"repeat","background-position":"center center","background-size":"auto","background-attachment":"scroll","background-type":"","background-media":"","overlay-type":"","overlay-color":"","overlay-opacity":"","overlay-gradient":""}},"ast-content-background-meta":{"desktop":{"background-color":"var(--ast-global-color-5)","background-image":"","background-repeat":"repeat","background-position":"center center","background-size":"auto","background-attachment":"scroll","background-type":"","background-media":"","overlay-type":"","overlay-color":"","overlay-opacity":"","overlay-gradient":""},"tablet":{"background-color":"var(--ast-global-color-5)","background-image":"","background-repeat":"repeat","background-position":"center center","background-size":"auto","background-attachment":"scroll","background-type":"","background-media":"","overlay-type":"","overlay-color":"","overlay-opacity":"","overlay-gradient":""},"mobile":{"background-color":"var(--ast-global-color-5)","background-image":"","background-repeat":"repeat","background-position":"center center","background-size":"auto","background-attachment":"scroll","background-type":"","background-media":"","overlay-type":"","overlay-color":"","overlay-opacity":"","overlay-gradient":""}},"footnotes":""},"class_list":["post-1516","page","type-page","status-publish","hentry"],"aioseo_notices":[],"uagb_featured_image_src":{"full":false,"thumbnail":false,"medium":false,"medium_large":false,"large":false,"1536x1536":false,"2048x2048":false,"trp-custom-language-flag":false,"mailpoet_newsletter_max":false,"woocommerce_thumbnail":false,"woocommerce_single":false,"woocommerce_gallery_thumbnail":false},"uagb_author_info":{"display_name":"Laura Roman","author_link":"https:\/\/shobain.com\/hr\/author\/romancreativestudiosgmail-com\/"},"uagb_comment_info":0,"uagb_excerpt":"Shipping and Return Policy All items are made to order and the current production time is up to three weeks. \u200bWe ship our items worldwide. Domestic shipping (within Croatia) is 4 EUR and international shipping is 10 EUR. Once your shipment has been dispatched, you will receive a confirmation via email with the tracking number&hellip;","_links":{"self":[{"href":"https:\/\/shobain.com\/hr\/wp-json\/wp\/v2\/pages\/1516","targetHints":{"allow":["GET"]}}],"collection":[{"href":"https:\/\/shobain.com\/hr\/wp-json\/wp\/v2\/pages"}],"about":[{"href":"https:\/\/shobain.com\/hr\/wp-json\/wp\/v2\/types\/page"}],"author":[{"embeddable":true,"href":"https:\/\/shobain.com\/hr\/wp-json\/wp\/v2\/users\/1"}],"replies":[{"embeddable":true,"href":"https:\/\/shobain.com\/hr\/wp-json\/wp\/v2\/comments?post=1516"}],"version-history":[{"count":4,"href":"https:\/\/shobain.com\/hr\/wp-json\/wp\/v2\/pages\/1516\/revisions"}],"predecessor-version":[{"id":1771,"href":"https:\/\/shobain.com\/hr\/wp-json\/wp\/v2\/pages\/1516\/revisions\/1771"}],"wp:attachment":[{"href":"https:\/\/shobain.com\/hr\/wp-json\/wp\/v2\/media?parent=1516"}],"curies":[{"name":"wp","href":"https:\/\/api.w.org\/{rel}","templated":true}]}}