{"id":1525,"date":"2025-07-27T16:03:13","date_gmt":"2025-07-27T14:03:13","guid":{"rendered":"https:\/\/shobain.com\/?page_id=1525"},"modified":"2025-07-27T16:03:14","modified_gmt":"2025-07-27T14:03:14","slug":"how-to-measure-yourself-for-shobain-lingerie","status":"publish","type":"page","link":"https:\/\/shobain.com\/hr\/how-to-measure-yourself-for-shobain-lingerie\/","title":{"rendered":"Kako se izmjeriti za Shobain donje rublje?"},"content":{"rendered":"<p>Jedna od najve\u0107ih briga koje imamo kada kupujemo donje rublje je odabir prave veli\u010dine za nas. S punim pravom - industrija donjeg rublja zloglasna je po svom apsolutnom nedostatku me\u0111unarodne standardizacije veli\u010dina. Ovaj sam problem do\u017eivjela iz prve ruke dok sam nebrojeno puta poku\u0161avala prona\u0107i donje rublje koje bi pristajalo mom tijelu i to je ujedno jedan od razloga zbog kojeg sam se odlu\u010dila upustiti u dizajn donjeg rublja.<\/p>\n\n\n\n<p id=\"viewer-bp7eg\">Prilikom izrade tablice veli\u010dina za Shobain, odlu\u010dila sam se za vrlo jednostavan pristup \u2013 nema nikakvih komplikacija poput dodavanja +4 in\u010da kako biste prona\u0161li veli\u010dinu za donji dio prsnog ko\u0161a ili ne\u010deg sli\u010dnog. Da biste se izmjerili za Shobain donje rublje, potrebne su vam \u010detiri mjere: mjera donjeg dijela prsnog ko\u0161a, puni obujam prsa, mjera struka te mjera bokova.<\/p>\n\n\n\n<p id=\"viewer-3ik06\">Ovdje slijedi detaljan vodi\u010d koji \u0107e vam pokazati kako se mo\u017eete izmjeriti uz video obja\u0161njenja.<\/p>\n\n\n\n<h4 class=\"wp-block-heading\" id=\"viewer-fh2ih\"><strong>VODI\u010c ZA PRONALAZAK VA\u0160E VELI\u010cINE<\/strong><\/h4>\n\n\n\n<p id=\"viewer-ba5gf\">Mjerenje je najbolje napraviti dok nosite grudnjak bez podstave (spu\u017evica) koji vam dobro pristaje. Tako\u0111er, korisno je da se izmjerite dva puta kako biste bili sigurni da ste prona\u0161li to\u010dan broj.<\/p>\n\n\n\n<h5 class=\"wp-block-heading\" id=\"viewer-fthv9\"><strong>VELI\u010cINA GRUDNJAKA<\/strong><\/h5>\n\n\n\n<p id=\"viewer-eva5t\"><strong>Da biste odredili veli\u010dinu grudnjaka, izmjerite donji dio poprsja i puni obujam prsa.<\/strong><\/p>\n\n\n\n<p id=\"viewer-1fv6t\">Za mjerenje donjeg dijela prsnog ko\u0161a izmjerite opseg na vrhu prsnog ko\u0161a, ispod tkiva dojke. Traka za mjerenje trebala bi biti paralelna s tlom i \u010dvrsto vas obujmiti. Prona\u0111ite svoju veli\u010dinu uz pomo\u0107 ove tablice:<\/p>\n\n\n\n<figure class=\"wp-block-image\"><img decoding=\"async\" src=\"https:\/\/static.wixstatic.com\/media\/1f23e9_4082ffadc1754a79b1df939120c78c32~mv2.jpg\/v1\/fill\/w_740,h_62,al_c,q_80,usm_0.66_1.00_0.01,enc_avif,quality_auto\/1f23e9_4082ffadc1754a79b1df939120c78c32~mv2.jpg\" alt=\"\"\/><\/figure>\n\n\n\n<p id=\"viewer-7q4rp\">Za mjerenje obujma prsa postavite mjernu traku oko najpunijeg djela poprsja, ponovno paze\u0107i da je mjerna vrpca paralelna s tlom.<\/p>\n\n\n\n<p id=\"viewer-80rdd\">Da biste prona\u0161li veli\u010dinu ko\u0161arice, izra\u010dunajte razliku izme\u0111u obujma prsa i veli\u010dine donjeg dijela prsnog ko\u0161a.<\/p>\n\n\n\n<p id=\"viewer-cpv60\"><strong>Veli\u010dina ko\u0161arice = opseg poprsja - opseg donjeg dijela prsnog ko\u0161a<\/strong><\/p>\n\n\n\n<p id=\"viewer-88hm3\"><strong>\u200b<\/strong><\/p>\n\n\n\n<p id=\"viewer-e8sar\">Na primjer, osoba s opsegom donjeg dijela prsnog ko\u0161a od 79 cm i obujmom prsa od 92 cm bila bi veli\u010dina 80A.<\/p>\n\n\n\n<figure class=\"wp-block-image\"><img decoding=\"async\" src=\"https:\/\/static.wixstatic.com\/media\/1f23e9_377a08c0f86e4a7bbf4a620aca8fbe2d~mv2.jpg\/v1\/fill\/w_740,h_66,al_c,q_80,usm_0.66_1.00_0.01,enc_avif,quality_auto\/1f23e9_377a08c0f86e4a7bbf4a620aca8fbe2d~mv2.jpg\" alt=\"\"\/><\/figure>\n\n\n\n<h5 class=\"wp-block-heading\" id=\"viewer-9c0qp\"><strong>VELI\u010cINA GA\u0106ICA<\/strong><\/h5>\n\n\n\n<p id=\"viewer-5r19\"><strong>Da biste prona\u0161li veli\u010dinu ga\u0107ica, izmjerite opseg struka i bokova.<\/strong><\/p>\n\n\n\n<p id=\"viewer-bj3oa\">Izmjerite svoj prirodni struk: ako vam je potrebna pomo\u0107 pri pronala\u017eenju podru\u010dja, poku\u0161ajte se saviti bo\u010dno, a zatim izmjerite opseg na mjestu gdje se va\u0161 struk savija. Tijekom mjerenja provjerite je li mjerna traka paralelna s tlom.<\/p>\n\n\n\n<p id=\"viewer-bvojd\">Kako biste izmjerili opseg kukova, mjernu vrpcu dr\u017eite paralelno s tlom i izmjerite oko najve\u0107eg dijela kukova.<\/p>\n\n\n\n<figure class=\"wp-block-image\"><img decoding=\"async\" src=\"https:\/\/static.wixstatic.com\/media\/1f23e9_6dcb9cb2efc949168638ab0fbad70692~mv2.jpg\/v1\/fill\/w_740,h_79,al_c,q_80,usm_0.66_1.00_0.01,enc_avif,quality_auto\/1f23e9_6dcb9cb2efc949168638ab0fbad70692~mv2.jpg\" alt=\"\"\/><\/figure>\n\n\n\n<p><\/p>\n\n\n\n<h4 class=\"wp-block-heading\" id=\"viewer-9t6ps\"><strong>KAKO SE IZMJERITI - VIDEO<\/strong><\/h4>\n\n\n\n<p id=\"viewer-f81g8\">Kako bih vam bolje pokazala kako mo\u017eete izmjeriti sami sebe, pripremila sam vam video s detaljnim obja\u0161njenima koji mo\u017eete pogledati ovdje:<\/p>\n\n\n\n<figure class=\"wp-block-embed is-type-video is-provider-youtube wp-block-embed-youtube wp-embed-aspect-16-9 wp-has-aspect-ratio\"><div class=\"wp-block-embed__wrapper\">\n<iframe loading=\"lazy\" title=\"How to Measure Yourself for Shobain Lingerie\" width=\"500\" height=\"281\" src=\"https:\/\/www.youtube.com\/embed\/YbzvogsqeEs?feature=oembed\" frameborder=\"0\" allow=\"accelerometer; autoplay; clipboard-write; encrypted-media; gyroscope; picture-in-picture; web-share\" referrerpolicy=\"strict-origin-when-cross-origin\" allowfullscreen><\/iframe>\n<\/div><\/figure>\n\n\n\n<p><\/p>\n\n\n\n<h5 class=\"wp-block-heading\" id=\"viewer-lnur\"><strong>NEKOLIKO BITNIH NAPOMENA<\/strong><\/h5>\n\n\n\n<p id=\"viewer-1iqch\">Me\u0111utim, svaka je dojka jedinstvenog oblika te \u010dak i nakon mjerenja mo\u017ee biti malo te\u017ee odrediti va\u0161u veli\u010dinu. Kako bismo ovaj proces u\u010dinili \u0161to jednostavnijim, prona\u0161la sam nekoliko rje\u0161enja:<\/p>\n\n\n\n<p id=\"viewer-9rb5t\">1. Uz mjere, mo\u017eete mi poslati i veli\u010dinu grudnjaka koju trenutno nosite i koja vam odgovara,&nbsp;<em><u>i<\/u><\/em>&nbsp;uz to i fotografiju u nepodstavljenom grudnjaku kako bih ju mogla usporediti s va\u0161im mjerama i vizualno odrediti koja bi vam veli\u010dina najbolje pristajala.<\/p>\n\n\n\n<p id=\"viewer-6dklo\">2. Ako ste u Rijeci, mo\u017eete me kontaktirati i do\u0107i na mjerenje u Shobain studio gdje \u0107u vas ja osobno izmjeriti i savjetovati.<\/p>\n\n\n\n<p id=\"viewer-eckdo\">3. Ako ste njegdje drugdje, mo\u017eete me kontaktirati kako bismo ogranizirali kratki virtualni sastanak tijekom kojeg vas mogu voditi kroz postupak mjerenja, te mo\u017eemo pro\u0107i kroz bilo koja pitanja ili nedoumice koje imate.<\/p>\n\n\n\n<p id=\"viewer-9rglb\">4. Ako ne prona\u0111ete svoju veli\u010dinu u veli\u010dinama dostupnima na webshopu, ne ustru\u010davajte se kontaktirati me: kao novi i mali brand iza kojeg stoji samo jedna osoba, nisam u mogu\u0107nosti imati vrlo \u0161irok raspon veli\u010dina za sve stilove, ali vrlo rado \u0107u vidjeti \u0161to mogu u\u010diniti za vas u aspektu kreiranja prilago\u0111enih veli\u010dina.<\/p>\n\n\n\n<p id=\"viewer-4kjqd\">Nadam se da vam je ovaj vodi\u010d pomogao! Pronalazak veli\u010dina donjeg rublja u kojemu \u0107emo se osje\u0107ati ugodno i samopouzdano mo\u017ee biti stresan i zbunjuju\u0107i proces, ali ja sam ovdje kako bih ga u\u010dinila malo lak\u0161im! Vjerujem da svi zaslu\u017eujemo osje\u0107ati ugodno u donjem rublju, a Shobain donje rublje izra\u0111eno je&nbsp;<em>upravo za vas<\/em>&nbsp;i za&nbsp;<em>va\u0161e tijelo.&nbsp;<\/em>Nemojte se ustru\u010davati kontaktirati me s bilo kakvim pitanjima koja imate!<\/p>\n\n\n\n<p id=\"viewer-bs183\">I za kraj, samo mala crtica koju je ponekad potrebno \u010duti:<\/p>\n\n\n\n<blockquote class=\"wp-block-quote is-layout-flow wp-block-quote-is-layout-flow\">\n<p><strong>Nemojte si razbijati glavu brojevima ili veli\u010dinama i pridavati im preveliku va\u017enost. Kada je rije\u010d o donjem rublju, ono \u0161to je bitno je da vam dobro pristaje, da je udobno i da se u njemu osje\u0107ate dobro!<\/strong><\/p>\n<\/blockquote>\n\n\n\n<p id=\"viewer-6gah9\">Brojevi su samo nu\u017ena vodilja koja mi je potrebna kako bih mogla kreirati lijepe komade Shobain donjeg rublja za vas, te se nadam da \u0107ete se u svojim Shobain kombinacijama osje\u0107ati onako kako bih voljela da se osje\u0107ate bez obzira na bilo \u0161to drugo: kao vlastita muza.<\/p>\n\n\n\n<p id=\"viewer-fp43j\">S ljubavlju,<\/p>\n\n\n\n<p>Laura<\/p>","protected":false},"excerpt":{"rendered":"<p>One of the biggest concerns we have when shopping for lingerie is choosing the right size for us. This is rightfully so \u2013 the lingerie industry is infamous for its absolute lack of international standardization of sizes. I have experienced this issue firsthand while trying to find undergarments that would fit my body and is [&hellip;]<\/p>\n","protected":false},"author":1,"featured_media":0,"parent":0,"menu_order":0,"comment_status":"closed","ping_status":"closed","template":"","meta":{"inline_featured_image":false,"_uag_custom_page_level_css":"","site-sidebar-layout":"default","site-content-layout":"","ast-site-content-layout":"default","site-content-style":"default","site-sidebar-style":"default","ast-global-header-display":"","ast-banner-title-visibility":"","ast-main-header-display":"","ast-hfb-above-header-display":"","ast-hfb-below-header-display":"","ast-hfb-mobile-header-display":"","site-post-title":"","ast-breadcrumbs-content":"","ast-featured-img":"","footer-sml-layout":"","ast-disable-related-posts":"","theme-transparent-header-meta":"","adv-header-id-meta":"","stick-header-meta":"","header-above-stick-meta":"","header-main-stick-meta":"","header-below-stick-meta":"","astra-migrate-meta-layouts":"default","ast-page-background-enabled":"default","ast-page-background-meta":{"desktop":{"background-color":"var(--ast-global-color-4)","background-image":"","background-repeat":"repeat","background-position":"center center","background-size":"auto","background-attachment":"scroll","background-type":"","background-media":"","overlay-type":"","overlay-color":"","overlay-opacity":"","overlay-gradient":""},"tablet":{"background-color":"","background-image":"","background-repeat":"repeat","background-position":"center center","background-size":"auto","background-attachment":"scroll","background-type":"","background-media":"","overlay-type":"","overlay-color":"","overlay-opacity":"","overlay-gradient":""},"mobile":{"background-color":"","background-image":"","background-repeat":"repeat","background-position":"center center","background-size":"auto","background-attachment":"scroll","background-type":"","background-media":"","overlay-type":"","overlay-color":"","overlay-opacity":"","overlay-gradient":""}},"ast-content-background-meta":{"desktop":{"background-color":"var(--ast-global-color-5)","background-image":"","background-repeat":"repeat","background-position":"center center","background-size":"auto","background-attachment":"scroll","background-type":"","background-media":"","overlay-type":"","overlay-color":"","overlay-opacity":"","overlay-gradient":""},"tablet":{"background-color":"var(--ast-global-color-5)","background-image":"","background-repeat":"repeat","background-position":"center center","background-size":"auto","background-attachment":"scroll","background-type":"","background-media":"","overlay-type":"","overlay-color":"","overlay-opacity":"","overlay-gradient":""},"mobile":{"background-color":"var(--ast-global-color-5)","background-image":"","background-repeat":"repeat","background-position":"center center","background-size":"auto","background-attachment":"scroll","background-type":"","background-media":"","overlay-type":"","overlay-color":"","overlay-opacity":"","overlay-gradient":""}},"footnotes":""},"class_list":["post-1525","page","type-page","status-publish","hentry"],"aioseo_notices":[],"uagb_featured_image_src":{"full":false,"thumbnail":false,"medium":false,"medium_large":false,"large":false,"1536x1536":false,"2048x2048":false,"trp-custom-language-flag":false,"mailpoet_newsletter_max":false,"woocommerce_thumbnail":false,"woocommerce_single":false,"woocommerce_gallery_thumbnail":false},"uagb_author_info":{"display_name":"Laura Roman","author_link":"https:\/\/shobain.com\/hr\/author\/romancreativestudiosgmail-com\/"},"uagb_comment_info":0,"uagb_excerpt":"One of the biggest concerns we have when shopping for lingerie is choosing the right size for us. This is rightfully so \u2013 the lingerie industry is infamous for its absolute lack of international standardization of sizes. I have experienced this issue firsthand while trying to find undergarments that would fit my body and is&hellip;","_links":{"self":[{"href":"https:\/\/shobain.com\/hr\/wp-json\/wp\/v2\/pages\/1525","targetHints":{"allow":["GET"]}}],"collection":[{"href":"https:\/\/shobain.com\/hr\/wp-json\/wp\/v2\/pages"}],"about":[{"href":"https:\/\/shobain.com\/hr\/wp-json\/wp\/v2\/types\/page"}],"author":[{"embeddable":true,"href":"https:\/\/shobain.com\/hr\/wp-json\/wp\/v2\/users\/1"}],"replies":[{"embeddable":true,"href":"https:\/\/shobain.com\/hr\/wp-json\/wp\/v2\/comments?post=1525"}],"version-history":[{"count":1,"href":"https:\/\/shobain.com\/hr\/wp-json\/wp\/v2\/pages\/1525\/revisions"}],"predecessor-version":[{"id":1527,"href":"https:\/\/shobain.com\/hr\/wp-json\/wp\/v2\/pages\/1525\/revisions\/1527"}],"wp:attachment":[{"href":"https:\/\/shobain.com\/hr\/wp-json\/wp\/v2\/media?parent=1525"}],"curies":[{"name":"wp","href":"https:\/\/api.w.org\/{rel}","templated":true}]}}