{"id":1001,"date":"2025-06-24T21:34:00","date_gmt":"2025-06-24T19:34:00","guid":{"rendered":"https:\/\/orchid-weasel-405112.hostingersite.com\/?post_type=product&#038;p=1001"},"modified":"2025-07-31T19:23:30","modified_gmt":"2025-07-31T17:23:30","slug":"cleopatra-set","status":"publish","type":"product","link":"https:\/\/shobain.com\/hr\/proizvod\/cleopatra-set\/","title":{"rendered":"Cleopatra Set"},"content":{"rendered":"<p data-start=\"393\" data-end=\"681\">Kleopatra set izra\u0111en je od omiljene \u010dipke koja odi\u0161e glamurom. Crno zlatna kombinacija \u010dipke i nje\u017ene mre\u017eice \u010dini ovaj set izrazito senzualnim. Set sadr\u017ei broje trakice, te su sve podesive kako biste se osje\u0107ali fantasti\u010dno u svojoj ko\u017ei dok nosite ovaj zavodljivi set.<\/p>\n<p data-start=\"683\" data-end=\"855\">Bralette ima kop\u010danje s prednje strane sa zlatnom kop\u010dom i podesive naramenice. Choker ogrlica upotpunjuje ovaj senzualan set, a podesive ga\u0107ice podstavljene su Oeko-Tex pamu\u010dnim jersey-om.<\/p>\n<p data-start=\"857\" data-end=\"1049\">Dizajnirano da odgovara veli\u010dinama ko\u0161arica B\/C i ga\u0107icama S-L. Molimo vas da uz narud\u017ebu dostavite svoje mjere kako biste osigurali da se prije slanja izvr\u0161e sve potrebne prilagodbe duljine naramenica za savr\u0161eno pristajanje.<\/p>\n<p>&nbsp;<\/p>\n<p>\u010cipka: 92%najlon, 8% elastan<\/p>\n<p>Mre\u017ea: 85% poliamid, 15% elastan<\/p>\n<p>Oeko-Tex\u00ae pamu\u010dni jersey:\u00a094% pamuk, 6% elastan<\/p>","protected":false},"excerpt":{"rendered":"<p>Izra\u0111en od svjetlucave Kleopatra \u010dipke sa zlatnim koncem, ovaj set sastoji se od podesivih tangica i bralette-a s prednjim kop\u010danjem. Choker ogrlica upotpunjuje ovaj senzualan set.<\/p>\n<p data-start=\"85\" data-end=\"104\"><strong data-start=\"85\" data-end=\"102\">Karakteristike:<\/strong><\/p>\n<ul data-start=\"105\" data-end=\"429\">\n<li data-start=\"105\" data-end=\"221\">\n<p data-start=\"107\" data-end=\"221\">Elegantna crno zlatna \u010dipka Kleopatra seta<\/p>\n<\/li>\n<li data-start=\"222\" data-end=\"319\">\n<p data-start=\"224\" data-end=\"319\">Nepodstavljeni grudnjak s prednjim zatvaranjem i podesivim naramenicama<\/p>\n<\/li>\n<li data-start=\"320\" data-end=\"429\">\n<p data-start=\"322\" data-end=\"429\">Choker ogrlica upotpunjuje set, ga\u0107ice su podstavljene Oeko-Tex pamu\u010dnim jersey-om<\/p>\n<\/li>\n<li data-start=\"320\" data-end=\"429\">Veli\u010dina: B\/C ko\u0161arica, S-L ga\u0107ice<\/li>\n<\/ul>","protected":false},"featured_media":1008,"comment_status":"open","ping_status":"closed","template":"","meta":{"inline_featured_image":false,"_uag_custom_page_level_css":"","site-sidebar-layout":"default","site-content-layout":"","ast-site-content-layout":"default","site-content-style":"default","site-sidebar-style":"default","ast-global-header-display":"","ast-banner-title-visibility":"","ast-main-header-display":"","ast-hfb-above-header-display":"","ast-hfb-below-header-display":"","ast-hfb-mobile-header-display":"","site-post-title":"","ast-breadcrumbs-content":"","ast-featured-img":"","footer-sml-layout":"","ast-disable-related-posts":"","theme-transparent-header-meta":"default","adv-header-id-meta":"","stick-header-meta":"","header-above-stick-meta":"","header-main-stick-meta":"","header-below-stick-meta":"","astra-migrate-meta-layouts":"set","ast-page-background-enabled":"default","ast-page-background-meta":{"desktop":{"background-color":"var(--ast-global-color-4)","background-image":"","background-repeat":"repeat","background-position":"center center","background-size":"auto","background-attachment":"scroll","background-type":"","background-media":"","overlay-type":"","overlay-color":"","overlay-opacity":"","overlay-gradient":""},"tablet":{"background-color":"","background-image":"","background-repeat":"repeat","background-position":"center center","background-size":"auto","background-attachment":"scroll","background-type":"","background-media":"","overlay-type":"","overlay-color":"","overlay-opacity":"","overlay-gradient":""},"mobile":{"background-color":"","background-image":"","background-repeat":"repeat","background-position":"center center","background-size":"auto","background-attachment":"scroll","background-type":"","background-media":"","overlay-type":"","overlay-color":"","overlay-opacity":"","overlay-gradient":""}},"ast-content-background-meta":{"desktop":{"background-color":"var(--ast-global-color-5)","background-image":"","background-repeat":"repeat","background-position":"center center","background-size":"auto","background-attachment":"scroll","background-type":"","background-media":"","overlay-type":"","overlay-color":"","overlay-opacity":"","overlay-gradient":""},"tablet":{"background-color":"var(--ast-global-color-5)","background-image":"","background-repeat":"repeat","background-position":"center center","background-size":"auto","background-attachment":"scroll","background-type":"","background-media":"","overlay-type":"","overlay-color":"","overlay-opacity":"","overlay-gradient":""},"mobile":{"background-color":"var(--ast-global-color-5)","background-image":"","background-repeat":"repeat","background-position":"center center","background-size":"auto","background-attachment":"scroll","background-type":"","background-media":"","overlay-type":"","overlay-color":"","overlay-opacity":"","overlay-gradient":""}}},"product_brand":[38],"product_cat":[26],"product_tag":[59,62,100,49,84,103,108],"class_list":{"0":"post-1001","1":"product","2":"type-product","3":"status-publish","4":"has-post-thumbnail","6":"product_brand-shobain","7":"product_cat-lingerie-sets","8":"product_tag-black","9":"product_tag-choker","10":"product_tag-gold","11":"product_tag-lace","12":"product_tag-ready-to-ship","13":"product_tag-strappy","14":"product_tag-thong","15":"desktop-align-center","16":"tablet-align-center","17":"mobile-align-center","19":"first","20":"instock","21":"shipping-taxable","22":"purchasable","23":"product-type-simple"},"aioseo_notices":[],"uagb_featured_image_src":{"full":["https:\/\/shobain.com\/wp-content\/uploads\/2025\/06\/cleopatra-set.jpg",1292,1722,false],"thumbnail":["https:\/\/shobain.com\/wp-content\/uploads\/2025\/06\/cleopatra-set-150x150.jpg",150,150,true],"medium":["https:\/\/shobain.com\/wp-content\/uploads\/2025\/06\/cleopatra-set-225x300.jpg",225,300,true],"medium_large":["https:\/\/shobain.com\/wp-content\/uploads\/2025\/06\/cleopatra-set-768x1024.jpg",768,1024,true],"large":["https:\/\/shobain.com\/wp-content\/uploads\/2025\/06\/cleopatra-set-768x1024.jpg",768,1024,true],"1536x1536":["https:\/\/shobain.com\/wp-content\/uploads\/2025\/06\/cleopatra-set-1152x1536.jpg",1152,1536,true],"2048x2048":["https:\/\/shobain.com\/wp-content\/uploads\/2025\/06\/cleopatra-set.jpg",1292,1722,false],"trp-custom-language-flag":["https:\/\/shobain.com\/wp-content\/uploads\/2025\/06\/cleopatra-set.jpg",9,12,false],"mailpoet_newsletter_max":["https:\/\/shobain.com\/wp-content\/uploads\/2025\/06\/cleopatra-set.jpg",1292,1722,false],"woocommerce_thumbnail":["https:\/\/shobain.com\/wp-content\/uploads\/2025\/06\/cleopatra-set-300x375.jpg",300,375,true],"woocommerce_single":["https:\/\/shobain.com\/wp-content\/uploads\/2025\/06\/cleopatra-set-600x800.jpg",600,800,true],"woocommerce_gallery_thumbnail":["https:\/\/shobain.com\/wp-content\/uploads\/2025\/06\/cleopatra-set-100x100.jpg",100,100,true]},"uagb_author_info":{"display_name":"Laura Roman","author_link":"https:\/\/shobain.com\/hr\/author\/"},"uagb_comment_info":0,"uagb_excerpt":"Made from shimmering Cleopatra lace with gold thread, this set features an adjustable thong with soft mesh back and a front-closure bralette with adjustable straps\u2014plus a matching choker for a complete look. Key Features: Elegant Cleopatra lace woven with delicate gold thread, paired with a soft mesh back and adjustable thong straps Unlined front-close bralette&hellip;","_links":{"self":[{"href":"https:\/\/shobain.com\/hr\/wp-json\/wp\/v2\/product\/1001","targetHints":{"allow":["GET"]}}],"collection":[{"href":"https:\/\/shobain.com\/hr\/wp-json\/wp\/v2\/product"}],"about":[{"href":"https:\/\/shobain.com\/hr\/wp-json\/wp\/v2\/types\/product"}],"replies":[{"embeddable":true,"href":"https:\/\/shobain.com\/hr\/wp-json\/wp\/v2\/comments?post=1001"}],"wp:featuredmedia":[{"embeddable":true,"href":"https:\/\/shobain.com\/hr\/wp-json\/wp\/v2\/media\/1008"}],"wp:attachment":[{"href":"https:\/\/shobain.com\/hr\/wp-json\/wp\/v2\/media?parent=1001"}],"wp:term":[{"taxonomy":"product_brand","embeddable":true,"href":"https:\/\/shobain.com\/hr\/wp-json\/wp\/v2\/product_brand?post=1001"},{"taxonomy":"product_cat","embeddable":true,"href":"https:\/\/shobain.com\/hr\/wp-json\/wp\/v2\/product_cat?post=1001"},{"taxonomy":"product_tag","embeddable":true,"href":"https:\/\/shobain.com\/hr\/wp-json\/wp\/v2\/product_tag?post=1001"}],"curies":[{"name":"wp","href":"https:\/\/api.w.org\/{rel}","templated":true}]}}