{"id":1010,"date":"2025-06-26T16:54:43","date_gmt":"2025-06-26T14:54:43","guid":{"rendered":"https:\/\/orchid-weasel-405112.hostingersite.com\/?post_type=product&#038;p=1010"},"modified":"2026-02-02T11:16:53","modified_gmt":"2026-02-02T09:16:53","slug":"sakura-panty","status":"publish","type":"product","link":"https:\/\/shobain.com\/hr\/proizvod\/sakura-panty\/","title":{"rendered":"\u00a0Sakura Ga\u0107ice \u2013 Klasi\u010dni &amp; Ouvert Stil"},"content":{"rendered":"<p data-start=\"542\" data-end=\"709\">Omotajte se nje\u017enom ljepotom prolje\u0107a uz <strong data-start=\"594\" data-end=\"610\">Sakura ga\u0107ice<\/strong>, dostupne u dvije senzualne varijacije koje slave nje\u017enu \u017eenstvenost i elegantno zavo\u0111enje.<\/p>\n<p data-start=\"711\" data-end=\"979\">Oba modela izra\u0111ena su od svilenkasto mekane blijedoru\u017ei\u010daste mre\u017eice koja se osje\u0107a kao druga ko\u017ea i zavr\u0161ena su mekim be\u017e elasti\u010dnim trakama za nje\u017ean, romanti\u010dan dodir. Oba modela podstavljena su certificiranim Oeko-Tex\u00ae pamu\u010dnim jersey-om kako bi se osigurala cjelodnevna udobnost.<\/p>\n<hr data-start=\"981\" data-end=\"984\" \/>\n<p data-start=\"986\" data-end=\"1318\"><strong data-start=\"986\" data-end=\"1010\">Sakura Klasi\u010dne Ga\u0107ice<\/strong><br data-start=\"1010\" data-end=\"1013\" \/>Suptilna svakodnevna zavodnica, ove ga\u0107ice imaju prozirnu blijedoru\u017ei\u010dastu mre\u017eastu prednju stranu ukra\u0161enu izvezenim tilom. Stra\u017enji dio ostaje proziran za mekan, jedva vidljiv osje\u0107aj, \u0161to ih \u010dini prekrasnom i udobnom opcijom za svakodnevno no\u0161enje. Uparite s <em data-start=\"1271\" data-end=\"1297\">Sakura Longline Bralette<\/em> za potpuni look.<\/p>\n<hr data-start=\"1320\" data-end=\"1323\" \/>\n<p data-start=\"1325\" data-end=\"1704\"><strong data-start=\"1325\" data-end=\"1348\">Sakura Ouvert Ga\u0107ice<\/strong><br data-start=\"1348\" data-end=\"1351\" \/>Slave\u0107i cvjetnu senzualnost, Ouvert stil dodaje razigrani erotski zaokret. Cvjetni til obavija se oko bokova i stvara zavodljiva le\u0111a \u010demu pridonose i <strong data-start=\"1526\" data-end=\"1543\">zlatni detalji<\/strong>. Ovaj dizajn dodaje luksuzan, odva\u017ean dodir meko\u0107i motiva Sakure, idealan za posebne prigode ili kad god se \u017eelite osje\u0107ati neodoljivo lijepo.<\/p>\n<hr data-start=\"1706\" data-end=\"1709\" \/>\n<p data-start=\"1711\" data-end=\"1772\">Odaberite svoj stil ili odaberite obje verzije za potpuno Sakura iskustvo.<\/p>\n<p>Vezena \u010dipka: 100% poliester<\/p>\n<p>Mre\u017ea: 85% poliamid, 15% elastan<\/p>\n<p>Oeko-Tex\u00ae pamu\u010dni jersey:\u00a094% pamuk, 6% elastan<\/p>","protected":false},"excerpt":{"rendered":"<p data-start=\"228\" data-end=\"509\">Odaberite svoj omiljeni pristup nje\u017enom zavo\u0111enju uz Sakura ga\u0107ice - dostupne u klasi\u010dnom prozirnom stilu ili u otvorenom dizajnu s nje\u017enim cvjetnim vezom i zlatnim detaljima. Obje opcije izra\u0111ene su od svilenkasto meke ru\u017ei\u010daste mre\u017eice i zavr\u0161ene nje\u017enom lastikom za svakodnevnu eleganciju.<\/p>\n<p data-start=\"100\" data-end=\"119\"><strong data-start=\"100\" data-end=\"117\">Karakteristike:<\/strong><\/p>\n<ul data-start=\"120\" data-end=\"518\">\n<li data-start=\"120\" data-end=\"275\">\n<p data-start=\"122\" data-end=\"275\">Dva senzualna stila: Klasi\u010dne ga\u0107ice s izvezenim tilom i prozirnom mre\u017eastom stra\u017enjom stranom; Ouvert ga\u0107ice s upe\u010datljivim cvjetnim bokovima od tila i zlatnim detaljima<\/p>\n<\/li>\n<li data-start=\"276\" data-end=\"380\">\n<p data-start=\"278\" data-end=\"380\">Svilenkasto mekana blijedoru\u017ei\u010dasta mre\u017eica i mekani be\u017e lastik za nje\u017enu \u017eenstvenost i udobno no\u0161enje<\/p>\n<\/li>\n<li data-start=\"381\" data-end=\"518\">\n<p data-start=\"383\" data-end=\"518\">Podstavljen certificiranim Oeko-Tex\u00ae pamu\u010dnim jersey-om za prozra\u010dnu cjelodnevnu udobnost; savr\u0161eno se sla\u017ee sa Sakura Longline Braletteom<\/p>\n<\/li>\n<\/ul>","protected":false},"featured_media":1029,"comment_status":"open","ping_status":"closed","template":"","meta":{"inline_featured_image":false,"_uag_custom_page_level_css":"","site-sidebar-layout":"default","site-content-layout":"","ast-site-content-layout":"default","site-content-style":"default","site-sidebar-style":"default","ast-global-header-display":"","ast-banner-title-visibility":"","ast-main-header-display":"","ast-hfb-above-header-display":"","ast-hfb-below-header-display":"","ast-hfb-mobile-header-display":"","site-post-title":"","ast-breadcrumbs-content":"","ast-featured-img":"","footer-sml-layout":"","ast-disable-related-posts":"","theme-transparent-header-meta":"default","adv-header-id-meta":"","stick-header-meta":"","header-above-stick-meta":"","header-main-stick-meta":"","header-below-stick-meta":"","astra-migrate-meta-layouts":"set","ast-page-background-enabled":"default","ast-page-background-meta":{"desktop":{"background-color":"var(--ast-global-color-4)","background-image":"","background-repeat":"repeat","background-position":"center center","background-size":"auto","background-attachment":"scroll","background-type":"","background-media":"","overlay-type":"","overlay-color":"","overlay-opacity":"","overlay-gradient":""},"tablet":{"background-color":"","background-image":"","background-repeat":"repeat","background-position":"center center","background-size":"auto","background-attachment":"scroll","background-type":"","background-media":"","overlay-type":"","overlay-color":"","overlay-opacity":"","overlay-gradient":""},"mobile":{"background-color":"","background-image":"","background-repeat":"repeat","background-position":"center center","background-size":"auto","background-attachment":"scroll","background-type":"","background-media":"","overlay-type":"","overlay-color":"","overlay-opacity":"","overlay-gradient":""}},"ast-content-background-meta":{"desktop":{"background-color":"var(--ast-global-color-5)","background-image":"","background-repeat":"repeat","background-position":"center center","background-size":"auto","background-attachment":"scroll","background-type":"","background-media":"","overlay-type":"","overlay-color":"","overlay-opacity":"","overlay-gradient":""},"tablet":{"background-color":"var(--ast-global-color-5)","background-image":"","background-repeat":"repeat","background-position":"center center","background-size":"auto","background-attachment":"scroll","background-type":"","background-media":"","overlay-type":"","overlay-color":"","overlay-opacity":"","overlay-gradient":""},"mobile":{"background-color":"var(--ast-global-color-5)","background-image":"","background-repeat":"repeat","background-position":"center center","background-size":"auto","background-attachment":"scroll","background-type":"","background-media":"","overlay-type":"","overlay-color":"","overlay-opacity":"","overlay-gradient":""}}},"product_brand":[38],"product_cat":[40],"product_tag":[57,48,55,61,110,109],"class_list":{"0":"post-1010","1":"product","2":"type-product","3":"status-publish","4":"has-post-thumbnail","6":"product_brand-shobain","7":"product_cat-panties","8":"product_tag-embroidered-lace","9":"product_tag-floral","10":"product_tag-lace-applique","11":"product_tag-ouvert","12":"product_tag-pink","13":"product_tag-sakura","14":"desktop-align-center","15":"tablet-align-center","16":"mobile-align-center","18":"first","19":"instock","20":"shipping-taxable","21":"purchasable","22":"product-type-variable"},"aioseo_notices":[],"uagb_featured_image_src":{"full":["https:\/\/shobain.com\/wp-content\/uploads\/2025\/06\/sakura-on-model-front.jpg",1229,1536,false],"thumbnail":["https:\/\/shobain.com\/wp-content\/uploads\/2025\/06\/sakura-on-model-front-150x150.jpg",150,150,true],"medium":["https:\/\/shobain.com\/wp-content\/uploads\/2025\/06\/sakura-on-model-front-240x300.jpg",240,300,true],"medium_large":["https:\/\/shobain.com\/wp-content\/uploads\/2025\/06\/sakura-on-model-front-768x960.jpg",768,960,true],"large":["https:\/\/shobain.com\/wp-content\/uploads\/2025\/06\/sakura-on-model-front-819x1024.jpg",819,1024,true],"1536x1536":["https:\/\/shobain.com\/wp-content\/uploads\/2025\/06\/sakura-on-model-front.jpg",1229,1536,false],"2048x2048":["https:\/\/shobain.com\/wp-content\/uploads\/2025\/06\/sakura-on-model-front.jpg",1229,1536,false],"trp-custom-language-flag":["https:\/\/shobain.com\/wp-content\/uploads\/2025\/06\/sakura-on-model-front.jpg",10,12,false],"mailpoet_newsletter_max":["https:\/\/shobain.com\/wp-content\/uploads\/2025\/06\/sakura-on-model-front.jpg",1229,1536,false],"woocommerce_thumbnail":["https:\/\/shobain.com\/wp-content\/uploads\/2025\/06\/sakura-on-model-front-300x375.jpg",300,375,true],"woocommerce_single":["https:\/\/shobain.com\/wp-content\/uploads\/2025\/06\/sakura-on-model-front-600x750.jpg",600,750,true],"woocommerce_gallery_thumbnail":["https:\/\/shobain.com\/wp-content\/uploads\/2025\/06\/sakura-on-model-front-100x100.jpg",100,100,true]},"uagb_author_info":{"display_name":"Laura Roman","author_link":"https:\/\/shobain.com\/hr\/author\/"},"uagb_comment_info":0,"uagb_excerpt":"Choose your favorite take on soft seduction with the Sakura Panty\u2014available in a classic sheer-back style or an ouvert design with delicate floral embroidery and gold hardware. Both options are crafted in silky-soft pink mesh and finished with picot elastics for everyday elegance. Key Features: Two sensual styles: Classic panty with embroidered tulle applique and&hellip;","_links":{"self":[{"href":"https:\/\/shobain.com\/hr\/wp-json\/wp\/v2\/product\/1010","targetHints":{"allow":["GET"]}}],"collection":[{"href":"https:\/\/shobain.com\/hr\/wp-json\/wp\/v2\/product"}],"about":[{"href":"https:\/\/shobain.com\/hr\/wp-json\/wp\/v2\/types\/product"}],"replies":[{"embeddable":true,"href":"https:\/\/shobain.com\/hr\/wp-json\/wp\/v2\/comments?post=1010"}],"wp:featuredmedia":[{"embeddable":true,"href":"https:\/\/shobain.com\/hr\/wp-json\/wp\/v2\/media\/1029"}],"wp:attachment":[{"href":"https:\/\/shobain.com\/hr\/wp-json\/wp\/v2\/media?parent=1010"}],"wp:term":[{"taxonomy":"product_brand","embeddable":true,"href":"https:\/\/shobain.com\/hr\/wp-json\/wp\/v2\/product_brand?post=1010"},{"taxonomy":"product_cat","embeddable":true,"href":"https:\/\/shobain.com\/hr\/wp-json\/wp\/v2\/product_cat?post=1010"},{"taxonomy":"product_tag","embeddable":true,"href":"https:\/\/shobain.com\/hr\/wp-json\/wp\/v2\/product_tag?post=1010"}],"curies":[{"name":"wp","href":"https:\/\/api.w.org\/{rel}","templated":true}]}}