{"id":1038,"date":"2025-06-26T16:59:29","date_gmt":"2025-06-26T14:59:29","guid":{"rendered":"https:\/\/orchid-weasel-405112.hostingersite.com\/?post_type=product&#038;p=1038"},"modified":"2026-02-02T11:17:29","modified_gmt":"2026-02-02T09:17:29","slug":"sakura-bralette","status":"publish","type":"product","link":"https:\/\/shobain.com\/hr\/proizvod\/sakura-bralette\/","title":{"rendered":"Sakura Longline Bralette"},"content":{"rendered":"<p data-start=\"509\" data-end=\"766\">Osjetite nje\u017ean osje\u0107aj prolje\u0107a na svojoj ko\u017ei uz Sakura Longline Bralette. <strong data-start=\"588\" data-end=\"616\">Sakura Longline Bralette<\/strong>. Izra\u0111en od prozirnog vezenog tila ukra\u0161enog nje\u017eno ru\u017ei\u010dastim cvjetovima sakure, ovaj komad evocira esenciju cvjetaju\u0107ih vrtova i ranog proljetnog zraka.<\/p>\n<p data-start=\"768\" data-end=\"1126\">Bralette dolazi u <strong data-start=\"803\" data-end=\"822\">longline dizajnu<\/strong> sa <strong data-start=\"828\" data-end=\"857\">svilenkasto mekanom ru\u017ei\u010dastom mre\u017eicom<\/strong> na le\u0111ima, <strong data-start=\"888\" data-end=\"921\">uz podesive naramenice i kop\u010danje<\/strong> za udobano pristajanje. Dodatni <strong data-start=\"961\" data-end=\"978\">zlatni detalji<\/strong> u skladu su sa nje\u017eno zeleno-zlatnim djelovima vezene \u010dipke, dok <strong data-start=\"1050\" data-end=\"1074\">be\u017e lastik<\/strong> pru\u017eanju nje\u017enu potporu uz da\u0161ak romanti\u010dnosti.<\/p>\n<p data-start=\"1128\" data-end=\"1244\">Bilo da se nosi za posebnu prigodu ili kao luksuzni komad za svaki dan, Sakura \u0107e vas odvesti u ru\u017ei\u010dasti cvjetni san.<\/p>\n<p data-start=\"1246\" data-end=\"1355\">Upotpunite uz <strong data-start=\"1275\" data-end=\"1291\">Sakura ga\u0107ice<\/strong> ili <strong data-start=\"1299\" data-end=\"1322\">Sakura Ouvert Ga\u0107ice<\/strong> za potpuni romanti\u010dni Sakura look.<\/p>\n<p>&nbsp;<\/p>\n<p>Vezena \u010dipka: 100% poliester<\/p>\n<p>Mre\u017ea: 85% poliamid, 15% elastan<\/p>","protected":false},"excerpt":{"rendered":"<p>Cvjetni san, Sakura Longline Bralette obavija vas nje\u017enim izvezenim tilom s nje\u017eno ru\u017ei\u010dastim cvjetovima i zlatnim detaljima. S laskavim dugim krojem, svilenkastim mre\u017eastim le\u0111ima i podesivim naramenicama, to je komad svakodnevnog luksuza koji privla\u010di pa\u017enju.<\/p>\n<p data-start=\"103\" data-end=\"122\"><strong data-start=\"103\" data-end=\"120\">Karakteristike:<\/strong><\/p>\n<ul data-start=\"123\" data-end=\"507\">\n<li data-start=\"123\" data-end=\"246\">\n<p data-start=\"125\" data-end=\"246\">Prozirni vezeni til ukra\u0161en nje\u017eno ru\u017ei\u010dastim cvjetovima sakure i suptilnim zlatno-zelenim detaljima<\/p>\n<\/li>\n<li data-start=\"247\" data-end=\"375\">\n<p data-start=\"249\" data-end=\"375\">Longline dizajn sa svilenkasto mekanom svjetlo ru\u017ei\u010dastom mre\u017eicom, podesivim naramenicama i metalnim detaljima u zlatnoj boji<\/p>\n<\/li>\n<li data-start=\"376\" data-end=\"507\">\n<p data-start=\"378\" data-end=\"507\">Prekrasno se sla\u017ee uz Sakura ga\u0107ice klasi\u010dnog ili otvorenog kroja<\/p>\n<\/li>\n<\/ul>","protected":false},"featured_media":1028,"comment_status":"open","ping_status":"closed","template":"","meta":{"inline_featured_image":false,"_uag_custom_page_level_css":"","site-sidebar-layout":"default","site-content-layout":"","ast-site-content-layout":"default","site-content-style":"default","site-sidebar-style":"default","ast-global-header-display":"","ast-banner-title-visibility":"","ast-main-header-display":"","ast-hfb-above-header-display":"","ast-hfb-below-header-display":"","ast-hfb-mobile-header-display":"","site-post-title":"","ast-breadcrumbs-content":"","ast-featured-img":"","footer-sml-layout":"","ast-disable-related-posts":"","theme-transparent-header-meta":"default","adv-header-id-meta":"","stick-header-meta":"","header-above-stick-meta":"","header-main-stick-meta":"","header-below-stick-meta":"","astra-migrate-meta-layouts":"set","ast-page-background-enabled":"default","ast-page-background-meta":{"desktop":{"background-color":"var(--ast-global-color-4)","background-image":"","background-repeat":"repeat","background-position":"center center","background-size":"auto","background-attachment":"scroll","background-type":"","background-media":"","overlay-type":"","overlay-color":"","overlay-opacity":"","overlay-gradient":""},"tablet":{"background-color":"","background-image":"","background-repeat":"repeat","background-position":"center center","background-size":"auto","background-attachment":"scroll","background-type":"","background-media":"","overlay-type":"","overlay-color":"","overlay-opacity":"","overlay-gradient":""},"mobile":{"background-color":"","background-image":"","background-repeat":"repeat","background-position":"center center","background-size":"auto","background-attachment":"scroll","background-type":"","background-media":"","overlay-type":"","overlay-color":"","overlay-opacity":"","overlay-gradient":""}},"ast-content-background-meta":{"desktop":{"background-color":"var(--ast-global-color-5)","background-image":"","background-repeat":"repeat","background-position":"center center","background-size":"auto","background-attachment":"scroll","background-type":"","background-media":"","overlay-type":"","overlay-color":"","overlay-opacity":"","overlay-gradient":""},"tablet":{"background-color":"var(--ast-global-color-5)","background-image":"","background-repeat":"repeat","background-position":"center center","background-size":"auto","background-attachment":"scroll","background-type":"","background-media":"","overlay-type":"","overlay-color":"","overlay-opacity":"","overlay-gradient":""},"mobile":{"background-color":"var(--ast-global-color-5)","background-image":"","background-repeat":"repeat","background-position":"center center","background-size":"auto","background-attachment":"scroll","background-type":"","background-media":"","overlay-type":"","overlay-color":"","overlay-opacity":"","overlay-gradient":""}}},"product_brand":[38],"product_cat":[39],"product_tag":[50,57,45,54,110,109],"class_list":{"0":"post-1038","1":"product","2":"type-product","3":"status-publish","4":"has-post-thumbnail","6":"product_brand-shobain","7":"product_cat-bras-and-bralettes-2","8":"product_tag-delicate","9":"product_tag-embroidered-lace","10":"product_tag-longline","11":"product_tag-longline-bralette","12":"product_tag-pink","13":"product_tag-sakura","14":"desktop-align-center","15":"tablet-align-center","16":"mobile-align-center","18":"first","19":"instock","20":"shipping-taxable","21":"purchasable","22":"product-type-variable"},"aioseo_notices":[],"uagb_featured_image_src":{"full":["https:\/\/shobain.com\/wp-content\/uploads\/2025\/06\/sakura-on-model-front-side.jpg",1074,1342,false],"thumbnail":["https:\/\/shobain.com\/wp-content\/uploads\/2025\/06\/sakura-on-model-front-side-150x150.jpg",150,150,true],"medium":["https:\/\/shobain.com\/wp-content\/uploads\/2025\/06\/sakura-on-model-front-side-240x300.jpg",240,300,true],"medium_large":["https:\/\/shobain.com\/wp-content\/uploads\/2025\/06\/sakura-on-model-front-side-768x960.jpg",768,960,true],"large":["https:\/\/shobain.com\/wp-content\/uploads\/2025\/06\/sakura-on-model-front-side-820x1024.jpg",820,1024,true],"1536x1536":["https:\/\/shobain.com\/wp-content\/uploads\/2025\/06\/sakura-on-model-front-side.jpg",1074,1342,false],"2048x2048":["https:\/\/shobain.com\/wp-content\/uploads\/2025\/06\/sakura-on-model-front-side.jpg",1074,1342,false],"trp-custom-language-flag":["https:\/\/shobain.com\/wp-content\/uploads\/2025\/06\/sakura-on-model-front-side.jpg",10,12,false],"mailpoet_newsletter_max":["https:\/\/shobain.com\/wp-content\/uploads\/2025\/06\/sakura-on-model-front-side.jpg",1074,1342,false],"woocommerce_thumbnail":["https:\/\/shobain.com\/wp-content\/uploads\/2025\/06\/sakura-on-model-front-side-300x375.jpg",300,375,true],"woocommerce_single":["https:\/\/shobain.com\/wp-content\/uploads\/2025\/06\/sakura-on-model-front-side-600x750.jpg",600,750,true],"woocommerce_gallery_thumbnail":["https:\/\/shobain.com\/wp-content\/uploads\/2025\/06\/sakura-on-model-front-side-100x100.jpg",100,100,true]},"uagb_author_info":{"display_name":"Laura Roman","author_link":"https:\/\/shobain.com\/hr\/author\/"},"uagb_comment_info":0,"uagb_excerpt":"A floral dream come true, the Sakura Longline Bralette wraps you in delicate embroidered tulle with soft pink blossoms and gold accents. Featuring a flattering longline cut, silky mesh back, and adjustable straps, it's a show-stopping piece of everyday luxury. Key Features: Sheer embroidered tulle adorned with soft pink sakura blossoms and subtle gold-green accents&hellip;","_links":{"self":[{"href":"https:\/\/shobain.com\/hr\/wp-json\/wp\/v2\/product\/1038","targetHints":{"allow":["GET"]}}],"collection":[{"href":"https:\/\/shobain.com\/hr\/wp-json\/wp\/v2\/product"}],"about":[{"href":"https:\/\/shobain.com\/hr\/wp-json\/wp\/v2\/types\/product"}],"replies":[{"embeddable":true,"href":"https:\/\/shobain.com\/hr\/wp-json\/wp\/v2\/comments?post=1038"}],"wp:featuredmedia":[{"embeddable":true,"href":"https:\/\/shobain.com\/hr\/wp-json\/wp\/v2\/media\/1028"}],"wp:attachment":[{"href":"https:\/\/shobain.com\/hr\/wp-json\/wp\/v2\/media?parent=1038"}],"wp:term":[{"taxonomy":"product_brand","embeddable":true,"href":"https:\/\/shobain.com\/hr\/wp-json\/wp\/v2\/product_brand?post=1038"},{"taxonomy":"product_cat","embeddable":true,"href":"https:\/\/shobain.com\/hr\/wp-json\/wp\/v2\/product_cat?post=1038"},{"taxonomy":"product_tag","embeddable":true,"href":"https:\/\/shobain.com\/hr\/wp-json\/wp\/v2\/product_tag?post=1038"}],"curies":[{"name":"wp","href":"https:\/\/api.w.org\/{rel}","templated":true}]}}