{"id":1069,"date":"2025-06-26T17:04:43","date_gmt":"2025-06-26T15:04:43","guid":{"rendered":"https:\/\/orchid-weasel-405112.hostingersite.com\/?post_type=product&#038;p=1069"},"modified":"2025-07-31T19:18:24","modified_gmt":"2025-07-31T17:18:24","slug":"sakura-robe","status":"publish","type":"product","link":"https:\/\/shobain.com\/hr\/proizvod\/sakura-robe\/","title":{"rendered":"Sakura Ogrta\u010d"},"content":{"rendered":"<p data-start=\"478\" data-end=\"556\">Osjetite nje\u017eni dodir prolje\u0107a svaki put kada obu\u010dete prekrasan Sakura ogrta\u010d.<\/p>\n<p data-start=\"558\" data-end=\"804\">Izra\u0111en od nje\u017eno ru\u017ei\u010daste tkanine i delikatne izvezene Sakura \u010dipke, ovaj ogrta\u010d je vizija meko\u0107e i elegancije. Izvezeni til spu\u0161ta se niz oba rukava, nje\u017eno rasipaju\u0107i cvjetove sakure po va\u0161oj ko\u017ei.<\/p>\n<p data-start=\"806\" data-end=\"928\">Ovaj ogrta\u010d je napravljen da uzdigne va\u0161e dnevne rituale - bilo da se radi o laganom jutru, sanjivoj ve\u010deri ili trenutku samo za vas.<\/p>\n<p data-start=\"930\" data-end=\"1077\">Napomena: <strong data-start=\"943\" data-end=\"978\">ostala je samo du\u017ea verzija<\/strong>, najbolja za veli\u010dine <strong data-start=\"1002\" data-end=\"1014\">M i ve\u0107e<\/strong>. Ovo je posljednji dostupan komad iz Sakura asortimana ogrta\u010da.<\/p>\n<p data-start=\"1079\" data-end=\"1158\">Upotpunite izgled us Sakura Longline Bralette i ga\u0107ice.<\/p>\n<p data-start=\"1079\" data-end=\"1158\"><span style=\"font-size: 16px;\">Vezena \u010dipka: 100% poliester<\/span><\/p>\n<div class=\"rah-static rah-static--height-auto\" aria-hidden=\"false\">\n<div class=\"ulKuLk QfrfFD cell\">\n<div class=\"zp8uy2\" data-hook=\"info-section-description\">\n<p>Roza tkanina: 100% poliester<\/p>\n<\/div>\n<\/div>\n<\/div>","protected":false},"excerpt":{"rendered":"<p>Ogrnite se proljetnom romansom uz Sakura ogrta\u010d. Izra\u0111en od nje\u017eno ru\u017ei\u010daste tkanine i nje\u017eno izvezene sakura \u010dipke, unosi eleganciju i senzualnost u svaki va\u0161 pokret. Ostala je samo du\u017ea verzija - lepr\u0161avi cvjetni san, savr\u0161en za veli\u010dine M i vi\u0161e.<\/p>\n<p data-start=\"79\" data-end=\"98\"><strong data-start=\"79\" data-end=\"96\">Karakteristike:<\/strong><\/p>\n<ul data-start=\"99\" data-end=\"466\">\n<li data-start=\"99\" data-end=\"227\">\n<p data-start=\"101\" data-end=\"227\">Nje\u017ena ru\u017ei\u010dasta tkanina upotpunjena nje\u017eno izvezenom Sakura \u010dipkom za elegantan, \u017eenstven izgled<\/p>\n<\/li>\n<li data-start=\"228\" data-end=\"322\">\n<p data-start=\"230\" data-end=\"322\">Lepr\u0161avi izvezeni rukavi od tila ukra\u0161eni cvjetovima sakure koji nje\u017eno miluju ko\u017eu<\/p>\n<\/li>\n<li data-start=\"323\" data-end=\"466\">\n<p data-start=\"325\" data-end=\"466\">Dulja verzija dostupna u ograni\u010denim koli\u010dinama, najbolje odgovara veli\u010dinama M i vi\u0161e; prekrasno se sla\u017ee sa Sakura Longline braletteom i ga\u0107icama<\/p>\n<\/li>\n<\/ul>","protected":false},"featured_media":1074,"comment_status":"open","ping_status":"closed","template":"","meta":{"inline_featured_image":false,"_uag_custom_page_level_css":"","site-sidebar-layout":"default","site-content-layout":"","ast-site-content-layout":"default","site-content-style":"default","site-sidebar-style":"default","ast-global-header-display":"","ast-banner-title-visibility":"","ast-main-header-display":"","ast-hfb-above-header-display":"","ast-hfb-below-header-display":"","ast-hfb-mobile-header-display":"","site-post-title":"","ast-breadcrumbs-content":"","ast-featured-img":"","footer-sml-layout":"","ast-disable-related-posts":"","theme-transparent-header-meta":"default","adv-header-id-meta":"","stick-header-meta":"","header-above-stick-meta":"","header-main-stick-meta":"","header-below-stick-meta":"","astra-migrate-meta-layouts":"set","ast-page-background-enabled":"default","ast-page-background-meta":{"desktop":{"background-color":"var(--ast-global-color-4)","background-image":"","background-repeat":"repeat","background-position":"center center","background-size":"auto","background-attachment":"scroll","background-type":"","background-media":"","overlay-type":"","overlay-color":"","overlay-opacity":"","overlay-gradient":""},"tablet":{"background-color":"","background-image":"","background-repeat":"repeat","background-position":"center center","background-size":"auto","background-attachment":"scroll","background-type":"","background-media":"","overlay-type":"","overlay-color":"","overlay-opacity":"","overlay-gradient":""},"mobile":{"background-color":"","background-image":"","background-repeat":"repeat","background-position":"center center","background-size":"auto","background-attachment":"scroll","background-type":"","background-media":"","overlay-type":"","overlay-color":"","overlay-opacity":"","overlay-gradient":""}},"ast-content-background-meta":{"desktop":{"background-color":"var(--ast-global-color-5)","background-image":"","background-repeat":"repeat","background-position":"center center","background-size":"auto","background-attachment":"scroll","background-type":"","background-media":"","overlay-type":"","overlay-color":"","overlay-opacity":"","overlay-gradient":""},"tablet":{"background-color":"var(--ast-global-color-5)","background-image":"","background-repeat":"repeat","background-position":"center center","background-size":"auto","background-attachment":"scroll","background-type":"","background-media":"","overlay-type":"","overlay-color":"","overlay-opacity":"","overlay-gradient":""},"mobile":{"background-color":"var(--ast-global-color-5)","background-image":"","background-repeat":"repeat","background-position":"center center","background-size":"auto","background-attachment":"scroll","background-type":"","background-media":"","overlay-type":"","overlay-color":"","overlay-opacity":"","overlay-gradient":""}}},"product_brand":[38],"product_cat":[41],"product_tag":[57,55,112,113,110,84,111,109],"class_list":{"0":"post-1069","1":"product","2":"type-product","3":"status-publish","4":"has-post-thumbnail","6":"product_brand-shobain","7":"product_cat-nightwear","8":"product_tag-embroidered-lace","9":"product_tag-lace-applique","10":"product_tag-lounge","11":"product_tag-nightwear","12":"product_tag-pink","13":"product_tag-ready-to-ship","14":"product_tag-robe","15":"product_tag-sakura","16":"desktop-align-center","17":"tablet-align-center","18":"mobile-align-center","20":"first","21":"instock","22":"shipping-taxable","23":"purchasable","24":"product-type-simple"},"aioseo_notices":[],"uagb_featured_image_src":{"full":["https:\/\/shobain.com\/wp-content\/uploads\/2025\/06\/sakura-robe-on-manneqin-front.jpg",1292,1722,false],"thumbnail":["https:\/\/shobain.com\/wp-content\/uploads\/2025\/06\/sakura-robe-on-manneqin-front-150x150.jpg",150,150,true],"medium":["https:\/\/shobain.com\/wp-content\/uploads\/2025\/06\/sakura-robe-on-manneqin-front-225x300.jpg",225,300,true],"medium_large":["https:\/\/shobain.com\/wp-content\/uploads\/2025\/06\/sakura-robe-on-manneqin-front-768x1024.jpg",768,1024,true],"large":["https:\/\/shobain.com\/wp-content\/uploads\/2025\/06\/sakura-robe-on-manneqin-front-768x1024.jpg",768,1024,true],"1536x1536":["https:\/\/shobain.com\/wp-content\/uploads\/2025\/06\/sakura-robe-on-manneqin-front-1152x1536.jpg",1152,1536,true],"2048x2048":["https:\/\/shobain.com\/wp-content\/uploads\/2025\/06\/sakura-robe-on-manneqin-front.jpg",1292,1722,false],"trp-custom-language-flag":["https:\/\/shobain.com\/wp-content\/uploads\/2025\/06\/sakura-robe-on-manneqin-front.jpg",9,12,false],"mailpoet_newsletter_max":["https:\/\/shobain.com\/wp-content\/uploads\/2025\/06\/sakura-robe-on-manneqin-front.jpg",1292,1722,false],"woocommerce_thumbnail":["https:\/\/shobain.com\/wp-content\/uploads\/2025\/06\/sakura-robe-on-manneqin-front-300x375.jpg",300,375,true],"woocommerce_single":["https:\/\/shobain.com\/wp-content\/uploads\/2025\/06\/sakura-robe-on-manneqin-front-600x800.jpg",600,800,true],"woocommerce_gallery_thumbnail":["https:\/\/shobain.com\/wp-content\/uploads\/2025\/06\/sakura-robe-on-manneqin-front-100x100.jpg",100,100,true]},"uagb_author_info":{"display_name":"Laura Roman","author_link":"https:\/\/shobain.com\/hr\/author\/"},"uagb_comment_info":0,"uagb_excerpt":"Wrap yourself in springtime romance with the Sakura Robe. Crafted from a soft blush pink fabric and delicately embroidered sakura lace, it brings elegance and sensuality to your every move. Only the longer version remains \u2014 a flowing floral dream, perfect for sizes M and up. Key Features: Soft blush pink fabric complemented by delicately&hellip;","_links":{"self":[{"href":"https:\/\/shobain.com\/hr\/wp-json\/wp\/v2\/product\/1069","targetHints":{"allow":["GET"]}}],"collection":[{"href":"https:\/\/shobain.com\/hr\/wp-json\/wp\/v2\/product"}],"about":[{"href":"https:\/\/shobain.com\/hr\/wp-json\/wp\/v2\/types\/product"}],"replies":[{"embeddable":true,"href":"https:\/\/shobain.com\/hr\/wp-json\/wp\/v2\/comments?post=1069"}],"wp:featuredmedia":[{"embeddable":true,"href":"https:\/\/shobain.com\/hr\/wp-json\/wp\/v2\/media\/1074"}],"wp:attachment":[{"href":"https:\/\/shobain.com\/hr\/wp-json\/wp\/v2\/media?parent=1069"}],"wp:term":[{"taxonomy":"product_brand","embeddable":true,"href":"https:\/\/shobain.com\/hr\/wp-json\/wp\/v2\/product_brand?post=1069"},{"taxonomy":"product_cat","embeddable":true,"href":"https:\/\/shobain.com\/hr\/wp-json\/wp\/v2\/product_cat?post=1069"},{"taxonomy":"product_tag","embeddable":true,"href":"https:\/\/shobain.com\/hr\/wp-json\/wp\/v2\/product_tag?post=1069"}],"curies":[{"name":"wp","href":"https:\/\/api.w.org\/{rel}","templated":true}]}}