{"id":1078,"date":"2025-06-26T17:27:18","date_gmt":"2025-06-26T15:27:18","guid":{"rendered":"https:\/\/orchid-weasel-405112.hostingersite.com\/?post_type=product&#038;p=1078"},"modified":"2026-02-02T11:19:25","modified_gmt":"2026-02-02T09:19:25","slug":"oceanna-set","status":"publish","type":"product","link":"https:\/\/shobain.com\/hr\/proizvod\/oceanna-set\/","title":{"rendered":"Oceanna Mix &amp; Match Lingerie Set \u2013 Ograni\u010deno Izdanje"},"content":{"rendered":"<p data-start=\"211\" data-end=\"553\">Izra\u0111ena od posljednjih ostataka voljene Oceanna \u010dipke, ova ograni\u010dena kolekcija omogu\u0107uje vam kombiniranje i uskla\u0111ivanje savr\u0161enog seta donjeg rublja. S obzirom na to da je dostupan samo jedan komad u svakoj veli\u010dini i stilu, svaki je artikl zaista jedinstven. Oceanske nijanse, nje\u017eni vez i senzualne siluete spajaju se u sanjivom, morskom ritmu stvorenom samo za vas.<\/p>\n<h3 data-start=\"560\" data-end=\"583\"><\/h3>\n<h3 data-start=\"560\" data-end=\"583\">\u00a0Dostupni komadi:<\/h3>\n<p data-start=\"585\" data-end=\"657\"><strong data-start=\"585\" data-end=\"602\">\u00a0Bralettes:<\/strong><br \/>\nOdaberite izme\u0111u ovih prekrasnih opcija:<\/p>\n<ul data-start=\"658\" data-end=\"898\">\n<li data-start=\"658\" data-end=\"711\">\n<p data-start=\"660\" data-end=\"711\"><strong data-start=\"660\" data-end=\"681\">Trokutasti bralette<\/strong> \u2013 A ko\u0161arica, 70\u201390 cm opseg ispod grudi<\/p>\n<\/li>\n<li data-start=\"712\" data-end=\"777\">\n<p data-start=\"714\" data-end=\"777\"><strong data-start=\"714\" data-end=\"745\">Longline Bralette (Stil 1)<\/strong> \u2013 A\u2013B ko\u0161arica, 70\u201385 cm opseg ispod grudi<\/p>\n<\/li>\n<li data-start=\"778\" data-end=\"842\">\n<p data-start=\"780\" data-end=\"842\"><strong data-start=\"780\" data-end=\"811\">Longline Bralette (Stil 2)<\/strong> \u2013 C ko\u0161arica, 85\u2013100 cm opseg ispod grudi<\/p>\n<\/li>\n<li data-start=\"843\" data-end=\"898\">\n<p data-start=\"845\" data-end=\"898\"><strong data-start=\"845\" data-end=\"866\">Bralette s Otvorenim Ko\u0161aricama<\/strong> \u2013 A\u2013C ko\u0161arica, 70\u201390 cm opseg ispod grudi<\/p>\n<\/li>\n<\/ul>\n<p data-start=\"900\" data-end=\"1031\"><em data-start=\"900\" data-end=\"1031\">Napomena: Prije slanja mogu\u0107e je napraviti male prilagodbe opsega ispod grudi. Molimo vas da prilikom narud\u017ebe navedete mjeru opsega ispod grudi.<\/em><\/p>\n<hr data-start=\"1033\" data-end=\"1036\" \/>\n<p data-start=\"1038\" data-end=\"1109\"><strong data-start=\"1038\" data-end=\"1053\">Ga\u0107ice:<\/strong><br \/>\nSvake ga\u0107ice napravljene su za udobnost i zavo\u0111enje, dostupne su u veli\u010dinama:<\/p>\n<ul data-start=\"1110\" data-end=\"1172\">\n<li data-start=\"1110\" data-end=\"1141\">\n<p data-start=\"1112\" data-end=\"1141\"><strong data-start=\"1112\" data-end=\"1128\">Ouvert Stil<\/strong> \u2013 M\/L veli\u010dina<\/p>\n<\/li>\n<li data-start=\"1142\" data-end=\"1172\">\n<p data-start=\"1144\" data-end=\"1172\"><strong data-start=\"1144\" data-end=\"1161\">brazilski kroj<\/strong> \u2013 M veli\u010dina<\/p>\n<\/li>\n<\/ul>\n<p data-start=\"1174\" data-end=\"1285\"><em data-start=\"1174\" data-end=\"1285\">Napomena: Obim struka i bokova mo\u017ee se podesiti za bolje pristajanje. Molimo vas da prilikom narud\u017ebe navedete svoje mjere.<\/em><\/p>\n<hr data-start=\"1287\" data-end=\"1290\" \/>\n<p data-start=\"1292\" data-end=\"1369\"><strong data-start=\"1292\" data-end=\"1311\">Halteri:<\/strong><br \/>\nSamo <strong data-start=\"1317\" data-end=\"1324\">jedan<\/strong> komad je dostupan!<\/p>\n<ul data-start=\"1370\" data-end=\"1457\">\n<li data-start=\"1370\" data-end=\"1398\">\n<p data-start=\"1372\" data-end=\"1398\">Za veli\u010dinu <strong data-start=\"1383\" data-end=\"1396\">S\u2013L struka<\/strong><\/p>\n<\/li>\n<li data-start=\"1399\" data-end=\"1457\">\n<p data-start=\"1401\" data-end=\"1457\">Mo\u017ee se prilagoditi za XS ako je to navedeno u napomenama uz narud\u017ebu.<\/p>\n<\/li>\n<\/ul>\n<hr data-start=\"1459\" data-end=\"1462\" \/>\n<h3 data-start=\"1464\" data-end=\"1479\">Detalji:<\/h3>\n<ul data-start=\"1480\" data-end=\"1722\">\n<li data-start=\"1480\" data-end=\"1554\">\n<p data-start=\"1482\" data-end=\"1554\">Svi predmeti izra\u0111eni s posljednjim metrima <strong data-start=\"1538\" data-end=\"1554\">Oceanna \u010dipke<\/strong><\/p>\n<\/li>\n<li data-start=\"1555\" data-end=\"1620\">\n<p data-start=\"1557\" data-end=\"1620\">Mekana mre\u017ea, nje\u017ean vez i prekrasni detalji<\/p>\n<\/li>\n<li data-start=\"1621\" data-end=\"1679\">\n<p data-start=\"1623\" data-end=\"1679\"><strong data-start=\"1623\" data-end=\"1659\">Oeko-Tex\u00ae pamu\u010dni jersey<\/strong> podstava<\/p>\n<\/li>\n<li data-start=\"1680\" data-end=\"1722\">\n<p data-start=\"1682\" data-end=\"1722\">Potpuno podesive trakice na ve\u0107ini komada<\/p>\n<\/li>\n<\/ul>\n<hr data-start=\"1724\" data-end=\"1727\" \/>\n<p data-start=\"1729\" data-end=\"2000\">Kreirajte svoj personalizirani set odabirom svojih omiljenih komada. Tra\u017eite li razigranu kombinaciju grudnjaka otvorenih ko\u0161arica i haltere ili elegantni dugi grudnjak s odva\u017enim ga\u0107icama, kolekcija Oceanna omogu\u0107uje vam da stvorite sanjiv izgled donjeg rublja inspiriran oceanom, prilago\u0111en vama.<\/p>\n<p data-start=\"2002\" data-end=\"2096\" data-is-last-node=\"\" data-is-only-node=\"\"><em data-start=\"2005\" data-end=\"2096\" data-is-last-node=\"\">Nakon \u0161to se rasprodaju, ovi se stilovi ne\u0107e vratiti - zaronite u svoju fantaziju o sirenama dok mo\u017eete!<\/em><\/p>\n<p>\u010cipka: 100% poliester<\/p>\n<p>Mre\u017ea: 85% poliamid, 15% elastan<\/p>\n<p>Jersey: 94% pamuk, 6% elastan<\/p>","protected":false},"excerpt":{"rendered":"<p>Izra\u0111ena od posljednjih metara na\u0161e voljene Oceanna \u010dipke, ova ograni\u010dena kolekcija omogu\u0107uje vam da kombinirate svoj savr\u0161eni set. Birajte izme\u0111u jedinstvenih bralette-a, ga\u0107ica i posljednjih dostupnih haltera- svaki je komad izra\u0111en s nje\u017enom \u010dipkom, mekom mre\u017eicom i elegancijom inspiriranom oceanom. Dostupan je samo jedan komad po stilu i veli\u010dini - jednom kad nestanu, nestali su!<\/p>\n<p><strong>Karakteristike:<\/strong><\/p>\n<ul>\n<li data-start=\"69\" data-end=\"150\">\n<p data-start=\"71\" data-end=\"150\">Komadi ograni\u010denog izdanja izra\u0111eni od posljednjih metara prepoznatljive Oceanna \u010dipke<\/p>\n<\/li>\n<li data-start=\"151\" data-end=\"223\">\n<p data-start=\"153\" data-end=\"223\">Kombiniranje stilova: bralette, ga\u0107ice i podesivi halteri<\/p>\n<\/li>\n<li data-start=\"224\" data-end=\"291\" data-is-last-node=\"\">\n<p data-start=\"226\" data-end=\"291\" data-is-last-node=\"\">Mekana mre\u017ea i Oeko-Tex\u00ae pamu\u010dni jersey za udobnost no\u0161enja<\/p>\n<\/li>\n<\/ul>","protected":false},"featured_media":1098,"comment_status":"open","ping_status":"closed","template":"","meta":{"inline_featured_image":false,"_uag_custom_page_level_css":"","site-sidebar-layout":"default","site-content-layout":"","ast-site-content-layout":"default","site-content-style":"default","site-sidebar-style":"default","ast-global-header-display":"","ast-banner-title-visibility":"","ast-main-header-display":"","ast-hfb-above-header-display":"","ast-hfb-below-header-display":"","ast-hfb-mobile-header-display":"","site-post-title":"","ast-breadcrumbs-content":"","ast-featured-img":"","footer-sml-layout":"","ast-disable-related-posts":"","theme-transparent-header-meta":"default","adv-header-id-meta":"","stick-header-meta":"","header-above-stick-meta":"","header-main-stick-meta":"","header-below-stick-meta":"","astra-migrate-meta-layouts":"set","ast-page-background-enabled":"default","ast-page-background-meta":{"desktop":{"background-color":"var(--ast-global-color-4)","background-image":"","background-repeat":"repeat","background-position":"center center","background-size":"auto","background-attachment":"scroll","background-type":"","background-media":"","overlay-type":"","overlay-color":"","overlay-opacity":"","overlay-gradient":""},"tablet":{"background-color":"","background-image":"","background-repeat":"repeat","background-position":"center center","background-size":"auto","background-attachment":"scroll","background-type":"","background-media":"","overlay-type":"","overlay-color":"","overlay-opacity":"","overlay-gradient":""},"mobile":{"background-color":"","background-image":"","background-repeat":"repeat","background-position":"center center","background-size":"auto","background-attachment":"scroll","background-type":"","background-media":"","overlay-type":"","overlay-color":"","overlay-opacity":"","overlay-gradient":""}},"ast-content-background-meta":{"desktop":{"background-color":"var(--ast-global-color-5)","background-image":"","background-repeat":"repeat","background-position":"center center","background-size":"auto","background-attachment":"scroll","background-type":"","background-media":"","overlay-type":"","overlay-color":"","overlay-opacity":"","overlay-gradient":""},"tablet":{"background-color":"var(--ast-global-color-5)","background-image":"","background-repeat":"repeat","background-position":"center center","background-size":"auto","background-attachment":"scroll","background-type":"","background-media":"","overlay-type":"","overlay-color":"","overlay-opacity":"","overlay-gradient":""},"mobile":{"background-color":"var(--ast-global-color-5)","background-image":"","background-repeat":"repeat","background-position":"center center","background-size":"auto","background-attachment":"scroll","background-type":"","background-media":"","overlay-type":"","overlay-color":"","overlay-opacity":"","overlay-gradient":""}}},"product_brand":[38],"product_cat":[42,40,26,39],"product_tag":[114,84],"class_list":{"0":"post-1078","1":"product","2":"type-product","3":"status-publish","4":"has-post-thumbnail","6":"product_brand-shobain","7":"product_cat-accessories","8":"product_cat-panties","9":"product_cat-lingerie-sets","10":"product_cat-bras-and-bralettes-2","11":"product_tag-oceanna","12":"product_tag-ready-to-ship","13":"desktop-align-center","14":"tablet-align-center","15":"mobile-align-center","17":"first","18":"instock","19":"shipping-taxable","20":"purchasable","21":"product-type-variable"},"aioseo_notices":[],"uagb_featured_image_src":{"full":["https:\/\/shobain.com\/wp-content\/uploads\/2025\/06\/oceanna-triangle-bralette.jpg",1292,1722,false],"thumbnail":["https:\/\/shobain.com\/wp-content\/uploads\/2025\/06\/oceanna-triangle-bralette-150x150.jpg",150,150,true],"medium":["https:\/\/shobain.com\/wp-content\/uploads\/2025\/06\/oceanna-triangle-bralette-225x300.jpg",225,300,true],"medium_large":["https:\/\/shobain.com\/wp-content\/uploads\/2025\/06\/oceanna-triangle-bralette-768x1024.jpg",768,1024,true],"large":["https:\/\/shobain.com\/wp-content\/uploads\/2025\/06\/oceanna-triangle-bralette-768x1024.jpg",768,1024,true],"1536x1536":["https:\/\/shobain.com\/wp-content\/uploads\/2025\/06\/oceanna-triangle-bralette-1152x1536.jpg",1152,1536,true],"2048x2048":["https:\/\/shobain.com\/wp-content\/uploads\/2025\/06\/oceanna-triangle-bralette.jpg",1292,1722,false],"trp-custom-language-flag":["https:\/\/shobain.com\/wp-content\/uploads\/2025\/06\/oceanna-triangle-bralette.jpg",9,12,false],"mailpoet_newsletter_max":["https:\/\/shobain.com\/wp-content\/uploads\/2025\/06\/oceanna-triangle-bralette.jpg",1292,1722,false],"woocommerce_thumbnail":["https:\/\/shobain.com\/wp-content\/uploads\/2025\/06\/oceanna-triangle-bralette-300x375.jpg",300,375,true],"woocommerce_single":["https:\/\/shobain.com\/wp-content\/uploads\/2025\/06\/oceanna-triangle-bralette-600x800.jpg",600,800,true],"woocommerce_gallery_thumbnail":["https:\/\/shobain.com\/wp-content\/uploads\/2025\/06\/oceanna-triangle-bralette-100x100.jpg",100,100,true]},"uagb_author_info":{"display_name":"Laura Roman","author_link":"https:\/\/shobain.com\/hr\/author\/"},"uagb_comment_info":0,"uagb_excerpt":"Crafted from the last meters of our beloved Oceanna lace, this limited collection lets you mix and match your perfect set. Choose from unique bralettes, panties, and the final available garter belt\u2014each one made with delicate embroidery, soft mesh, and ocean-inspired elegance. Only one piece per style and size available\u2014once they're gone, they're gone! Key&hellip;","_links":{"self":[{"href":"https:\/\/shobain.com\/hr\/wp-json\/wp\/v2\/product\/1078","targetHints":{"allow":["GET"]}}],"collection":[{"href":"https:\/\/shobain.com\/hr\/wp-json\/wp\/v2\/product"}],"about":[{"href":"https:\/\/shobain.com\/hr\/wp-json\/wp\/v2\/types\/product"}],"replies":[{"embeddable":true,"href":"https:\/\/shobain.com\/hr\/wp-json\/wp\/v2\/comments?post=1078"}],"wp:featuredmedia":[{"embeddable":true,"href":"https:\/\/shobain.com\/hr\/wp-json\/wp\/v2\/media\/1098"}],"wp:attachment":[{"href":"https:\/\/shobain.com\/hr\/wp-json\/wp\/v2\/media?parent=1078"}],"wp:term":[{"taxonomy":"product_brand","embeddable":true,"href":"https:\/\/shobain.com\/hr\/wp-json\/wp\/v2\/product_brand?post=1078"},{"taxonomy":"product_cat","embeddable":true,"href":"https:\/\/shobain.com\/hr\/wp-json\/wp\/v2\/product_cat?post=1078"},{"taxonomy":"product_tag","embeddable":true,"href":"https:\/\/shobain.com\/hr\/wp-json\/wp\/v2\/product_tag?post=1078"}],"curies":[{"name":"wp","href":"https:\/\/api.w.org\/{rel}","templated":true}]}}