{"id":1101,"date":"2025-06-28T17:29:03","date_gmt":"2025-06-28T15:29:03","guid":{"rendered":"https:\/\/shobain.com\/?post_type=product&#038;p=1101"},"modified":"2025-07-09T18:22:51","modified_gmt":"2025-07-09T16:22:51","slug":"mystery-high-waist-thongs","status":"publish","type":"product","link":"https:\/\/shobain.com\/hr\/proizvod\/mystery-high-waist-thongs\/","title":{"rendered":"\u00a0Mystery Paket: Tange Visokog Struka"},"content":{"rendered":"<p data-start=\"270\" data-end=\"603\">Predstavljamo <strong data-start=\"286\" data-end=\"320\">\u00a0Mystery Paket: Tange Visokog Struka<\/strong> \u2013 prekrasan paket iznena\u0111enja tanga ga\u0107ica visokog struka. Svake ga\u0107ice ru\u010dno su izra\u0111ene s ljubavlju i pa\u017enjom. Izra\u0111ene od mekog pamu\u010dnog jersey-a s Oeko-Tex certifikatom i prozra\u010dnim mre\u017eastim umetcima sa strane, ove tangice nude laskavu siluetu, prozra\u010dnu udobnost i da\u0161ak senzualnog \u0161arma.<\/p>\n<p data-start=\"270\" data-end=\"603\">Dobit \u0107ete prekrasno odabranu mje\u0161avinu boja i printova, pa\u017eljivo uparenu s komplementarnim mre\u017eastim detaljima za izgled koji se osje\u0107a jednako dobro kao \u0161to izgleda.<\/p>\n<p data-start=\"801\" data-end=\"946\" data-is-last-node=\"\" data-is-only-node=\"\">Savr\u0161eno za svakodnevno no\u0161enje, darivanje ili da se jednostavno po\u010dastite s ne\u010dim neo\u010dekivanim i lijepim. Neka vas misterij iznenadi - na najbolji na\u010din.<\/p>\n<p>Oeko-Tex\u00ae pamu\u010dni jersey:\u00a094% pamuk, 6% elastan<\/p>\n<p>Mre\u017ea: 85% poliamid, 15% elastan<\/p>","protected":false},"excerpt":{"rendered":"<p>Iznena\u0111enje od tangica visokog struka izra\u0111enih od luksuznog pamu\u010dnog jersey-a i mekane mre\u017eice. Svaki komad je jedinstven i napravljen samo za vas!<\/p>\n<p><strong>Karakteristike:<\/strong><\/p>\n<ul>\n<li data-start=\"75\" data-end=\"145\">\n<p data-start=\"77\" data-end=\"145\">Set jedinstvenih tanga ga\u0107ica visokog struka s mije\u0161anim bojama i printovima<\/p>\n<\/li>\n<li data-start=\"146\" data-end=\"225\">\n<p data-start=\"148\" data-end=\"225\">Izra\u0111ene od Oeko-Tex\u00ae pamu\u010dnog jersey-a i mekane mre\u017eice<\/p>\n<\/li>\n<li data-start=\"226\" data-end=\"295\" data-is-last-node=\"\">\n<p data-start=\"228\" data-end=\"295\" data-is-last-node=\"\">Designed for everyday comfort with a flattering, sensual silhouette<\/p>\n<\/li>\n<\/ul>","protected":false},"featured_media":1106,"comment_status":"open","ping_status":"closed","template":"","meta":{"inline_featured_image":false,"_uag_custom_page_level_css":"","site-sidebar-layout":"default","site-content-layout":"","ast-site-content-layout":"default","site-content-style":"default","site-sidebar-style":"default","ast-global-header-display":"","ast-banner-title-visibility":"","ast-main-header-display":"","ast-hfb-above-header-display":"","ast-hfb-below-header-display":"","ast-hfb-mobile-header-display":"","site-post-title":"","ast-breadcrumbs-content":"","ast-featured-img":"","footer-sml-layout":"","ast-disable-related-posts":"","theme-transparent-header-meta":"default","adv-header-id-meta":"","stick-header-meta":"","header-above-stick-meta":"","header-main-stick-meta":"","header-below-stick-meta":"","astra-migrate-meta-layouts":"set","ast-page-background-enabled":"default","ast-page-background-meta":{"desktop":{"background-color":"var(--ast-global-color-4)","background-image":"","background-repeat":"repeat","background-position":"center center","background-size":"auto","background-attachment":"scroll","background-type":"","background-media":"","overlay-type":"","overlay-color":"","overlay-opacity":"","overlay-gradient":""},"tablet":{"background-color":"","background-image":"","background-repeat":"repeat","background-position":"center center","background-size":"auto","background-attachment":"scroll","background-type":"","background-media":"","overlay-type":"","overlay-color":"","overlay-opacity":"","overlay-gradient":""},"mobile":{"background-color":"","background-image":"","background-repeat":"repeat","background-position":"center center","background-size":"auto","background-attachment":"scroll","background-type":"","background-media":"","overlay-type":"","overlay-color":"","overlay-opacity":"","overlay-gradient":""}},"ast-content-background-meta":{"desktop":{"background-color":"var(--ast-global-color-5)","background-image":"","background-repeat":"repeat","background-position":"center center","background-size":"auto","background-attachment":"scroll","background-type":"","background-media":"","overlay-type":"","overlay-color":"","overlay-opacity":"","overlay-gradient":""},"tablet":{"background-color":"var(--ast-global-color-5)","background-image":"","background-repeat":"repeat","background-position":"center center","background-size":"auto","background-attachment":"scroll","background-type":"","background-media":"","overlay-type":"","overlay-color":"","overlay-opacity":"","overlay-gradient":""},"mobile":{"background-color":"var(--ast-global-color-5)","background-image":"","background-repeat":"repeat","background-position":"center center","background-size":"auto","background-attachment":"scroll","background-type":"","background-media":"","overlay-type":"","overlay-color":"","overlay-opacity":"","overlay-gradient":""}}},"product_brand":[38],"product_cat":[40],"product_tag":[],"class_list":{"0":"post-1101","1":"product","2":"type-product","3":"status-publish","4":"has-post-thumbnail","6":"product_brand-shobain","7":"product_cat-panties","8":"desktop-align-center","9":"tablet-align-center","10":"mobile-align-center","12":"first","13":"instock","14":"shipping-taxable","15":"purchasable","16":"product-type-variable"},"aioseo_notices":[],"uagb_featured_image_src":{"full":["https:\/\/shobain.com\/wp-content\/uploads\/2025\/06\/high-waist-thong-pack-4.jpg",1292,1722,false],"thumbnail":["https:\/\/shobain.com\/wp-content\/uploads\/2025\/06\/high-waist-thong-pack-4-150x150.jpg",150,150,true],"medium":["https:\/\/shobain.com\/wp-content\/uploads\/2025\/06\/high-waist-thong-pack-4-225x300.jpg",225,300,true],"medium_large":["https:\/\/shobain.com\/wp-content\/uploads\/2025\/06\/high-waist-thong-pack-4-768x1024.jpg",768,1024,true],"large":["https:\/\/shobain.com\/wp-content\/uploads\/2025\/06\/high-waist-thong-pack-4-768x1024.jpg",768,1024,true],"1536x1536":["https:\/\/shobain.com\/wp-content\/uploads\/2025\/06\/high-waist-thong-pack-4-1152x1536.jpg",1152,1536,true],"2048x2048":["https:\/\/shobain.com\/wp-content\/uploads\/2025\/06\/high-waist-thong-pack-4.jpg",1292,1722,false],"trp-custom-language-flag":["https:\/\/shobain.com\/wp-content\/uploads\/2025\/06\/high-waist-thong-pack-4.jpg",9,12,false],"mailpoet_newsletter_max":["https:\/\/shobain.com\/wp-content\/uploads\/2025\/06\/high-waist-thong-pack-4.jpg",1292,1722,false],"woocommerce_thumbnail":["https:\/\/shobain.com\/wp-content\/uploads\/2025\/06\/high-waist-thong-pack-4-300x375.jpg",300,375,true],"woocommerce_single":["https:\/\/shobain.com\/wp-content\/uploads\/2025\/06\/high-waist-thong-pack-4-600x800.jpg",600,800,true],"woocommerce_gallery_thumbnail":["https:\/\/shobain.com\/wp-content\/uploads\/2025\/06\/high-waist-thong-pack-4-100x100.jpg",100,100,true]},"uagb_author_info":{"display_name":"Laura Roman","author_link":"https:\/\/shobain.com\/hr\/author\/"},"uagb_comment_info":0,"uagb_excerpt":"A surprise of high-waist thongs made from luxurious cotton jerseys and soft mesh. Each piece is one-of-a-kind and made just for you! Key Features: Set of unique high-waist thongs with mixed colors and prints Made from soft Oeko-Tex\u00ae certified cotton jersey and breathable mesh panels Designed for everyday comfort with a flattering, sensual silhouette","_links":{"self":[{"href":"https:\/\/shobain.com\/hr\/wp-json\/wp\/v2\/product\/1101","targetHints":{"allow":["GET"]}}],"collection":[{"href":"https:\/\/shobain.com\/hr\/wp-json\/wp\/v2\/product"}],"about":[{"href":"https:\/\/shobain.com\/hr\/wp-json\/wp\/v2\/types\/product"}],"replies":[{"embeddable":true,"href":"https:\/\/shobain.com\/hr\/wp-json\/wp\/v2\/comments?post=1101"}],"wp:featuredmedia":[{"embeddable":true,"href":"https:\/\/shobain.com\/hr\/wp-json\/wp\/v2\/media\/1106"}],"wp:attachment":[{"href":"https:\/\/shobain.com\/hr\/wp-json\/wp\/v2\/media?parent=1101"}],"wp:term":[{"taxonomy":"product_brand","embeddable":true,"href":"https:\/\/shobain.com\/hr\/wp-json\/wp\/v2\/product_brand?post=1101"},{"taxonomy":"product_cat","embeddable":true,"href":"https:\/\/shobain.com\/hr\/wp-json\/wp\/v2\/product_cat?post=1101"},{"taxonomy":"product_tag","embeddable":true,"href":"https:\/\/shobain.com\/hr\/wp-json\/wp\/v2\/product_tag?post=1101"}],"curies":[{"name":"wp","href":"https:\/\/api.w.org\/{rel}","templated":true}]}}