{"id":1165,"date":"2025-06-29T18:04:49","date_gmt":"2025-06-29T16:04:49","guid":{"rendered":"https:\/\/shobain.com\/?post_type=product&#038;p=1165"},"modified":"2026-02-02T11:35:13","modified_gmt":"2026-02-02T09:35:13","slug":"brat-garter-belt","status":"publish","type":"product","link":"https:\/\/shobain.com\/hr\/proizvod\/brat-garter-belt\/","title":{"rendered":"Brat Halteri"},"content":{"rendered":"<p data-start=\"413\" data-end=\"577\">Poja\u010dajte dramu u svojoj garderobi i boudoiru uz <strong data-start=\"474\" data-end=\"494\">bRat Halter<\/strong> \u2014 svestrani komad odje\u0107e stvoren za one koji vole svoje donje rublje s mra\u010dnim prizvukom.<\/p>\n<p data-start=\"579\" data-end=\"892\">Izra\u0111eno od super fine, mekane mre\u017eice i <strong data-start=\"615\" data-end=\"650\">oja\u010dano fleksibilnim kostima<\/strong>, ovaj komad inspiriran je <strong data-start=\"682\" data-end=\"701\">krilima \u0161i\u0161mi\u0161a<\/strong> i izra\u0111en od mnogobrojnih mre\u017eastih panela koji opona\u0161aju elegantnu strukturu \u0161i\u0161mi\u0161evih krila. Prozirna mre\u017ea i skulpturalna silueta dodaju neodoljivu zavodljivost ovom komadu.<\/p>\n<p data-start=\"894\" data-end=\"1210\">Dizajniran s <strong data-start=\"908\" data-end=\"937\">8 trakica s klipsama koje se mogu skinuti<\/strong>, mo\u017eete ga nositi kako god \u017eelite - s \u010darapama ili podvezicama za noge, ili bez trakica kao <strong data-start=\"1038\" data-end=\"1057\">statement komad<\/strong> slojevito preko odjevnih kombinacija. Njegova rastezljiva mre\u017easta konstrukcija nudi udobnost i oblik, a <strong data-start=\"1150\" data-end=\"1185\">prilagodljivo kop\u010danje<\/strong> omogu\u0107uje udobnost no\u0161enja.<\/p>\n<p data-start=\"1212\" data-end=\"1365\">Nosite ga oko svog <strong data-start=\"1232\" data-end=\"1254\">struka ili ispod grudi<\/strong> kako biste naglasili obline - bRat halteri su odva\u017ean komad koji slavi mra\u010dnu senzualnost.<\/p>\n<p data-start=\"1367\" data-end=\"1476\">Upotpunite sa <strong data-start=\"1394\" data-end=\"1420\">bRat Longline Bralette<\/strong> i <strong data-start=\"1425\" data-end=\"1439\">bRat Tange<\/strong> za potpunu mra\u010dnu fantaziju.  \ud83e\udd87<\/p>\n<p data-start=\"1367\" data-end=\"1476\">Mre\u017ea: 85% poliamid, 15% elastan<\/p>","protected":false},"excerpt":{"rendered":"<p>Dramati\u010di halteri s dizajnom krila \u0161i\u0161mi\u0161a koji mo\u017eete nositi i iznad odje\u0107e kao statement remen. Izra\u0111en od prozirne mre\u017ee s kostima i 8 odvojivih podvezica, savr\u0161ena je mje\u0161avina sablasne zavodljivosti i svestranosti stiliziranja.<\/p>\n<p><strong>Karakteristike:<\/strong><\/p>\n<ul>\n<li data-start=\"59\" data-end=\"158\">\n<p data-start=\"61\" data-end=\"158\">Upe\u010datljiv dizajn \u0161i\u0161mi\u0161evog krila izra\u0111en od mekane, prozirne mre\u017ee s fleksibilnim kostima za strukturu<\/p>\n<\/li>\n<li data-start=\"159\" data-end=\"260\">\n<p data-start=\"161\" data-end=\"260\">8 uklonjivih trakica za svestrano stiliziranje - nosite s \u010darapama, podvezicama za noge ili kao remen<\/p>\n<\/li>\n<li data-start=\"261\" data-end=\"349\" data-is-last-node=\"\">\n<p data-start=\"263\" data-end=\"349\" data-is-last-node=\"\">Rastezljiva mre\u017ea s podesivim kop\u010danjem za udobno i prilagodljivo pristajanje<\/p>\n<\/li>\n<\/ul>","protected":false},"featured_media":1174,"comment_status":"open","ping_status":"closed","template":"","meta":{"inline_featured_image":false,"_uag_custom_page_level_css":"","site-sidebar-layout":"default","site-content-layout":"","ast-site-content-layout":"default","site-content-style":"default","site-sidebar-style":"default","ast-global-header-display":"","ast-banner-title-visibility":"","ast-main-header-display":"","ast-hfb-above-header-display":"","ast-hfb-below-header-display":"","ast-hfb-mobile-header-display":"","site-post-title":"","ast-breadcrumbs-content":"","ast-featured-img":"","footer-sml-layout":"","ast-disable-related-posts":"","theme-transparent-header-meta":"default","adv-header-id-meta":"","stick-header-meta":"","header-above-stick-meta":"","header-main-stick-meta":"","header-below-stick-meta":"","astra-migrate-meta-layouts":"set","ast-page-background-enabled":"default","ast-page-background-meta":{"desktop":{"background-color":"var(--ast-global-color-4)","background-image":"","background-repeat":"repeat","background-position":"center center","background-size":"auto","background-attachment":"scroll","background-type":"","background-media":"","overlay-type":"","overlay-color":"","overlay-opacity":"","overlay-gradient":""},"tablet":{"background-color":"","background-image":"","background-repeat":"repeat","background-position":"center center","background-size":"auto","background-attachment":"scroll","background-type":"","background-media":"","overlay-type":"","overlay-color":"","overlay-opacity":"","overlay-gradient":""},"mobile":{"background-color":"","background-image":"","background-repeat":"repeat","background-position":"center center","background-size":"auto","background-attachment":"scroll","background-type":"","background-media":"","overlay-type":"","overlay-color":"","overlay-opacity":"","overlay-gradient":""}},"ast-content-background-meta":{"desktop":{"background-color":"var(--ast-global-color-5)","background-image":"","background-repeat":"repeat","background-position":"center center","background-size":"auto","background-attachment":"scroll","background-type":"","background-media":"","overlay-type":"","overlay-color":"","overlay-opacity":"","overlay-gradient":""},"tablet":{"background-color":"var(--ast-global-color-5)","background-image":"","background-repeat":"repeat","background-position":"center center","background-size":"auto","background-attachment":"scroll","background-type":"","background-media":"","overlay-type":"","overlay-color":"","overlay-opacity":"","overlay-gradient":""},"mobile":{"background-color":"var(--ast-global-color-5)","background-image":"","background-repeat":"repeat","background-position":"center center","background-size":"auto","background-attachment":"scroll","background-type":"","background-media":"","overlay-type":"","overlay-color":"","overlay-opacity":"","overlay-gradient":""}}},"product_brand":[38],"product_cat":[42],"product_tag":[59,118,96,91,52,103],"class_list":{"0":"post-1165","1":"product","2":"type-product","3":"status-publish","4":"has-post-thumbnail","6":"product_brand-shobain","7":"product_cat-accessories","8":"product_tag-black","9":"product_tag-brat","10":"product_tag-erotic","11":"product_tag-garter-belt","12":"product_tag-mesh","13":"product_tag-strappy","14":"desktop-align-center","15":"tablet-align-center","16":"mobile-align-center","18":"first","19":"instock","20":"shipping-taxable","21":"purchasable","22":"product-type-variable"},"aioseo_notices":[],"uagb_featured_image_src":{"full":["https:\/\/shobain.com\/wp-content\/uploads\/2025\/06\/brat-garter-belt.jpg",2048,1365,false],"thumbnail":["https:\/\/shobain.com\/wp-content\/uploads\/2025\/06\/brat-garter-belt-150x150.jpg",150,150,true],"medium":["https:\/\/shobain.com\/wp-content\/uploads\/2025\/06\/brat-garter-belt-300x200.jpg",300,200,true],"medium_large":["https:\/\/shobain.com\/wp-content\/uploads\/2025\/06\/brat-garter-belt-768x512.jpg",768,512,true],"large":["https:\/\/shobain.com\/wp-content\/uploads\/2025\/06\/brat-garter-belt-1024x683.jpg",1024,683,true],"1536x1536":["https:\/\/shobain.com\/wp-content\/uploads\/2025\/06\/brat-garter-belt-1536x1024.jpg",1536,1024,true],"2048x2048":["https:\/\/shobain.com\/wp-content\/uploads\/2025\/06\/brat-garter-belt.jpg",2048,1365,false],"trp-custom-language-flag":["https:\/\/shobain.com\/wp-content\/uploads\/2025\/06\/brat-garter-belt.jpg",18,12,false],"mailpoet_newsletter_max":["https:\/\/shobain.com\/wp-content\/uploads\/2025\/06\/brat-garter-belt.jpg",1320,880,false],"woocommerce_thumbnail":["https:\/\/shobain.com\/wp-content\/uploads\/2025\/06\/brat-garter-belt-300x375.jpg",300,375,true],"woocommerce_single":["https:\/\/shobain.com\/wp-content\/uploads\/2025\/06\/brat-garter-belt-600x400.jpg",600,400,true],"woocommerce_gallery_thumbnail":["https:\/\/shobain.com\/wp-content\/uploads\/2025\/06\/brat-garter-belt-100x100.jpg",100,100,true]},"uagb_author_info":{"display_name":"Laura Roman","author_link":"https:\/\/shobain.com\/hr\/author\/"},"uagb_comment_info":0,"uagb_excerpt":"A dramatic bat wing garter belt that doubles as a statement piece. Made from sheer mesh with boning and 8 removable garter straps, it's the perfect blend of spooky seduction and styling versatility. Key Features: Striking bat wing design crafted from soft, translucent mesh with flexible boning for structure 8 removable garter straps for versatile&hellip;","_links":{"self":[{"href":"https:\/\/shobain.com\/hr\/wp-json\/wp\/v2\/product\/1165","targetHints":{"allow":["GET"]}}],"collection":[{"href":"https:\/\/shobain.com\/hr\/wp-json\/wp\/v2\/product"}],"about":[{"href":"https:\/\/shobain.com\/hr\/wp-json\/wp\/v2\/types\/product"}],"replies":[{"embeddable":true,"href":"https:\/\/shobain.com\/hr\/wp-json\/wp\/v2\/comments?post=1165"}],"wp:featuredmedia":[{"embeddable":true,"href":"https:\/\/shobain.com\/hr\/wp-json\/wp\/v2\/media\/1174"}],"wp:attachment":[{"href":"https:\/\/shobain.com\/hr\/wp-json\/wp\/v2\/media?parent=1165"}],"wp:term":[{"taxonomy":"product_brand","embeddable":true,"href":"https:\/\/shobain.com\/hr\/wp-json\/wp\/v2\/product_brand?post=1165"},{"taxonomy":"product_cat","embeddable":true,"href":"https:\/\/shobain.com\/hr\/wp-json\/wp\/v2\/product_cat?post=1165"},{"taxonomy":"product_tag","embeddable":true,"href":"https:\/\/shobain.com\/hr\/wp-json\/wp\/v2\/product_tag?post=1165"}],"curies":[{"name":"wp","href":"https:\/\/api.w.org\/{rel}","templated":true}]}}