{"id":1177,"date":"2025-06-29T18:11:13","date_gmt":"2025-06-29T16:11:13","guid":{"rendered":"https:\/\/shobain.com\/?post_type=product&#038;p=1177"},"modified":"2026-02-02T11:36:45","modified_gmt":"2026-02-02T09:36:45","slug":"brat-longline-bralette","status":"publish","type":"product","link":"https:\/\/shobain.com\/hr\/proizvod\/brat-longline-bralette\/","title":{"rendered":"Brat Longline Bralette"},"content":{"rendered":"<p data-start=\"353\" data-end=\"516\">Oslobodite svoju unutarnju  mra\u010dnu zavodnicu uz <strong data-start=\"403\" data-end=\"429\">bRat Longline Bralette<\/strong>, upe\u010datljiv komad inspiriran krilima \u0161i\u0161mi\u0161a koji spaja razigranu fantaziju sa zavodljivim dizajnom.<\/p>\n<p data-start=\"518\" data-end=\"830\">Izra\u0111en od <strong data-start=\"531\" data-end=\"557\">super fine prozirne crne mre\u017eice<\/strong>, ovaj ikoni\u010dni bralette izra\u0111en je od vi\u0161e panela kako bi se stvorio prepoznatljivi <strong data-start=\"642\" data-end=\"660\">izgled krila \u0161i\u0161mi\u0161a<\/strong> \u2014 odra\u017eavaju\u0107i zakrivljenost krilatih prstiju u svakom \u0161avu. Mekana, prozirna mre\u017ea opona\u0161a nje\u017eni izgled \u0161i\u0161mi\u0161evih membrana, nude\u0107i zavodljiv pogled na ko\u017eu ispod.<\/p>\n<p data-start=\"832\" data-end=\"1138\">Dvije podesive trakice za poprsje uokviruju dekolte <strong data-start=\"883\" data-end=\"901\">sa izrezom<\/strong>, dok <strong data-start=\"909\" data-end=\"947\">odvojive naramenice<\/strong> omogu\u0107uju vam no\u0161enje na vi\u0161e na\u010dina: <strong data-start=\"974\" data-end=\"1008\">klasi\u010dno, racerback ili halter<\/strong>. Le\u0111a imaju <strong data-start=\"1030\" data-end=\"1079\">podesivo zatvaranje s metalnom kop\u010dom<\/strong>, oja\u010dano kostima kako bi se osigurala struktura i stabilnost.<\/p>\n<p data-start=\"1140\" data-end=\"1271\">Bilo da se nosi kao odva\u017eno donje rublje ili odva\u017ean dodatak gornjoj odje\u0107i, bRat Longline Bralette je stvoren za ljubitelje mra\u010dnog looka. \ud83e\udd87<\/p>\n<p data-start=\"1273\" data-end=\"1374\">Upotpunite sa <strong data-start=\"1300\" data-end=\"1314\">bRat Tange<\/strong> i <strong data-start=\"1319\" data-end=\"1339\">bRat Halter<\/strong> za potpuni osje\u0107aj mra\u010dnog zavo\u0111enja.<\/p>\n<p data-start=\"1273\" data-end=\"1374\">Mre\u017ea: 85% poliamid, 15% elastan<\/p>","protected":false},"excerpt":{"rendered":"<p data-start=\"114\" data-end=\"316\">Zavodljiv, statement komad inspiriran krilima \u0161i\u0161mi\u0161a: bRat longline bralette! Mra\u010dno romanti\u010dan komad odje\u0107e za va\u0161u kolekciju donjeg rublja.<\/p>\n<p data-start=\"114\" data-end=\"316\"><strong>Karakteristike:<\/strong><\/p>\n<ul>\n<li data-start=\"65\" data-end=\"171\">\n<p data-start=\"67\" data-end=\"171\">Dizajn inspiriran \u0161i\u0161mi\u0161jim krilima s prozirnim, super finim mre\u017eastim panelima koji stvaraju nje\u017enu, skulpturalnu siluetu<\/p>\n<\/li>\n<li data-start=\"172\" data-end=\"294\">\n<p data-start=\"174\" data-end=\"294\">Vi\u0161esmjerne odvojive naramenice (standardne, racerback, halter) i podesive trakice za prsa uokviruju dekolte<\/p>\n<\/li>\n<li data-start=\"295\" data-end=\"391\" data-is-last-node=\"\">\n<p data-start=\"297\" data-end=\"391\" data-is-last-node=\"\">Strukturirana le\u0111a s podesivim kop\u010danjem na remen\u010di\u0107e, metalnom kop\u010dom i kostima za potporu i oblik<\/p>\n<\/li>\n<\/ul>","protected":false},"featured_media":1211,"comment_status":"open","ping_status":"closed","template":"","meta":{"inline_featured_image":false,"_uag_custom_page_level_css":"","site-sidebar-layout":"default","site-content-layout":"","ast-site-content-layout":"default","site-content-style":"default","site-sidebar-style":"default","ast-global-header-display":"","ast-banner-title-visibility":"","ast-main-header-display":"","ast-hfb-above-header-display":"","ast-hfb-below-header-display":"","ast-hfb-mobile-header-display":"","site-post-title":"","ast-breadcrumbs-content":"","ast-featured-img":"","footer-sml-layout":"","ast-disable-related-posts":"","theme-transparent-header-meta":"default","adv-header-id-meta":"","stick-header-meta":"","header-above-stick-meta":"","header-main-stick-meta":"","header-below-stick-meta":"","astra-migrate-meta-layouts":"set","ast-page-background-enabled":"default","ast-page-background-meta":{"desktop":{"background-color":"var(--ast-global-color-4)","background-image":"","background-repeat":"repeat","background-position":"center center","background-size":"auto","background-attachment":"scroll","background-type":"","background-media":"","overlay-type":"","overlay-color":"","overlay-opacity":"","overlay-gradient":""},"tablet":{"background-color":"","background-image":"","background-repeat":"repeat","background-position":"center center","background-size":"auto","background-attachment":"scroll","background-type":"","background-media":"","overlay-type":"","overlay-color":"","overlay-opacity":"","overlay-gradient":""},"mobile":{"background-color":"","background-image":"","background-repeat":"repeat","background-position":"center center","background-size":"auto","background-attachment":"scroll","background-type":"","background-media":"","overlay-type":"","overlay-color":"","overlay-opacity":"","overlay-gradient":""}},"ast-content-background-meta":{"desktop":{"background-color":"var(--ast-global-color-5)","background-image":"","background-repeat":"repeat","background-position":"center center","background-size":"auto","background-attachment":"scroll","background-type":"","background-media":"","overlay-type":"","overlay-color":"","overlay-opacity":"","overlay-gradient":""},"tablet":{"background-color":"var(--ast-global-color-5)","background-image":"","background-repeat":"repeat","background-position":"center center","background-size":"auto","background-attachment":"scroll","background-type":"","background-media":"","overlay-type":"","overlay-color":"","overlay-opacity":"","overlay-gradient":""},"mobile":{"background-color":"var(--ast-global-color-5)","background-image":"","background-repeat":"repeat","background-position":"center center","background-size":"auto","background-attachment":"scroll","background-type":"","background-media":"","overlay-type":"","overlay-color":"","overlay-opacity":"","overlay-gradient":""}}},"product_brand":[],"product_cat":[39],"product_tag":[59,46,118,96,54,52],"class_list":{"0":"post-1177","1":"product","2":"type-product","3":"status-publish","4":"has-post-thumbnail","6":"product_cat-bras-and-bralettes-2","7":"product_tag-black","8":"product_tag-bralette","9":"product_tag-brat","10":"product_tag-erotic","11":"product_tag-longline-bralette","12":"product_tag-mesh","13":"desktop-align-center","14":"tablet-align-center","15":"mobile-align-center","17":"first","18":"instock","19":"shipping-taxable","20":"purchasable","21":"product-type-variable"},"aioseo_notices":[],"uagb_featured_image_src":{"full":["https:\/\/shobain.com\/wp-content\/uploads\/2025\/06\/brat-longline-bralette.jpg",2048,1365,false],"thumbnail":["https:\/\/shobain.com\/wp-content\/uploads\/2025\/06\/brat-longline-bralette-150x150.jpg",150,150,true],"medium":["https:\/\/shobain.com\/wp-content\/uploads\/2025\/06\/brat-longline-bralette-300x200.jpg",300,200,true],"medium_large":["https:\/\/shobain.com\/wp-content\/uploads\/2025\/06\/brat-longline-bralette-768x512.jpg",768,512,true],"large":["https:\/\/shobain.com\/wp-content\/uploads\/2025\/06\/brat-longline-bralette-1024x683.jpg",1024,683,true],"1536x1536":["https:\/\/shobain.com\/wp-content\/uploads\/2025\/06\/brat-longline-bralette-1536x1024.jpg",1536,1024,true],"2048x2048":["https:\/\/shobain.com\/wp-content\/uploads\/2025\/06\/brat-longline-bralette.jpg",2048,1365,false],"trp-custom-language-flag":["https:\/\/shobain.com\/wp-content\/uploads\/2025\/06\/brat-longline-bralette.jpg",18,12,false],"mailpoet_newsletter_max":["https:\/\/shobain.com\/wp-content\/uploads\/2025\/06\/brat-longline-bralette.jpg",1320,880,false],"woocommerce_thumbnail":["https:\/\/shobain.com\/wp-content\/uploads\/2025\/06\/brat-longline-bralette-300x375.jpg",300,375,true],"woocommerce_single":["https:\/\/shobain.com\/wp-content\/uploads\/2025\/06\/brat-longline-bralette-600x400.jpg",600,400,true],"woocommerce_gallery_thumbnail":["https:\/\/shobain.com\/wp-content\/uploads\/2025\/06\/brat-longline-bralette-100x100.jpg",100,100,true]},"uagb_author_info":{"display_name":"Laura Roman","author_link":"https:\/\/shobain.com\/hr\/author\/"},"uagb_comment_info":0,"uagb_excerpt":"A seductive bat wing-inspired longline bralette made from soft mesh with dramatic strapping, removable multiway straps, and boned support. A darkly romantic statement piece for your lingerie collection. Key Features: Bat wing-inspired design with sheer, super fine mesh panels creating a delicate, sculptural silhouette Multiway removable shoulder straps (standard, racerback, halter) and adjustable bust straps&hellip;","_links":{"self":[{"href":"https:\/\/shobain.com\/hr\/wp-json\/wp\/v2\/product\/1177","targetHints":{"allow":["GET"]}}],"collection":[{"href":"https:\/\/shobain.com\/hr\/wp-json\/wp\/v2\/product"}],"about":[{"href":"https:\/\/shobain.com\/hr\/wp-json\/wp\/v2\/types\/product"}],"replies":[{"embeddable":true,"href":"https:\/\/shobain.com\/hr\/wp-json\/wp\/v2\/comments?post=1177"}],"wp:featuredmedia":[{"embeddable":true,"href":"https:\/\/shobain.com\/hr\/wp-json\/wp\/v2\/media\/1211"}],"wp:attachment":[{"href":"https:\/\/shobain.com\/hr\/wp-json\/wp\/v2\/media?parent=1177"}],"wp:term":[{"taxonomy":"product_brand","embeddable":true,"href":"https:\/\/shobain.com\/hr\/wp-json\/wp\/v2\/product_brand?post=1177"},{"taxonomy":"product_cat","embeddable":true,"href":"https:\/\/shobain.com\/hr\/wp-json\/wp\/v2\/product_cat?post=1177"},{"taxonomy":"product_tag","embeddable":true,"href":"https:\/\/shobain.com\/hr\/wp-json\/wp\/v2\/product_tag?post=1177"}],"curies":[{"name":"wp","href":"https:\/\/api.w.org\/{rel}","templated":true}]}}