{"id":1214,"date":"2025-06-29T18:21:48","date_gmt":"2025-06-29T16:21:48","guid":{"rendered":"https:\/\/shobain.com\/?post_type=product&#038;p=1214"},"modified":"2026-02-02T11:37:21","modified_gmt":"2026-02-02T09:37:21","slug":"1214","status":"publish","type":"product","link":"https:\/\/shobain.com\/hr\/proizvod\/1214\/","title":{"rendered":"Harness Spava\u0107ica s Otvorenim Ko\u0161aricama"},"content":{"rendered":"<p data-start=\"382\" data-end=\"500\">Slatko zavodljiva i neosporno luksuzna, ova senzualna spava\u0107ica pretvorit \u0107e va\u0161e snove u stvarnost.<\/p>\n<p data-start=\"502\" data-end=\"820\">Dizajn <strong data-start=\"514\" data-end=\"555\">potpuno podesivog grudnjaka s otvorenim ko\u0161aricama<\/strong>va\u0161e \u0107e <strong data-start=\"583\" data-end=\"605\">uokviriti<\/strong> na najuzbudljiviji na\u010din. Spava\u0107ica je izra\u0111ena od <strong data-start=\"674\" data-end=\"700\">mekane, polu-prozirne crne mre\u017eice<\/strong> koji se spu\u0161ta preko va\u0161ih oblina, nude\u0107i taman dovoljno pokrivenosti da zadirkuje, a istovremeno otkriva senzualnu siluetu ispod.<\/p>\n<p data-start=\"822\" data-end=\"1046\">Dizajn je upotpunjen <strong data-start=\"850\" data-end=\"875\">s detaljima od nje\u017ene<\/strong> \u010dipke, koja mo\u017ee biti u <strong data-start=\"913\" data-end=\"930\">klasi\u010dnoj crnoj<\/strong>, <strong data-start=\"932\" data-end=\"960\">svjetlucavo zlatno crnoj,<\/strong>ili <strong data-start=\"965\" data-end=\"991\">zeleno zlatnoj kombinaciji<\/strong> - svaka nudi jedinstven look zavodljivog glamura.<\/p>\n<p data-start=\"1048\" data-end=\"1198\">Kako biste poja\u010dali erotski\u010dnost ove kombinacije, mo\u017eete odabrati da spava\u0107icu uparite s <strong data-start=\"1119\" data-end=\"1148\">sa otvorenim ga\u0107icama<\/strong>koje imaju podesive trakice za savr\u0161eno pristajanje.<\/p>\n<p data-start=\"1200\" data-end=\"1347\">Ru\u010dno izra\u0111ena po va\u0161im mjerama u studiju Shobain, ova spava\u0107ica je stvorena za odva\u017ene ve\u010deri, razigrane rituale i nezaboravne boudoir trenutke.<\/p>\n<p>\u010cipka: 100% poliester<\/p>\n<p>Mre\u017ea: 85% poliamid, 15% elastan<\/p>","protected":false},"excerpt":{"rendered":"<p>Zavodljiva harness spava\u0107ica od mre\u017eice s otvorenim ko\u0161aricama, detaljima od prekrasne \u010dipke, potpuno podesivim naramenicama i mogu\u0107no\u0161\u0107u odabira odgovaraju\u0107ih otvorenih ga\u0107ica. Izra\u0111uje se po va\u0161im mjerama u tri luksuzna stila \u010dipke po va\u0161em izboru.<\/p>\n<p><strong>Karakteristike:<\/strong><\/p>\n<ul>\n<li data-start=\"59\" data-end=\"169\">\n<p data-start=\"61\" data-end=\"169\">Potpuno podesivi grudnjak s otvorenim ko\u0161aricama dizajniran je da uokviri i istakne va\u0161e grudi zavodljivom elegancijom<\/p>\n<\/li>\n<li data-start=\"170\" data-end=\"341\">\n<p data-start=\"172\" data-end=\"341\">Mekani, prozirni crni mre\u017easti materijal s nje\u017enim detaljima od \u010dipke, dostupan u tri glamurozne boje (klasi\u010dna crna, blistavo crna i zlatna, zelena i zlatna sa svjetlucavim sjajem)<\/p>\n<\/li>\n<li data-start=\"342\" data-end=\"450\" data-is-last-node=\"\">\n<p data-start=\"344\" data-end=\"450\" data-is-last-node=\"\">Mogu\u0107nost kombiniranja s odgovaraju\u0107im otvorenim ga\u0107icama<\/p>\n<\/li>\n<\/ul>","protected":false},"featured_media":1223,"comment_status":"open","ping_status":"closed","template":"","meta":{"inline_featured_image":false,"_uag_custom_page_level_css":"","site-sidebar-layout":"default","site-content-layout":"","ast-site-content-layout":"default","site-content-style":"default","site-sidebar-style":"default","ast-global-header-display":"","ast-banner-title-visibility":"","ast-main-header-display":"","ast-hfb-above-header-display":"","ast-hfb-below-header-display":"","ast-hfb-mobile-header-display":"","site-post-title":"","ast-breadcrumbs-content":"","ast-featured-img":"","footer-sml-layout":"","ast-disable-related-posts":"","theme-transparent-header-meta":"default","adv-header-id-meta":"","stick-header-meta":"","header-above-stick-meta":"","header-main-stick-meta":"","header-below-stick-meta":"","astra-migrate-meta-layouts":"set","ast-page-background-enabled":"default","ast-page-background-meta":{"desktop":{"background-color":"var(--ast-global-color-4)","background-image":"","background-repeat":"repeat","background-position":"center center","background-size":"auto","background-attachment":"scroll","background-type":"","background-media":"","overlay-type":"","overlay-color":"","overlay-opacity":"","overlay-gradient":""},"tablet":{"background-color":"","background-image":"","background-repeat":"repeat","background-position":"center center","background-size":"auto","background-attachment":"scroll","background-type":"","background-media":"","overlay-type":"","overlay-color":"","overlay-opacity":"","overlay-gradient":""},"mobile":{"background-color":"","background-image":"","background-repeat":"repeat","background-position":"center center","background-size":"auto","background-attachment":"scroll","background-type":"","background-media":"","overlay-type":"","overlay-color":"","overlay-opacity":"","overlay-gradient":""}},"ast-content-background-meta":{"desktop":{"background-color":"var(--ast-global-color-5)","background-image":"","background-repeat":"repeat","background-position":"center center","background-size":"auto","background-attachment":"scroll","background-type":"","background-media":"","overlay-type":"","overlay-color":"","overlay-opacity":"","overlay-gradient":""},"tablet":{"background-color":"var(--ast-global-color-5)","background-image":"","background-repeat":"repeat","background-position":"center center","background-size":"auto","background-attachment":"scroll","background-type":"","background-media":"","overlay-type":"","overlay-color":"","overlay-opacity":"","overlay-gradient":""},"mobile":{"background-color":"var(--ast-global-color-5)","background-image":"","background-repeat":"repeat","background-position":"center center","background-size":"auto","background-attachment":"scroll","background-type":"","background-media":"","overlay-type":"","overlay-color":"","overlay-opacity":"","overlay-gradient":""}}},"product_brand":[38],"product_cat":[41],"product_tag":[59,80,96,52,104,119,61,103],"class_list":{"0":"post-1214","1":"product","2":"type-product","3":"status-publish","4":"has-post-thumbnail","6":"product_brand-shobain","7":"product_cat-nightwear","8":"product_tag-black","9":"product_tag-crotchless","10":"product_tag-erotic","11":"product_tag-mesh","12":"product_tag-nightie","13":"product_tag-open-cup","14":"product_tag-ouvert","15":"product_tag-strappy","16":"desktop-align-center","17":"tablet-align-center","18":"mobile-align-center","20":"first","21":"instock","22":"shipping-taxable","23":"purchasable","24":"product-type-variable"},"aioseo_notices":[],"uagb_featured_image_src":{"full":["https:\/\/shobain.com\/wp-content\/uploads\/2025\/06\/open-cup-harness-nightie-gold.jpg",1138,1518,false],"thumbnail":["https:\/\/shobain.com\/wp-content\/uploads\/2025\/06\/open-cup-harness-nightie-gold-150x150.jpg",150,150,true],"medium":["https:\/\/shobain.com\/wp-content\/uploads\/2025\/06\/open-cup-harness-nightie-gold-225x300.jpg",225,300,true],"medium_large":["https:\/\/shobain.com\/wp-content\/uploads\/2025\/06\/open-cup-harness-nightie-gold-768x1024.jpg",768,1024,true],"large":["https:\/\/shobain.com\/wp-content\/uploads\/2025\/06\/open-cup-harness-nightie-gold-768x1024.jpg",768,1024,true],"1536x1536":["https:\/\/shobain.com\/wp-content\/uploads\/2025\/06\/open-cup-harness-nightie-gold.jpg",1138,1518,false],"2048x2048":["https:\/\/shobain.com\/wp-content\/uploads\/2025\/06\/open-cup-harness-nightie-gold.jpg",1138,1518,false],"trp-custom-language-flag":["https:\/\/shobain.com\/wp-content\/uploads\/2025\/06\/open-cup-harness-nightie-gold.jpg",9,12,false],"mailpoet_newsletter_max":["https:\/\/shobain.com\/wp-content\/uploads\/2025\/06\/open-cup-harness-nightie-gold.jpg",1138,1518,false],"woocommerce_thumbnail":["https:\/\/shobain.com\/wp-content\/uploads\/2025\/06\/open-cup-harness-nightie-gold-300x375.jpg",300,375,true],"woocommerce_single":["https:\/\/shobain.com\/wp-content\/uploads\/2025\/06\/open-cup-harness-nightie-gold-600x800.jpg",600,800,true],"woocommerce_gallery_thumbnail":["https:\/\/shobain.com\/wp-content\/uploads\/2025\/06\/open-cup-harness-nightie-gold-100x100.jpg",100,100,true]},"uagb_author_info":{"display_name":"Laura Roman","author_link":"https:\/\/shobain.com\/hr\/author\/"},"uagb_comment_info":0,"uagb_excerpt":"A wickedly seductive open cup mesh nightie featuring delicate eyelash lace, fully adjustable strapping, and the option of a matching crotchless panty. Made to your measurements in your choice of three luxurious lace styles. Key Features: Fully adjustable open cup harness bra designed to frame and highlight your breasts with seductive elegance Soft sheer black&hellip;","_links":{"self":[{"href":"https:\/\/shobain.com\/hr\/wp-json\/wp\/v2\/product\/1214","targetHints":{"allow":["GET"]}}],"collection":[{"href":"https:\/\/shobain.com\/hr\/wp-json\/wp\/v2\/product"}],"about":[{"href":"https:\/\/shobain.com\/hr\/wp-json\/wp\/v2\/types\/product"}],"replies":[{"embeddable":true,"href":"https:\/\/shobain.com\/hr\/wp-json\/wp\/v2\/comments?post=1214"}],"wp:featuredmedia":[{"embeddable":true,"href":"https:\/\/shobain.com\/hr\/wp-json\/wp\/v2\/media\/1223"}],"wp:attachment":[{"href":"https:\/\/shobain.com\/hr\/wp-json\/wp\/v2\/media?parent=1214"}],"wp:term":[{"taxonomy":"product_brand","embeddable":true,"href":"https:\/\/shobain.com\/hr\/wp-json\/wp\/v2\/product_brand?post=1214"},{"taxonomy":"product_cat","embeddable":true,"href":"https:\/\/shobain.com\/hr\/wp-json\/wp\/v2\/product_cat?post=1214"},{"taxonomy":"product_tag","embeddable":true,"href":"https:\/\/shobain.com\/hr\/wp-json\/wp\/v2\/product_tag?post=1214"}],"curies":[{"name":"wp","href":"https:\/\/api.w.org\/{rel}","templated":true}]}}