{"id":1249,"date":"2025-06-29T18:40:16","date_gmt":"2025-06-29T16:40:16","guid":{"rendered":"https:\/\/shobain.com\/?post_type=product&#038;p=1249"},"modified":"2025-07-28T15:23:56","modified_gmt":"2025-07-28T13:23:56","slug":"heartbreaker-chest-harness","status":"publish","type":"product","link":"https:\/\/shobain.com\/hr\/proizvod\/heartbreaker-chest-harness\/","title":{"rendered":"HeartBreaker Harness za Prsa"},"content":{"rendered":"<p data-start=\"295\" data-end=\"646\"><strong data-start=\"295\" data-end=\"379\">HeartBreaker Harness za Prsa dizajniran je da privu\u010de poglede i podigne temperaturu.<\/strong><br data-start=\"379\" data-end=\"382\" \/>Dizajn <strong data-start=\"394\" data-end=\"420\">sa srebrnim prstenom<\/strong> u centru dopunjen je s <strong data-start=\"439\" data-end=\"489\">podesivim naramenicama<\/strong>, stoga ovaj harness nudi savr\u0161en fit sa dozom dominacije. <strong data-start=\"557\" data-end=\"580\">Crne naramenice<\/strong> i <strong data-start=\"585\" data-end=\"604\">srebrni detalji<\/strong> \u010dine ga udobnim za no\u0161enje i privla\u010dnim za gledanje.<\/p>\n<p data-start=\"648\" data-end=\"950\">Obucite ga kao grudnjak -<strong data-start=\"670\" data-end=\"695\">bez zapetljavanja i stresa<\/strong>- i osjetite kako vam ovaj dizajn <strong data-start=\"727\" data-end=\"768\">isti\u010de grudi<\/strong>, stvaraju\u0107i podizanje prema naprijed i neodoljivu siluetu. Bilo da se nosi preko va\u0161e omiljene odjevne kombinacije ili kao dio kombinacije donjeg rublja, ovaj harness je komad smjele senzualnosti koji oduzima dah.<\/p>\n<p data-start=\"952\" data-end=\"1029\"><strong data-start=\"952\" data-end=\"1029\">Uparite sa HeartBreaker Podvezicama i Crotchless Ga\u0107icama.<\/strong><\/p>\n<p data-start=\"952\" data-end=\"1029\">85%<strong>\u00a0<\/strong>Nylon, 15% spandex<\/p>","protected":false},"excerpt":{"rendered":"<p>HeartBreaker Harness za Prsa podi\u0107i \u0107e i va\u0161 outfit i temperaturu u spava\u0107oj sobi.<\/p>\n<p><strong>Karakteristike:<\/strong><\/p>\n<ul>\n<li data-start=\"69\" data-end=\"177\">\n<p data-start=\"71\" data-end=\"177\">Sredi\u0161nji dio od sna\u017enog srebrnog metalnog prstena s potpuno podesivim naramenicama za savr\u0161eno pristajanje<\/p>\n<\/li>\n<li data-start=\"178\" data-end=\"288\">\n<p data-start=\"180\" data-end=\"288\">Mekane crne elasti\u010dne trake koje udobno podi\u017eu i nagla\u0161avaju grudi, stvaraju\u0107i zavodljivu siluetu<\/p>\n<\/li>\n<li data-start=\"289\" data-end=\"393\" data-is-last-node=\"\">\n<p data-start=\"291\" data-end=\"393\" data-is-last-node=\"\">Lako se nosi poput grudnjaka - bez zapetljavanja i muke - idealno za slojevito no\u0161enje preko odjevnih kombinacija ili upotpunjavanje kompleta donjeg rublja<\/p>\n<\/li>\n<\/ul>","protected":false},"featured_media":1250,"comment_status":"open","ping_status":"closed","template":"","meta":{"inline_featured_image":false,"_uag_custom_page_level_css":"","site-sidebar-layout":"default","site-content-layout":"","ast-site-content-layout":"default","site-content-style":"default","site-sidebar-style":"default","ast-global-header-display":"","ast-banner-title-visibility":"","ast-main-header-display":"","ast-hfb-above-header-display":"","ast-hfb-below-header-display":"","ast-hfb-mobile-header-display":"","site-post-title":"","ast-breadcrumbs-content":"","ast-featured-img":"","footer-sml-layout":"","ast-disable-related-posts":"","theme-transparent-header-meta":"default","adv-header-id-meta":"","stick-header-meta":"","header-above-stick-meta":"","header-main-stick-meta":"","header-below-stick-meta":"","astra-migrate-meta-layouts":"set","ast-page-background-enabled":"default","ast-page-background-meta":{"desktop":{"background-color":"var(--ast-global-color-4)","background-image":"","background-repeat":"repeat","background-position":"center center","background-size":"auto","background-attachment":"scroll","background-type":"","background-media":"","overlay-type":"","overlay-color":"","overlay-opacity":"","overlay-gradient":""},"tablet":{"background-color":"","background-image":"","background-repeat":"repeat","background-position":"center center","background-size":"auto","background-attachment":"scroll","background-type":"","background-media":"","overlay-type":"","overlay-color":"","overlay-opacity":"","overlay-gradient":""},"mobile":{"background-color":"","background-image":"","background-repeat":"repeat","background-position":"center center","background-size":"auto","background-attachment":"scroll","background-type":"","background-media":"","overlay-type":"","overlay-color":"","overlay-opacity":"","overlay-gradient":""}},"ast-content-background-meta":{"desktop":{"background-color":"var(--ast-global-color-5)","background-image":"","background-repeat":"repeat","background-position":"center center","background-size":"auto","background-attachment":"scroll","background-type":"","background-media":"","overlay-type":"","overlay-color":"","overlay-opacity":"","overlay-gradient":""},"tablet":{"background-color":"var(--ast-global-color-5)","background-image":"","background-repeat":"repeat","background-position":"center center","background-size":"auto","background-attachment":"scroll","background-type":"","background-media":"","overlay-type":"","overlay-color":"","overlay-opacity":"","overlay-gradient":""},"mobile":{"background-color":"var(--ast-global-color-5)","background-image":"","background-repeat":"repeat","background-position":"center center","background-size":"auto","background-attachment":"scroll","background-type":"","background-media":"","overlay-type":"","overlay-color":"","overlay-opacity":"","overlay-gradient":""}}},"product_brand":[],"product_cat":[42],"product_tag":[121,120,103],"class_list":{"0":"post-1249","1":"product","2":"type-product","3":"status-publish","4":"has-post-thumbnail","6":"product_cat-accessories","7":"product_tag-harness","8":"product_tag-heartbreaker","9":"product_tag-strappy","10":"desktop-align-center","11":"tablet-align-center","12":"mobile-align-center","14":"first","15":"instock","16":"shipping-taxable","17":"purchasable","18":"product-type-simple"},"aioseo_notices":[],"uagb_featured_image_src":{"full":["https:\/\/shobain.com\/wp-content\/uploads\/2025\/06\/heartbreaker-chest-harness-front.jpg",1214,1518,false],"thumbnail":["https:\/\/shobain.com\/wp-content\/uploads\/2025\/06\/heartbreaker-chest-harness-front-150x150.jpg",150,150,true],"medium":["https:\/\/shobain.com\/wp-content\/uploads\/2025\/06\/heartbreaker-chest-harness-front-240x300.jpg",240,300,true],"medium_large":["https:\/\/shobain.com\/wp-content\/uploads\/2025\/06\/heartbreaker-chest-harness-front-768x960.jpg",768,960,true],"large":["https:\/\/shobain.com\/wp-content\/uploads\/2025\/06\/heartbreaker-chest-harness-front-819x1024.jpg",819,1024,true],"1536x1536":["https:\/\/shobain.com\/wp-content\/uploads\/2025\/06\/heartbreaker-chest-harness-front.jpg",1214,1518,false],"2048x2048":["https:\/\/shobain.com\/wp-content\/uploads\/2025\/06\/heartbreaker-chest-harness-front.jpg",1214,1518,false],"trp-custom-language-flag":["https:\/\/shobain.com\/wp-content\/uploads\/2025\/06\/heartbreaker-chest-harness-front.jpg",10,12,false],"mailpoet_newsletter_max":["https:\/\/shobain.com\/wp-content\/uploads\/2025\/06\/heartbreaker-chest-harness-front.jpg",1214,1518,false],"woocommerce_thumbnail":["https:\/\/shobain.com\/wp-content\/uploads\/2025\/06\/heartbreaker-chest-harness-front-300x375.jpg",300,375,true],"woocommerce_single":["https:\/\/shobain.com\/wp-content\/uploads\/2025\/06\/heartbreaker-chest-harness-front-600x750.jpg",600,750,true],"woocommerce_gallery_thumbnail":["https:\/\/shobain.com\/wp-content\/uploads\/2025\/06\/heartbreaker-chest-harness-front-100x100.jpg",100,100,true]},"uagb_author_info":{"display_name":"Laura Roman","author_link":"https:\/\/shobain.com\/hr\/author\/"},"uagb_comment_info":0,"uagb_excerpt":"A striking chest harness with a bold silver ring and fully adjustable straps\u2014wear it as lingerie or a powerful fashion statement. Key Features: Bold silver metal ring centerpiece with fully adjustable underbust and shoulder straps for a perfect fit Soft black elastic bands that comfortably lift and accentuate the breasts, creating an alluring silhouette Easy&hellip;","_links":{"self":[{"href":"https:\/\/shobain.com\/hr\/wp-json\/wp\/v2\/product\/1249","targetHints":{"allow":["GET"]}}],"collection":[{"href":"https:\/\/shobain.com\/hr\/wp-json\/wp\/v2\/product"}],"about":[{"href":"https:\/\/shobain.com\/hr\/wp-json\/wp\/v2\/types\/product"}],"replies":[{"embeddable":true,"href":"https:\/\/shobain.com\/hr\/wp-json\/wp\/v2\/comments?post=1249"}],"wp:featuredmedia":[{"embeddable":true,"href":"https:\/\/shobain.com\/hr\/wp-json\/wp\/v2\/media\/1250"}],"wp:attachment":[{"href":"https:\/\/shobain.com\/hr\/wp-json\/wp\/v2\/media?parent=1249"}],"wp:term":[{"taxonomy":"product_brand","embeddable":true,"href":"https:\/\/shobain.com\/hr\/wp-json\/wp\/v2\/product_brand?post=1249"},{"taxonomy":"product_cat","embeddable":true,"href":"https:\/\/shobain.com\/hr\/wp-json\/wp\/v2\/product_cat?post=1249"},{"taxonomy":"product_tag","embeddable":true,"href":"https:\/\/shobain.com\/hr\/wp-json\/wp\/v2\/product_tag?post=1249"}],"curies":[{"name":"wp","href":"https:\/\/api.w.org\/{rel}","templated":true}]}}