{"id":1256,"date":"2025-06-29T18:44:02","date_gmt":"2025-06-29T16:44:02","guid":{"rendered":"https:\/\/shobain.com\/?post_type=product&#038;p=1256"},"modified":"2025-07-30T18:07:12","modified_gmt":"2025-07-30T16:07:12","slug":"heartbreaker-leg-garters","status":"publish","type":"product","link":"https:\/\/shobain.com\/hr\/proizvod\/heartbreaker-leg-garters\/","title":{"rendered":"HeartBreaker Podvezice"},"content":{"rendered":"<p data-start=\"295\" data-end=\"437\">Set <strong data-start=\"299\" data-end=\"327\">HeartBreaker Podvezice<\/strong> su ultimativni odva\u017eni modni dodatak - bilo da stilizirate odva\u017enu odjevnu kombinaciju ili poja\u010davate toplinu u spava\u0107oj sobi.<\/p>\n<p data-start=\"439\" data-end=\"727\">Svaka podvezica ima <strong data-start=\"462\" data-end=\"483\">veliki srebrni prsten<\/strong> i <strong data-start=\"488\" data-end=\"520\">\u010detiri podesive trakice<\/strong> izra\u0111ene od <strong data-start=\"531\" data-end=\"553\">mekane crne lastike<\/strong> sa <strong data-start=\"559\" data-end=\"578\">srebrni detalji<\/strong>, osiguravaju\u0107i sigurno i udobno prianjanje gdje god ih nosite. Podesite ih da budu vi\u0161e ili ni\u017ee na bedrima ovisno o \u017eeljama.<\/p>\n<p data-start=\"729\" data-end=\"927\">Set uklju\u010duje <strong data-start=\"747\" data-end=\"766\">dvije podvezice<\/strong> i savr\u0161eno se sla\u017ee s drugim artiklima iz kolekcije HeartBreaker, poput <strong data-start=\"845\" data-end=\"865\">Crotchless Ga\u0107ica<\/strong> i <strong data-start=\"870\" data-end=\"887\">Harnessa za Prsa<\/strong>, za potpuni ansambl koji oduzima dah.<\/p>\n<p data-start=\"729\" data-end=\"927\">\n<p data-start=\"729\" data-end=\"927\">85% Najlon, 15% spandex<\/p>","protected":false},"excerpt":{"rendered":"<p>Dodajte smjelu zavodljivost svakoj odjevnoj kombinaciji ovim podesivim crnim podvezicama za noge s upe\u010datljivim srebrnim prstenom i elegantnim elasti\u010dnim trakama.<\/p>\n<p><strong>Karakteristike:<\/strong><\/p>\n<ul>\n<li data-start=\"67\" data-end=\"198\">\n<p data-start=\"69\" data-end=\"198\">Svaka podvezica ima upe\u010datljiv srebrni prsten s \u010detiri potpuno podesive mekane crne elasti\u010dne trake za prilagodljivo i sigurno pristajanje<\/p>\n<\/li>\n<li data-start=\"199\" data-end=\"306\">\n<p data-start=\"201\" data-end=\"306\">Svestrane mogu\u0107nosti stiliziranja - nosite ih vi\u0161e ili ni\u017ee na bedrima kako biste ih prilagodili svom izgledu i udobnosti<\/p>\n<\/li>\n<li data-start=\"307\" data-end=\"442\" data-is-last-node=\"\">\n<p data-start=\"309\" data-end=\"442\" data-is-last-node=\"\">Prodaju se u paru i dizajnirane su da savr\u0161eno nadopunjuju HeartBreaker Crotchless Panty i Chest Harness za cool izgled<\/p>\n<\/li>\n<\/ul>","protected":false},"featured_media":1258,"comment_status":"open","ping_status":"closed","template":"","meta":{"inline_featured_image":false,"_uag_custom_page_level_css":"","site-sidebar-layout":"default","site-content-layout":"","ast-site-content-layout":"default","site-content-style":"default","site-sidebar-style":"default","ast-global-header-display":"","ast-banner-title-visibility":"","ast-main-header-display":"","ast-hfb-above-header-display":"","ast-hfb-below-header-display":"","ast-hfb-mobile-header-display":"","site-post-title":"","ast-breadcrumbs-content":"","ast-featured-img":"","footer-sml-layout":"","ast-disable-related-posts":"","theme-transparent-header-meta":"default","adv-header-id-meta":"","stick-header-meta":"","header-above-stick-meta":"","header-main-stick-meta":"","header-below-stick-meta":"","astra-migrate-meta-layouts":"set","ast-page-background-enabled":"default","ast-page-background-meta":{"desktop":{"background-color":"var(--ast-global-color-4)","background-image":"","background-repeat":"repeat","background-position":"center center","background-size":"auto","background-attachment":"scroll","background-type":"","background-media":"","overlay-type":"","overlay-color":"","overlay-opacity":"","overlay-gradient":""},"tablet":{"background-color":"","background-image":"","background-repeat":"repeat","background-position":"center center","background-size":"auto","background-attachment":"scroll","background-type":"","background-media":"","overlay-type":"","overlay-color":"","overlay-opacity":"","overlay-gradient":""},"mobile":{"background-color":"","background-image":"","background-repeat":"repeat","background-position":"center center","background-size":"auto","background-attachment":"scroll","background-type":"","background-media":"","overlay-type":"","overlay-color":"","overlay-opacity":"","overlay-gradient":""}},"ast-content-background-meta":{"desktop":{"background-color":"var(--ast-global-color-5)","background-image":"","background-repeat":"repeat","background-position":"center center","background-size":"auto","background-attachment":"scroll","background-type":"","background-media":"","overlay-type":"","overlay-color":"","overlay-opacity":"","overlay-gradient":""},"tablet":{"background-color":"var(--ast-global-color-5)","background-image":"","background-repeat":"repeat","background-position":"center center","background-size":"auto","background-attachment":"scroll","background-type":"","background-media":"","overlay-type":"","overlay-color":"","overlay-opacity":"","overlay-gradient":""},"mobile":{"background-color":"var(--ast-global-color-5)","background-image":"","background-repeat":"repeat","background-position":"center center","background-size":"auto","background-attachment":"scroll","background-type":"","background-media":"","overlay-type":"","overlay-color":"","overlay-opacity":"","overlay-gradient":""}}},"product_brand":[38],"product_cat":[42],"product_tag":[96,120,122,103],"class_list":{"0":"post-1256","1":"product","2":"type-product","3":"status-publish","4":"has-post-thumbnail","6":"product_brand-shobain","7":"product_cat-accessories","8":"product_tag-erotic","9":"product_tag-heartbreaker","10":"product_tag-leg-garters","11":"product_tag-strappy","12":"desktop-align-center","13":"tablet-align-center","14":"mobile-align-center","16":"first","17":"instock","18":"shipping-taxable","19":"purchasable","20":"product-type-simple"},"aioseo_notices":[],"uagb_featured_image_src":{"full":["https:\/\/shobain.com\/wp-content\/uploads\/2025\/06\/heartbreaker-leg-garters-model.jpg",1212,1518,false],"thumbnail":["https:\/\/shobain.com\/wp-content\/uploads\/2025\/06\/heartbreaker-leg-garters-model-150x150.jpg",150,150,true],"medium":["https:\/\/shobain.com\/wp-content\/uploads\/2025\/06\/heartbreaker-leg-garters-model-240x300.jpg",240,300,true],"medium_large":["https:\/\/shobain.com\/wp-content\/uploads\/2025\/06\/heartbreaker-leg-garters-model-768x962.jpg",768,962,true],"large":["https:\/\/shobain.com\/wp-content\/uploads\/2025\/06\/heartbreaker-leg-garters-model-818x1024.jpg",818,1024,true],"1536x1536":["https:\/\/shobain.com\/wp-content\/uploads\/2025\/06\/heartbreaker-leg-garters-model.jpg",1212,1518,false],"2048x2048":["https:\/\/shobain.com\/wp-content\/uploads\/2025\/06\/heartbreaker-leg-garters-model.jpg",1212,1518,false],"trp-custom-language-flag":["https:\/\/shobain.com\/wp-content\/uploads\/2025\/06\/heartbreaker-leg-garters-model.jpg",10,12,false],"mailpoet_newsletter_max":["https:\/\/shobain.com\/wp-content\/uploads\/2025\/06\/heartbreaker-leg-garters-model.jpg",1212,1518,false],"woocommerce_thumbnail":["https:\/\/shobain.com\/wp-content\/uploads\/2025\/06\/heartbreaker-leg-garters-model-300x375.jpg",300,375,true],"woocommerce_single":["https:\/\/shobain.com\/wp-content\/uploads\/2025\/06\/heartbreaker-leg-garters-model-600x751.jpg",600,751,true],"woocommerce_gallery_thumbnail":["https:\/\/shobain.com\/wp-content\/uploads\/2025\/06\/heartbreaker-leg-garters-model-100x100.jpg",100,100,true]},"uagb_author_info":{"display_name":"Laura Roman","author_link":"https:\/\/shobain.com\/hr\/author\/"},"uagb_comment_info":0,"uagb_excerpt":"Add bold seduction to any outfit with these adjustable black leg garters featuring a striking silver ring and sleek elastic straps. Key Features: Each garter showcases a bold silver ring with four fully adjustable soft black elastic straps for a customizable and secure fit Versatile styling options\u2014wear higher or lower on the thighs to match&hellip;","_links":{"self":[{"href":"https:\/\/shobain.com\/hr\/wp-json\/wp\/v2\/product\/1256","targetHints":{"allow":["GET"]}}],"collection":[{"href":"https:\/\/shobain.com\/hr\/wp-json\/wp\/v2\/product"}],"about":[{"href":"https:\/\/shobain.com\/hr\/wp-json\/wp\/v2\/types\/product"}],"replies":[{"embeddable":true,"href":"https:\/\/shobain.com\/hr\/wp-json\/wp\/v2\/comments?post=1256"}],"wp:featuredmedia":[{"embeddable":true,"href":"https:\/\/shobain.com\/hr\/wp-json\/wp\/v2\/media\/1258"}],"wp:attachment":[{"href":"https:\/\/shobain.com\/hr\/wp-json\/wp\/v2\/media?parent=1256"}],"wp:term":[{"taxonomy":"product_brand","embeddable":true,"href":"https:\/\/shobain.com\/hr\/wp-json\/wp\/v2\/product_brand?post=1256"},{"taxonomy":"product_cat","embeddable":true,"href":"https:\/\/shobain.com\/hr\/wp-json\/wp\/v2\/product_cat?post=1256"},{"taxonomy":"product_tag","embeddable":true,"href":"https:\/\/shobain.com\/hr\/wp-json\/wp\/v2\/product_tag?post=1256"}],"curies":[{"name":"wp","href":"https:\/\/api.w.org\/{rel}","templated":true}]}}