{"id":1281,"date":"2025-06-30T18:31:49","date_gmt":"2025-06-30T16:31:49","guid":{"rendered":"https:\/\/shobain.com\/?post_type=product&#038;p=1281"},"modified":"2026-02-02T11:32:20","modified_gmt":"2026-02-02T09:32:20","slug":"serena-spanking-girdle","status":"publish","type":"product","link":"https:\/\/shobain.com\/hr\/proizvod\/serena-spanking-girdle\/","title":{"rendered":"Serena Spanking Girdle"},"content":{"rendered":"<p data-start=\"314\" data-end=\"460\">Za zlo\u010deste cure, seksi Gospodarice i zavodljive djevojke - <strong data-start=\"377\" data-end=\"403\">Serena Spanking Girdle<\/strong> \u0107e podignuti puls i pretvoriti fantazije u stvarnost.<\/p>\n<p data-start=\"462\" data-end=\"776\">Izra\u0111en od <strong data-start=\"475\" data-end=\"510\">mekane, polu-prozirne crne mre\u017eice<\/strong>, obavija va\u0161e obline <strong data-start=\"547\" data-end=\"579\">sa prekrasnom zelenom \u010dipkom<\/strong> protkanom zlatom za svjetlucavi, luksuzni dodir. \u010cipka je aplicirana s obje strane za maksimalan vizualni dojam, dok <strong data-start=\"707\" data-end=\"733\">je izrez na stra\u017enjoj strani<\/strong> tu kako bi istaknuo va\u0161e obline.<\/p>\n<p data-start=\"778\" data-end=\"1007\">Dizajniran za zavo\u0111enje, ovaj komad <strong data-start=\"818\" data-end=\"849\">dolazi uz \u010detiri kop\u010de za podvezice koje se po \u017eelji mogu skinuti<\/strong> uz metalne detalje u zlatnoj boji, kako biste mogli Serenu nositi sa ili bez \u010darapa.<br data-start=\"922\" data-end=\"925\" \/>Upotpunite izgled sa <strong data-start=\"939\" data-end=\"970\">Serena Quarter Cup Grudnjak<\/strong> za nezaboravan boudoir look.<\/p>\n<p>&nbsp;<\/p>\n<p>\u010cipka: 100% poliester<\/p>\n<p>Mre\u017ea: 90% poliester, 10% elastan<\/p>","protected":false},"excerpt":{"rendered":"<p>Zavodljivi komad izra\u0111en od prozirne crne mre\u017eice i blistave zeleno-zlatne \u010dipke, sa zavodljivim izrezom na stra\u017enjoj strani i odvojivim podvezicama.<\/p>\n<p><strong>Karakteristike:<\/strong><\/p>\n<ul>\n<li>Prekrasna zelena \u010dipka sa zlatnim koncem<\/li>\n<li>Mekana crna mre\u017eica<\/li>\n<li>\u010cipkasti applique s obje strane<\/li>\n<li>Izrez na stra\u017enjoj strani<\/li>\n<li>\u010cetiri kop\u010de za podvezice koje se mogu skinuti<\/li>\n<li>Zlatni metalni detalji<\/li>\n<\/ul>","protected":false},"featured_media":1288,"comment_status":"open","ping_status":"closed","template":"","meta":{"inline_featured_image":false,"_uag_custom_page_level_css":"","site-sidebar-layout":"default","site-content-layout":"","ast-site-content-layout":"default","site-content-style":"default","site-sidebar-style":"default","ast-global-header-display":"","ast-banner-title-visibility":"","ast-main-header-display":"","ast-hfb-above-header-display":"","ast-hfb-below-header-display":"","ast-hfb-mobile-header-display":"","site-post-title":"","ast-breadcrumbs-content":"","ast-featured-img":"","footer-sml-layout":"","ast-disable-related-posts":"","theme-transparent-header-meta":"default","adv-header-id-meta":"","stick-header-meta":"","header-above-stick-meta":"","header-main-stick-meta":"","header-below-stick-meta":"","astra-migrate-meta-layouts":"set","ast-page-background-enabled":"default","ast-page-background-meta":{"desktop":{"background-color":"var(--ast-global-color-4)","background-image":"","background-repeat":"repeat","background-position":"center center","background-size":"auto","background-attachment":"scroll","background-type":"","background-media":"","overlay-type":"","overlay-color":"","overlay-opacity":"","overlay-gradient":""},"tablet":{"background-color":"","background-image":"","background-repeat":"repeat","background-position":"center center","background-size":"auto","background-attachment":"scroll","background-type":"","background-media":"","overlay-type":"","overlay-color":"","overlay-opacity":"","overlay-gradient":""},"mobile":{"background-color":"","background-image":"","background-repeat":"repeat","background-position":"center center","background-size":"auto","background-attachment":"scroll","background-type":"","background-media":"","overlay-type":"","overlay-color":"","overlay-opacity":"","overlay-gradient":""}},"ast-content-background-meta":{"desktop":{"background-color":"var(--ast-global-color-5)","background-image":"","background-repeat":"repeat","background-position":"center center","background-size":"auto","background-attachment":"scroll","background-type":"","background-media":"","overlay-type":"","overlay-color":"","overlay-opacity":"","overlay-gradient":""},"tablet":{"background-color":"var(--ast-global-color-5)","background-image":"","background-repeat":"repeat","background-position":"center center","background-size":"auto","background-attachment":"scroll","background-type":"","background-media":"","overlay-type":"","overlay-color":"","overlay-opacity":"","overlay-gradient":""},"mobile":{"background-color":"var(--ast-global-color-5)","background-image":"","background-repeat":"repeat","background-position":"center center","background-size":"auto","background-attachment":"scroll","background-type":"","background-media":"","overlay-type":"","overlay-color":"","overlay-opacity":"","overlay-gradient":""}}},"product_brand":[38],"product_cat":[42],"product_tag":[96,89,49,52,123,124],"class_list":{"0":"post-1281","1":"product","2":"type-product","3":"status-publish","4":"has-post-thumbnail","6":"product_brand-shobain","7":"product_cat-accessories","8":"product_tag-erotic","9":"product_tag-garters","10":"product_tag-lace","11":"product_tag-mesh","12":"product_tag-serena","13":"product_tag-spanking-girdle","14":"desktop-align-center","15":"tablet-align-center","16":"mobile-align-center","18":"first","19":"instock","20":"shipping-taxable","21":"purchasable","22":"product-type-simple"},"aioseo_notices":[],"uagb_featured_image_src":{"full":["https:\/\/shobain.com\/wp-content\/uploads\/2025\/06\/serena-spanking-girdle.jpg",1214,1518,false],"thumbnail":["https:\/\/shobain.com\/wp-content\/uploads\/2025\/06\/serena-spanking-girdle-150x150.jpg",150,150,true],"medium":["https:\/\/shobain.com\/wp-content\/uploads\/2025\/06\/serena-spanking-girdle-240x300.jpg",240,300,true],"medium_large":["https:\/\/shobain.com\/wp-content\/uploads\/2025\/06\/serena-spanking-girdle-768x960.jpg",768,960,true],"large":["https:\/\/shobain.com\/wp-content\/uploads\/2025\/06\/serena-spanking-girdle-819x1024.jpg",819,1024,true],"1536x1536":["https:\/\/shobain.com\/wp-content\/uploads\/2025\/06\/serena-spanking-girdle.jpg",1214,1518,false],"2048x2048":["https:\/\/shobain.com\/wp-content\/uploads\/2025\/06\/serena-spanking-girdle.jpg",1214,1518,false],"trp-custom-language-flag":["https:\/\/shobain.com\/wp-content\/uploads\/2025\/06\/serena-spanking-girdle.jpg",10,12,false],"mailpoet_newsletter_max":["https:\/\/shobain.com\/wp-content\/uploads\/2025\/06\/serena-spanking-girdle.jpg",1214,1518,false],"woocommerce_thumbnail":["https:\/\/shobain.com\/wp-content\/uploads\/2025\/06\/serena-spanking-girdle-300x375.jpg",300,375,true],"woocommerce_single":["https:\/\/shobain.com\/wp-content\/uploads\/2025\/06\/serena-spanking-girdle-600x750.jpg",600,750,true],"woocommerce_gallery_thumbnail":["https:\/\/shobain.com\/wp-content\/uploads\/2025\/06\/serena-spanking-girdle-100x100.jpg",100,100,true]},"uagb_author_info":{"display_name":"Laura Roman","author_link":"https:\/\/shobain.com\/hr\/author\/"},"uagb_comment_info":0,"uagb_excerpt":"A sultry girdle made from sheer black mesh and dazzling green-gold eyelash lace, with a seductive back cutout and removable garter straps. Features: Gorgeous eyelash green lace with gold thread Soft black mesh Lace applique on both sides Flattering cutout in the back Four removable garter clips Gold colored hardware","_links":{"self":[{"href":"https:\/\/shobain.com\/hr\/wp-json\/wp\/v2\/product\/1281","targetHints":{"allow":["GET"]}}],"collection":[{"href":"https:\/\/shobain.com\/hr\/wp-json\/wp\/v2\/product"}],"about":[{"href":"https:\/\/shobain.com\/hr\/wp-json\/wp\/v2\/types\/product"}],"replies":[{"embeddable":true,"href":"https:\/\/shobain.com\/hr\/wp-json\/wp\/v2\/comments?post=1281"}],"wp:featuredmedia":[{"embeddable":true,"href":"https:\/\/shobain.com\/hr\/wp-json\/wp\/v2\/media\/1288"}],"wp:attachment":[{"href":"https:\/\/shobain.com\/hr\/wp-json\/wp\/v2\/media?parent=1281"}],"wp:term":[{"taxonomy":"product_brand","embeddable":true,"href":"https:\/\/shobain.com\/hr\/wp-json\/wp\/v2\/product_brand?post=1281"},{"taxonomy":"product_cat","embeddable":true,"href":"https:\/\/shobain.com\/hr\/wp-json\/wp\/v2\/product_cat?post=1281"},{"taxonomy":"product_tag","embeddable":true,"href":"https:\/\/shobain.com\/hr\/wp-json\/wp\/v2\/product_tag?post=1281"}],"curies":[{"name":"wp","href":"https:\/\/api.w.org\/{rel}","templated":true}]}}