{"id":1291,"date":"2025-06-30T18:38:03","date_gmt":"2025-06-30T16:38:03","guid":{"rendered":"https:\/\/shobain.com\/?post_type=product&#038;p=1291"},"modified":"2025-10-27T10:58:18","modified_gmt":"2025-10-27T08:58:18","slug":"serena-quarter-cup-cage-bra","status":"publish","type":"product","link":"https:\/\/shobain.com\/hr\/proizvod\/serena-quarter-cup-cage-bra\/","title":{"rendered":"Serena Quarter Cup Grudnjak"},"content":{"rendered":"<p data-start=\"285\" data-end=\"534\">Set <strong data-start=\"289\" data-end=\"320\">Serena Quarter Cup Grudnjak<\/strong> je upe\u010datljiv komad koji zavodi na prvi pogled i odu\u0161evljava svojom svestrano\u0161\u0107u. Izra\u0111en od <strong data-start=\"416\" data-end=\"464\">prekrasne zelena \u010dipke sa zlatnim koncem<\/strong> i <strong data-start=\"469\" data-end=\"488\">mekane crne mre\u017eice<\/strong>, ovaj grudnjak je dizajniran za igru i u\u017eitak.<\/p>\n<p data-start=\"536\" data-end=\"845\">Jedinstven <strong data-start=\"547\" data-end=\"569\">dizajn ko\u0161arice<\/strong> nudi suptilno podizanje i oblik, dok <strong data-start=\"606\" data-end=\"623\">dvostruke trakice<\/strong> i <strong data-start=\"630\" data-end=\"655\">centralni harness detalj<\/strong> nagla\u0161avaju dekolte i lijepo uokviruju grudi. Mekani mre\u017easti sloj se lako mo\u017ee pomaknuti u stranu, <strong data-start=\"757\" data-end=\"803\">transformiraju\u0107i grudnjak u potpuno otvorene ko\u0161arice<\/strong> , zadr\u017eavaju\u0107i pritom udobnost i zavodljivost.<\/p>\n<p data-start=\"847\" data-end=\"1112\">Detalji od <strong data-start=\"861\" data-end=\"884\">metala u zlatnoj boji<\/strong> i potpuno podesive naramenice omogu\u0107uju da ovaj grudnjak udobno pristaje. Dolazi s parom naljepnica za bradavice od umjetne ko\u017ee za dodatnu zavodljivost.<br data-start=\"1011\" data-end=\"1014\" \/>Upotpunite izgled sa <strong data-start=\"1028\" data-end=\"1044\">Serena Tange<\/strong> i <strong data-start=\"1049\" data-end=\"1075\">Serena Spanking Girdle<\/strong> za nezaboravan boudoir izgled.<\/p>\n<p>&nbsp;<\/p>\n<p>\u010cipka: 100% poliester<\/p>\n<p>Mre\u017ea:\u00a090% poliester, 10% elastan<\/p>","protected":false},"excerpt":{"rendered":"<p data-start=\"129\" data-end=\"247\">Prekrasna zelena \u010dipka protkana zlatnim koncem u Quarter Cup Harness grudnjaku za nezaboravljivo zavo\u0111enje.<\/p>\n<p><strong><em>Karakteristike:<\/em><\/strong><\/p>\n<ul>\n<li><em>Prekrasna zelena \u010dipka sa zlatnim koncem<\/em><\/li>\n<li><em>Mekana crna mre\u017eica<\/em><\/li>\n<li><em>Podesive trakice<\/em><\/li>\n<li><em>Centralni harness detalj od \u010dipke\u00a0<\/em><\/li>\n<li><em>Lako se pretvara u otvoreni grunjak<\/em><\/li>\n<li><em>Zlatni metalni detalji<\/em><\/li>\n<\/ul>","protected":false},"featured_media":1300,"comment_status":"open","ping_status":"closed","template":"","meta":{"inline_featured_image":false,"_uag_custom_page_level_css":"","site-sidebar-layout":"default","site-content-layout":"","ast-site-content-layout":"default","site-content-style":"default","site-sidebar-style":"default","ast-global-header-display":"","ast-banner-title-visibility":"","ast-main-header-display":"","ast-hfb-above-header-display":"","ast-hfb-below-header-display":"","ast-hfb-mobile-header-display":"","site-post-title":"","ast-breadcrumbs-content":"","ast-featured-img":"","footer-sml-layout":"","ast-disable-related-posts":"","theme-transparent-header-meta":"default","adv-header-id-meta":"","stick-header-meta":"","header-above-stick-meta":"","header-main-stick-meta":"","header-below-stick-meta":"","astra-migrate-meta-layouts":"set","ast-page-background-enabled":"default","ast-page-background-meta":{"desktop":{"background-color":"var(--ast-global-color-4)","background-image":"","background-repeat":"repeat","background-position":"center center","background-size":"auto","background-attachment":"scroll","background-type":"","background-media":"","overlay-type":"","overlay-color":"","overlay-opacity":"","overlay-gradient":""},"tablet":{"background-color":"","background-image":"","background-repeat":"repeat","background-position":"center center","background-size":"auto","background-attachment":"scroll","background-type":"","background-media":"","overlay-type":"","overlay-color":"","overlay-opacity":"","overlay-gradient":""},"mobile":{"background-color":"","background-image":"","background-repeat":"repeat","background-position":"center center","background-size":"auto","background-attachment":"scroll","background-type":"","background-media":"","overlay-type":"","overlay-color":"","overlay-opacity":"","overlay-gradient":""}},"ast-content-background-meta":{"desktop":{"background-color":"var(--ast-global-color-5)","background-image":"","background-repeat":"repeat","background-position":"center center","background-size":"auto","background-attachment":"scroll","background-type":"","background-media":"","overlay-type":"","overlay-color":"","overlay-opacity":"","overlay-gradient":""},"tablet":{"background-color":"var(--ast-global-color-5)","background-image":"","background-repeat":"repeat","background-position":"center center","background-size":"auto","background-attachment":"scroll","background-type":"","background-media":"","overlay-type":"","overlay-color":"","overlay-opacity":"","overlay-gradient":""},"mobile":{"background-color":"var(--ast-global-color-5)","background-image":"","background-repeat":"repeat","background-position":"center center","background-size":"auto","background-attachment":"scroll","background-type":"","background-media":"","overlay-type":"","overlay-color":"","overlay-opacity":"","overlay-gradient":""}}},"product_brand":[38],"product_cat":[39],"product_tag":[126,94,96,125,123,103],"class_list":{"0":"post-1291","1":"product","2":"type-product","3":"status-publish","4":"has-post-thumbnail","6":"product_brand-shobain","7":"product_cat-bras-and-bralettes-2","8":"product_tag-bra","9":"product_tag-cage","10":"product_tag-erotic","11":"product_tag-quarter-cup","12":"product_tag-serena","13":"product_tag-strappy","14":"desktop-align-center","15":"tablet-align-center","16":"mobile-align-center","18":"first","19":"instock","20":"shipping-taxable","21":"purchasable","22":"product-type-simple"},"aioseo_notices":[],"uagb_featured_image_src":{"full":["https:\/\/shobain.com\/wp-content\/uploads\/2025\/06\/serena-cage-bra.jpg",1214,1518,false],"thumbnail":["https:\/\/shobain.com\/wp-content\/uploads\/2025\/06\/serena-cage-bra-150x150.jpg",150,150,true],"medium":["https:\/\/shobain.com\/wp-content\/uploads\/2025\/06\/serena-cage-bra-240x300.jpg",240,300,true],"medium_large":["https:\/\/shobain.com\/wp-content\/uploads\/2025\/06\/serena-cage-bra-768x960.jpg",768,960,true],"large":["https:\/\/shobain.com\/wp-content\/uploads\/2025\/06\/serena-cage-bra-819x1024.jpg",819,1024,true],"1536x1536":["https:\/\/shobain.com\/wp-content\/uploads\/2025\/06\/serena-cage-bra.jpg",1214,1518,false],"2048x2048":["https:\/\/shobain.com\/wp-content\/uploads\/2025\/06\/serena-cage-bra.jpg",1214,1518,false],"trp-custom-language-flag":["https:\/\/shobain.com\/wp-content\/uploads\/2025\/06\/serena-cage-bra.jpg",10,12,false],"mailpoet_newsletter_max":["https:\/\/shobain.com\/wp-content\/uploads\/2025\/06\/serena-cage-bra.jpg",1214,1518,false],"woocommerce_thumbnail":["https:\/\/shobain.com\/wp-content\/uploads\/2025\/06\/serena-cage-bra-300x375.jpg",300,375,true],"woocommerce_single":["https:\/\/shobain.com\/wp-content\/uploads\/2025\/06\/serena-cage-bra-600x750.jpg",600,750,true],"woocommerce_gallery_thumbnail":["https:\/\/shobain.com\/wp-content\/uploads\/2025\/06\/serena-cage-bra-100x100.jpg",100,100,true]},"uagb_author_info":{"display_name":"Laura Roman","author_link":"https:\/\/shobain.com\/hr\/author\/"},"uagb_comment_info":0,"uagb_excerpt":"A lush green and gold lace quarter cup bra that transforms into an open cup harness\u2014designed to seduce and reveal. Features: Stunning eyelash green lace with gold thread Soft black mesh Adjustable straps Center lace harness detail\u00a0 Easily converts to an open cup bra Gold colored hardware","_links":{"self":[{"href":"https:\/\/shobain.com\/hr\/wp-json\/wp\/v2\/product\/1291","targetHints":{"allow":["GET"]}}],"collection":[{"href":"https:\/\/shobain.com\/hr\/wp-json\/wp\/v2\/product"}],"about":[{"href":"https:\/\/shobain.com\/hr\/wp-json\/wp\/v2\/types\/product"}],"replies":[{"embeddable":true,"href":"https:\/\/shobain.com\/hr\/wp-json\/wp\/v2\/comments?post=1291"}],"wp:featuredmedia":[{"embeddable":true,"href":"https:\/\/shobain.com\/hr\/wp-json\/wp\/v2\/media\/1300"}],"wp:attachment":[{"href":"https:\/\/shobain.com\/hr\/wp-json\/wp\/v2\/media?parent=1291"}],"wp:term":[{"taxonomy":"product_brand","embeddable":true,"href":"https:\/\/shobain.com\/hr\/wp-json\/wp\/v2\/product_brand?post=1291"},{"taxonomy":"product_cat","embeddable":true,"href":"https:\/\/shobain.com\/hr\/wp-json\/wp\/v2\/product_cat?post=1291"},{"taxonomy":"product_tag","embeddable":true,"href":"https:\/\/shobain.com\/hr\/wp-json\/wp\/v2\/product_tag?post=1291"}],"curies":[{"name":"wp","href":"https:\/\/api.w.org\/{rel}","templated":true}]}}