{"id":1302,"date":"2025-06-30T18:43:53","date_gmt":"2025-06-30T16:43:53","guid":{"rendered":"https:\/\/shobain.com\/?post_type=product&#038;p=1302"},"modified":"2026-02-02T11:24:13","modified_gmt":"2026-02-02T09:24:13","slug":"blair-playsuit","status":"publish","type":"product","link":"https:\/\/shobain.com\/hr\/proizvod\/blair-playsuit\/","title":{"rendered":"Blair Playsuit"},"content":{"rendered":"<p data-start=\"284\" data-end=\"616\"><em>\u201eTo je vrsta seta koji \u0107e prekinuti va\u0161eg partnera u njihovim stopama\u201c i dovesti do puno zabave kada do\u0111u sebi.<\/em><\/p>\n<p data-start=\"284\" data-end=\"616\">Set <strong data-start=\"288\" data-end=\"306\">Blair Playsuit<\/strong> je slavlje nesputane senzualnosti, kombiniraju\u0107i eleganciju s o\u0161trinom na na\u010din koji ostavlja trajan dojam. Izra\u0111en od <strong data-start=\"433\" data-end=\"469\">prekrasne izvezene \u010dipke cvjetnog motiva<\/strong>, ovajk eroti\u010dni set sadr\u017ei <strong data-start=\"503\" data-end=\"524\">harness grudnjak<\/strong> sa potpuno <strong data-start=\"536\" data-end=\"560\">podesivim trakicama<\/strong> koji isti\u010de va\u0161e obline i nagla\u0161ava dekolte.<\/p>\n<p data-start=\"618\" data-end=\"941\">Set <strong data-start=\"622\" data-end=\"642\">dolazi uz crotchless ga\u0107ice<\/strong> koje su dizajnirane da odva\u017eno uokvire va\u0161e tijelo, a istovremeno nudi potpuni pristup i vizualnu privla\u010dnost. Dvije podesive bo\u010dne trakice s <strong data-start=\"768\" data-end=\"784\">klipsama<\/strong> omotavaju se oko va\u0161ih bokova i mogu se spojiti na sredi\u0161nji prsten grudnjaka <strong data-start=\"861\" data-end=\"888\">za izgled jednodijelnog playsuit-a<\/strong>, ili se mogu nositi zasebno kao zavodljivi dvodijelni set.<\/p>\n<p data-start=\"943\" data-end=\"1111\">Bilo da se nosi sam ili u paru s <strong data-start=\"981\" data-end=\"1006\">Blair Spanking Girdle<\/strong>, ovaj playsuit pretvara va\u0161e tijelo u provokativno umjetni\u010dko djelo - savr\u0161eno za igru, mo\u0107 i strast.<\/p>\n<p data-start=\"943\" data-end=\"1111\">\u010cipka: 100% poliester<\/p>","protected":false},"excerpt":{"rendered":"<p>Nevjerojatno zavodljiv playsuit s izvezenom \u010dipkom, harnessom za prsa i ga\u0107icama bez me\u0111uno\u017eja - nosi se kao jedan ili dva komada.<\/p>\n<p><strong>Karakteristike:<\/strong><\/p>\n<ul>\n<li><em>Prekrasna cvjetna izvezena \u010dipka<\/em><\/li>\n<li><em>Harness za prsa sa podesivim trakicama<\/em><\/li>\n<li><em>Crotchless ga\u0107ice\u00a0<\/em><\/li>\n<li><em>Klipse na trakicama od ga\u0107ica<\/em><\/li>\n<li><em>Mo\u017ee se nositi kao set ili dva odvojena dijela<\/em><\/li>\n<li><em>Nevjerojatno zavodljiv<\/em><\/li>\n<\/ul>","protected":false},"featured_media":1306,"comment_status":"open","ping_status":"closed","template":"","meta":{"inline_featured_image":false,"_uag_custom_page_level_css":"","site-sidebar-layout":"default","site-content-layout":"","ast-site-content-layout":"default","site-content-style":"default","site-sidebar-style":"default","ast-global-header-display":"","ast-banner-title-visibility":"","ast-main-header-display":"","ast-hfb-above-header-display":"","ast-hfb-below-header-display":"","ast-hfb-mobile-header-display":"","site-post-title":"","ast-breadcrumbs-content":"","ast-featured-img":"","footer-sml-layout":"","ast-disable-related-posts":"","theme-transparent-header-meta":"default","adv-header-id-meta":"","stick-header-meta":"","header-above-stick-meta":"","header-main-stick-meta":"","header-below-stick-meta":"","astra-migrate-meta-layouts":"set","ast-page-background-enabled":"default","ast-page-background-meta":{"desktop":{"background-color":"var(--ast-global-color-4)","background-image":"","background-repeat":"repeat","background-position":"center center","background-size":"auto","background-attachment":"scroll","background-type":"","background-media":"","overlay-type":"","overlay-color":"","overlay-opacity":"","overlay-gradient":""},"tablet":{"background-color":"","background-image":"","background-repeat":"repeat","background-position":"center center","background-size":"auto","background-attachment":"scroll","background-type":"","background-media":"","overlay-type":"","overlay-color":"","overlay-opacity":"","overlay-gradient":""},"mobile":{"background-color":"","background-image":"","background-repeat":"repeat","background-position":"center center","background-size":"auto","background-attachment":"scroll","background-type":"","background-media":"","overlay-type":"","overlay-color":"","overlay-opacity":"","overlay-gradient":""}},"ast-content-background-meta":{"desktop":{"background-color":"var(--ast-global-color-5)","background-image":"","background-repeat":"repeat","background-position":"center center","background-size":"auto","background-attachment":"scroll","background-type":"","background-media":"","overlay-type":"","overlay-color":"","overlay-opacity":"","overlay-gradient":""},"tablet":{"background-color":"var(--ast-global-color-5)","background-image":"","background-repeat":"repeat","background-position":"center center","background-size":"auto","background-attachment":"scroll","background-type":"","background-media":"","overlay-type":"","overlay-color":"","overlay-opacity":"","overlay-gradient":""},"mobile":{"background-color":"var(--ast-global-color-5)","background-image":"","background-repeat":"repeat","background-position":"center center","background-size":"auto","background-attachment":"scroll","background-type":"","background-media":"","overlay-type":"","overlay-color":"","overlay-opacity":"","overlay-gradient":""}}},"product_brand":[38],"product_cat":[42,39,26,40],"product_tag":[127,80,57,96,119,103],"class_list":{"0":"post-1302","1":"product","2":"type-product","3":"status-publish","4":"has-post-thumbnail","6":"product_brand-shobain","7":"product_cat-accessories","8":"product_cat-bras-and-bralettes-2","9":"product_cat-lingerie-sets","10":"product_cat-panties","11":"product_tag-blair","12":"product_tag-crotchless","13":"product_tag-embroidered-lace","14":"product_tag-erotic","15":"product_tag-open-cup","16":"product_tag-strappy","17":"desktop-align-center","18":"tablet-align-center","19":"mobile-align-center","21":"first","22":"instock","23":"shipping-taxable","24":"purchasable","25":"product-type-simple"},"aioseo_notices":[],"uagb_featured_image_src":{"full":["https:\/\/shobain.com\/wp-content\/uploads\/2025\/06\/blair-playsuit-on-mannequin-set.jpg",1138,1518,false],"thumbnail":["https:\/\/shobain.com\/wp-content\/uploads\/2025\/06\/blair-playsuit-on-mannequin-set-150x150.jpg",150,150,true],"medium":["https:\/\/shobain.com\/wp-content\/uploads\/2025\/06\/blair-playsuit-on-mannequin-set-225x300.jpg",225,300,true],"medium_large":["https:\/\/shobain.com\/wp-content\/uploads\/2025\/06\/blair-playsuit-on-mannequin-set-768x1024.jpg",768,1024,true],"large":["https:\/\/shobain.com\/wp-content\/uploads\/2025\/06\/blair-playsuit-on-mannequin-set-768x1024.jpg",768,1024,true],"1536x1536":["https:\/\/shobain.com\/wp-content\/uploads\/2025\/06\/blair-playsuit-on-mannequin-set.jpg",1138,1518,false],"2048x2048":["https:\/\/shobain.com\/wp-content\/uploads\/2025\/06\/blair-playsuit-on-mannequin-set.jpg",1138,1518,false],"trp-custom-language-flag":["https:\/\/shobain.com\/wp-content\/uploads\/2025\/06\/blair-playsuit-on-mannequin-set.jpg",9,12,false],"mailpoet_newsletter_max":["https:\/\/shobain.com\/wp-content\/uploads\/2025\/06\/blair-playsuit-on-mannequin-set.jpg",1138,1518,false],"woocommerce_thumbnail":["https:\/\/shobain.com\/wp-content\/uploads\/2025\/06\/blair-playsuit-on-mannequin-set-300x375.jpg",300,375,true],"woocommerce_single":["https:\/\/shobain.com\/wp-content\/uploads\/2025\/06\/blair-playsuit-on-mannequin-set-600x800.jpg",600,800,true],"woocommerce_gallery_thumbnail":["https:\/\/shobain.com\/wp-content\/uploads\/2025\/06\/blair-playsuit-on-mannequin-set-100x100.jpg",100,100,true]},"uagb_author_info":{"display_name":"Laura Roman","author_link":"https:\/\/shobain.com\/hr\/author\/"},"uagb_comment_info":0,"uagb_excerpt":"An outrageously naughty playsuit featuring embroidered lace, a chest harness, and a crotchless panty\u2014wear as one piece or two. Features: Stunning embroidered floral lace Chest harness with adjustable strapping Crotchless panty\u00a0 Garter clips on the panty straps Can be worn as one piece or two pieces Outrageously naughty","_links":{"self":[{"href":"https:\/\/shobain.com\/hr\/wp-json\/wp\/v2\/product\/1302","targetHints":{"allow":["GET"]}}],"collection":[{"href":"https:\/\/shobain.com\/hr\/wp-json\/wp\/v2\/product"}],"about":[{"href":"https:\/\/shobain.com\/hr\/wp-json\/wp\/v2\/types\/product"}],"replies":[{"embeddable":true,"href":"https:\/\/shobain.com\/hr\/wp-json\/wp\/v2\/comments?post=1302"}],"wp:featuredmedia":[{"embeddable":true,"href":"https:\/\/shobain.com\/hr\/wp-json\/wp\/v2\/media\/1306"}],"wp:attachment":[{"href":"https:\/\/shobain.com\/hr\/wp-json\/wp\/v2\/media?parent=1302"}],"wp:term":[{"taxonomy":"product_brand","embeddable":true,"href":"https:\/\/shobain.com\/hr\/wp-json\/wp\/v2\/product_brand?post=1302"},{"taxonomy":"product_cat","embeddable":true,"href":"https:\/\/shobain.com\/hr\/wp-json\/wp\/v2\/product_cat?post=1302"},{"taxonomy":"product_tag","embeddable":true,"href":"https:\/\/shobain.com\/hr\/wp-json\/wp\/v2\/product_tag?post=1302"}],"curies":[{"name":"wp","href":"https:\/\/api.w.org\/{rel}","templated":true}]}}