{"id":1327,"date":"2025-06-30T19:01:42","date_gmt":"2025-06-30T17:01:42","guid":{"rendered":"https:\/\/shobain.com\/?post_type=product&#038;p=1327"},"modified":"2026-02-02T11:32:14","modified_gmt":"2026-02-02T09:32:14","slug":"blair-spanking-girdle","status":"publish","type":"product","link":"https:\/\/shobain.com\/hr\/proizvod\/blair-spanking-girdle\/","title":{"rendered":"Blair Spanking Girdle"},"content":{"rendered":"<p data-start=\"299\" data-end=\"622\">Dopustite si da budete <em data-start=\"315\" data-end=\"324\">obo\u017eavani<\/em> u <strong data-start=\"332\" data-end=\"357\">Blair Spanking Girdle<\/strong>\u2014zavodljivoj proslavi izvezene ljepote i smjelog zavo\u0111enja. Napravljeno s <strong data-start=\"431\" data-end=\"455\">crnom powermesh mre\u017eicom<\/strong> s detaljima od <strong data-start=\"474\" data-end=\"508\">prekrasne vezene cvjetne \u010dipke<\/strong>, ova lagano stezna suknjica nje\u017eno prianja uz va\u0161e obline, nude\u0107i upravo pravu koli\u010dinu kompresije i rastezanja za udobnost.<\/p>\n<p data-start=\"624\" data-end=\"892\">A <strong data-start=\"626\" data-end=\"653\">provokativni izrez sa stra\u017enje strane<\/strong> poja\u010dava toplinu, savr\u0161eno uravnote\u017een romanti\u010dnom \u010dipkom koja obavija va\u0161e bokove. <strong data-start=\"744\" data-end=\"768\">Podesivo kop\u010danje<\/strong> osigurava udobnost no\u0161enja, te <strong data-start=\"802\" data-end=\"833\">dolazi uz \u010detiri kop\u010de za podvezice koje se po \u017eelji mogu skinuti<\/strong> \u0161to vam daje slobodu no\u0161enja sa ili bez \u010darapa.<\/p>\n<p data-start=\"894\" data-end=\"1007\">Upotpunite izgled sa <strong data-start=\"911\" data-end=\"929\">Blair Playsuit<\/strong> ili <strong data-start=\"933\" data-end=\"961\">Blair Bralette and Panty<\/strong> za set koji je podjednako elegantan koliko je eroti\u010dan.<\/p>\n<p>&nbsp;<\/p>\n<p>Mre\u017ea: 85% poliamid, 15% elastan<\/p>\n<p>\u010cipka: 100% poliester<\/p>","protected":false},"excerpt":{"rendered":"<p>Omotajte se elegancijom i isku\u0161enjem ovim vezenim \u010dipkastim komadom s eroti\u010dnim izrezom na le\u0111ima i odvojivim kop\u010dama za podvezice.<\/p>\n<p><strong>Karakteristike:<\/strong><\/p>\n<ul>\n<li><em>Prekrasna cvjetna izvezena \u010dipka<\/em><\/li>\n<li><em>Mekana crna powermesh mre\u017ea<\/em><\/li>\n<li><em>Applique od prekrasne \u010dipke s obje strane<\/em><\/li>\n<li><em>Eroti\u010dni izrez sa stra\u017enje strane<\/em><\/li>\n<li><em>Podesivo kop\u010danje<\/em><\/li>\n<li><em>\u010cetiri kop\u010de za podvezice koje se mogu skinuti\u00a0<\/em><\/li>\n<li><em>Metalni detalji srebrne boje<\/em><\/li>\n<\/ul>","protected":false},"featured_media":1335,"comment_status":"open","ping_status":"closed","template":"","meta":{"inline_featured_image":false,"_uag_custom_page_level_css":"","site-sidebar-layout":"default","site-content-layout":"","ast-site-content-layout":"default","site-content-style":"default","site-sidebar-style":"default","ast-global-header-display":"","ast-banner-title-visibility":"","ast-main-header-display":"","ast-hfb-above-header-display":"","ast-hfb-below-header-display":"","ast-hfb-mobile-header-display":"","site-post-title":"","ast-breadcrumbs-content":"","ast-featured-img":"","footer-sml-layout":"","ast-disable-related-posts":"","theme-transparent-header-meta":"default","adv-header-id-meta":"","stick-header-meta":"","header-above-stick-meta":"","header-main-stick-meta":"","header-below-stick-meta":"","astra-migrate-meta-layouts":"set","ast-page-background-enabled":"default","ast-page-background-meta":{"desktop":{"background-color":"var(--ast-global-color-4)","background-image":"","background-repeat":"repeat","background-position":"center center","background-size":"auto","background-attachment":"scroll","background-type":"","background-media":"","overlay-type":"","overlay-color":"","overlay-opacity":"","overlay-gradient":""},"tablet":{"background-color":"","background-image":"","background-repeat":"repeat","background-position":"center center","background-size":"auto","background-attachment":"scroll","background-type":"","background-media":"","overlay-type":"","overlay-color":"","overlay-opacity":"","overlay-gradient":""},"mobile":{"background-color":"","background-image":"","background-repeat":"repeat","background-position":"center center","background-size":"auto","background-attachment":"scroll","background-type":"","background-media":"","overlay-type":"","overlay-color":"","overlay-opacity":"","overlay-gradient":""}},"ast-content-background-meta":{"desktop":{"background-color":"var(--ast-global-color-5)","background-image":"","background-repeat":"repeat","background-position":"center center","background-size":"auto","background-attachment":"scroll","background-type":"","background-media":"","overlay-type":"","overlay-color":"","overlay-opacity":"","overlay-gradient":""},"tablet":{"background-color":"var(--ast-global-color-5)","background-image":"","background-repeat":"repeat","background-position":"center center","background-size":"auto","background-attachment":"scroll","background-type":"","background-media":"","overlay-type":"","overlay-color":"","overlay-opacity":"","overlay-gradient":""},"mobile":{"background-color":"var(--ast-global-color-5)","background-image":"","background-repeat":"repeat","background-position":"center center","background-size":"auto","background-attachment":"scroll","background-type":"","background-media":"","overlay-type":"","overlay-color":"","overlay-opacity":"","overlay-gradient":""}}},"product_brand":[38],"product_cat":[42,41],"product_tag":[59,127,96,89,52,124],"class_list":{"0":"post-1327","1":"product","2":"type-product","3":"status-publish","4":"has-post-thumbnail","6":"product_brand-shobain","7":"product_cat-accessories","8":"product_cat-nightwear","9":"product_tag-black","10":"product_tag-blair","11":"product_tag-erotic","12":"product_tag-garters","13":"product_tag-mesh","14":"product_tag-spanking-girdle","15":"desktop-align-center","16":"tablet-align-center","17":"mobile-align-center","19":"first","20":"instock","21":"featured","22":"shipping-taxable","23":"purchasable","24":"product-type-simple"},"aioseo_notices":[],"uagb_featured_image_src":{"full":["https:\/\/shobain.com\/wp-content\/uploads\/2025\/06\/blair-spanking-girdle.jpg",1214,1518,false],"thumbnail":["https:\/\/shobain.com\/wp-content\/uploads\/2025\/06\/blair-spanking-girdle-150x150.jpg",150,150,true],"medium":["https:\/\/shobain.com\/wp-content\/uploads\/2025\/06\/blair-spanking-girdle-240x300.jpg",240,300,true],"medium_large":["https:\/\/shobain.com\/wp-content\/uploads\/2025\/06\/blair-spanking-girdle-768x960.jpg",768,960,true],"large":["https:\/\/shobain.com\/wp-content\/uploads\/2025\/06\/blair-spanking-girdle-819x1024.jpg",819,1024,true],"1536x1536":["https:\/\/shobain.com\/wp-content\/uploads\/2025\/06\/blair-spanking-girdle.jpg",1214,1518,false],"2048x2048":["https:\/\/shobain.com\/wp-content\/uploads\/2025\/06\/blair-spanking-girdle.jpg",1214,1518,false],"trp-custom-language-flag":["https:\/\/shobain.com\/wp-content\/uploads\/2025\/06\/blair-spanking-girdle.jpg",10,12,false],"mailpoet_newsletter_max":["https:\/\/shobain.com\/wp-content\/uploads\/2025\/06\/blair-spanking-girdle.jpg",1214,1518,false],"woocommerce_thumbnail":["https:\/\/shobain.com\/wp-content\/uploads\/2025\/06\/blair-spanking-girdle-300x375.jpg",300,375,true],"woocommerce_single":["https:\/\/shobain.com\/wp-content\/uploads\/2025\/06\/blair-spanking-girdle-600x750.jpg",600,750,true],"woocommerce_gallery_thumbnail":["https:\/\/shobain.com\/wp-content\/uploads\/2025\/06\/blair-spanking-girdle-100x100.jpg",100,100,true]},"uagb_author_info":{"display_name":"Laura Roman","author_link":"https:\/\/shobain.com\/hr\/author\/"},"uagb_comment_info":0,"uagb_excerpt":"Wrap yourself in elegance and temptation with this embroidered lace girdle featuring an erotic back cutout and removable garter clips. Features: Stunning floral embroidered lace Soft black powermesh Lace appliques on both sides Erotic cutout in the back Hook and eye closure Four removable garter clips\u00a0 Silver hardware","_links":{"self":[{"href":"https:\/\/shobain.com\/hr\/wp-json\/wp\/v2\/product\/1327","targetHints":{"allow":["GET"]}}],"collection":[{"href":"https:\/\/shobain.com\/hr\/wp-json\/wp\/v2\/product"}],"about":[{"href":"https:\/\/shobain.com\/hr\/wp-json\/wp\/v2\/types\/product"}],"replies":[{"embeddable":true,"href":"https:\/\/shobain.com\/hr\/wp-json\/wp\/v2\/comments?post=1327"}],"wp:featuredmedia":[{"embeddable":true,"href":"https:\/\/shobain.com\/hr\/wp-json\/wp\/v2\/media\/1335"}],"wp:attachment":[{"href":"https:\/\/shobain.com\/hr\/wp-json\/wp\/v2\/media?parent=1327"}],"wp:term":[{"taxonomy":"product_brand","embeddable":true,"href":"https:\/\/shobain.com\/hr\/wp-json\/wp\/v2\/product_brand?post=1327"},{"taxonomy":"product_cat","embeddable":true,"href":"https:\/\/shobain.com\/hr\/wp-json\/wp\/v2\/product_cat?post=1327"},{"taxonomy":"product_tag","embeddable":true,"href":"https:\/\/shobain.com\/hr\/wp-json\/wp\/v2\/product_tag?post=1327"}],"curies":[{"name":"wp","href":"https:\/\/api.w.org\/{rel}","templated":true}]}}