{"id":1543,"date":"2025-07-27T19:54:49","date_gmt":"2025-07-27T17:54:49","guid":{"rendered":"https:\/\/shobain.com\/?post_type=product&#038;p=1543"},"modified":"2026-02-16T10:56:32","modified_gmt":"2026-02-16T08:56:32","slug":"monokini","status":"publish","type":"product","link":"https:\/\/shobain.com\/hr\/proizvod\/monokini\/","title":{"rendered":"Monokini"},"content":{"rendered":"<p>Monokini s kojim mo\u017eete direkt s pla\u017ee na beach bar party!<\/p>\n<p>Donji dio ovog monokinija ima visoki izrez na nogama kako bi ih vizualno izdu\u0111io, te brazilski kroj na stra\u017enjem dijelu kako bi naglasio va\u0161e obline. Gornji se dio sastoji od trokutastih ko\u0161arica spojenih duga\u010dkim trakicama koje se ve\u017eu ovo va\u0161eg tijela i iza le\u0111a, te metalnim prstenom koji spaja sve dijelove u kohezivnu cjelinu.<\/p>\n<p>Monokini je izra\u0111en prema va\u0161im mjerama te prema va\u0161em izboru materijala.<\/p>\n<p>Boja na slikama: hot pink<\/p>\n<p>Lycra:\u00a080% poliester 20% elastan<\/p>","protected":false},"excerpt":{"rendered":"<p data-start=\"84\" data-end=\"147\">Odu\u0161evite svih od pla\u017ee do beach bara u ovom prekrasnom monokiniju.<\/p>\n<ul data-start=\"148\" data-end=\"305\">\n<li data-start=\"148\" data-end=\"203\">\n<p data-start=\"150\" data-end=\"203\">Visoki kroj na nogama za laskavu siluetu<\/p>\n<\/li>\n<li data-start=\"204\" data-end=\"250\">\n<p data-start=\"206\" data-end=\"250\">Duge trakice koje se ve\u017eu oko tijela i metalni prsten<\/p>\n<\/li>\n<li data-start=\"251\" data-end=\"305\">\n<p data-start=\"253\" data-end=\"305\">Izra\u0111eno samo za vas u boji po izboru<\/p>\n<\/li>\n<\/ul>","protected":false},"featured_media":1545,"comment_status":"open","ping_status":"closed","template":"","meta":{"inline_featured_image":false,"_uag_custom_page_level_css":"","site-sidebar-layout":"default","site-content-layout":"","ast-site-content-layout":"default","site-content-style":"default","site-sidebar-style":"default","ast-global-header-display":"","ast-banner-title-visibility":"","ast-main-header-display":"","ast-hfb-above-header-display":"","ast-hfb-below-header-display":"","ast-hfb-mobile-header-display":"","site-post-title":"","ast-breadcrumbs-content":"","ast-featured-img":"","footer-sml-layout":"","ast-disable-related-posts":"","theme-transparent-header-meta":"default","adv-header-id-meta":"","stick-header-meta":"","header-above-stick-meta":"","header-main-stick-meta":"","header-below-stick-meta":"","astra-migrate-meta-layouts":"set","ast-page-background-enabled":"default","ast-page-background-meta":{"desktop":{"background-color":"var(--ast-global-color-4)","background-image":"","background-repeat":"repeat","background-position":"center center","background-size":"auto","background-attachment":"scroll","background-type":"","background-media":"","overlay-type":"","overlay-color":"","overlay-opacity":"","overlay-gradient":""},"tablet":{"background-color":"","background-image":"","background-repeat":"repeat","background-position":"center center","background-size":"auto","background-attachment":"scroll","background-type":"","background-media":"","overlay-type":"","overlay-color":"","overlay-opacity":"","overlay-gradient":""},"mobile":{"background-color":"","background-image":"","background-repeat":"repeat","background-position":"center center","background-size":"auto","background-attachment":"scroll","background-type":"","background-media":"","overlay-type":"","overlay-color":"","overlay-opacity":"","overlay-gradient":""}},"ast-content-background-meta":{"desktop":{"background-color":"var(--ast-global-color-5)","background-image":"","background-repeat":"repeat","background-position":"center center","background-size":"auto","background-attachment":"scroll","background-type":"","background-media":"","overlay-type":"","overlay-color":"","overlay-opacity":"","overlay-gradient":""},"tablet":{"background-color":"var(--ast-global-color-5)","background-image":"","background-repeat":"repeat","background-position":"center center","background-size":"auto","background-attachment":"scroll","background-type":"","background-media":"","overlay-type":"","overlay-color":"","overlay-opacity":"","overlay-gradient":""},"mobile":{"background-color":"var(--ast-global-color-5)","background-image":"","background-repeat":"repeat","background-position":"center center","background-size":"auto","background-attachment":"scroll","background-type":"","background-media":"","overlay-type":"","overlay-color":"","overlay-opacity":"","overlay-gradient":""}}},"product_brand":[38],"product_cat":[43],"product_tag":[135],"class_list":{"0":"post-1543","1":"product","2":"type-product","3":"status-publish","4":"has-post-thumbnail","6":"product_brand-shobain","7":"product_cat-swimwear","8":"product_tag-monokini","9":"desktop-align-center","10":"tablet-align-center","11":"mobile-align-center","13":"first","14":"instock","15":"shipping-taxable","16":"purchasable","17":"product-type-simple"},"aioseo_notices":[],"uagb_featured_image_src":{"full":["https:\/\/shobain.com\/wp-content\/uploads\/2025\/07\/monokini-beach.jpg",2048,1365,false],"thumbnail":["https:\/\/shobain.com\/wp-content\/uploads\/2025\/07\/monokini-beach-150x150.jpg",150,150,true],"medium":["https:\/\/shobain.com\/wp-content\/uploads\/2025\/07\/monokini-beach-300x200.jpg",300,200,true],"medium_large":["https:\/\/shobain.com\/wp-content\/uploads\/2025\/07\/monokini-beach-768x512.jpg",768,512,true],"large":["https:\/\/shobain.com\/wp-content\/uploads\/2025\/07\/monokini-beach-1024x683.jpg",1024,683,true],"1536x1536":["https:\/\/shobain.com\/wp-content\/uploads\/2025\/07\/monokini-beach-1536x1024.jpg",1536,1024,true],"2048x2048":["https:\/\/shobain.com\/wp-content\/uploads\/2025\/07\/monokini-beach.jpg",2048,1365,false],"trp-custom-language-flag":["https:\/\/shobain.com\/wp-content\/uploads\/2025\/07\/monokini-beach.jpg",18,12,false],"mailpoet_newsletter_max":["https:\/\/shobain.com\/wp-content\/uploads\/2025\/07\/monokini-beach.jpg",1320,880,false],"woocommerce_thumbnail":["https:\/\/shobain.com\/wp-content\/uploads\/2025\/07\/monokini-beach-300x375.jpg",300,375,true],"woocommerce_single":["https:\/\/shobain.com\/wp-content\/uploads\/2025\/07\/monokini-beach-600x400.jpg",600,400,true],"woocommerce_gallery_thumbnail":["https:\/\/shobain.com\/wp-content\/uploads\/2025\/07\/monokini-beach-100x100.jpg",100,100,true]},"uagb_author_info":{"display_name":"Laura Roman","author_link":"https:\/\/shobain.com\/hr\/author\/"},"uagb_comment_info":0,"uagb_excerpt":"Turn heads from beach to bar in this stunning monokini. High-leg cut with cheeky back for a bold silhouette Wraparound straps with central ring detail Custom-made to your measurements in various colors","_links":{"self":[{"href":"https:\/\/shobain.com\/hr\/wp-json\/wp\/v2\/product\/1543","targetHints":{"allow":["GET"]}}],"collection":[{"href":"https:\/\/shobain.com\/hr\/wp-json\/wp\/v2\/product"}],"about":[{"href":"https:\/\/shobain.com\/hr\/wp-json\/wp\/v2\/types\/product"}],"replies":[{"embeddable":true,"href":"https:\/\/shobain.com\/hr\/wp-json\/wp\/v2\/comments?post=1543"}],"wp:featuredmedia":[{"embeddable":true,"href":"https:\/\/shobain.com\/hr\/wp-json\/wp\/v2\/media\/1545"}],"wp:attachment":[{"href":"https:\/\/shobain.com\/hr\/wp-json\/wp\/v2\/media?parent=1543"}],"wp:term":[{"taxonomy":"product_brand","embeddable":true,"href":"https:\/\/shobain.com\/hr\/wp-json\/wp\/v2\/product_brand?post=1543"},{"taxonomy":"product_cat","embeddable":true,"href":"https:\/\/shobain.com\/hr\/wp-json\/wp\/v2\/product_cat?post=1543"},{"taxonomy":"product_tag","embeddable":true,"href":"https:\/\/shobain.com\/hr\/wp-json\/wp\/v2\/product_tag?post=1543"}],"curies":[{"name":"wp","href":"https:\/\/api.w.org\/{rel}","templated":true}]}}