{"id":1551,"date":"2025-07-27T20:07:49","date_gmt":"2025-07-27T18:07:49","guid":{"rendered":"https:\/\/shobain.com\/?post_type=product&#038;p=1551"},"modified":"2026-02-16T10:53:37","modified_gmt":"2026-02-16T08:53:37","slug":"reversible-strappy-bikini-top","status":"publish","type":"product","link":"https:\/\/shobain.com\/hr\/proizvod\/reversible-strappy-bikini-top\/","title":{"rendered":"Reverzibilni bikini top s metalnim prstenom i trakicama"},"content":{"rendered":"<p>Super cool gornji dio bikinija s naramenicama i trokutastim uzorkom: elegancija klasi\u010dnog trokutastog gornjeg dijela podignuta je na vi\u0161u razinu metalnim prstenom i naramenicama koje se obavijaju oko tijela za bezbri\u017ean i cool izgled!<\/p>\n<p>I najbolje od svega: reverzibilan je!! To zna\u010di da u jednom bikiniju dobivate dva izgleda!<\/p>\n<p>Ovaj gornji dio bikinija izra\u0111uje se po va\u0161im mjerama i mo\u017ee se izraditi u raznim bojama.  Dostupne su brojne tkanine, a ako \u017eelite kombinaciju dvije na svom bikiniju, odaberite svoju primarnu boju prilikom narud\u017ebe i ostavite napomenu o drugoj boji na pole\u0111ini koju \u017eelite.<\/p>\n<p>Boja na slikama: tropical print i neon zelena<\/p>\n<p>Lycra:\u00a080% poliester 20% elastan<\/p>","protected":false},"excerpt":{"rendered":"<p data-start=\"68\" data-end=\"154\">Trokutasti bikini top s metalnim prstenom i trakicama koje se ve\u017eu oko va\u0161eg tijela za zavodljive dane na pla\u017ei.<\/p>\n<ul data-start=\"155\" data-end=\"294\" data-is-last-node=\"\" data-is-only-node=\"\">\n<li data-start=\"155\" data-end=\"205\">\n<p data-start=\"157\" data-end=\"205\">Duge trakice koje se ve\u017eu oko tijela i metalni prsten<\/p>\n<\/li>\n<li data-start=\"206\" data-end=\"248\">\n<p data-start=\"208\" data-end=\"248\">Reverzibilan dizajn<\/p>\n<\/li>\n<li data-start=\"249\" data-end=\"294\" data-is-last-node=\"\">\n<p data-start=\"251\" data-end=\"294\" data-is-last-node=\"\">Izra\u0111en u tkanini po va\u0161em izboru<\/p>\n<\/li>\n<\/ul>","protected":false},"featured_media":1555,"comment_status":"open","ping_status":"closed","template":"","meta":{"inline_featured_image":false,"_uag_custom_page_level_css":"","site-sidebar-layout":"default","site-content-layout":"","ast-site-content-layout":"default","site-content-style":"default","site-sidebar-style":"default","ast-global-header-display":"","ast-banner-title-visibility":"","ast-main-header-display":"","ast-hfb-above-header-display":"","ast-hfb-below-header-display":"","ast-hfb-mobile-header-display":"","site-post-title":"","ast-breadcrumbs-content":"","ast-featured-img":"","footer-sml-layout":"","ast-disable-related-posts":"","theme-transparent-header-meta":"default","adv-header-id-meta":"","stick-header-meta":"","header-above-stick-meta":"","header-main-stick-meta":"","header-below-stick-meta":"","astra-migrate-meta-layouts":"set","ast-page-background-enabled":"default","ast-page-background-meta":{"desktop":{"background-color":"var(--ast-global-color-4)","background-image":"","background-repeat":"repeat","background-position":"center center","background-size":"auto","background-attachment":"scroll","background-type":"","background-media":"","overlay-type":"","overlay-color":"","overlay-opacity":"","overlay-gradient":""},"tablet":{"background-color":"","background-image":"","background-repeat":"repeat","background-position":"center center","background-size":"auto","background-attachment":"scroll","background-type":"","background-media":"","overlay-type":"","overlay-color":"","overlay-opacity":"","overlay-gradient":""},"mobile":{"background-color":"","background-image":"","background-repeat":"repeat","background-position":"center center","background-size":"auto","background-attachment":"scroll","background-type":"","background-media":"","overlay-type":"","overlay-color":"","overlay-opacity":"","overlay-gradient":""}},"ast-content-background-meta":{"desktop":{"background-color":"var(--ast-global-color-5)","background-image":"","background-repeat":"repeat","background-position":"center center","background-size":"auto","background-attachment":"scroll","background-type":"","background-media":"","overlay-type":"","overlay-color":"","overlay-opacity":"","overlay-gradient":""},"tablet":{"background-color":"var(--ast-global-color-5)","background-image":"","background-repeat":"repeat","background-position":"center center","background-size":"auto","background-attachment":"scroll","background-type":"","background-media":"","overlay-type":"","overlay-color":"","overlay-opacity":"","overlay-gradient":""},"mobile":{"background-color":"var(--ast-global-color-5)","background-image":"","background-repeat":"repeat","background-position":"center center","background-size":"auto","background-attachment":"scroll","background-type":"","background-media":"","overlay-type":"","overlay-color":"","overlay-opacity":"","overlay-gradient":""}}},"product_brand":[38],"product_cat":[43],"product_tag":[136],"class_list":{"0":"post-1551","1":"product","2":"type-product","3":"status-publish","4":"has-post-thumbnail","6":"product_brand-shobain","7":"product_cat-swimwear","8":"product_tag-triangle-bikini","9":"desktop-align-center","10":"tablet-align-center","11":"mobile-align-center","13":"first","14":"instock","15":"shipping-taxable","16":"purchasable","17":"product-type-simple"},"aioseo_notices":[],"uagb_featured_image_src":{"full":["https:\/\/shobain.com\/wp-content\/uploads\/2025\/07\/bikini-top-wrap-around.jpeg",702,876,false],"thumbnail":["https:\/\/shobain.com\/wp-content\/uploads\/2025\/07\/bikini-top-wrap-around-150x150.jpeg",150,150,true],"medium":["https:\/\/shobain.com\/wp-content\/uploads\/2025\/07\/bikini-top-wrap-around-240x300.jpeg",240,300,true],"medium_large":["https:\/\/shobain.com\/wp-content\/uploads\/2025\/07\/bikini-top-wrap-around.jpeg",702,876,false],"large":["https:\/\/shobain.com\/wp-content\/uploads\/2025\/07\/bikini-top-wrap-around.jpeg",702,876,false],"1536x1536":["https:\/\/shobain.com\/wp-content\/uploads\/2025\/07\/bikini-top-wrap-around.jpeg",702,876,false],"2048x2048":["https:\/\/shobain.com\/wp-content\/uploads\/2025\/07\/bikini-top-wrap-around.jpeg",702,876,false],"trp-custom-language-flag":["https:\/\/shobain.com\/wp-content\/uploads\/2025\/07\/bikini-top-wrap-around.jpeg",10,12,false],"mailpoet_newsletter_max":["https:\/\/shobain.com\/wp-content\/uploads\/2025\/07\/bikini-top-wrap-around.jpeg",702,876,false],"woocommerce_thumbnail":["https:\/\/shobain.com\/wp-content\/uploads\/2025\/07\/bikini-top-wrap-around-300x375.jpeg",300,375,true],"woocommerce_single":["https:\/\/shobain.com\/wp-content\/uploads\/2025\/07\/bikini-top-wrap-around-600x749.jpeg",600,749,true],"woocommerce_gallery_thumbnail":["https:\/\/shobain.com\/wp-content\/uploads\/2025\/07\/bikini-top-wrap-around-100x100.jpeg",100,100,true]},"uagb_author_info":{"display_name":"Laura Roman","author_link":"https:\/\/shobain.com\/hr\/author\/"},"uagb_comment_info":0,"uagb_excerpt":"A strappy twist on the classic triangle bikini\u2014double the style, double the fun. Wraparound straps with sleek metal ring detail Reversible design for two looks in one Custom-made in prints or solid color combos","_links":{"self":[{"href":"https:\/\/shobain.com\/hr\/wp-json\/wp\/v2\/product\/1551","targetHints":{"allow":["GET"]}}],"collection":[{"href":"https:\/\/shobain.com\/hr\/wp-json\/wp\/v2\/product"}],"about":[{"href":"https:\/\/shobain.com\/hr\/wp-json\/wp\/v2\/types\/product"}],"replies":[{"embeddable":true,"href":"https:\/\/shobain.com\/hr\/wp-json\/wp\/v2\/comments?post=1551"}],"wp:featuredmedia":[{"embeddable":true,"href":"https:\/\/shobain.com\/hr\/wp-json\/wp\/v2\/media\/1555"}],"wp:attachment":[{"href":"https:\/\/shobain.com\/hr\/wp-json\/wp\/v2\/media?parent=1551"}],"wp:term":[{"taxonomy":"product_brand","embeddable":true,"href":"https:\/\/shobain.com\/hr\/wp-json\/wp\/v2\/product_brand?post=1551"},{"taxonomy":"product_cat","embeddable":true,"href":"https:\/\/shobain.com\/hr\/wp-json\/wp\/v2\/product_cat?post=1551"},{"taxonomy":"product_tag","embeddable":true,"href":"https:\/\/shobain.com\/hr\/wp-json\/wp\/v2\/product_tag?post=1551"}],"curies":[{"name":"wp","href":"https:\/\/api.w.org\/{rel}","templated":true}]}}