{"id":1556,"date":"2025-07-27T20:14:39","date_gmt":"2025-07-27T18:14:39","guid":{"rendered":"https:\/\/shobain.com\/?post_type=product&#038;p=1556"},"modified":"2026-02-16T10:55:10","modified_gmt":"2026-02-16T08:55:10","slug":"reversible-front-tie-bikini-top","status":"publish","type":"product","link":"https:\/\/shobain.com\/hr\/proizvod\/reversible-front-tie-bikini-top\/","title":{"rendered":"Reverzibilni bikini top s prednjim vezanjem"},"content":{"rendered":"<p>Ovaj revezibilni bikini top potpuno je podesiv i savr\u0161en je izbor ako \u017eelite naglasiti poprsje!<\/p>\n<p>Dizajn na le\u0111ima sastoji se od jedne deblje trake te naramenica koje se ve\u017eu iza vrata. Prednji se dio ve\u017ee u ma\u0161nicu, te vam daje mogu\u0107nost da sami odaberete koliko jako \u017eelite stisnuti bikini top - ako ga ja\u010de stisnete, ja\u010de \u0107ete podignuti i naglasiti poprsje!<\/p>\n<p>Ovaj gornji dio bikinija izra\u0111uje se po va\u0161im mjerama i mo\u017ee se izraditi u raznim bojama.  Dostupne su brojne tkanine, a ako \u017eelite kombinaciju dvije na svom bikiniju, odaberite svoju primarnu boju prilikom narud\u017ebe i ostavite napomenu o drugoj boji na pole\u0111ini koju \u017eelite.<\/p>\n<p>Boja na slikama: siva<\/p>\n<p>&nbsp;<\/p>\n<p>Lycra:\u00a080% poliester 20% elastan<\/p>","protected":false},"excerpt":{"rendered":"<p data-start=\"56\" data-end=\"141\"><strong data-start=\"56\" data-end=\"139\">Potpuno podesivi gornji dio bikinija koji vam omogu\u0107uje da odaberete razinu dekolte-a i svoj look.<\/strong><\/p>\n<ul data-start=\"142\" data-end=\"280\" data-is-last-node=\"\" data-is-only-node=\"\">\n<li data-start=\"142\" data-end=\"192\">\n<p data-start=\"144\" data-end=\"192\">Prednje vezanje pru\u017ea prilagodljiv fit i podizanje grudi<\/p>\n<\/li>\n<li data-start=\"193\" data-end=\"228\">\n<p data-start=\"195\" data-end=\"228\">Reverzibilan<\/p>\n<\/li>\n<li data-start=\"229\" data-end=\"280\" data-is-last-node=\"\">\n<p data-start=\"231\" data-end=\"280\" data-is-last-node=\"\">Izra\u0111en samo za vas u tkaninama koje odaberete<\/p>\n<\/li>\n<\/ul>","protected":false},"featured_media":1560,"comment_status":"open","ping_status":"closed","template":"","meta":{"inline_featured_image":false,"_uag_custom_page_level_css":"","site-sidebar-layout":"default","site-content-layout":"","ast-site-content-layout":"default","site-content-style":"default","site-sidebar-style":"default","ast-global-header-display":"","ast-banner-title-visibility":"","ast-main-header-display":"","ast-hfb-above-header-display":"","ast-hfb-below-header-display":"","ast-hfb-mobile-header-display":"","site-post-title":"","ast-breadcrumbs-content":"","ast-featured-img":"","footer-sml-layout":"","ast-disable-related-posts":"","theme-transparent-header-meta":"default","adv-header-id-meta":"","stick-header-meta":"","header-above-stick-meta":"","header-main-stick-meta":"","header-below-stick-meta":"","astra-migrate-meta-layouts":"set","ast-page-background-enabled":"default","ast-page-background-meta":{"desktop":{"background-color":"var(--ast-global-color-4)","background-image":"","background-repeat":"repeat","background-position":"center center","background-size":"auto","background-attachment":"scroll","background-type":"","background-media":"","overlay-type":"","overlay-color":"","overlay-opacity":"","overlay-gradient":""},"tablet":{"background-color":"","background-image":"","background-repeat":"repeat","background-position":"center center","background-size":"auto","background-attachment":"scroll","background-type":"","background-media":"","overlay-type":"","overlay-color":"","overlay-opacity":"","overlay-gradient":""},"mobile":{"background-color":"","background-image":"","background-repeat":"repeat","background-position":"center center","background-size":"auto","background-attachment":"scroll","background-type":"","background-media":"","overlay-type":"","overlay-color":"","overlay-opacity":"","overlay-gradient":""}},"ast-content-background-meta":{"desktop":{"background-color":"var(--ast-global-color-5)","background-image":"","background-repeat":"repeat","background-position":"center center","background-size":"auto","background-attachment":"scroll","background-type":"","background-media":"","overlay-type":"","overlay-color":"","overlay-opacity":"","overlay-gradient":""},"tablet":{"background-color":"var(--ast-global-color-5)","background-image":"","background-repeat":"repeat","background-position":"center center","background-size":"auto","background-attachment":"scroll","background-type":"","background-media":"","overlay-type":"","overlay-color":"","overlay-opacity":"","overlay-gradient":""},"mobile":{"background-color":"var(--ast-global-color-5)","background-image":"","background-repeat":"repeat","background-position":"center center","background-size":"auto","background-attachment":"scroll","background-type":"","background-media":"","overlay-type":"","overlay-color":"","overlay-opacity":"","overlay-gradient":""}}},"product_brand":[38],"product_cat":[43],"product_tag":[137],"class_list":{"0":"post-1556","1":"product","2":"type-product","3":"status-publish","4":"has-post-thumbnail","6":"product_brand-shobain","7":"product_cat-swimwear","8":"product_tag-bikini-top","9":"desktop-align-center","10":"tablet-align-center","11":"mobile-align-center","13":"first","14":"instock","15":"shipping-taxable","16":"purchasable","17":"product-type-simple"},"aioseo_notices":[],"uagb_featured_image_src":{"full":["https:\/\/shobain.com\/wp-content\/uploads\/2025\/07\/front-tie-bikini-top.jpeg",755,944,false],"thumbnail":["https:\/\/shobain.com\/wp-content\/uploads\/2025\/07\/front-tie-bikini-top-150x150.jpeg",150,150,true],"medium":["https:\/\/shobain.com\/wp-content\/uploads\/2025\/07\/front-tie-bikini-top-240x300.jpeg",240,300,true],"medium_large":["https:\/\/shobain.com\/wp-content\/uploads\/2025\/07\/front-tie-bikini-top.jpeg",755,944,false],"large":["https:\/\/shobain.com\/wp-content\/uploads\/2025\/07\/front-tie-bikini-top.jpeg",755,944,false],"1536x1536":["https:\/\/shobain.com\/wp-content\/uploads\/2025\/07\/front-tie-bikini-top.jpeg",755,944,false],"2048x2048":["https:\/\/shobain.com\/wp-content\/uploads\/2025\/07\/front-tie-bikini-top.jpeg",755,944,false],"trp-custom-language-flag":["https:\/\/shobain.com\/wp-content\/uploads\/2025\/07\/front-tie-bikini-top.jpeg",10,12,false],"mailpoet_newsletter_max":["https:\/\/shobain.com\/wp-content\/uploads\/2025\/07\/front-tie-bikini-top.jpeg",755,944,false],"woocommerce_thumbnail":["https:\/\/shobain.com\/wp-content\/uploads\/2025\/07\/front-tie-bikini-top-300x375.jpeg",300,375,true],"woocommerce_single":["https:\/\/shobain.com\/wp-content\/uploads\/2025\/07\/front-tie-bikini-top-600x750.jpeg",600,750,true],"woocommerce_gallery_thumbnail":["https:\/\/shobain.com\/wp-content\/uploads\/2025\/07\/front-tie-bikini-top-100x100.jpeg",100,100,true]},"uagb_author_info":{"display_name":"Laura Roman","author_link":"https:\/\/shobain.com\/hr\/author\/"},"uagb_comment_info":0,"uagb_excerpt":"A fully adjustable bikini top that lets you choose your cleavage and your vibe. Front tie design for customizable lift and fit Reversible for two looks in one Handmade to your measurements in prints or solids","_links":{"self":[{"href":"https:\/\/shobain.com\/hr\/wp-json\/wp\/v2\/product\/1556","targetHints":{"allow":["GET"]}}],"collection":[{"href":"https:\/\/shobain.com\/hr\/wp-json\/wp\/v2\/product"}],"about":[{"href":"https:\/\/shobain.com\/hr\/wp-json\/wp\/v2\/types\/product"}],"replies":[{"embeddable":true,"href":"https:\/\/shobain.com\/hr\/wp-json\/wp\/v2\/comments?post=1556"}],"wp:featuredmedia":[{"embeddable":true,"href":"https:\/\/shobain.com\/hr\/wp-json\/wp\/v2\/media\/1560"}],"wp:attachment":[{"href":"https:\/\/shobain.com\/hr\/wp-json\/wp\/v2\/media?parent=1556"}],"wp:term":[{"taxonomy":"product_brand","embeddable":true,"href":"https:\/\/shobain.com\/hr\/wp-json\/wp\/v2\/product_brand?post=1556"},{"taxonomy":"product_cat","embeddable":true,"href":"https:\/\/shobain.com\/hr\/wp-json\/wp\/v2\/product_cat?post=1556"},{"taxonomy":"product_tag","embeddable":true,"href":"https:\/\/shobain.com\/hr\/wp-json\/wp\/v2\/product_tag?post=1556"}],"curies":[{"name":"wp","href":"https:\/\/api.w.org\/{rel}","templated":true}]}}