{"id":1561,"date":"2025-07-28T11:25:23","date_gmt":"2025-07-28T09:25:23","guid":{"rendered":"https:\/\/shobain.com\/?post_type=product&#038;p=1561"},"modified":"2026-02-16T10:55:22","modified_gmt":"2026-02-16T08:55:22","slug":"shoulder-tie-bikini-top","status":"publish","type":"product","link":"https:\/\/shobain.com\/hr\/proizvod\/shoulder-tie-bikini-top\/","title":{"rendered":"Reverzibilni bikini top sa ma\u0161nicama"},"content":{"rendered":"<p>Klasi\u010dna i elegantna silueta s modernim detaljem, ovaj bikini top ve\u017ee se na va\u0161im ramenima u dvije zabavne ma\u0161nice!<br \/>\nOvaj bikini top je izra\u0111en u bandeau stilu, te se ve\u017ee na le\u0111ima. Dvije ma\u0161nice na ramenima savr\u0161eno se sla\u017eu s \u010distim linijama ovog dizajna kako bi stvorile moderan i zabavan bikini.<\/p>\n<p>Budu\u0107i da je ovaj bikini reverzibilan, mo\u017eete dobiti dva looka u jednom komadu! Tako\u0111er. kao \u0161to je vidljivo na slikama, mo\u017eete odabrati samo jednu boju za izradu bikinija te \u0107e ona biti kori\u0161tena s obje strane.<\/p>\n<p>Ovaj gornji dio bikinija izra\u0111uje se po va\u0161im mjerama i mo\u017ee se izraditi u raznim bojama.  Dostupne su brojne tkanine, a ako \u017eelite kombinaciju dvije na svom bikiniju, odaberite svoju primarnu boju prilikom narud\u017ebe i ostavite napomenu o drugoj boji na pole\u0111ini koju \u017eelite.<\/p>\n<p>Boja na slikama: bordo<\/p>\n<p>&nbsp;<\/p>\n<p>Lycra:\u00a080% poliester 20% elastan<\/p>","protected":false},"excerpt":{"rendered":"<p data-start=\"61\" data-end=\"131\">\u0160ik gornji dio bikinija u bandeau stilu s razigranim vezanjem na ramenima.<\/p>\n<ul data-start=\"132\" data-end=\"306\" data-is-last-node=\"\" data-is-only-node=\"\">\n<li data-start=\"132\" data-end=\"193\">\n<p data-start=\"134\" data-end=\"193\">Vezice na ramenima i na le\u0111ima za potpuno podesivo pristajanje<\/p>\n<\/li>\n<li data-start=\"194\" data-end=\"244\">\n<p data-start=\"196\" data-end=\"244\">Reverzibilan dizajn<\/p>\n<\/li>\n<li data-start=\"245\" data-end=\"306\" data-is-last-node=\"\">\n<p data-start=\"247\" data-end=\"306\" data-is-last-node=\"\">Ru\u010dno izra\u0111eno u va\u0161im omiljenim kombinacijama boja<\/p>\n<\/li>\n<\/ul>","protected":false},"featured_media":1563,"comment_status":"open","ping_status":"closed","template":"","meta":{"inline_featured_image":false,"_uag_custom_page_level_css":"","site-sidebar-layout":"default","site-content-layout":"","ast-site-content-layout":"default","site-content-style":"default","site-sidebar-style":"default","ast-global-header-display":"","ast-banner-title-visibility":"","ast-main-header-display":"","ast-hfb-above-header-display":"","ast-hfb-below-header-display":"","ast-hfb-mobile-header-display":"","site-post-title":"","ast-breadcrumbs-content":"","ast-featured-img":"","footer-sml-layout":"","ast-disable-related-posts":"","theme-transparent-header-meta":"default","adv-header-id-meta":"","stick-header-meta":"","header-above-stick-meta":"","header-main-stick-meta":"","header-below-stick-meta":"","astra-migrate-meta-layouts":"set","ast-page-background-enabled":"default","ast-page-background-meta":{"desktop":{"background-color":"var(--ast-global-color-4)","background-image":"","background-repeat":"repeat","background-position":"center center","background-size":"auto","background-attachment":"scroll","background-type":"","background-media":"","overlay-type":"","overlay-color":"","overlay-opacity":"","overlay-gradient":""},"tablet":{"background-color":"","background-image":"","background-repeat":"repeat","background-position":"center center","background-size":"auto","background-attachment":"scroll","background-type":"","background-media":"","overlay-type":"","overlay-color":"","overlay-opacity":"","overlay-gradient":""},"mobile":{"background-color":"","background-image":"","background-repeat":"repeat","background-position":"center center","background-size":"auto","background-attachment":"scroll","background-type":"","background-media":"","overlay-type":"","overlay-color":"","overlay-opacity":"","overlay-gradient":""}},"ast-content-background-meta":{"desktop":{"background-color":"var(--ast-global-color-5)","background-image":"","background-repeat":"repeat","background-position":"center center","background-size":"auto","background-attachment":"scroll","background-type":"","background-media":"","overlay-type":"","overlay-color":"","overlay-opacity":"","overlay-gradient":""},"tablet":{"background-color":"var(--ast-global-color-5)","background-image":"","background-repeat":"repeat","background-position":"center center","background-size":"auto","background-attachment":"scroll","background-type":"","background-media":"","overlay-type":"","overlay-color":"","overlay-opacity":"","overlay-gradient":""},"mobile":{"background-color":"var(--ast-global-color-5)","background-image":"","background-repeat":"repeat","background-position":"center center","background-size":"auto","background-attachment":"scroll","background-type":"","background-media":"","overlay-type":"","overlay-color":"","overlay-opacity":"","overlay-gradient":""}}},"product_brand":[38],"product_cat":[43],"product_tag":[137],"class_list":{"0":"post-1561","1":"product","2":"type-product","3":"status-publish","4":"has-post-thumbnail","6":"product_brand-shobain","7":"product_cat-swimwear","8":"product_tag-bikini-top","9":"desktop-align-center","10":"tablet-align-center","11":"mobile-align-center","13":"first","14":"instock","15":"shipping-taxable","16":"purchasable","17":"product-type-simple"},"aioseo_notices":[],"uagb_featured_image_src":{"full":["https:\/\/shobain.com\/wp-content\/uploads\/2025\/07\/shoulder-tie-bikini-top-front-Copy.jpeg",808,1010,false],"thumbnail":["https:\/\/shobain.com\/wp-content\/uploads\/2025\/07\/shoulder-tie-bikini-top-front-Copy-150x150.jpeg",150,150,true],"medium":["https:\/\/shobain.com\/wp-content\/uploads\/2025\/07\/shoulder-tie-bikini-top-front-Copy-240x300.jpeg",240,300,true],"medium_large":["https:\/\/shobain.com\/wp-content\/uploads\/2025\/07\/shoulder-tie-bikini-top-front-Copy-768x960.jpeg",768,960,true],"large":["https:\/\/shobain.com\/wp-content\/uploads\/2025\/07\/shoulder-tie-bikini-top-front-Copy.jpeg",808,1010,false],"1536x1536":["https:\/\/shobain.com\/wp-content\/uploads\/2025\/07\/shoulder-tie-bikini-top-front-Copy.jpeg",808,1010,false],"2048x2048":["https:\/\/shobain.com\/wp-content\/uploads\/2025\/07\/shoulder-tie-bikini-top-front-Copy.jpeg",808,1010,false],"trp-custom-language-flag":["https:\/\/shobain.com\/wp-content\/uploads\/2025\/07\/shoulder-tie-bikini-top-front-Copy.jpeg",10,12,false],"mailpoet_newsletter_max":["https:\/\/shobain.com\/wp-content\/uploads\/2025\/07\/shoulder-tie-bikini-top-front-Copy.jpeg",808,1010,false],"woocommerce_thumbnail":["https:\/\/shobain.com\/wp-content\/uploads\/2025\/07\/shoulder-tie-bikini-top-front-Copy-300x375.jpeg",300,375,true],"woocommerce_single":["https:\/\/shobain.com\/wp-content\/uploads\/2025\/07\/shoulder-tie-bikini-top-front-Copy-600x750.jpeg",600,750,true],"woocommerce_gallery_thumbnail":["https:\/\/shobain.com\/wp-content\/uploads\/2025\/07\/shoulder-tie-bikini-top-front-Copy-100x100.jpeg",100,100,true]},"uagb_author_info":{"display_name":"Laura Roman","author_link":"https:\/\/shobain.com\/hr\/author\/"},"uagb_comment_info":0,"uagb_excerpt":"A chic bandeau-style bikini top with playful bow-tied shoulders. Shoulder ties and back closure for a fully adjustable fit Reversible design for two stylish looks in one Handmade to your measurements in your favorite color combos","_links":{"self":[{"href":"https:\/\/shobain.com\/hr\/wp-json\/wp\/v2\/product\/1561","targetHints":{"allow":["GET"]}}],"collection":[{"href":"https:\/\/shobain.com\/hr\/wp-json\/wp\/v2\/product"}],"about":[{"href":"https:\/\/shobain.com\/hr\/wp-json\/wp\/v2\/types\/product"}],"replies":[{"embeddable":true,"href":"https:\/\/shobain.com\/hr\/wp-json\/wp\/v2\/comments?post=1561"}],"wp:featuredmedia":[{"embeddable":true,"href":"https:\/\/shobain.com\/hr\/wp-json\/wp\/v2\/media\/1563"}],"wp:attachment":[{"href":"https:\/\/shobain.com\/hr\/wp-json\/wp\/v2\/media?parent=1561"}],"wp:term":[{"taxonomy":"product_brand","embeddable":true,"href":"https:\/\/shobain.com\/hr\/wp-json\/wp\/v2\/product_brand?post=1561"},{"taxonomy":"product_cat","embeddable":true,"href":"https:\/\/shobain.com\/hr\/wp-json\/wp\/v2\/product_cat?post=1561"},{"taxonomy":"product_tag","embeddable":true,"href":"https:\/\/shobain.com\/hr\/wp-json\/wp\/v2\/product_tag?post=1561"}],"curies":[{"name":"wp","href":"https:\/\/api.w.org\/{rel}","templated":true}]}}