{"id":1568,"date":"2025-07-28T11:31:30","date_gmt":"2025-07-28T09:31:30","guid":{"rendered":"https:\/\/shobain.com\/?post_type=product&#038;p=1568"},"modified":"2026-02-16T10:56:42","modified_gmt":"2026-02-16T08:56:42","slug":"reversible-bikini-bottoms","status":"publish","type":"product","link":"https:\/\/shobain.com\/hr\/proizvod\/reversible-bikini-bottoms\/","title":{"rendered":"Reverzibilne bikini ga\u0107ice"},"content":{"rendered":"<p>Ovaj reverzibilni donji dio bikinija sastavni je dio svake garderobe za odmor!<\/p>\n<p>Izra\u0111ene su prema va\u0161im mjerama,\nte mo\u017eete odabrati ne samo boje ve\u0107 i vrstu pokrivenosti koju \u017eelite. Bez obzira \u017eelite li klasi\u010dne ga\u0107ice, brazilski kroj ili tange, mo\u017eete zatra\u017eiti \u017eeljenu vrstu ga\u0107ica prilikom naru\u010divanja.<\/p>\n<p>S obzirom da ove ga\u0107ice mogu biti reverzibilne, mo\u017eete dobiti dva razli\u010dita look-a u jednom paru! Tako\u0111er, mo\u017eete odabrati i samo jednu boju, kao \u0161to je vidljivo na fotografijama s crvenim bikinijem.<\/p>\n<p>Mo\u017eete odabrati tkanine koje \u017eelite za izradu. Ako \u017eelite kombinaciju dviju tkanina na bikiniju, odaberite svoju primarnu boju prilikom narud\u017ebe i ostavite napomenu o drugoj boji na pole\u0111ini koju \u017eelite.<\/p>\n<p>Boja na slikama: siva<\/p>\n<p>&nbsp;<\/p>\n<p>Lycra:\u00a080% poliester 20% elastan<\/p>","protected":false},"excerpt":{"rendered":"<p data-start=\"62\" data-end=\"139\">Reverzibilni donji dio bikinija u va\u0161em omiljenom kroju i boji.<\/p>\n<ul data-start=\"140\" data-end=\"304\" data-is-last-node=\"\" data-is-only-node=\"\">\n<li data-start=\"140\" data-end=\"199\">\n<p data-start=\"142\" data-end=\"199\">Odaberite svoj kroj: klasi\u010dne, brazilke ili tange<\/p>\n<\/li>\n<li data-start=\"200\" data-end=\"249\">\n<p data-start=\"202\" data-end=\"249\">Reverzibilan dizajn<\/p>\n<\/li>\n<li data-start=\"250\" data-end=\"304\" data-is-last-node=\"\">\n<p data-start=\"252\" data-end=\"304\" data-is-last-node=\"\">Izra\u0111ene za vas u odabranom materijalu<\/p>\n<\/li>\n<\/ul>","protected":false},"featured_media":1570,"comment_status":"open","ping_status":"closed","template":"","meta":{"inline_featured_image":false,"_uag_custom_page_level_css":"","site-sidebar-layout":"default","site-content-layout":"","ast-site-content-layout":"default","site-content-style":"default","site-sidebar-style":"default","ast-global-header-display":"","ast-banner-title-visibility":"","ast-main-header-display":"","ast-hfb-above-header-display":"","ast-hfb-below-header-display":"","ast-hfb-mobile-header-display":"","site-post-title":"","ast-breadcrumbs-content":"","ast-featured-img":"","footer-sml-layout":"","ast-disable-related-posts":"","theme-transparent-header-meta":"default","adv-header-id-meta":"","stick-header-meta":"","header-above-stick-meta":"","header-main-stick-meta":"","header-below-stick-meta":"","astra-migrate-meta-layouts":"set","ast-page-background-enabled":"default","ast-page-background-meta":{"desktop":{"background-color":"var(--ast-global-color-4)","background-image":"","background-repeat":"repeat","background-position":"center center","background-size":"auto","background-attachment":"scroll","background-type":"","background-media":"","overlay-type":"","overlay-color":"","overlay-opacity":"","overlay-gradient":""},"tablet":{"background-color":"","background-image":"","background-repeat":"repeat","background-position":"center center","background-size":"auto","background-attachment":"scroll","background-type":"","background-media":"","overlay-type":"","overlay-color":"","overlay-opacity":"","overlay-gradient":""},"mobile":{"background-color":"","background-image":"","background-repeat":"repeat","background-position":"center center","background-size":"auto","background-attachment":"scroll","background-type":"","background-media":"","overlay-type":"","overlay-color":"","overlay-opacity":"","overlay-gradient":""}},"ast-content-background-meta":{"desktop":{"background-color":"var(--ast-global-color-5)","background-image":"","background-repeat":"repeat","background-position":"center center","background-size":"auto","background-attachment":"scroll","background-type":"","background-media":"","overlay-type":"","overlay-color":"","overlay-opacity":"","overlay-gradient":""},"tablet":{"background-color":"var(--ast-global-color-5)","background-image":"","background-repeat":"repeat","background-position":"center center","background-size":"auto","background-attachment":"scroll","background-type":"","background-media":"","overlay-type":"","overlay-color":"","overlay-opacity":"","overlay-gradient":""},"mobile":{"background-color":"var(--ast-global-color-5)","background-image":"","background-repeat":"repeat","background-position":"center center","background-size":"auto","background-attachment":"scroll","background-type":"","background-media":"","overlay-type":"","overlay-color":"","overlay-opacity":"","overlay-gradient":""}}},"product_brand":[38],"product_cat":[43],"product_tag":[],"class_list":{"0":"post-1568","1":"product","2":"type-product","3":"status-publish","4":"has-post-thumbnail","6":"product_brand-shobain","7":"product_cat-swimwear","8":"desktop-align-center","9":"tablet-align-center","10":"mobile-align-center","12":"first","13":"instock","14":"shipping-taxable","15":"purchasable","16":"product-type-simple"},"aioseo_notices":[],"uagb_featured_image_src":{"full":["https:\/\/shobain.com\/wp-content\/uploads\/2025\/07\/reversible-bikini-bottoms.jpeg",777,971,false],"thumbnail":["https:\/\/shobain.com\/wp-content\/uploads\/2025\/07\/reversible-bikini-bottoms-150x150.jpeg",150,150,true],"medium":["https:\/\/shobain.com\/wp-content\/uploads\/2025\/07\/reversible-bikini-bottoms-240x300.jpeg",240,300,true],"medium_large":["https:\/\/shobain.com\/wp-content\/uploads\/2025\/07\/reversible-bikini-bottoms-768x960.jpeg",768,960,true],"large":["https:\/\/shobain.com\/wp-content\/uploads\/2025\/07\/reversible-bikini-bottoms.jpeg",777,971,false],"1536x1536":["https:\/\/shobain.com\/wp-content\/uploads\/2025\/07\/reversible-bikini-bottoms.jpeg",777,971,false],"2048x2048":["https:\/\/shobain.com\/wp-content\/uploads\/2025\/07\/reversible-bikini-bottoms.jpeg",777,971,false],"trp-custom-language-flag":["https:\/\/shobain.com\/wp-content\/uploads\/2025\/07\/reversible-bikini-bottoms.jpeg",10,12,false],"mailpoet_newsletter_max":["https:\/\/shobain.com\/wp-content\/uploads\/2025\/07\/reversible-bikini-bottoms.jpeg",777,971,false],"woocommerce_thumbnail":["https:\/\/shobain.com\/wp-content\/uploads\/2025\/07\/reversible-bikini-bottoms-300x375.jpeg",300,375,true],"woocommerce_single":["https:\/\/shobain.com\/wp-content\/uploads\/2025\/07\/reversible-bikini-bottoms-600x750.jpeg",600,750,true],"woocommerce_gallery_thumbnail":["https:\/\/shobain.com\/wp-content\/uploads\/2025\/07\/reversible-bikini-bottoms-100x100.jpeg",100,100,true]},"uagb_author_info":{"display_name":"Laura Roman","author_link":"https:\/\/shobain.com\/hr\/author\/"},"uagb_comment_info":0,"uagb_excerpt":"Custom-fit reversible bikini bottoms in your favorite cut and colorway. Choose your coverage: brief, cheeky Brazilian, or thong Reversible design for two unique looks in one Handmade to your measurements in your chosen fabrics","_links":{"self":[{"href":"https:\/\/shobain.com\/hr\/wp-json\/wp\/v2\/product\/1568","targetHints":{"allow":["GET"]}}],"collection":[{"href":"https:\/\/shobain.com\/hr\/wp-json\/wp\/v2\/product"}],"about":[{"href":"https:\/\/shobain.com\/hr\/wp-json\/wp\/v2\/types\/product"}],"replies":[{"embeddable":true,"href":"https:\/\/shobain.com\/hr\/wp-json\/wp\/v2\/comments?post=1568"}],"wp:featuredmedia":[{"embeddable":true,"href":"https:\/\/shobain.com\/hr\/wp-json\/wp\/v2\/media\/1570"}],"wp:attachment":[{"href":"https:\/\/shobain.com\/hr\/wp-json\/wp\/v2\/media?parent=1568"}],"wp:term":[{"taxonomy":"product_brand","embeddable":true,"href":"https:\/\/shobain.com\/hr\/wp-json\/wp\/v2\/product_brand?post=1568"},{"taxonomy":"product_cat","embeddable":true,"href":"https:\/\/shobain.com\/hr\/wp-json\/wp\/v2\/product_cat?post=1568"},{"taxonomy":"product_tag","embeddable":true,"href":"https:\/\/shobain.com\/hr\/wp-json\/wp\/v2\/product_tag?post=1568"}],"curies":[{"name":"wp","href":"https:\/\/api.w.org\/{rel}","templated":true}]}}