{"id":1572,"date":"2025-07-28T11:36:13","date_gmt":"2025-07-28T09:36:13","guid":{"rendered":"https:\/\/shobain.com\/?post_type=product&#038;p=1572"},"modified":"2026-02-16T10:52:16","modified_gmt":"2026-02-16T08:52:16","slug":"high-waist-bikini-bottoms","status":"publish","type":"product","link":"https:\/\/shobain.com\/hr\/proizvod\/high-waist-bikini-bottoms\/","title":{"rendered":"Reverzibilne Bikini Ga\u0107ice Visokog Struka"},"content":{"rendered":"<p>Klasi\u010dan bikini visokog struka koji mo\u017eete u potpunosti personalizirati! Kombinacija klasi\u010dne siluete i modernih tonova kreiraju bikini koji \u0107e vam odli\u010dno pristajati i postati jedan od favorita!<\/p>\n<p>Ove kupa\u0107e ga\u0107ice su reverzibline, \u0161to zna\u010di da se mogu nositi s obje strane. Napravljene su prema va\u0161im mjerama, te vi birate i tkanine koje \u017eelite i razinu pokrivenosti stra\u017enje strane.<\/p>\n<p>S obzirom da ove ga\u0107ice mogu biti reverzibilne, mo\u017eete dobiti dva razli\u010dita look-a u jednom paru! Tako\u0111er, mo\u017eete odabrati i samo jednu boju, kao \u0161to je vidljivo na fotografijama s crvenim bikinijem.<\/p>\n<p>Dostupne su brojne boje, a ako \u017eelite kombinaciju dvije boje na svom bikiniju, prilikom narud\u017ebe odaberite svoju primarnu boju i navedite drugu boju koju \u017eelite prilikom dovr\u0161etka narud\u017ebe.<\/p>\n<p>Boje na slikama: bordo<\/p>\n<p>&nbsp;<\/p>\n<p>Lycra:\u00a080% poliester 20% elastan<\/p>","protected":false},"excerpt":{"rendered":"<article class=\"text-token-text-primary w-full focus:outline-none scroll-mt-[calc(var(--header-height)+min(200px,max(70px,20svh)))]\" dir=\"auto\" tabindex=\"-1\" data-testid=\"conversation-turn-138\" data-scroll-anchor=\"true\" data-turn=\"assistant\">\n<div class=\"text-base my-auto mx-auto pb-10 [--thread-content-margin:--spacing(4)] @[37rem]:[--thread-content-margin:--spacing(6)] @[72rem]:[--thread-content-margin:--spacing(16)] px-(--thread-content-margin)\">\n<div class=\"[--thread-content-max-width:32rem] @[34rem]:[--thread-content-max-width:40rem] @[64rem]:[--thread-content-max-width:48rem] mx-auto max-w-(--thread-content-max-width) flex-1 group\/turn-messages focus-visible:outline-hidden relative flex w-full min-w-0 flex-col agent-turn\" tabindex=\"-1\">\n<div class=\"flex max-w-full flex-col grow\">\n<div class=\"min-h-8 text-message relative flex w-full flex-col items-end gap-2 text-start break-words whitespace-normal [.text-message+&amp;]:mt-5\" dir=\"auto\" data-message-author-role=\"assistant\" data-message-id=\"fcb9cbd9-d226-434c-ac99-df33712b7e33\" data-message-model-slug=\"gpt-4o\">\n<div class=\"flex w-full flex-col gap-1 empty:hidden first:pt-[3px]\">\n<div class=\"markdown prose dark:prose-invert w-full break-words light\">\n<p data-start=\"0\" data-end=\"77\">Flattering, reversible high-waist bikini bottoms tailored just for you.<\/p>\n<ul data-start=\"78\" data-end=\"243\" data-is-last-node=\"\" data-is-only-node=\"\">\n<li data-start=\"78\" data-end=\"145\">\n<p data-start=\"80\" data-end=\"145\">Custom-fit with your choice of brief, cheeky, or thong coverage<\/p>\n<\/li>\n<li data-start=\"146\" data-end=\"191\">\n<p data-start=\"148\" data-end=\"191\">Reversible for two versatile looks in one<\/p>\n<\/li>\n<li data-start=\"192\" data-end=\"243\" data-is-last-node=\"\">\n<p data-start=\"194\" data-end=\"243\" data-is-last-node=\"\">Classic silhouette meets modern prints and colors<\/p>\n<\/li>\n<\/ul>\n<\/div>\n<\/div>\n<\/div>\n<\/div>\n<div class=\"mx-[var(--mini-thread-content-inset)]\">\n<div class=\"flex min-h-[46px] justify-start\"><\/div>\n<\/div>\n<\/div>\n<\/div>\n<\/article>\n<div class=\"pointer-events-none h-px w-px\" aria-hidden=\"true\" data-edge=\"true\"><\/div>\n","protected":false},"featured_media":1566,"comment_status":"open","ping_status":"closed","template":"","meta":{"inline_featured_image":false,"_uag_custom_page_level_css":"","site-sidebar-layout":"default","site-content-layout":"","ast-site-content-layout":"default","site-content-style":"default","site-sidebar-style":"default","ast-global-header-display":"","ast-banner-title-visibility":"","ast-main-header-display":"","ast-hfb-above-header-display":"","ast-hfb-below-header-display":"","ast-hfb-mobile-header-display":"","site-post-title":"","ast-breadcrumbs-content":"","ast-featured-img":"","footer-sml-layout":"","ast-disable-related-posts":"","theme-transparent-header-meta":"default","adv-header-id-meta":"","stick-header-meta":"","header-above-stick-meta":"","header-main-stick-meta":"","header-below-stick-meta":"","astra-migrate-meta-layouts":"set","ast-page-background-enabled":"default","ast-page-background-meta":{"desktop":{"background-color":"var(--ast-global-color-4)","background-image":"","background-repeat":"repeat","background-position":"center center","background-size":"auto","background-attachment":"scroll","background-type":"","background-media":"","overlay-type":"","overlay-color":"","overlay-opacity":"","overlay-gradient":""},"tablet":{"background-color":"","background-image":"","background-repeat":"repeat","background-position":"center center","background-size":"auto","background-attachment":"scroll","background-type":"","background-media":"","overlay-type":"","overlay-color":"","overlay-opacity":"","overlay-gradient":""},"mobile":{"background-color":"","background-image":"","background-repeat":"repeat","background-position":"center center","background-size":"auto","background-attachment":"scroll","background-type":"","background-media":"","overlay-type":"","overlay-color":"","overlay-opacity":"","overlay-gradient":""}},"ast-content-background-meta":{"desktop":{"background-color":"var(--ast-global-color-5)","background-image":"","background-repeat":"repeat","background-position":"center center","background-size":"auto","background-attachment":"scroll","background-type":"","background-media":"","overlay-type":"","overlay-color":"","overlay-opacity":"","overlay-gradient":""},"tablet":{"background-color":"var(--ast-global-color-5)","background-image":"","background-repeat":"repeat","background-position":"center center","background-size":"auto","background-attachment":"scroll","background-type":"","background-media":"","overlay-type":"","overlay-color":"","overlay-opacity":"","overlay-gradient":""},"mobile":{"background-color":"var(--ast-global-color-5)","background-image":"","background-repeat":"repeat","background-position":"center center","background-size":"auto","background-attachment":"scroll","background-type":"","background-media":"","overlay-type":"","overlay-color":"","overlay-opacity":"","overlay-gradient":""}}},"product_brand":[38],"product_cat":[43],"product_tag":[138],"class_list":{"0":"post-1572","1":"product","2":"type-product","3":"status-publish","4":"has-post-thumbnail","6":"product_brand-shobain","7":"product_cat-swimwear","8":"product_tag-bikini-bottoms","9":"desktop-align-center","10":"tablet-align-center","11":"mobile-align-center","13":"first","14":"instock","15":"shipping-taxable","16":"purchasable","17":"product-type-simple"},"aioseo_notices":[],"uagb_featured_image_src":{"full":["https:\/\/shobain.com\/wp-content\/uploads\/2025\/07\/shoulder-tie-bikini-top-Copy.jpeg",791,987,false],"thumbnail":["https:\/\/shobain.com\/wp-content\/uploads\/2025\/07\/shoulder-tie-bikini-top-Copy-150x150.jpeg",150,150,true],"medium":["https:\/\/shobain.com\/wp-content\/uploads\/2025\/07\/shoulder-tie-bikini-top-Copy-240x300.jpeg",240,300,true],"medium_large":["https:\/\/shobain.com\/wp-content\/uploads\/2025\/07\/shoulder-tie-bikini-top-Copy-768x958.jpeg",768,958,true],"large":["https:\/\/shobain.com\/wp-content\/uploads\/2025\/07\/shoulder-tie-bikini-top-Copy.jpeg",791,987,false],"1536x1536":["https:\/\/shobain.com\/wp-content\/uploads\/2025\/07\/shoulder-tie-bikini-top-Copy.jpeg",791,987,false],"2048x2048":["https:\/\/shobain.com\/wp-content\/uploads\/2025\/07\/shoulder-tie-bikini-top-Copy.jpeg",791,987,false],"trp-custom-language-flag":["https:\/\/shobain.com\/wp-content\/uploads\/2025\/07\/shoulder-tie-bikini-top-Copy.jpeg",10,12,false],"mailpoet_newsletter_max":["https:\/\/shobain.com\/wp-content\/uploads\/2025\/07\/shoulder-tie-bikini-top-Copy.jpeg",791,987,false],"woocommerce_thumbnail":["https:\/\/shobain.com\/wp-content\/uploads\/2025\/07\/shoulder-tie-bikini-top-Copy-300x375.jpeg",300,375,true],"woocommerce_single":["https:\/\/shobain.com\/wp-content\/uploads\/2025\/07\/shoulder-tie-bikini-top-Copy-600x749.jpeg",600,749,true],"woocommerce_gallery_thumbnail":["https:\/\/shobain.com\/wp-content\/uploads\/2025\/07\/shoulder-tie-bikini-top-Copy-100x100.jpeg",100,100,true]},"uagb_author_info":{"display_name":"Laura Roman","author_link":"https:\/\/shobain.com\/hr\/author\/"},"uagb_comment_info":0,"uagb_excerpt":"Flattering, reversible high-waist bikini bottoms tailored just for you. Custom-fit with your choice of brief, cheeky, or thong coverage Reversible for two versatile looks in one Classic silhouette meets modern prints and colors","_links":{"self":[{"href":"https:\/\/shobain.com\/hr\/wp-json\/wp\/v2\/product\/1572","targetHints":{"allow":["GET"]}}],"collection":[{"href":"https:\/\/shobain.com\/hr\/wp-json\/wp\/v2\/product"}],"about":[{"href":"https:\/\/shobain.com\/hr\/wp-json\/wp\/v2\/types\/product"}],"replies":[{"embeddable":true,"href":"https:\/\/shobain.com\/hr\/wp-json\/wp\/v2\/comments?post=1572"}],"wp:featuredmedia":[{"embeddable":true,"href":"https:\/\/shobain.com\/hr\/wp-json\/wp\/v2\/media\/1566"}],"wp:attachment":[{"href":"https:\/\/shobain.com\/hr\/wp-json\/wp\/v2\/media?parent=1572"}],"wp:term":[{"taxonomy":"product_brand","embeddable":true,"href":"https:\/\/shobain.com\/hr\/wp-json\/wp\/v2\/product_brand?post=1572"},{"taxonomy":"product_cat","embeddable":true,"href":"https:\/\/shobain.com\/hr\/wp-json\/wp\/v2\/product_cat?post=1572"},{"taxonomy":"product_tag","embeddable":true,"href":"https:\/\/shobain.com\/hr\/wp-json\/wp\/v2\/product_tag?post=1572"}],"curies":[{"name":"wp","href":"https:\/\/api.w.org\/{rel}","templated":true}]}}