{"id":1573,"date":"2025-07-28T11:54:24","date_gmt":"2025-07-28T09:54:24","guid":{"rendered":"https:\/\/shobain.com\/?post_type=product&#038;p=1573"},"modified":"2026-02-16T10:54:42","modified_gmt":"2026-02-16T08:54:42","slug":"tie-bikini-bottoms","status":"publish","type":"product","link":"https:\/\/shobain.com\/hr\/proizvod\/tie-bikini-bottoms\/","title":{"rendered":"Bikini ga\u0107ice na vezanje"},"content":{"rendered":"<p>Klasi\u010dne ga\u0107ice na vezanje koje se u potpunosti mogu prilagoditi va\u0161im \u017eeljama!<\/p>\n<p><strong>Karakteristike:<\/strong><\/p>\n<ul>\n<li><em>klasi\u010dna silueta<\/em><\/li>\n<li><em>potpuno podesive sa obje strane<\/em><\/li>\n<li><em>kroj koji pru\u017ea ve\u0107u pokrivenost na stra\u017enjoj strani<\/em><\/li>\n<li><em>izra\u0111eno od materijala koje vi odaberete<\/em><\/li>\n<li><em>mogu biti reverzibilne<\/em><\/li>\n<li><em>izra\u0111ene samo za vas<\/em><\/li>\n<\/ul>\n<p>Ove klasi\u010dne bikini ga\u0107ice pru\u017eaju vam ve\u0107u pokrivenost na stra\u017enjoj strani, te donose da\u0161ak razigranosti sa vezicama koje se nalaze s obje strane. Ga\u0107ice su u potpunosti podesive te ih mo\u017eete stisnuti prema svojim \u017eeljama i potrebama!\nVi odabirete materijale od kojih \u017eelite da va\u0161e bikini ga\u0107ice budu izra\u0111ene. Ukoliko \u017eelite da ga\u0107ice budu reverzibilne, odaberite glavni materijal me\u0111u dostupnim opcijama u meniju \"boje\", te uz narud\u017ebu u poruci napi\u0161ite materijal koji biste \u017eeljeli sa druge strane ga\u0107ica. Upotpu<\/p>\n<p>Upotpunite svoj ljetni izgled gornjim dijelom bikinija po izboru.<\/p>\n<p>&nbsp;<\/p>\n<p>Lycra:\u00a080% poliester 20% elastan<\/p>","protected":false},"excerpt":{"rendered":"<p data-start=\"0\" data-end=\"68\"><strong data-start=\"0\" data-end=\"66\">Klasi\u010dne bikini ga\u0107ice sa zabavnim vezicama.<\/strong><\/p>\n<ul data-start=\"69\" data-end=\"222\" data-is-last-node=\"\" data-is-only-node=\"\">\n<li data-start=\"69\" data-end=\"116\">\n<p data-start=\"71\" data-end=\"116\">U potpunosti podesivo vezanje s obje strane<\/p>\n<\/li>\n<li data-start=\"117\" data-end=\"172\">\n<p data-start=\"119\" data-end=\"172\">Mogu biti reverzibilne i izra\u0111ene u dvije razli\u010dite tkanine<\/p>\n<\/li>\n<li data-start=\"173\" data-end=\"222\" data-is-last-node=\"\">\n<p data-start=\"175\" data-end=\"222\" data-is-last-node=\"\">Izra\u0111ene za vas u odabranom materijalu<\/p>\n<\/li>\n<\/ul>","protected":false},"featured_media":1577,"comment_status":"open","ping_status":"closed","template":"","meta":{"inline_featured_image":false,"_uag_custom_page_level_css":"","site-sidebar-layout":"default","site-content-layout":"","ast-site-content-layout":"default","site-content-style":"default","site-sidebar-style":"default","ast-global-header-display":"","ast-banner-title-visibility":"","ast-main-header-display":"","ast-hfb-above-header-display":"","ast-hfb-below-header-display":"","ast-hfb-mobile-header-display":"","site-post-title":"","ast-breadcrumbs-content":"","ast-featured-img":"","footer-sml-layout":"","ast-disable-related-posts":"","theme-transparent-header-meta":"default","adv-header-id-meta":"","stick-header-meta":"","header-above-stick-meta":"","header-main-stick-meta":"","header-below-stick-meta":"","astra-migrate-meta-layouts":"set","ast-page-background-enabled":"default","ast-page-background-meta":{"desktop":{"background-color":"var(--ast-global-color-4)","background-image":"","background-repeat":"repeat","background-position":"center center","background-size":"auto","background-attachment":"scroll","background-type":"","background-media":"","overlay-type":"","overlay-color":"","overlay-opacity":"","overlay-gradient":""},"tablet":{"background-color":"","background-image":"","background-repeat":"repeat","background-position":"center center","background-size":"auto","background-attachment":"scroll","background-type":"","background-media":"","overlay-type":"","overlay-color":"","overlay-opacity":"","overlay-gradient":""},"mobile":{"background-color":"","background-image":"","background-repeat":"repeat","background-position":"center center","background-size":"auto","background-attachment":"scroll","background-type":"","background-media":"","overlay-type":"","overlay-color":"","overlay-opacity":"","overlay-gradient":""}},"ast-content-background-meta":{"desktop":{"background-color":"var(--ast-global-color-5)","background-image":"","background-repeat":"repeat","background-position":"center center","background-size":"auto","background-attachment":"scroll","background-type":"","background-media":"","overlay-type":"","overlay-color":"","overlay-opacity":"","overlay-gradient":""},"tablet":{"background-color":"var(--ast-global-color-5)","background-image":"","background-repeat":"repeat","background-position":"center center","background-size":"auto","background-attachment":"scroll","background-type":"","background-media":"","overlay-type":"","overlay-color":"","overlay-opacity":"","overlay-gradient":""},"mobile":{"background-color":"var(--ast-global-color-5)","background-image":"","background-repeat":"repeat","background-position":"center center","background-size":"auto","background-attachment":"scroll","background-type":"","background-media":"","overlay-type":"","overlay-color":"","overlay-opacity":"","overlay-gradient":""}}},"product_brand":[38],"product_cat":[43],"product_tag":[138],"class_list":{"0":"post-1573","1":"product","2":"type-product","3":"status-publish","4":"has-post-thumbnail","6":"product_brand-shobain","7":"product_cat-swimwear","8":"product_tag-bikini-bottoms","9":"desktop-align-center","10":"tablet-align-center","11":"mobile-align-center","13":"first","14":"instock","15":"shipping-taxable","16":"purchasable","17":"product-type-simple"},"aioseo_notices":[],"uagb_featured_image_src":{"full":["https:\/\/shobain.com\/wp-content\/uploads\/2025\/07\/tie-bikini-bottoms.jpeg",1025,1282,false],"thumbnail":["https:\/\/shobain.com\/wp-content\/uploads\/2025\/07\/tie-bikini-bottoms-150x150.jpeg",150,150,true],"medium":["https:\/\/shobain.com\/wp-content\/uploads\/2025\/07\/tie-bikini-bottoms-240x300.jpeg",240,300,true],"medium_large":["https:\/\/shobain.com\/wp-content\/uploads\/2025\/07\/tie-bikini-bottoms-768x961.jpeg",768,961,true],"large":["https:\/\/shobain.com\/wp-content\/uploads\/2025\/07\/tie-bikini-bottoms-819x1024.jpeg",819,1024,true],"1536x1536":["https:\/\/shobain.com\/wp-content\/uploads\/2025\/07\/tie-bikini-bottoms.jpeg",1025,1282,false],"2048x2048":["https:\/\/shobain.com\/wp-content\/uploads\/2025\/07\/tie-bikini-bottoms.jpeg",1025,1282,false],"trp-custom-language-flag":["https:\/\/shobain.com\/wp-content\/uploads\/2025\/07\/tie-bikini-bottoms.jpeg",10,12,false],"mailpoet_newsletter_max":["https:\/\/shobain.com\/wp-content\/uploads\/2025\/07\/tie-bikini-bottoms.jpeg",1025,1282,false],"woocommerce_thumbnail":["https:\/\/shobain.com\/wp-content\/uploads\/2025\/07\/tie-bikini-bottoms-300x375.jpeg",300,375,true],"woocommerce_single":["https:\/\/shobain.com\/wp-content\/uploads\/2025\/07\/tie-bikini-bottoms-600x750.jpeg",600,750,true],"woocommerce_gallery_thumbnail":["https:\/\/shobain.com\/wp-content\/uploads\/2025\/07\/tie-bikini-bottoms-100x100.jpeg",100,100,true]},"uagb_author_info":{"display_name":"Laura Roman","author_link":"https:\/\/shobain.com\/hr\/author\/"},"uagb_comment_info":0,"uagb_excerpt":"Classic full-coverage tie bikini bottoms with a playful twist. Fully adjustable side ties for a custom fit Reversible option: choose two fabrics for two looks Made to your measurements in your chosen fabric","_links":{"self":[{"href":"https:\/\/shobain.com\/hr\/wp-json\/wp\/v2\/product\/1573","targetHints":{"allow":["GET"]}}],"collection":[{"href":"https:\/\/shobain.com\/hr\/wp-json\/wp\/v2\/product"}],"about":[{"href":"https:\/\/shobain.com\/hr\/wp-json\/wp\/v2\/types\/product"}],"replies":[{"embeddable":true,"href":"https:\/\/shobain.com\/hr\/wp-json\/wp\/v2\/comments?post=1573"}],"wp:featuredmedia":[{"embeddable":true,"href":"https:\/\/shobain.com\/hr\/wp-json\/wp\/v2\/media\/1577"}],"wp:attachment":[{"href":"https:\/\/shobain.com\/hr\/wp-json\/wp\/v2\/media?parent=1573"}],"wp:term":[{"taxonomy":"product_brand","embeddable":true,"href":"https:\/\/shobain.com\/hr\/wp-json\/wp\/v2\/product_brand?post=1573"},{"taxonomy":"product_cat","embeddable":true,"href":"https:\/\/shobain.com\/hr\/wp-json\/wp\/v2\/product_cat?post=1573"},{"taxonomy":"product_tag","embeddable":true,"href":"https:\/\/shobain.com\/hr\/wp-json\/wp\/v2\/product_tag?post=1573"}],"curies":[{"name":"wp","href":"https:\/\/api.w.org\/{rel}","templated":true}]}}