{"id":1579,"date":"2025-07-28T12:01:01","date_gmt":"2025-07-28T10:01:01","guid":{"rendered":"https:\/\/shobain.com\/?post_type=product&#038;p=1579"},"modified":"2026-02-16T10:54:32","modified_gmt":"2026-02-16T08:54:32","slug":"reversible-triangle-bikini-top","status":"publish","type":"product","link":"https:\/\/shobain.com\/hr\/proizvod\/reversible-triangle-bikini-top\/","title":{"rendered":"Trokutasti Bikini Top"},"content":{"rendered":"<p>Klasik koji mo\u017eete nositi na vi\u0161e na\u010dina: Shobain trokutasti bikini top!<\/p>\n<p><strong>Karakteristike:<\/strong><\/p>\n<ul>\n<li><em>Klasi\u010dan trokutasti kroj<\/em><\/li>\n<li><em>Duge trakice za pode\u0161avanje<\/em><\/li>\n<li><em>Mo\u017ee se nositi na vi\u0161e na\u010dina<\/em><\/li>\n<li><em>Mo\u017ee biti izra\u0111en od dvije razli\u010dite tkanine i reverzibilan<\/em><\/li>\n<li><em>Izra\u0111eno prema va\u0161im mjerama\u00a0<\/em><\/li>\n<\/ul>\n<p>Omiljeni trokutasti bikini top sada dolazi sa duga\u010dkim naramenicama koje vam omogu\u0107uju da ga nosite na nekoliko razli\u010ditih na\u010dina i tako u potpunosti izmjenite svoj look sa samo jednim komadom! Bikini top izra\u0111en je prema va\u0161im mjerama i \u017eeljama, te vi birate materijale od kojih \u017eelite da bude izra\u0111en.\n\nBikini mo\u017ee biti reverzibilan, odnosno izra\u0111en od dva razli\u010dita materijala, svaki sa svoje strane te tako dobivate 2 u 1. Prilikom narud\u017ebe odaberite materijal od kojeg \u017eelite da bikini bude izra\u0111en, te sa narud\u017ebom ostavite poruku sa drugim materijalom kojeg ste odabrali.<\/p>\n<p>Materijal na modelu na slikama: print crveno more.<\/p>\n<p>&nbsp;<\/p>\n<div class=\"rah-static rah-static--height-auto\" aria-hidden=\"false\">\n<div>\n<div class=\"ulKuLk QfrfFD cell\">\n<div class=\"zp8uy2\" data-hook=\"info-section-description\">\n<p>Lycra:\u00a080% poliester 20% elastan<\/p>\n<\/div>\n<\/div>\n<\/div>\n<\/div>","protected":false},"excerpt":{"rendered":"<p data-start=\"0\" data-end=\"70\">Klasi\u010dan kroj sa modernim iznena\u0111enjem: trokutasti bikini top.<\/p>\n<ul data-start=\"71\" data-end=\"239\" data-is-last-node=\"\" data-is-only-node=\"\">\n<li data-start=\"71\" data-end=\"126\">\n<p data-start=\"73\" data-end=\"126\">Duge trakice omogu\u0107uju razli\u010dito stiliziranje i no\u0161enje<\/p>\n<\/li>\n<li data-start=\"127\" data-end=\"187\">\n<p data-start=\"129\" data-end=\"187\">Reverzibilan i izra\u0111en u tkaninama po va\u0161em izboru<\/p>\n<\/li>\n<li data-start=\"188\" data-end=\"239\" data-is-last-node=\"\">\n<p data-start=\"190\" data-end=\"239\" data-is-last-node=\"\">Klasi\u010dan trokutasti kroj, izra\u0111en samo za vas<\/p>\n<\/li>\n<\/ul>","protected":false},"featured_media":1578,"comment_status":"open","ping_status":"closed","template":"","meta":{"inline_featured_image":false,"_uag_custom_page_level_css":"","site-sidebar-layout":"default","site-content-layout":"","ast-site-content-layout":"default","site-content-style":"default","site-sidebar-style":"default","ast-global-header-display":"","ast-banner-title-visibility":"","ast-main-header-display":"","ast-hfb-above-header-display":"","ast-hfb-below-header-display":"","ast-hfb-mobile-header-display":"","site-post-title":"","ast-breadcrumbs-content":"","ast-featured-img":"","footer-sml-layout":"","ast-disable-related-posts":"","theme-transparent-header-meta":"default","adv-header-id-meta":"","stick-header-meta":"","header-above-stick-meta":"","header-main-stick-meta":"","header-below-stick-meta":"","astra-migrate-meta-layouts":"set","ast-page-background-enabled":"default","ast-page-background-meta":{"desktop":{"background-color":"var(--ast-global-color-4)","background-image":"","background-repeat":"repeat","background-position":"center center","background-size":"auto","background-attachment":"scroll","background-type":"","background-media":"","overlay-type":"","overlay-color":"","overlay-opacity":"","overlay-gradient":""},"tablet":{"background-color":"","background-image":"","background-repeat":"repeat","background-position":"center center","background-size":"auto","background-attachment":"scroll","background-type":"","background-media":"","overlay-type":"","overlay-color":"","overlay-opacity":"","overlay-gradient":""},"mobile":{"background-color":"","background-image":"","background-repeat":"repeat","background-position":"center center","background-size":"auto","background-attachment":"scroll","background-type":"","background-media":"","overlay-type":"","overlay-color":"","overlay-opacity":"","overlay-gradient":""}},"ast-content-background-meta":{"desktop":{"background-color":"var(--ast-global-color-5)","background-image":"","background-repeat":"repeat","background-position":"center center","background-size":"auto","background-attachment":"scroll","background-type":"","background-media":"","overlay-type":"","overlay-color":"","overlay-opacity":"","overlay-gradient":""},"tablet":{"background-color":"var(--ast-global-color-5)","background-image":"","background-repeat":"repeat","background-position":"center center","background-size":"auto","background-attachment":"scroll","background-type":"","background-media":"","overlay-type":"","overlay-color":"","overlay-opacity":"","overlay-gradient":""},"mobile":{"background-color":"var(--ast-global-color-5)","background-image":"","background-repeat":"repeat","background-position":"center center","background-size":"auto","background-attachment":"scroll","background-type":"","background-media":"","overlay-type":"","overlay-color":"","overlay-opacity":"","overlay-gradient":""}}},"product_brand":[38],"product_cat":[43],"product_tag":[137],"class_list":{"0":"post-1579","1":"product","2":"type-product","3":"status-publish","4":"has-post-thumbnail","6":"product_brand-shobain","7":"product_cat-swimwear","8":"product_tag-bikini-top","9":"desktop-align-center","10":"tablet-align-center","11":"mobile-align-center","13":"first","14":"instock","15":"shipping-taxable","16":"purchasable","17":"product-type-simple"},"aioseo_notices":[],"uagb_featured_image_src":{"full":["https:\/\/shobain.com\/wp-content\/uploads\/2025\/07\/triangle-bikini-top.jpeg",1152,1440,false],"thumbnail":["https:\/\/shobain.com\/wp-content\/uploads\/2025\/07\/triangle-bikini-top-150x150.jpeg",150,150,true],"medium":["https:\/\/shobain.com\/wp-content\/uploads\/2025\/07\/triangle-bikini-top-240x300.jpeg",240,300,true],"medium_large":["https:\/\/shobain.com\/wp-content\/uploads\/2025\/07\/triangle-bikini-top-768x960.jpeg",768,960,true],"large":["https:\/\/shobain.com\/wp-content\/uploads\/2025\/07\/triangle-bikini-top-819x1024.jpeg",819,1024,true],"1536x1536":["https:\/\/shobain.com\/wp-content\/uploads\/2025\/07\/triangle-bikini-top.jpeg",1152,1440,false],"2048x2048":["https:\/\/shobain.com\/wp-content\/uploads\/2025\/07\/triangle-bikini-top.jpeg",1152,1440,false],"trp-custom-language-flag":["https:\/\/shobain.com\/wp-content\/uploads\/2025\/07\/triangle-bikini-top.jpeg",10,12,false],"mailpoet_newsletter_max":["https:\/\/shobain.com\/wp-content\/uploads\/2025\/07\/triangle-bikini-top.jpeg",1152,1440,false],"woocommerce_thumbnail":["https:\/\/shobain.com\/wp-content\/uploads\/2025\/07\/triangle-bikini-top-300x375.jpeg",300,375,true],"woocommerce_single":["https:\/\/shobain.com\/wp-content\/uploads\/2025\/07\/triangle-bikini-top-600x750.jpeg",600,750,true],"woocommerce_gallery_thumbnail":["https:\/\/shobain.com\/wp-content\/uploads\/2025\/07\/triangle-bikini-top-100x100.jpeg",100,100,true]},"uagb_author_info":{"display_name":"Laura Roman","author_link":"https:\/\/shobain.com\/hr\/author\/"},"uagb_comment_info":0,"uagb_excerpt":"A strappy twist on a timeless favorite: the triangle bikini top. Long adjustable straps for multiple styling options Reversible and custom-made in your choice of two fabrics Classic triangle shape, made to your measurements","_links":{"self":[{"href":"https:\/\/shobain.com\/hr\/wp-json\/wp\/v2\/product\/1579","targetHints":{"allow":["GET"]}}],"collection":[{"href":"https:\/\/shobain.com\/hr\/wp-json\/wp\/v2\/product"}],"about":[{"href":"https:\/\/shobain.com\/hr\/wp-json\/wp\/v2\/types\/product"}],"replies":[{"embeddable":true,"href":"https:\/\/shobain.com\/hr\/wp-json\/wp\/v2\/comments?post=1579"}],"wp:featuredmedia":[{"embeddable":true,"href":"https:\/\/shobain.com\/hr\/wp-json\/wp\/v2\/media\/1578"}],"wp:attachment":[{"href":"https:\/\/shobain.com\/hr\/wp-json\/wp\/v2\/media?parent=1579"}],"wp:term":[{"taxonomy":"product_brand","embeddable":true,"href":"https:\/\/shobain.com\/hr\/wp-json\/wp\/v2\/product_brand?post=1579"},{"taxonomy":"product_cat","embeddable":true,"href":"https:\/\/shobain.com\/hr\/wp-json\/wp\/v2\/product_cat?post=1579"},{"taxonomy":"product_tag","embeddable":true,"href":"https:\/\/shobain.com\/hr\/wp-json\/wp\/v2\/product_tag?post=1579"}],"curies":[{"name":"wp","href":"https:\/\/api.w.org\/{rel}","templated":true}]}}