{"id":1580,"date":"2025-07-28T12:05:23","date_gmt":"2025-07-28T10:05:23","guid":{"rendered":"https:\/\/shobain.com\/?post_type=product&#038;p=1580"},"modified":"2026-02-16T10:54:23","modified_gmt":"2026-02-16T08:54:23","slug":"v-cut-bikini-bottoms","status":"publish","type":"product","link":"https:\/\/shobain.com\/hr\/proizvod\/v-cut-bikini-bottoms\/","title":{"rendered":"Bikini ga\u0107ice V-kroja"},"content":{"rendered":"<p>V je za veliko veselje koje \u0107ete osjetiti kada na pla\u017eu do\u0111ete u bikiniju koji je izra\u0111en samo za vas!<\/p>\n<p><strong>Karakteristike:<\/strong><\/p>\n<ul>\n<li><em>v-kroj dizajn s prednje strane<\/em><\/li>\n<li><em>tri opcije ga\u0107ica: tanga, brazilke ili klasi\u010dne ga\u0107ice<\/em><\/li>\n<li><em>vi birate materijale<\/em><\/li>\n<li><em>mo\u017ee biti reverzibilan\u00a0<\/em><\/li>\n<li><em>izra\u0111ene samo za vas<\/em><\/li>\n<\/ul>\n<p>Na\u0161e ga\u0107ice v-kroja izra\u0111ene su za vas prema va\u0161im mjerama za najbolji fit i osje\u0107aj.<\/p>\n<p>Ove moderne ga\u0107ice v-kroja imaju prednji dizajn koji podsje\u0107a na slovo v. Stra\u017enja strana ga\u0107ica izra\u0111ena je prema va\u0161im \u017eeljama, te mo\u017eete birati ime\u0111u tanga, brazilskog ili klasi\u010dnog kroja.<\/p>\n<p>Kao i sa drugim Shobain kupa\u0107im kostimima, vi birate materijale od kojih \u017eelite da va\u0161 bikini bude izra\u0111en. Ukoliko \u017eelite reverzibilni bikini, odaberite glavnu tkaninu te uz narud\u017ebu ostavite poruku s nazivom materijala kojeg \u017eelite na drugoj strani kupa\u0107eg.<\/p>\n<p>Odaberite bikini top po svojim \u017eeljama kako biste kreirali svoj savr\u0161eni bikini!<\/p>\n<p>&nbsp;<\/p>\n<p>Lycra:\u00a080% poliester 20% elastan<\/p>","protected":false},"excerpt":{"rendered":"<p data-start=\"0\" data-end=\"72\">V je za veliko veselje koje \u0107ete osjetiti kada na pla\u017eu do\u0111ete u bikiniju koji je izra\u0111en samo za vas!<\/p>\n<ul data-start=\"73\" data-end=\"278\" data-is-last-node=\"\" data-is-only-node=\"\">\n<li data-start=\"73\" data-end=\"147\">\n<p data-start=\"75\" data-end=\"147\">V-kroj s prednje strane, va\u0161 izbor kroja sa stra\u017enje strane<\/p>\n<\/li>\n<li data-start=\"148\" data-end=\"214\">\n<p data-start=\"150\" data-end=\"214\">Reverzibilne i prilago\u0111ene va\u0161im mjerama<\/p>\n<\/li>\n<li data-start=\"215\" data-end=\"278\" data-is-last-node=\"\">\n<p data-start=\"217\" data-end=\"278\" data-is-last-node=\"\">Odaberite svoju omiljenu tkaninu za jedinstven dizajn<\/p>\n<\/li>\n<\/ul>","protected":false},"featured_media":1583,"comment_status":"open","ping_status":"closed","template":"","meta":{"inline_featured_image":false,"_uag_custom_page_level_css":"","site-sidebar-layout":"default","site-content-layout":"","ast-site-content-layout":"default","site-content-style":"default","site-sidebar-style":"default","ast-global-header-display":"","ast-banner-title-visibility":"","ast-main-header-display":"","ast-hfb-above-header-display":"","ast-hfb-below-header-display":"","ast-hfb-mobile-header-display":"","site-post-title":"","ast-breadcrumbs-content":"","ast-featured-img":"","footer-sml-layout":"","ast-disable-related-posts":"","theme-transparent-header-meta":"default","adv-header-id-meta":"","stick-header-meta":"","header-above-stick-meta":"","header-main-stick-meta":"","header-below-stick-meta":"","astra-migrate-meta-layouts":"set","ast-page-background-enabled":"default","ast-page-background-meta":{"desktop":{"background-color":"var(--ast-global-color-4)","background-image":"","background-repeat":"repeat","background-position":"center center","background-size":"auto","background-attachment":"scroll","background-type":"","background-media":"","overlay-type":"","overlay-color":"","overlay-opacity":"","overlay-gradient":""},"tablet":{"background-color":"","background-image":"","background-repeat":"repeat","background-position":"center center","background-size":"auto","background-attachment":"scroll","background-type":"","background-media":"","overlay-type":"","overlay-color":"","overlay-opacity":"","overlay-gradient":""},"mobile":{"background-color":"","background-image":"","background-repeat":"repeat","background-position":"center center","background-size":"auto","background-attachment":"scroll","background-type":"","background-media":"","overlay-type":"","overlay-color":"","overlay-opacity":"","overlay-gradient":""}},"ast-content-background-meta":{"desktop":{"background-color":"var(--ast-global-color-5)","background-image":"","background-repeat":"repeat","background-position":"center center","background-size":"auto","background-attachment":"scroll","background-type":"","background-media":"","overlay-type":"","overlay-color":"","overlay-opacity":"","overlay-gradient":""},"tablet":{"background-color":"var(--ast-global-color-5)","background-image":"","background-repeat":"repeat","background-position":"center center","background-size":"auto","background-attachment":"scroll","background-type":"","background-media":"","overlay-type":"","overlay-color":"","overlay-opacity":"","overlay-gradient":""},"mobile":{"background-color":"var(--ast-global-color-5)","background-image":"","background-repeat":"repeat","background-position":"center center","background-size":"auto","background-attachment":"scroll","background-type":"","background-media":"","overlay-type":"","overlay-color":"","overlay-opacity":"","overlay-gradient":""}}},"product_brand":[38],"product_cat":[43],"product_tag":[138],"class_list":{"0":"post-1580","1":"product","2":"type-product","3":"status-publish","4":"has-post-thumbnail","6":"product_brand-shobain","7":"product_cat-swimwear","8":"product_tag-bikini-bottoms","9":"desktop-align-center","10":"tablet-align-center","11":"mobile-align-center","13":"first","14":"instock","15":"shipping-taxable","16":"purchasable","17":"product-type-simple"},"aioseo_notices":[],"uagb_featured_image_src":{"full":["https:\/\/shobain.com\/wp-content\/uploads\/2025\/07\/v-cut-bikini-bottoms-front.jpeg",1079,1347,false],"thumbnail":["https:\/\/shobain.com\/wp-content\/uploads\/2025\/07\/v-cut-bikini-bottoms-front-150x150.jpeg",150,150,true],"medium":["https:\/\/shobain.com\/wp-content\/uploads\/2025\/07\/v-cut-bikini-bottoms-front-240x300.jpeg",240,300,true],"medium_large":["https:\/\/shobain.com\/wp-content\/uploads\/2025\/07\/v-cut-bikini-bottoms-front-768x959.jpeg",768,959,true],"large":["https:\/\/shobain.com\/wp-content\/uploads\/2025\/07\/v-cut-bikini-bottoms-front-820x1024.jpeg",820,1024,true],"1536x1536":["https:\/\/shobain.com\/wp-content\/uploads\/2025\/07\/v-cut-bikini-bottoms-front.jpeg",1079,1347,false],"2048x2048":["https:\/\/shobain.com\/wp-content\/uploads\/2025\/07\/v-cut-bikini-bottoms-front.jpeg",1079,1347,false],"trp-custom-language-flag":["https:\/\/shobain.com\/wp-content\/uploads\/2025\/07\/v-cut-bikini-bottoms-front.jpeg",10,12,false],"mailpoet_newsletter_max":["https:\/\/shobain.com\/wp-content\/uploads\/2025\/07\/v-cut-bikini-bottoms-front.jpeg",1079,1347,false],"woocommerce_thumbnail":["https:\/\/shobain.com\/wp-content\/uploads\/2025\/07\/v-cut-bikini-bottoms-front-300x375.jpeg",300,375,true],"woocommerce_single":["https:\/\/shobain.com\/wp-content\/uploads\/2025\/07\/v-cut-bikini-bottoms-front-600x749.jpeg",600,749,true],"woocommerce_gallery_thumbnail":["https:\/\/shobain.com\/wp-content\/uploads\/2025\/07\/v-cut-bikini-bottoms-front-100x100.jpeg",100,100,true]},"uagb_author_info":{"display_name":"Laura Roman","author_link":"https:\/\/shobain.com\/hr\/author\/"},"uagb_comment_info":0,"uagb_excerpt":"A playful twist on a flattering classic: the V-cut bikini bottoms. Front V-cut with your choice of brief, cheeky Brazilian, or thong back Reversible and made-to-measure for a perfect, personalized fit Choose your favorite fabric\u2014or two\u2014for a unique 2-in-1 design","_links":{"self":[{"href":"https:\/\/shobain.com\/hr\/wp-json\/wp\/v2\/product\/1580","targetHints":{"allow":["GET"]}}],"collection":[{"href":"https:\/\/shobain.com\/hr\/wp-json\/wp\/v2\/product"}],"about":[{"href":"https:\/\/shobain.com\/hr\/wp-json\/wp\/v2\/types\/product"}],"replies":[{"embeddable":true,"href":"https:\/\/shobain.com\/hr\/wp-json\/wp\/v2\/comments?post=1580"}],"wp:featuredmedia":[{"embeddable":true,"href":"https:\/\/shobain.com\/hr\/wp-json\/wp\/v2\/media\/1583"}],"wp:attachment":[{"href":"https:\/\/shobain.com\/hr\/wp-json\/wp\/v2\/media?parent=1580"}],"wp:term":[{"taxonomy":"product_brand","embeddable":true,"href":"https:\/\/shobain.com\/hr\/wp-json\/wp\/v2\/product_brand?post=1580"},{"taxonomy":"product_cat","embeddable":true,"href":"https:\/\/shobain.com\/hr\/wp-json\/wp\/v2\/product_cat?post=1580"},{"taxonomy":"product_tag","embeddable":true,"href":"https:\/\/shobain.com\/hr\/wp-json\/wp\/v2\/product_tag?post=1580"}],"curies":[{"name":"wp","href":"https:\/\/api.w.org\/{rel}","templated":true}]}}