{"id":1586,"date":"2025-07-28T12:08:27","date_gmt":"2025-07-28T10:08:27","guid":{"rendered":"https:\/\/shobain.com\/?post_type=product&#038;p=1586"},"modified":"2026-02-16T10:54:16","modified_gmt":"2026-02-16T08:54:16","slug":"keyhole-bikini-top","status":"publish","type":"product","link":"https:\/\/shobain.com\/hr\/proizvod\/keyhole-bikini-top\/","title":{"rendered":"Bikini Top s Izrezom"},"content":{"rendered":"<p>Bikini top s izrezom kojeg mo\u017eete nositi na vi\u0161e na\u010dina i koji stvara fantasti\u010dan dekolte!<\/p>\n<p><strong>Karakteristike:<\/strong><\/p>\n<ul>\n<li><em>bikini top sa izrezom<\/em><\/li>\n<li><em>mo\u017ee se nositi na vi\u0161e na\u010dina<\/em><\/li>\n<li><em>otvorena le\u0111a<\/em><\/li>\n<li><em>mo\u017ee se vezati kao halter top<\/em><\/li>\n<li><em>Podesive trakice<\/em><\/li>\n<li><em>izra\u0111en za vas<\/em><\/li>\n<li><em>vi birate materijale<\/em><\/li>\n<li><em>mo\u017ee biti reverzibilan<\/em><\/li>\n<\/ul>\n<p>Ovaj seksi bikini top pru\u017eiti \u0107e vam fantasti\u010dan dekolte, \u010diji look mo\u017eete podesiti na\u010dinom vezanja i no\u0161enja ovog svestranog bikinija. Duge naramenice tu su kako bi vam omogu\u0107ile razli\u010dite na\u010dine vezanja i kreiranja looka koji vam najvi\u0161e odgovara.<\/p>\n<p>Bikini je izra\u0111en samo za vas, prema va\u0161im mjerama i \u017eeljama. Vi birate materijal prilikom narud\u017ebe, a ako \u017eelite reverzibilni, 2 u 1 bikini, samo ostavite poruku sa narud\u017ebom u kojoj navodite koji materijal \u017eelite sa druge strane.<\/p>\n<p>Boja na slikama: maslinasto zelena<\/p>\n<p>&nbsp;<\/p>\n<p>Lycra:\u00a080% poliester 20% elastan<\/p>","protected":false},"excerpt":{"rendered":"<p data-start=\"0\" data-end=\"82\">Mali izrez za veliki wow efekt - ovaj bikini naglastiti \u0107e va\u0161 dekolte!<\/p>\n<ul data-start=\"83\" data-end=\"347\" data-is-last-node=\"\" data-is-only-node=\"\">\n<li data-start=\"83\" data-end=\"140\">\n<p data-start=\"85\" data-end=\"140\">Top s izrezom sa dugim trakicama<\/p>\n<\/li>\n<li data-start=\"141\" data-end=\"203\">\n<p data-start=\"143\" data-end=\"203\">Trakice se mogu vezati na dva na\u010dina<\/p>\n<\/li>\n<li data-start=\"204\" data-end=\"281\">\n<p data-start=\"206\" data-end=\"281\">Izra\u0111eno po mjeri u tkaninama po va\u0161em izboru<\/p>\n<\/li>\n<li data-start=\"282\" data-end=\"347\" data-is-last-node=\"\">\n<p data-start=\"284\" data-end=\"347\" data-is-last-node=\"\">Udoban dizajn s otvorenim le\u0111ima<\/p>\n<\/li>\n<\/ul>","protected":false},"featured_media":1585,"comment_status":"open","ping_status":"closed","template":"","meta":{"inline_featured_image":false,"_uag_custom_page_level_css":"","site-sidebar-layout":"default","site-content-layout":"","ast-site-content-layout":"default","site-content-style":"default","site-sidebar-style":"default","ast-global-header-display":"","ast-banner-title-visibility":"","ast-main-header-display":"","ast-hfb-above-header-display":"","ast-hfb-below-header-display":"","ast-hfb-mobile-header-display":"","site-post-title":"","ast-breadcrumbs-content":"","ast-featured-img":"","footer-sml-layout":"","ast-disable-related-posts":"","theme-transparent-header-meta":"default","adv-header-id-meta":"","stick-header-meta":"","header-above-stick-meta":"","header-main-stick-meta":"","header-below-stick-meta":"","astra-migrate-meta-layouts":"set","ast-page-background-enabled":"default","ast-page-background-meta":{"desktop":{"background-color":"var(--ast-global-color-4)","background-image":"","background-repeat":"repeat","background-position":"center center","background-size":"auto","background-attachment":"scroll","background-type":"","background-media":"","overlay-type":"","overlay-color":"","overlay-opacity":"","overlay-gradient":""},"tablet":{"background-color":"","background-image":"","background-repeat":"repeat","background-position":"center center","background-size":"auto","background-attachment":"scroll","background-type":"","background-media":"","overlay-type":"","overlay-color":"","overlay-opacity":"","overlay-gradient":""},"mobile":{"background-color":"","background-image":"","background-repeat":"repeat","background-position":"center center","background-size":"auto","background-attachment":"scroll","background-type":"","background-media":"","overlay-type":"","overlay-color":"","overlay-opacity":"","overlay-gradient":""}},"ast-content-background-meta":{"desktop":{"background-color":"var(--ast-global-color-5)","background-image":"","background-repeat":"repeat","background-position":"center center","background-size":"auto","background-attachment":"scroll","background-type":"","background-media":"","overlay-type":"","overlay-color":"","overlay-opacity":"","overlay-gradient":""},"tablet":{"background-color":"var(--ast-global-color-5)","background-image":"","background-repeat":"repeat","background-position":"center center","background-size":"auto","background-attachment":"scroll","background-type":"","background-media":"","overlay-type":"","overlay-color":"","overlay-opacity":"","overlay-gradient":""},"mobile":{"background-color":"var(--ast-global-color-5)","background-image":"","background-repeat":"repeat","background-position":"center center","background-size":"auto","background-attachment":"scroll","background-type":"","background-media":"","overlay-type":"","overlay-color":"","overlay-opacity":"","overlay-gradient":""}}},"product_brand":[38],"product_cat":[43],"product_tag":[137],"class_list":{"0":"post-1586","1":"product","2":"type-product","3":"status-publish","4":"has-post-thumbnail","6":"product_brand-shobain","7":"product_cat-swimwear","8":"product_tag-bikini-top","9":"desktop-align-center","10":"tablet-align-center","11":"mobile-align-center","13":"first","14":"instock","15":"shipping-taxable","16":"purchasable","17":"product-type-simple"},"aioseo_notices":[],"uagb_featured_image_src":{"full":["https:\/\/shobain.com\/wp-content\/uploads\/2025\/07\/v-cut-bikini-bottoms.jpeg",1084,1355,false],"thumbnail":["https:\/\/shobain.com\/wp-content\/uploads\/2025\/07\/v-cut-bikini-bottoms-150x150.jpeg",150,150,true],"medium":["https:\/\/shobain.com\/wp-content\/uploads\/2025\/07\/v-cut-bikini-bottoms-240x300.jpeg",240,300,true],"medium_large":["https:\/\/shobain.com\/wp-content\/uploads\/2025\/07\/v-cut-bikini-bottoms-768x960.jpeg",768,960,true],"large":["https:\/\/shobain.com\/wp-content\/uploads\/2025\/07\/v-cut-bikini-bottoms-819x1024.jpeg",819,1024,true],"1536x1536":["https:\/\/shobain.com\/wp-content\/uploads\/2025\/07\/v-cut-bikini-bottoms.jpeg",1084,1355,false],"2048x2048":["https:\/\/shobain.com\/wp-content\/uploads\/2025\/07\/v-cut-bikini-bottoms.jpeg",1084,1355,false],"trp-custom-language-flag":["https:\/\/shobain.com\/wp-content\/uploads\/2025\/07\/v-cut-bikini-bottoms.jpeg",10,12,false],"mailpoet_newsletter_max":["https:\/\/shobain.com\/wp-content\/uploads\/2025\/07\/v-cut-bikini-bottoms.jpeg",1084,1355,false],"woocommerce_thumbnail":["https:\/\/shobain.com\/wp-content\/uploads\/2025\/07\/v-cut-bikini-bottoms-300x375.jpeg",300,375,true],"woocommerce_single":["https:\/\/shobain.com\/wp-content\/uploads\/2025\/07\/v-cut-bikini-bottoms-600x750.jpeg",600,750,true],"woocommerce_gallery_thumbnail":["https:\/\/shobain.com\/wp-content\/uploads\/2025\/07\/v-cut-bikini-bottoms-100x100.jpeg",100,100,true]},"uagb_author_info":{"display_name":"Laura Roman","author_link":"https:\/\/shobain.com\/hr\/author\/"},"uagb_comment_info":0,"uagb_excerpt":"A little keyhole, a lot of wow \u2013 the ultimate cleavage-enhancing bikini top. Flattering keyhole front with long, adjustable straps Tie as a halter or criss-cross back for two distinct looks Made-to-measure in your choice of fabrics \u2013 reversible for double the fun Comfortable open back design with just the right amount of sass","_links":{"self":[{"href":"https:\/\/shobain.com\/hr\/wp-json\/wp\/v2\/product\/1586","targetHints":{"allow":["GET"]}}],"collection":[{"href":"https:\/\/shobain.com\/hr\/wp-json\/wp\/v2\/product"}],"about":[{"href":"https:\/\/shobain.com\/hr\/wp-json\/wp\/v2\/types\/product"}],"replies":[{"embeddable":true,"href":"https:\/\/shobain.com\/hr\/wp-json\/wp\/v2\/comments?post=1586"}],"wp:featuredmedia":[{"embeddable":true,"href":"https:\/\/shobain.com\/hr\/wp-json\/wp\/v2\/media\/1585"}],"wp:attachment":[{"href":"https:\/\/shobain.com\/hr\/wp-json\/wp\/v2\/media?parent=1586"}],"wp:term":[{"taxonomy":"product_brand","embeddable":true,"href":"https:\/\/shobain.com\/hr\/wp-json\/wp\/v2\/product_brand?post=1586"},{"taxonomy":"product_cat","embeddable":true,"href":"https:\/\/shobain.com\/hr\/wp-json\/wp\/v2\/product_cat?post=1586"},{"taxonomy":"product_tag","embeddable":true,"href":"https:\/\/shobain.com\/hr\/wp-json\/wp\/v2\/product_tag?post=1586"}],"curies":[{"name":"wp","href":"https:\/\/api.w.org\/{rel}","templated":true}]}}