{"id":1587,"date":"2025-07-28T12:13:00","date_gmt":"2025-07-28T10:13:00","guid":{"rendered":"https:\/\/shobain.com\/?post_type=product&#038;p=1587"},"modified":"2026-02-16T10:52:59","modified_gmt":"2026-02-16T08:52:59","slug":"cut-out-one-piece-bikini","status":"publish","type":"product","link":"https:\/\/shobain.com\/hr\/proizvod\/cut-out-one-piece-bikini\/","title":{"rendered":"Jednodijelni bikini s izrezima"},"content":{"rendered":"<p>Kao da na pla\u017ei ve\u0107 nije dovoljno vru\u0107e! Ovaj super seksi jednodijelni kupa\u0107i kostim s izrezima podignuti \u0107e temperaturu za koji stupanj vi\u0161e, tako da \u0107e skok u more biti jo\u0161 vi\u0161e osvje\u017eavaju\u0107i!<\/p>\n<p><strong>Karakteristike:<\/strong><\/p>\n<ul>\n<li>super seksi dizajn<\/li>\n<li>izrez s prednje strane za fantasti\u010dan dekolte<\/li>\n<li>simetri\u010dni izrezi s obje strane<\/li>\n<li>brazilke kroj na stra\u017enjoj strani ga\u0107ica<\/li>\n<li>otvorena le\u0111a<\/li>\n<li>Izra\u0111eno prema va\u0161im mjerama<\/li>\n<li>vi birate materijale<\/li>\n<li>mo\u017ee biti reverzibilan<\/li>\n<\/ul>\n<p>Ovaj super senzualan monokini odu\u0161eviti \u0107e vas svojom zavodljivom siluetom. Izrezi su strate\u0161ki postavljeni kako bi naglasili va\u0161e obline, stvaraju\u0107i savr\u0161eni jednodijelni kupa\u0107i kostim za pla\u017eu, bazen, jahtu, resort ili beach bar. Stra\u017enji dio kupa\u0107eg sastoji se od ga\u0107ica u brazilskom kroju, te otvorenih le\u0111a sa dugim naramenicama pomo\u0107u kojih prilago\u0111avate kupa\u0107i svojim potrebama.<\/p>\n<p>Ovaj elegantan moderan kupa\u0107i kostim izra\u0111en je samo za vas, iz materijala koje vi odaberete. Kupa\u0107i mo\u017ee biti reverzibilan, \u0161to zna\u010di da dobivate 2 u 1 look. Odaberite jedan materijal prilikom narud\u017ebe, te uz narud\u017ebu samo ostavite poruku o drugom materijalu kojeg \u017eelite na drugoj strani kupa\u0107eg.<\/p>\n<p>Boje na slikama: print plavo perje i crna<\/p>\n<p>Lycra:\u00a080% poliester 20% elastan<\/p>","protected":false},"excerpt":{"rendered":"<p data-start=\"0\" data-end=\"67\">Podignite temperaturu u ovom fantasti\u010dnom jednodijelnom kupa\u0107em kostimu s izrezom.<\/p>\n<ul data-start=\"68\" data-end=\"243\" data-is-last-node=\"\" data-is-only-node=\"\">\n<li data-start=\"68\" data-end=\"127\">\n<p data-start=\"70\" data-end=\"127\">Izrezi za fantasti\u010dnu siluetu<\/p>\n<\/li>\n<li data-start=\"128\" data-end=\"182\">\n<p data-start=\"130\" data-end=\"182\">Brazilski kroj ga\u0107ica i podesive naramenice<\/p>\n<\/li>\n<li data-start=\"183\" data-end=\"243\" data-is-last-node=\"\">\n<p data-start=\"185\" data-end=\"243\" data-is-last-node=\"\">Izra\u0111eno po mjeri u tkaninama po va\u0161em izboru<\/p>\n<\/li>\n<\/ul>","protected":false},"featured_media":1592,"comment_status":"open","ping_status":"closed","template":"","meta":{"inline_featured_image":false,"_uag_custom_page_level_css":"","site-sidebar-layout":"default","site-content-layout":"","ast-site-content-layout":"default","site-content-style":"default","site-sidebar-style":"default","ast-global-header-display":"","ast-banner-title-visibility":"","ast-main-header-display":"","ast-hfb-above-header-display":"","ast-hfb-below-header-display":"","ast-hfb-mobile-header-display":"","site-post-title":"","ast-breadcrumbs-content":"","ast-featured-img":"","footer-sml-layout":"","ast-disable-related-posts":"","theme-transparent-header-meta":"default","adv-header-id-meta":"","stick-header-meta":"","header-above-stick-meta":"","header-main-stick-meta":"","header-below-stick-meta":"","astra-migrate-meta-layouts":"set","ast-page-background-enabled":"default","ast-page-background-meta":{"desktop":{"background-color":"var(--ast-global-color-4)","background-image":"","background-repeat":"repeat","background-position":"center center","background-size":"auto","background-attachment":"scroll","background-type":"","background-media":"","overlay-type":"","overlay-color":"","overlay-opacity":"","overlay-gradient":""},"tablet":{"background-color":"","background-image":"","background-repeat":"repeat","background-position":"center center","background-size":"auto","background-attachment":"scroll","background-type":"","background-media":"","overlay-type":"","overlay-color":"","overlay-opacity":"","overlay-gradient":""},"mobile":{"background-color":"","background-image":"","background-repeat":"repeat","background-position":"center center","background-size":"auto","background-attachment":"scroll","background-type":"","background-media":"","overlay-type":"","overlay-color":"","overlay-opacity":"","overlay-gradient":""}},"ast-content-background-meta":{"desktop":{"background-color":"var(--ast-global-color-5)","background-image":"","background-repeat":"repeat","background-position":"center center","background-size":"auto","background-attachment":"scroll","background-type":"","background-media":"","overlay-type":"","overlay-color":"","overlay-opacity":"","overlay-gradient":""},"tablet":{"background-color":"var(--ast-global-color-5)","background-image":"","background-repeat":"repeat","background-position":"center center","background-size":"auto","background-attachment":"scroll","background-type":"","background-media":"","overlay-type":"","overlay-color":"","overlay-opacity":"","overlay-gradient":""},"mobile":{"background-color":"var(--ast-global-color-5)","background-image":"","background-repeat":"repeat","background-position":"center center","background-size":"auto","background-attachment":"scroll","background-type":"","background-media":"","overlay-type":"","overlay-color":"","overlay-opacity":"","overlay-gradient":""}}},"product_brand":[38],"product_cat":[43],"product_tag":[139],"class_list":{"0":"post-1587","1":"product","2":"type-product","3":"status-publish","4":"has-post-thumbnail","6":"product_brand-shobain","7":"product_cat-swimwear","8":"product_tag-one-piece-swimsuit","9":"desktop-align-center","10":"tablet-align-center","11":"mobile-align-center","13":"first","14":"instock","15":"shipping-taxable","16":"purchasable","17":"product-type-simple"},"aioseo_notices":[],"uagb_featured_image_src":{"full":["https:\/\/shobain.com\/wp-content\/uploads\/2025\/07\/cut-out-one-piece.jpeg",1104,1380,false],"thumbnail":["https:\/\/shobain.com\/wp-content\/uploads\/2025\/07\/cut-out-one-piece-150x150.jpeg",150,150,true],"medium":["https:\/\/shobain.com\/wp-content\/uploads\/2025\/07\/cut-out-one-piece-240x300.jpeg",240,300,true],"medium_large":["https:\/\/shobain.com\/wp-content\/uploads\/2025\/07\/cut-out-one-piece-768x960.jpeg",768,960,true],"large":["https:\/\/shobain.com\/wp-content\/uploads\/2025\/07\/cut-out-one-piece-819x1024.jpeg",819,1024,true],"1536x1536":["https:\/\/shobain.com\/wp-content\/uploads\/2025\/07\/cut-out-one-piece.jpeg",1104,1380,false],"2048x2048":["https:\/\/shobain.com\/wp-content\/uploads\/2025\/07\/cut-out-one-piece.jpeg",1104,1380,false],"trp-custom-language-flag":["https:\/\/shobain.com\/wp-content\/uploads\/2025\/07\/cut-out-one-piece.jpeg",10,12,false],"mailpoet_newsletter_max":["https:\/\/shobain.com\/wp-content\/uploads\/2025\/07\/cut-out-one-piece.jpeg",1104,1380,false],"woocommerce_thumbnail":["https:\/\/shobain.com\/wp-content\/uploads\/2025\/07\/cut-out-one-piece-300x375.jpeg",300,375,true],"woocommerce_single":["https:\/\/shobain.com\/wp-content\/uploads\/2025\/07\/cut-out-one-piece-600x750.jpeg",600,750,true],"woocommerce_gallery_thumbnail":["https:\/\/shobain.com\/wp-content\/uploads\/2025\/07\/cut-out-one-piece-100x100.jpeg",100,100,true]},"uagb_author_info":{"display_name":"Laura Roman","author_link":"https:\/\/shobain.com\/hr\/author\/"},"uagb_comment_info":0,"uagb_excerpt":"Turn up the heat with this ultra-flattering cutout one-piece. Bold keyhole and side cutouts for a sculpted silhouette Cheeky back with open design and adjustable straps Made-to-measure, reversible, and in fabrics of your choice","_links":{"self":[{"href":"https:\/\/shobain.com\/hr\/wp-json\/wp\/v2\/product\/1587","targetHints":{"allow":["GET"]}}],"collection":[{"href":"https:\/\/shobain.com\/hr\/wp-json\/wp\/v2\/product"}],"about":[{"href":"https:\/\/shobain.com\/hr\/wp-json\/wp\/v2\/types\/product"}],"replies":[{"embeddable":true,"href":"https:\/\/shobain.com\/hr\/wp-json\/wp\/v2\/comments?post=1587"}],"wp:featuredmedia":[{"embeddable":true,"href":"https:\/\/shobain.com\/hr\/wp-json\/wp\/v2\/media\/1592"}],"wp:attachment":[{"href":"https:\/\/shobain.com\/hr\/wp-json\/wp\/v2\/media?parent=1587"}],"wp:term":[{"taxonomy":"product_brand","embeddable":true,"href":"https:\/\/shobain.com\/hr\/wp-json\/wp\/v2\/product_brand?post=1587"},{"taxonomy":"product_cat","embeddable":true,"href":"https:\/\/shobain.com\/hr\/wp-json\/wp\/v2\/product_cat?post=1587"},{"taxonomy":"product_tag","embeddable":true,"href":"https:\/\/shobain.com\/hr\/wp-json\/wp\/v2\/product_tag?post=1587"}],"curies":[{"name":"wp","href":"https:\/\/api.w.org\/{rel}","templated":true}]}}