{"id":1593,"date":"2025-07-28T12:28:38","date_gmt":"2025-07-28T10:28:38","guid":{"rendered":"https:\/\/shobain.com\/?post_type=product&#038;p=1593"},"modified":"2026-02-02T11:25:56","modified_gmt":"2026-02-02T09:25:56","slug":"sustainababe-ab-cup-s-bottoms","status":"publish","type":"product","link":"https:\/\/shobain.com\/hr\/proizvod\/sustainababe-ab-cup-s-bottoms\/","title":{"rendered":"SustainaBabe Bikini Set: A\/B ko\u0161arica, S ga\u0107ice, vi\u0161e boja"},"content":{"rendered":"<p data-start=\"202\" data-end=\"577\">Set <strong data-start=\"206\" data-end=\"233\">Sustainababe kolekcija<\/strong> nastao je iz zalihe visokokvalitetnih ostataka tkanine za kupa\u0107e kostime premalenih za izradu cijelog bikini seta - do sada. Umjesto da se ovi \u017eivahni, izdr\u017eljivi materijali bace u otpad, s ljubavlju su reciklirani u razigrane, jedinstvene kreacije. Ovi reverzibilni bikiniji nisu samo slatki - oni predstavljaju eti\u010dniju i odr\u017eiviju modnu budu\u0107nost.<\/p>\n<p data-start=\"579\" data-end=\"715\">Svaki bikini je potpuno podesiv s trokutastim gornjim dijelom i laskavim donjim dijelom brazilskog kroja. Dostupna je jedna veli\u010dina: <strong data-start=\"687\" data-end=\"714\">A\/B ko\u0161arica + S ga\u0107ice<\/strong>.<\/p>\n<h4 data-start=\"717\" data-end=\"759\">Dostupne boje:<\/h4>\n<ul data-start=\"760\" data-end=\"912\">\n<li data-start=\"760\" data-end=\"794\">\n<p data-start=\"762\" data-end=\"794\">Cvjetni\/Ru\u017ei\u010dasta\/Crna<\/p>\n<\/li>\n<li data-start=\"795\" data-end=\"835\">\n<p data-start=\"797\" data-end=\"835\">Ru\u017ei\u010dasti gepard\/Crna\/Ru\u017ei\u010dasta<\/p>\n<\/li>\n<li data-start=\"836\" data-end=\"874\">\n<p data-start=\"838\" data-end=\"874\">Cvjetni\/Ru\u017ei\u010dasta\/Svijetloplava<\/p>\n<\/li>\n<li data-start=\"875\" data-end=\"912\">\n<p data-start=\"877\" data-end=\"912\">Kamufla\u017eni\/Tamnosiva\/Svijetloplava<\/p>\n<\/li>\n<\/ul>\n<p data-start=\"914\" data-end=\"957\">Jedinstveni. Dvostrani. Spremni za slanje.<\/p>\n<p data-start=\"914\" data-end=\"957\">Lycra:\u00a080% poliester 20% elastan<\/p>","protected":false},"excerpt":{"rendered":"<p data-start=\"80\" data-end=\"136\">Jedinstveni, dvostrani bikini setovi izra\u0111eni od visokokvalitetne tkanine:<\/p>\n<ul data-start=\"138\" data-end=\"491\">\n<li data-start=\"214\" data-end=\"275\">\n<p data-start=\"216\" data-end=\"275\">Podesivi trokutasti gornji dio i ga\u0107ice brazilskog kroja<\/p>\n<\/li>\n<li data-start=\"276\" data-end=\"401\">\n<p data-start=\"278\" data-end=\"401\">Dostupni uzorci: Cvjetni\/Ru\u017ei\u010dasta\/Crna, Ru\u017ei\u010dasti gepard\/Crna\/Ru\u017ei\u010dasta, Cvjetni\/Ru\u017ei\u010dasta\/Svijetloplava, Kamufla\u017eni\/Tamnosiva\/Svijetloplava<\/p>\n<\/li>\n<li data-start=\"402\" data-end=\"447\">\n<p data-start=\"404\" data-end=\"447\">Dostupni samo u veli\u010dini: A\/B ko\u0161arica i S ga\u0107ice<\/p>\n<\/li>\n<li data-start=\"448\" data-end=\"491\">\n<p data-start=\"450\" data-end=\"491\">Eti\u010dki, odr\u017eivi i spremni za isporuku<\/p>\n<\/li>\n<\/ul>","protected":false},"featured_media":1597,"comment_status":"open","ping_status":"closed","template":"","meta":{"inline_featured_image":false,"_uag_custom_page_level_css":"","site-sidebar-layout":"default","site-content-layout":"","ast-site-content-layout":"default","site-content-style":"default","site-sidebar-style":"default","ast-global-header-display":"","ast-banner-title-visibility":"","ast-main-header-display":"","ast-hfb-above-header-display":"","ast-hfb-below-header-display":"","ast-hfb-mobile-header-display":"","site-post-title":"","ast-breadcrumbs-content":"","ast-featured-img":"","footer-sml-layout":"","ast-disable-related-posts":"","theme-transparent-header-meta":"default","adv-header-id-meta":"","stick-header-meta":"","header-above-stick-meta":"","header-main-stick-meta":"","header-below-stick-meta":"","astra-migrate-meta-layouts":"set","ast-page-background-enabled":"default","ast-page-background-meta":{"desktop":{"background-color":"var(--ast-global-color-4)","background-image":"","background-repeat":"repeat","background-position":"center center","background-size":"auto","background-attachment":"scroll","background-type":"","background-media":"","overlay-type":"","overlay-color":"","overlay-opacity":"","overlay-gradient":""},"tablet":{"background-color":"","background-image":"","background-repeat":"repeat","background-position":"center center","background-size":"auto","background-attachment":"scroll","background-type":"","background-media":"","overlay-type":"","overlay-color":"","overlay-opacity":"","overlay-gradient":""},"mobile":{"background-color":"","background-image":"","background-repeat":"repeat","background-position":"center center","background-size":"auto","background-attachment":"scroll","background-type":"","background-media":"","overlay-type":"","overlay-color":"","overlay-opacity":"","overlay-gradient":""}},"ast-content-background-meta":{"desktop":{"background-color":"var(--ast-global-color-5)","background-image":"","background-repeat":"repeat","background-position":"center center","background-size":"auto","background-attachment":"scroll","background-type":"","background-media":"","overlay-type":"","overlay-color":"","overlay-opacity":"","overlay-gradient":""},"tablet":{"background-color":"var(--ast-global-color-5)","background-image":"","background-repeat":"repeat","background-position":"center center","background-size":"auto","background-attachment":"scroll","background-type":"","background-media":"","overlay-type":"","overlay-color":"","overlay-opacity":"","overlay-gradient":""},"mobile":{"background-color":"var(--ast-global-color-5)","background-image":"","background-repeat":"repeat","background-position":"center center","background-size":"auto","background-attachment":"scroll","background-type":"","background-media":"","overlay-type":"","overlay-color":"","overlay-opacity":"","overlay-gradient":""}}},"product_brand":[38],"product_cat":[43],"product_tag":[],"class_list":{"0":"post-1593","1":"product","2":"type-product","3":"status-publish","4":"has-post-thumbnail","6":"product_brand-shobain","7":"product_cat-swimwear","8":"desktop-align-center","9":"tablet-align-center","10":"mobile-align-center","12":"first","13":"instock","14":"shipping-taxable","15":"purchasable","16":"product-type-variable"},"aioseo_notices":[],"uagb_featured_image_src":{"full":["https:\/\/shobain.com\/wp-content\/uploads\/2025\/07\/cheetah-sustainababe-ab-cup-s-bottoms-3.jpg",1138,1518,false],"thumbnail":["https:\/\/shobain.com\/wp-content\/uploads\/2025\/07\/cheetah-sustainababe-ab-cup-s-bottoms-3-150x150.jpg",150,150,true],"medium":["https:\/\/shobain.com\/wp-content\/uploads\/2025\/07\/cheetah-sustainababe-ab-cup-s-bottoms-3-225x300.jpg",225,300,true],"medium_large":["https:\/\/shobain.com\/wp-content\/uploads\/2025\/07\/cheetah-sustainababe-ab-cup-s-bottoms-3-768x1024.jpg",768,1024,true],"large":["https:\/\/shobain.com\/wp-content\/uploads\/2025\/07\/cheetah-sustainababe-ab-cup-s-bottoms-3-768x1024.jpg",768,1024,true],"1536x1536":["https:\/\/shobain.com\/wp-content\/uploads\/2025\/07\/cheetah-sustainababe-ab-cup-s-bottoms-3.jpg",1138,1518,false],"2048x2048":["https:\/\/shobain.com\/wp-content\/uploads\/2025\/07\/cheetah-sustainababe-ab-cup-s-bottoms-3.jpg",1138,1518,false],"trp-custom-language-flag":["https:\/\/shobain.com\/wp-content\/uploads\/2025\/07\/cheetah-sustainababe-ab-cup-s-bottoms-3.jpg",9,12,false],"mailpoet_newsletter_max":["https:\/\/shobain.com\/wp-content\/uploads\/2025\/07\/cheetah-sustainababe-ab-cup-s-bottoms-3.jpg",1138,1518,false],"woocommerce_thumbnail":["https:\/\/shobain.com\/wp-content\/uploads\/2025\/07\/cheetah-sustainababe-ab-cup-s-bottoms-3-300x375.jpg",300,375,true],"woocommerce_single":["https:\/\/shobain.com\/wp-content\/uploads\/2025\/07\/cheetah-sustainababe-ab-cup-s-bottoms-3-600x800.jpg",600,800,true],"woocommerce_gallery_thumbnail":["https:\/\/shobain.com\/wp-content\/uploads\/2025\/07\/cheetah-sustainababe-ab-cup-s-bottoms-3-100x100.jpg",100,100,true]},"uagb_author_info":{"display_name":"Laura Roman","author_link":"https:\/\/shobain.com\/hr\/author\/"},"uagb_comment_info":0,"uagb_excerpt":"Unique, upcycled reversible bikini sets made from high-quality fabric: Fully adjustable triangle top + cheeky reversible bottoms Available prints: Floral\/Hot Pink\/Black, Pink Cheetah\/Black\/Hot Pink, Floral\/Hot Pink\/Pale Blue, Camo\/Dark Grey\/Pale Blue One size only \u2014 A\/B cup top and S bottoms Ethical, sustainable, and ready to ship","_links":{"self":[{"href":"https:\/\/shobain.com\/hr\/wp-json\/wp\/v2\/product\/1593","targetHints":{"allow":["GET"]}}],"collection":[{"href":"https:\/\/shobain.com\/hr\/wp-json\/wp\/v2\/product"}],"about":[{"href":"https:\/\/shobain.com\/hr\/wp-json\/wp\/v2\/types\/product"}],"replies":[{"embeddable":true,"href":"https:\/\/shobain.com\/hr\/wp-json\/wp\/v2\/comments?post=1593"}],"wp:featuredmedia":[{"embeddable":true,"href":"https:\/\/shobain.com\/hr\/wp-json\/wp\/v2\/media\/1597"}],"wp:attachment":[{"href":"https:\/\/shobain.com\/hr\/wp-json\/wp\/v2\/media?parent=1593"}],"wp:term":[{"taxonomy":"product_brand","embeddable":true,"href":"https:\/\/shobain.com\/hr\/wp-json\/wp\/v2\/product_brand?post=1593"},{"taxonomy":"product_cat","embeddable":true,"href":"https:\/\/shobain.com\/hr\/wp-json\/wp\/v2\/product_cat?post=1593"},{"taxonomy":"product_tag","embeddable":true,"href":"https:\/\/shobain.com\/hr\/wp-json\/wp\/v2\/product_tag?post=1593"}],"curies":[{"name":"wp","href":"https:\/\/api.w.org\/{rel}","templated":true}]}}