{"id":1606,"date":"2025-07-28T12:48:33","date_gmt":"2025-07-28T10:48:33","guid":{"rendered":"https:\/\/shobain.com\/?post_type=product&#038;p=1606"},"modified":"2026-02-02T11:26:02","modified_gmt":"2026-02-02T09:26:02","slug":"sustainababe-bikini-set-a-b-cup-m-bottoms-multiple-colors","status":"publish","type":"product","link":"https:\/\/shobain.com\/hr\/proizvod\/sustainababe-bikini-set-a-b-cup-m-bottoms-multiple-colors\/","title":{"rendered":"SustainaBabe Bikini Set: A\/B ko\u0161arica, M ga\u0107ice, vi\u0161e boja"},"content":{"rendered":"<p data-start=\"277\" data-end=\"640\">Jedinstveni i spremni za slanje, ovi ekskluzivni bikiniji dio su <strong data-start=\"350\" data-end=\"377\">SustainaBabe kolekcije<\/strong> \u2014 izra\u0111eni od visokokvalitetnih ostataka tkanine za kupa\u0107e kostime koji su bili premaleni za cijele setove sami po sebi, ali previ\u0161e fantasti\u010dni za bacanje. Umjesto da ih po\u0161aljemo na odlagali\u0161te, sa\u0161ili smo ih u elegantne, odr\u017eive kupa\u0107e kostime koji pr\u0161te osobno\u0161\u0107u i namjerom.<\/p>\n<p data-start=\"642\" data-end=\"889\">Svaki bikini u ovoj kolekciji je potpuno jedinstven, ru\u010dno izra\u0111en s pa\u017enjom i potpuno reverzibilan za jo\u0161 vi\u0161e mogu\u0107nosti stiliziranja. Klasi\u010dni trokutasti gornji dijelovi su podesivi za savr\u0161eno pristajanje, a donji dijelovi srednje veli\u010dine nude laskav, odva\u017ean kroj.<\/p>\n<p data-start=\"891\" data-end=\"1133\"><strong data-start=\"891\" data-end=\"915\">Dostupne boje:<\/strong><br data-start=\"915\" data-end=\"918\" \/><strong data-start=\"921\" data-end=\"941\">Crvena i zelena<\/strong> \u2013 Bogata, elegantna kombinacija s potpuno maslinastozelenom pole\u0111inom. Klasi\u010dni kroj donjeg dijela.<br data-start=\"1024\" data-end=\"1027\" \/><strong data-start=\"1030\" data-end=\"1051\">Neon ru\u017ei\u010dasta i zelena<\/strong> \u2013 Smion, \u017eivahan izgled s potpuno neonsko zelenom pole\u0111inom. Moderni donji dio s V-izrezom.<\/p>\n<p data-start=\"891\" data-end=\"1133\">Lycra:\u00a080% poliester 20% elastan<\/p>","protected":false},"excerpt":{"rendered":"<p data-start=\"113\" data-end=\"296\">Reverzibilni bikini u ograni\u010denom izdanju iz kolekcije SustainaBabe \u2013 ru\u010dno izra\u0111en od ostataka tkanine i prepun osobnosti. Dostupan samo jedan primjerak svake kombinacije boja!<\/p>\n<p data-start=\"298\" data-end=\"311\"><strong data-start=\"298\" data-end=\"311\">Karakteristike:<\/strong><\/p>\n<ul data-start=\"312\" data-end=\"479\">\n<li data-start=\"312\" data-end=\"375\">\n<p data-start=\"314\" data-end=\"375\">Reverzibilni, potpuno podesivi A\/B ko\u0161arica gornji dio i M ga\u0107ice<\/p>\n<\/li>\n<li data-start=\"376\" data-end=\"428\">\n<p data-start=\"378\" data-end=\"428\">Eti\u010dka i odr\u017eiva izrada<\/p>\n<\/li>\n<li data-start=\"429\" data-end=\"479\">\n<p data-start=\"431\" data-end=\"479\">Dostupne boje: Crveno\/Zelena ili Neon ru\u017ei\u010dasta\/zelena<\/p>\n<\/li>\n<\/ul>","protected":false},"featured_media":1610,"comment_status":"open","ping_status":"closed","template":"","meta":{"inline_featured_image":false,"_uag_custom_page_level_css":"","site-sidebar-layout":"default","site-content-layout":"","ast-site-content-layout":"default","site-content-style":"default","site-sidebar-style":"default","ast-global-header-display":"","ast-banner-title-visibility":"","ast-main-header-display":"","ast-hfb-above-header-display":"","ast-hfb-below-header-display":"","ast-hfb-mobile-header-display":"","site-post-title":"","ast-breadcrumbs-content":"","ast-featured-img":"","footer-sml-layout":"","ast-disable-related-posts":"","theme-transparent-header-meta":"default","adv-header-id-meta":"","stick-header-meta":"","header-above-stick-meta":"","header-main-stick-meta":"","header-below-stick-meta":"","astra-migrate-meta-layouts":"set","ast-page-background-enabled":"default","ast-page-background-meta":{"desktop":{"background-color":"var(--ast-global-color-4)","background-image":"","background-repeat":"repeat","background-position":"center center","background-size":"auto","background-attachment":"scroll","background-type":"","background-media":"","overlay-type":"","overlay-color":"","overlay-opacity":"","overlay-gradient":""},"tablet":{"background-color":"","background-image":"","background-repeat":"repeat","background-position":"center center","background-size":"auto","background-attachment":"scroll","background-type":"","background-media":"","overlay-type":"","overlay-color":"","overlay-opacity":"","overlay-gradient":""},"mobile":{"background-color":"","background-image":"","background-repeat":"repeat","background-position":"center center","background-size":"auto","background-attachment":"scroll","background-type":"","background-media":"","overlay-type":"","overlay-color":"","overlay-opacity":"","overlay-gradient":""}},"ast-content-background-meta":{"desktop":{"background-color":"var(--ast-global-color-5)","background-image":"","background-repeat":"repeat","background-position":"center center","background-size":"auto","background-attachment":"scroll","background-type":"","background-media":"","overlay-type":"","overlay-color":"","overlay-opacity":"","overlay-gradient":""},"tablet":{"background-color":"var(--ast-global-color-5)","background-image":"","background-repeat":"repeat","background-position":"center center","background-size":"auto","background-attachment":"scroll","background-type":"","background-media":"","overlay-type":"","overlay-color":"","overlay-opacity":"","overlay-gradient":""},"mobile":{"background-color":"var(--ast-global-color-5)","background-image":"","background-repeat":"repeat","background-position":"center center","background-size":"auto","background-attachment":"scroll","background-type":"","background-media":"","overlay-type":"","overlay-color":"","overlay-opacity":"","overlay-gradient":""}}},"product_brand":[38],"product_cat":[43],"product_tag":[140,84],"class_list":{"0":"post-1606","1":"product","2":"type-product","3":"status-publish","4":"has-post-thumbnail","6":"product_brand-shobain","7":"product_cat-swimwear","8":"product_tag-bikini-set","9":"product_tag-ready-to-ship","10":"desktop-align-center","11":"tablet-align-center","12":"mobile-align-center","14":"first","15":"instock","16":"shipping-taxable","17":"purchasable","18":"product-type-variable"},"aioseo_notices":[],"uagb_featured_image_src":{"full":["https:\/\/shobain.com\/wp-content\/uploads\/2025\/07\/green-red-sustainababe-ab-cup-m-bottoms.jpg",1138,1518,false],"thumbnail":["https:\/\/shobain.com\/wp-content\/uploads\/2025\/07\/green-red-sustainababe-ab-cup-m-bottoms-150x150.jpg",150,150,true],"medium":["https:\/\/shobain.com\/wp-content\/uploads\/2025\/07\/green-red-sustainababe-ab-cup-m-bottoms-225x300.jpg",225,300,true],"medium_large":["https:\/\/shobain.com\/wp-content\/uploads\/2025\/07\/green-red-sustainababe-ab-cup-m-bottoms-768x1024.jpg",768,1024,true],"large":["https:\/\/shobain.com\/wp-content\/uploads\/2025\/07\/green-red-sustainababe-ab-cup-m-bottoms-768x1024.jpg",768,1024,true],"1536x1536":["https:\/\/shobain.com\/wp-content\/uploads\/2025\/07\/green-red-sustainababe-ab-cup-m-bottoms.jpg",1138,1518,false],"2048x2048":["https:\/\/shobain.com\/wp-content\/uploads\/2025\/07\/green-red-sustainababe-ab-cup-m-bottoms.jpg",1138,1518,false],"trp-custom-language-flag":["https:\/\/shobain.com\/wp-content\/uploads\/2025\/07\/green-red-sustainababe-ab-cup-m-bottoms.jpg",9,12,false],"mailpoet_newsletter_max":["https:\/\/shobain.com\/wp-content\/uploads\/2025\/07\/green-red-sustainababe-ab-cup-m-bottoms.jpg",1138,1518,false],"woocommerce_thumbnail":["https:\/\/shobain.com\/wp-content\/uploads\/2025\/07\/green-red-sustainababe-ab-cup-m-bottoms-300x375.jpg",300,375,true],"woocommerce_single":["https:\/\/shobain.com\/wp-content\/uploads\/2025\/07\/green-red-sustainababe-ab-cup-m-bottoms-600x800.jpg",600,800,true],"woocommerce_gallery_thumbnail":["https:\/\/shobain.com\/wp-content\/uploads\/2025\/07\/green-red-sustainababe-ab-cup-m-bottoms-100x100.jpg",100,100,true]},"uagb_author_info":{"display_name":"Laura Roman","author_link":"https:\/\/shobain.com\/hr\/author\/"},"uagb_comment_info":0,"uagb_excerpt":"Limited-edition reversible bikini from the upcycled SustainaBabe collection \u2013 handmade using leftover fabric scraps and bursting with personality. Only one of each colorway available! Features: Reversible, fully adjustable A\/B cup top + M cheeky bottoms Sustainably made from high-quality fabric scraps Choose from: Burgundy\/Olive or Neon Pink\/Gree","_links":{"self":[{"href":"https:\/\/shobain.com\/hr\/wp-json\/wp\/v2\/product\/1606","targetHints":{"allow":["GET"]}}],"collection":[{"href":"https:\/\/shobain.com\/hr\/wp-json\/wp\/v2\/product"}],"about":[{"href":"https:\/\/shobain.com\/hr\/wp-json\/wp\/v2\/types\/product"}],"replies":[{"embeddable":true,"href":"https:\/\/shobain.com\/hr\/wp-json\/wp\/v2\/comments?post=1606"}],"wp:featuredmedia":[{"embeddable":true,"href":"https:\/\/shobain.com\/hr\/wp-json\/wp\/v2\/media\/1610"}],"wp:attachment":[{"href":"https:\/\/shobain.com\/hr\/wp-json\/wp\/v2\/media?parent=1606"}],"wp:term":[{"taxonomy":"product_brand","embeddable":true,"href":"https:\/\/shobain.com\/hr\/wp-json\/wp\/v2\/product_brand?post=1606"},{"taxonomy":"product_cat","embeddable":true,"href":"https:\/\/shobain.com\/hr\/wp-json\/wp\/v2\/product_cat?post=1606"},{"taxonomy":"product_tag","embeddable":true,"href":"https:\/\/shobain.com\/hr\/wp-json\/wp\/v2\/product_tag?post=1606"}],"curies":[{"name":"wp","href":"https:\/\/api.w.org\/{rel}","templated":true}]}}