{"id":1625,"date":"2025-07-28T13:00:00","date_gmt":"2025-07-28T11:00:00","guid":{"rendered":"https:\/\/shobain.com\/?post_type=product&#038;p=1625"},"modified":"2026-02-02T11:27:53","modified_gmt":"2026-02-02T09:27:53","slug":"sustainababe-bikini-set-b-cup-l-bottoms","status":"publish","type":"product","link":"https:\/\/shobain.com\/hr\/proizvod\/sustainababe-bikini-set-b-cup-l-bottoms\/","title":{"rendered":"SustainaBabe Bikini Set, B ko\u0161arica, L ga\u0107ice"},"content":{"rendered":"<p>Ovaj jedinstveni kupa\u0107i kostim dolazi u veli\u010dini prikladnoj za B ko\u0161aricu i L donji dio.<\/p>\n<p>SustainaBabe kolekcija kupa\u0107ih kostima nastala je pomnim kombiniranjem komadi\u0107a materijala iz prija\u0161njih kolekcija i custom narud\u017ebi. Umjesto bacanja komada materijala koji nisu dovoljno veliki da bi se iz njih izradio cijeli kupa\u0107i kostim, i umjesto doprino\u0161enja negativnoj praksi stvaranja nepotrebnog otpada koji je veliki problem u svijetu mode, u Shobainu se dr\u017eimo principa odr\u017eive i spore mode. Stoga je ovim komadima udahnut novi fantasti\u010dan \u017eivot u kolekciji koja kombinira razne boje i dezene i slavi budu\u0107nost odr\u017eive i eti\u010dne modne industrije. Svaki kupa\u0107i kostim je jedinstven, dizajniran i sa\u0161iven s ljubavlju u rije\u010dkom studiju.<\/p>\n<p>Bikini je izra\u0111en od dva prekrasna materijala, bordo crvene i maslinasto zelene koji se prekrasno sla\u017eu i mogu se nositi u razli\u010ditim kombinacijama. Bikini top sa izrezom pru\u017ea fantasti\u010dan dekolte i podesiv je zahvaljuju\u0107i dugim naramenicama, dok klasi\u010dna silueta donjeg dijela nagla\u0161ava va\u0161e obline.<\/p>\n<p>Kupa\u0107i kostim je spreman za dostavu!<\/p>\n<p>Lycra:\u00a080% poliester 20% elastan<\/p>","protected":false},"excerpt":{"rendered":"<p data-start=\"121\" data-end=\"271\">Jedinstveni dvostrani bikini za veli\u010dinu B + donji dio veli\u010dine L, ru\u010dno izra\u0111en od spa\u0161enih tkanina za kupa\u0107e kostime bordo i maslinasto zelene boje - eko-\u0161ik i ultra laskav.<\/p>\n<p data-start=\"273\" data-end=\"286\"><strong data-start=\"273\" data-end=\"286\">Karakteristike:<\/strong><\/p>\n<ul data-start=\"287\" data-end=\"456\">\n<li data-start=\"287\" data-end=\"345\">\n<p data-start=\"289\" data-end=\"345\">Gornji dio bikinija s izrezom isti\u010de dekolte, potpuno podesiv<\/p>\n<\/li>\n<li data-start=\"346\" data-end=\"399\">\n<p data-start=\"348\" data-end=\"399\">Reverzibilni dizajn s vi\u0161e opcija no\u0161enja<\/p>\n<\/li>\n<li data-start=\"400\" data-end=\"456\">\n<p data-start=\"402\" data-end=\"456\">Odr\u017eiva izrada od premium tkanina<\/p>\n<\/li>\n<\/ul>","protected":false},"featured_media":1631,"comment_status":"open","ping_status":"closed","template":"","meta":{"inline_featured_image":false,"_uag_custom_page_level_css":"","site-sidebar-layout":"default","site-content-layout":"","ast-site-content-layout":"default","site-content-style":"default","site-sidebar-style":"default","ast-global-header-display":"","ast-banner-title-visibility":"","ast-main-header-display":"","ast-hfb-above-header-display":"","ast-hfb-below-header-display":"","ast-hfb-mobile-header-display":"","site-post-title":"","ast-breadcrumbs-content":"","ast-featured-img":"","footer-sml-layout":"","ast-disable-related-posts":"","theme-transparent-header-meta":"default","adv-header-id-meta":"","stick-header-meta":"","header-above-stick-meta":"","header-main-stick-meta":"","header-below-stick-meta":"","astra-migrate-meta-layouts":"set","ast-page-background-enabled":"default","ast-page-background-meta":{"desktop":{"background-color":"var(--ast-global-color-4)","background-image":"","background-repeat":"repeat","background-position":"center center","background-size":"auto","background-attachment":"scroll","background-type":"","background-media":"","overlay-type":"","overlay-color":"","overlay-opacity":"","overlay-gradient":""},"tablet":{"background-color":"","background-image":"","background-repeat":"repeat","background-position":"center center","background-size":"auto","background-attachment":"scroll","background-type":"","background-media":"","overlay-type":"","overlay-color":"","overlay-opacity":"","overlay-gradient":""},"mobile":{"background-color":"","background-image":"","background-repeat":"repeat","background-position":"center center","background-size":"auto","background-attachment":"scroll","background-type":"","background-media":"","overlay-type":"","overlay-color":"","overlay-opacity":"","overlay-gradient":""}},"ast-content-background-meta":{"desktop":{"background-color":"var(--ast-global-color-5)","background-image":"","background-repeat":"repeat","background-position":"center center","background-size":"auto","background-attachment":"scroll","background-type":"","background-media":"","overlay-type":"","overlay-color":"","overlay-opacity":"","overlay-gradient":""},"tablet":{"background-color":"var(--ast-global-color-5)","background-image":"","background-repeat":"repeat","background-position":"center center","background-size":"auto","background-attachment":"scroll","background-type":"","background-media":"","overlay-type":"","overlay-color":"","overlay-opacity":"","overlay-gradient":""},"mobile":{"background-color":"var(--ast-global-color-5)","background-image":"","background-repeat":"repeat","background-position":"center center","background-size":"auto","background-attachment":"scroll","background-type":"","background-media":"","overlay-type":"","overlay-color":"","overlay-opacity":"","overlay-gradient":""}}},"product_brand":[38],"product_cat":[43],"product_tag":[140,84],"class_list":{"0":"post-1625","1":"product","2":"type-product","3":"status-publish","4":"has-post-thumbnail","6":"product_brand-shobain","7":"product_cat-swimwear","8":"product_tag-bikini-set","9":"product_tag-ready-to-ship","10":"desktop-align-center","11":"tablet-align-center","12":"mobile-align-center","14":"first","15":"instock","16":"shipping-taxable","17":"purchasable","18":"product-type-simple"},"aioseo_notices":[],"uagb_featured_image_src":{"full":["https:\/\/shobain.com\/wp-content\/uploads\/2025\/07\/keyhole-green-sustainababe-b-cup-l-bottoms.jpg",1138,1518,false],"thumbnail":["https:\/\/shobain.com\/wp-content\/uploads\/2025\/07\/keyhole-green-sustainababe-b-cup-l-bottoms-150x150.jpg",150,150,true],"medium":["https:\/\/shobain.com\/wp-content\/uploads\/2025\/07\/keyhole-green-sustainababe-b-cup-l-bottoms-225x300.jpg",225,300,true],"medium_large":["https:\/\/shobain.com\/wp-content\/uploads\/2025\/07\/keyhole-green-sustainababe-b-cup-l-bottoms-768x1024.jpg",768,1024,true],"large":["https:\/\/shobain.com\/wp-content\/uploads\/2025\/07\/keyhole-green-sustainababe-b-cup-l-bottoms-768x1024.jpg",768,1024,true],"1536x1536":["https:\/\/shobain.com\/wp-content\/uploads\/2025\/07\/keyhole-green-sustainababe-b-cup-l-bottoms.jpg",1138,1518,false],"2048x2048":["https:\/\/shobain.com\/wp-content\/uploads\/2025\/07\/keyhole-green-sustainababe-b-cup-l-bottoms.jpg",1138,1518,false],"trp-custom-language-flag":["https:\/\/shobain.com\/wp-content\/uploads\/2025\/07\/keyhole-green-sustainababe-b-cup-l-bottoms.jpg",9,12,false],"mailpoet_newsletter_max":["https:\/\/shobain.com\/wp-content\/uploads\/2025\/07\/keyhole-green-sustainababe-b-cup-l-bottoms.jpg",1138,1518,false],"woocommerce_thumbnail":["https:\/\/shobain.com\/wp-content\/uploads\/2025\/07\/keyhole-green-sustainababe-b-cup-l-bottoms-300x375.jpg",300,375,true],"woocommerce_single":["https:\/\/shobain.com\/wp-content\/uploads\/2025\/07\/keyhole-green-sustainababe-b-cup-l-bottoms-600x800.jpg",600,800,true],"woocommerce_gallery_thumbnail":["https:\/\/shobain.com\/wp-content\/uploads\/2025\/07\/keyhole-green-sustainababe-b-cup-l-bottoms-100x100.jpg",100,100,true]},"uagb_author_info":{"display_name":"Laura Roman","author_link":"https:\/\/shobain.com\/hr\/author\/"},"uagb_comment_info":0,"uagb_excerpt":"One-of-a-kind reversible bikini for a B cup + L bottoms, handcrafted from rescued burgundy and olive green swim fabrics\u2014eco-chic and ultra flattering. Features: Keyhole bikini top enhances cleavage, fully adjustable Reversible &amp; mixable for multiple styling options Sustainably made from premium upcycled fabric scraps","_links":{"self":[{"href":"https:\/\/shobain.com\/hr\/wp-json\/wp\/v2\/product\/1625","targetHints":{"allow":["GET"]}}],"collection":[{"href":"https:\/\/shobain.com\/hr\/wp-json\/wp\/v2\/product"}],"about":[{"href":"https:\/\/shobain.com\/hr\/wp-json\/wp\/v2\/types\/product"}],"replies":[{"embeddable":true,"href":"https:\/\/shobain.com\/hr\/wp-json\/wp\/v2\/comments?post=1625"}],"wp:featuredmedia":[{"embeddable":true,"href":"https:\/\/shobain.com\/hr\/wp-json\/wp\/v2\/media\/1631"}],"wp:attachment":[{"href":"https:\/\/shobain.com\/hr\/wp-json\/wp\/v2\/media?parent=1625"}],"wp:term":[{"taxonomy":"product_brand","embeddable":true,"href":"https:\/\/shobain.com\/hr\/wp-json\/wp\/v2\/product_brand?post=1625"},{"taxonomy":"product_cat","embeddable":true,"href":"https:\/\/shobain.com\/hr\/wp-json\/wp\/v2\/product_cat?post=1625"},{"taxonomy":"product_tag","embeddable":true,"href":"https:\/\/shobain.com\/hr\/wp-json\/wp\/v2\/product_tag?post=1625"}],"curies":[{"name":"wp","href":"https:\/\/api.w.org\/{rel}","templated":true}]}}