{"id":1632,"date":"2025-07-28T13:04:41","date_gmt":"2025-07-28T11:04:41","guid":{"rendered":"https:\/\/shobain.com\/?post_type=product&#038;p=1632"},"modified":"2026-02-02T11:28:04","modified_gmt":"2026-02-02T09:28:04","slug":"sustainababe-keyhole-bikini-top-multiple-sizes","status":"publish","type":"product","link":"https:\/\/shobain.com\/hr\/proizvod\/sustainababe-keyhole-bikini-top-multiple-sizes\/","title":{"rendered":"SustainaBabe Bikini top s izrezom, razli\u010dite veli\u010dine"},"content":{"rendered":"<p>SustainaBabe bikini setovi dolaze u razli\u010ditim veli\u010dinama ko\u0161arica i donjeg dijela. Izra\u0111en je po jedan komad za svaku veli\u010dinu te i mo\u017eete kombinirati kako biste prona\u0161li svoju savr\u0161enu veli\u010dinu i jedinstvenu kombinaciju. Postoje tri veli\u010dine ko\u0161arice izme\u0111u kojih mo\u017eete birati: A, B, C ko\u0161arica.<\/p>\n<p>SustainaBabe kolekcija kupa\u0107ih kostima nastala je pomnim kombiniranjem komadi\u0107a materijala iz prija\u0161njih kolekcija i custom narud\u017ebi. Umjesto bacanja komada materijala koji nisu dovoljno veliki da bi se iz njih izradio cijeli kupa\u0107i kostim, i umjesto doprino\u0161enja negativnoj praksi stvaranja nepotrebnog otpada koji je veliki problem u svijetu mode, u Shobainu se dr\u017eimo principa odr\u017eive i spore mode. Stoga je ovim komadima udahnut novi fantasti\u010dan \u017eivot u kolekciji koja kombinira razne boje i dezene i slavi budu\u0107nost odr\u017eive i eti\u010dne modne industrije. Svaki kupa\u0107i kostim je jedinstven, dizajniran i sa\u0161iven s ljubavlju u rije\u010dkom studiju.<\/p>\n<p>Kupa\u0107i kostimi izra\u0111eni su od prekrasnog zaigranog printa u kombinaciji sa luksuzno crvenim materijalom. Svaki je komad reverzibilan i mo\u017eete ga nositi na vi\u0161e na\u010dina. Bikini top sa izrezom pru\u017ea fantasti\u010dan dekolte i podesiv je zahvaljuju\u0107i dugim naramenicama<\/p>\n<p>Pair with the matching bikini bottoms.<\/p>\n<p>Kupa\u0107i kostim je spreman za dostavu!<\/p>\n<p>Lycra:\u00a080% poliester 20% elastan<\/p>","protected":false},"excerpt":{"rendered":"<p data-start=\"149\" data-end=\"275\">Dvostrani, jedinstveni gornji dijelovi bikinija s ko\u0161aricama A, B ili C - u \u017eivopisnoj crvenoj boji i privla\u010dnim uzorcima.<\/p>\n<p data-start=\"277\" data-end=\"290\"><strong data-start=\"277\" data-end=\"290\">Karakteristike:<\/strong><\/p>\n<ul data-start=\"291\" data-end=\"448\">\n<li data-start=\"291\" data-end=\"339\">\n<p data-start=\"293\" data-end=\"339\">Podesivi gornji dio s izrezom<\/p>\n<\/li>\n<li data-start=\"340\" data-end=\"390\">\n<p data-start=\"342\" data-end=\"390\">Reverzibilni dizajn s vi\u0161e opcija no\u0161enja<\/p>\n<\/li>\n<li data-start=\"391\" data-end=\"448\">\n<p data-start=\"393\" data-end=\"448\">Odr\u017eivo izra\u0111en i spreman za slanje<\/p>\n<\/li>\n<li data-start=\"391\" data-end=\"448\">Uparite sa <a href=\"https:\/\/shobain.com\/hr\/proizvod\/sustainababe-reversible-bikini-bottoms-multiple-sizes\/\">pripadaju\u0107im ga\u0107icama<\/a><\/li>\n<\/ul>","protected":false},"featured_media":1642,"comment_status":"open","ping_status":"closed","template":"","meta":{"inline_featured_image":false,"_uag_custom_page_level_css":"","site-sidebar-layout":"default","site-content-layout":"","ast-site-content-layout":"default","site-content-style":"default","site-sidebar-style":"default","ast-global-header-display":"","ast-banner-title-visibility":"","ast-main-header-display":"","ast-hfb-above-header-display":"","ast-hfb-below-header-display":"","ast-hfb-mobile-header-display":"","site-post-title":"","ast-breadcrumbs-content":"","ast-featured-img":"","footer-sml-layout":"","ast-disable-related-posts":"","theme-transparent-header-meta":"default","adv-header-id-meta":"","stick-header-meta":"","header-above-stick-meta":"","header-main-stick-meta":"","header-below-stick-meta":"","astra-migrate-meta-layouts":"set","ast-page-background-enabled":"default","ast-page-background-meta":{"desktop":{"background-color":"var(--ast-global-color-4)","background-image":"","background-repeat":"repeat","background-position":"center center","background-size":"auto","background-attachment":"scroll","background-type":"","background-media":"","overlay-type":"","overlay-color":"","overlay-opacity":"","overlay-gradient":""},"tablet":{"background-color":"","background-image":"","background-repeat":"repeat","background-position":"center center","background-size":"auto","background-attachment":"scroll","background-type":"","background-media":"","overlay-type":"","overlay-color":"","overlay-opacity":"","overlay-gradient":""},"mobile":{"background-color":"","background-image":"","background-repeat":"repeat","background-position":"center center","background-size":"auto","background-attachment":"scroll","background-type":"","background-media":"","overlay-type":"","overlay-color":"","overlay-opacity":"","overlay-gradient":""}},"ast-content-background-meta":{"desktop":{"background-color":"var(--ast-global-color-5)","background-image":"","background-repeat":"repeat","background-position":"center center","background-size":"auto","background-attachment":"scroll","background-type":"","background-media":"","overlay-type":"","overlay-color":"","overlay-opacity":"","overlay-gradient":""},"tablet":{"background-color":"var(--ast-global-color-5)","background-image":"","background-repeat":"repeat","background-position":"center center","background-size":"auto","background-attachment":"scroll","background-type":"","background-media":"","overlay-type":"","overlay-color":"","overlay-opacity":"","overlay-gradient":""},"mobile":{"background-color":"var(--ast-global-color-5)","background-image":"","background-repeat":"repeat","background-position":"center center","background-size":"auto","background-attachment":"scroll","background-type":"","background-media":"","overlay-type":"","overlay-color":"","overlay-opacity":"","overlay-gradient":""}}},"product_brand":[38],"product_cat":[43],"product_tag":[137,84],"class_list":{"0":"post-1632","1":"product","2":"type-product","3":"status-publish","4":"has-post-thumbnail","6":"product_brand-shobain","7":"product_cat-swimwear","8":"product_tag-bikini-top","9":"product_tag-ready-to-ship","10":"desktop-align-center","11":"tablet-align-center","12":"mobile-align-center","14":"first","15":"instock","16":"shipping-taxable","17":"purchasable","18":"product-type-variable"},"aioseo_notices":[],"uagb_featured_image_src":{"full":["https:\/\/shobain.com\/wp-content\/uploads\/2025\/07\/sustainababe-multiple-panty-5.jpg",1138,1518,false],"thumbnail":["https:\/\/shobain.com\/wp-content\/uploads\/2025\/07\/sustainababe-multiple-panty-5-150x150.jpg",150,150,true],"medium":["https:\/\/shobain.com\/wp-content\/uploads\/2025\/07\/sustainababe-multiple-panty-5-225x300.jpg",225,300,true],"medium_large":["https:\/\/shobain.com\/wp-content\/uploads\/2025\/07\/sustainababe-multiple-panty-5-768x1024.jpg",768,1024,true],"large":["https:\/\/shobain.com\/wp-content\/uploads\/2025\/07\/sustainababe-multiple-panty-5-768x1024.jpg",768,1024,true],"1536x1536":["https:\/\/shobain.com\/wp-content\/uploads\/2025\/07\/sustainababe-multiple-panty-5.jpg",1138,1518,false],"2048x2048":["https:\/\/shobain.com\/wp-content\/uploads\/2025\/07\/sustainababe-multiple-panty-5.jpg",1138,1518,false],"trp-custom-language-flag":["https:\/\/shobain.com\/wp-content\/uploads\/2025\/07\/sustainababe-multiple-panty-5.jpg",9,12,false],"mailpoet_newsletter_max":["https:\/\/shobain.com\/wp-content\/uploads\/2025\/07\/sustainababe-multiple-panty-5.jpg",1138,1518,false],"woocommerce_thumbnail":["https:\/\/shobain.com\/wp-content\/uploads\/2025\/07\/sustainababe-multiple-panty-5-300x375.jpg",300,375,true],"woocommerce_single":["https:\/\/shobain.com\/wp-content\/uploads\/2025\/07\/sustainababe-multiple-panty-5-600x800.jpg",600,800,true],"woocommerce_gallery_thumbnail":["https:\/\/shobain.com\/wp-content\/uploads\/2025\/07\/sustainababe-multiple-panty-5-100x100.jpg",100,100,true]},"uagb_author_info":{"display_name":"Laura Roman","author_link":"https:\/\/shobain.com\/hr\/author\/"},"uagb_comment_info":0,"uagb_excerpt":"Reversible, one-of-a-kind bikini tops in A, B, or C cups\u2014crafted from rescued fabric in vibrant red and eye-catching patterns. Features: Adjustable keyhole top for a flattering lift Reversible design for multiple styling options Sustainably made and ready to ship Pair with matching panty","_links":{"self":[{"href":"https:\/\/shobain.com\/hr\/wp-json\/wp\/v2\/product\/1632","targetHints":{"allow":["GET"]}}],"collection":[{"href":"https:\/\/shobain.com\/hr\/wp-json\/wp\/v2\/product"}],"about":[{"href":"https:\/\/shobain.com\/hr\/wp-json\/wp\/v2\/types\/product"}],"replies":[{"embeddable":true,"href":"https:\/\/shobain.com\/hr\/wp-json\/wp\/v2\/comments?post=1632"}],"wp:featuredmedia":[{"embeddable":true,"href":"https:\/\/shobain.com\/hr\/wp-json\/wp\/v2\/media\/1642"}],"wp:attachment":[{"href":"https:\/\/shobain.com\/hr\/wp-json\/wp\/v2\/media?parent=1632"}],"wp:term":[{"taxonomy":"product_brand","embeddable":true,"href":"https:\/\/shobain.com\/hr\/wp-json\/wp\/v2\/product_brand?post=1632"},{"taxonomy":"product_cat","embeddable":true,"href":"https:\/\/shobain.com\/hr\/wp-json\/wp\/v2\/product_cat?post=1632"},{"taxonomy":"product_tag","embeddable":true,"href":"https:\/\/shobain.com\/hr\/wp-json\/wp\/v2\/product_tag?post=1632"}],"curies":[{"name":"wp","href":"https:\/\/api.w.org\/{rel}","templated":true}]}}