{"id":197,"date":"2025-06-21T14:32:11","date_gmt":"2025-06-21T14:32:11","guid":{"rendered":"http:\/\/shobain.com\/product\/urban-chic-ensemble\/"},"modified":"2026-02-02T11:09:54","modified_gmt":"2026-02-02T09:09:54","slug":"maya-set","status":"publish","type":"product","link":"https:\/\/shobain.com\/hr\/proizvod\/maya-set\/","title":{"rendered":"Maya Set"},"content":{"rendered":"<p data-start=\"237\" data-end=\"465\">Ako volite jednostavnost i modernu eleganciju, <strong data-start=\"285\" data-end=\"303\">Maya Basic Set<\/strong> je va\u0161e savr\u0161eno svakodnevno donje rublje. S mekom mre\u017eastom tkaninom na to\u010dkice i \u010distim, minimalisti\u010dkim linijama, ovaj set omogu\u0107uje nje\u017enoj tkanini da zablista suptilnom sofisticirano\u0161\u0107u.<\/p>\n<p data-start=\"467\" data-end=\"740\">Za koketni, razigrani stil, odaberite <strong data-start=\"507\" data-end=\"526\">Maya Ruffle Set<\/strong> \u2014 s mekim mre\u017eastim ga\u0107icama s to\u010dkicama ukra\u0161enim volanima s obje strane i bralette-om s volanima na naramenicama i nje\u017enim satenskim ma\u0161nama koje upotpunjuju nje\u017ean, romanti\u010dan izgled.<\/p>\n<p data-start=\"742\" data-end=\"788\">Oba seta dolaze u tri prekrasne kombinacije boja:<\/p>\n<ul data-start=\"789\" data-end=\"879\">\n<li data-start=\"789\" data-end=\"819\">\n<p data-start=\"791\" data-end=\"819\">Bijela<\/p>\n<\/li>\n<li data-start=\"820\" data-end=\"852\">\n<p data-start=\"822\" data-end=\"852\">Baby plava<\/p>\n<\/li>\n<li data-start=\"853\" data-end=\"879\">\n<p data-start=\"855\" data-end=\"879\">Zelena<\/p>\n<\/li>\n<\/ul>\n<p data-start=\"881\" data-end=\"1037\">Naramenice grudnjaka su potpuno podesive kako bi se osiguralo savr\u0161eno pristajanje, a ga\u0107ice su podstavljene certificiranim Oeko-Tex\u00ae pamu\u010dnim jersey-om za udobnost i za\u0161titu ko\u017ee.<\/p>\n<p>Glavna tkanina: 100% poliester<\/p>\n<p>Podstava: 94% pamuk, 6% elastan<\/p>","protected":false},"excerpt":{"rendered":"<p data-start=\"128\" data-end=\"145\">Slatki spoj jednostavnosti i razigranosti, Maya set nudi dva razli\u010dita stila dizajnirana za svakodnevnu udobnost s da\u0161kom \u0161arma.<\/p>\n<p data-start=\"128\" data-end=\"145\"><strong data-start=\"128\" data-end=\"145\">Karakteristike:<\/strong><\/p>\n<ul data-start=\"146\" data-end=\"426\">\n<li data-start=\"146\" data-end=\"220\">\n<p data-start=\"148\" data-end=\"220\">Mekana mre\u017ea s to\u010dkicama u dva stila: minimalisti\u010dki Basic ili romanti\u010dni Ruffle s volanima<\/p>\n<\/li>\n<li data-start=\"221\" data-end=\"312\">\n<p data-start=\"223\" data-end=\"312\">Potpuno podesive naramenice za bralette s opcionalnim volanima<\/p>\n<\/li>\n<li data-start=\"313\" data-end=\"426\">\n<p data-start=\"315\" data-end=\"426\">Dostupno u bijeloj, baby plavoj i zelenoj boji<\/p>\n<\/li>\n<\/ul>","protected":false},"featured_media":607,"comment_status":"open","ping_status":"closed","template":"","meta":{"inline_featured_image":false,"_uag_custom_page_level_css":"","site-sidebar-layout":"default","site-content-layout":"","ast-site-content-layout":"default","site-content-style":"default","site-sidebar-style":"default","ast-global-header-display":"","ast-banner-title-visibility":"","ast-main-header-display":"","ast-hfb-above-header-display":"","ast-hfb-below-header-display":"","ast-hfb-mobile-header-display":"","site-post-title":"","ast-breadcrumbs-content":"","ast-featured-img":"","footer-sml-layout":"","ast-disable-related-posts":"","theme-transparent-header-meta":"default","adv-header-id-meta":"","stick-header-meta":"","header-above-stick-meta":"","header-main-stick-meta":"","header-below-stick-meta":"","astra-migrate-meta-layouts":"set","ast-page-background-enabled":"default","ast-page-background-meta":{"desktop":{"background-color":"var(--ast-global-color-4)","background-image":"","background-repeat":"repeat","background-position":"center center","background-size":"auto","background-attachment":"scroll","background-type":"","background-media":"","overlay-type":"","overlay-color":"","overlay-opacity":"","overlay-gradient":""},"tablet":{"background-color":"","background-image":"","background-repeat":"repeat","background-position":"center center","background-size":"auto","background-attachment":"scroll","background-type":"","background-media":"","overlay-type":"","overlay-color":"","overlay-opacity":"","overlay-gradient":""},"mobile":{"background-color":"","background-image":"","background-repeat":"repeat","background-position":"center center","background-size":"auto","background-attachment":"scroll","background-type":"","background-media":"","overlay-type":"","overlay-color":"","overlay-opacity":"","overlay-gradient":""}},"ast-content-background-meta":{"desktop":{"background-color":"var(--ast-global-color-5)","background-image":"","background-repeat":"repeat","background-position":"center center","background-size":"auto","background-attachment":"scroll","background-type":"","background-media":"","overlay-type":"","overlay-color":"","overlay-opacity":"","overlay-gradient":""},"tablet":{"background-color":"var(--ast-global-color-5)","background-image":"","background-repeat":"repeat","background-position":"center center","background-size":"auto","background-attachment":"scroll","background-type":"","background-media":"","overlay-type":"","overlay-color":"","overlay-opacity":"","overlay-gradient":""},"mobile":{"background-color":"var(--ast-global-color-5)","background-image":"","background-repeat":"repeat","background-position":"center center","background-size":"auto","background-attachment":"scroll","background-type":"","background-media":"","overlay-type":"","overlay-color":"","overlay-opacity":"","overlay-gradient":""}}},"product_brand":[],"product_cat":[26],"product_tag":[36,35,34,37],"class_list":{"0":"post-197","1":"product","2":"type-product","3":"status-publish","4":"has-post-thumbnail","6":"product_cat-lingerie-sets","7":"product_tag-basic","8":"product_tag-polka-dots","9":"product_tag-ruffles","10":"product_tag-triangle-bralette","11":"desktop-align-center","12":"tablet-align-center","13":"mobile-align-center","15":"first","16":"instock","17":"shipping-taxable","18":"purchasable","19":"product-type-simple"},"aioseo_notices":[],"uagb_featured_image_src":{"full":["https:\/\/shobain.com\/wp-content\/uploads\/2025\/06\/maya-basic.jpeg",689,861,false],"thumbnail":["https:\/\/shobain.com\/wp-content\/uploads\/2025\/06\/maya-basic-150x150.jpeg",150,150,true],"medium":["https:\/\/shobain.com\/wp-content\/uploads\/2025\/06\/maya-basic-240x300.jpeg",240,300,true],"medium_large":["https:\/\/shobain.com\/wp-content\/uploads\/2025\/06\/maya-basic.jpeg",689,861,false],"large":["https:\/\/shobain.com\/wp-content\/uploads\/2025\/06\/maya-basic.jpeg",689,861,false],"1536x1536":["https:\/\/shobain.com\/wp-content\/uploads\/2025\/06\/maya-basic.jpeg",689,861,false],"2048x2048":["https:\/\/shobain.com\/wp-content\/uploads\/2025\/06\/maya-basic.jpeg",689,861,false],"trp-custom-language-flag":["https:\/\/shobain.com\/wp-content\/uploads\/2025\/06\/maya-basic.jpeg",10,12,false],"mailpoet_newsletter_max":["https:\/\/shobain.com\/wp-content\/uploads\/2025\/06\/maya-basic.jpeg",689,861,false],"woocommerce_thumbnail":["https:\/\/shobain.com\/wp-content\/uploads\/2025\/06\/maya-basic-300x375.jpeg",300,375,true],"woocommerce_single":["https:\/\/shobain.com\/wp-content\/uploads\/2025\/06\/maya-basic-600x750.jpeg",600,750,true],"woocommerce_gallery_thumbnail":["https:\/\/shobain.com\/wp-content\/uploads\/2025\/06\/maya-basic-100x100.jpeg",100,100,true]},"uagb_author_info":{"display_name":"Laura Roman","author_link":"https:\/\/shobain.com\/hr\/author\/"},"uagb_comment_info":0,"uagb_excerpt":"A sweet blend of simplicity and playfulness, the Maya Set offers two distinct styles designed for everyday comfort with a touch of charm. Key Features: Soft polka dot mesh in two styles: minimalist Basic or romantic Ruffle Fully adjustable bralette straps with delicate hardware and optional ruffle\/bow details Available in white, blue, and green with&hellip;","_links":{"self":[{"href":"https:\/\/shobain.com\/hr\/wp-json\/wp\/v2\/product\/197","targetHints":{"allow":["GET"]}}],"collection":[{"href":"https:\/\/shobain.com\/hr\/wp-json\/wp\/v2\/product"}],"about":[{"href":"https:\/\/shobain.com\/hr\/wp-json\/wp\/v2\/types\/product"}],"replies":[{"embeddable":true,"href":"https:\/\/shobain.com\/hr\/wp-json\/wp\/v2\/comments?post=197"}],"wp:featuredmedia":[{"embeddable":true,"href":"https:\/\/shobain.com\/hr\/wp-json\/wp\/v2\/media\/607"}],"wp:attachment":[{"href":"https:\/\/shobain.com\/hr\/wp-json\/wp\/v2\/media?parent=197"}],"wp:term":[{"taxonomy":"product_brand","embeddable":true,"href":"https:\/\/shobain.com\/hr\/wp-json\/wp\/v2\/product_brand?post=197"},{"taxonomy":"product_cat","embeddable":true,"href":"https:\/\/shobain.com\/hr\/wp-json\/wp\/v2\/product_cat?post=197"},{"taxonomy":"product_tag","embeddable":true,"href":"https:\/\/shobain.com\/hr\/wp-json\/wp\/v2\/product_tag?post=197"}],"curies":[{"name":"wp","href":"https:\/\/api.w.org\/{rel}","templated":true}]}}