{"id":638,"date":"2025-06-22T17:56:27","date_gmt":"2025-06-22T15:56:27","guid":{"rendered":"https:\/\/orchid-weasel-405112.hostingersite.com\/?post_type=product&#038;p=638"},"modified":"2026-02-02T11:10:52","modified_gmt":"2026-02-02T09:10:52","slug":"lola-panty","status":"publish","type":"product","link":"https:\/\/shobain.com\/hr\/proizvod\/lola-panty\/","title":{"rendered":"Lola Ga\u0107ice"},"content":{"rendered":"<p data-start=\"164\" data-end=\"549\">Kolekcija ga\u0107ica Lola sadr\u017ei dvije prekrasne varijacije koje savr\u0161eno nadopunjuju va\u0161 izbor bralettea. <strong data-start=\"278\" data-end=\"302\">Leptir ga\u0107ice<\/strong> oblikuju prekrasnu siluetu svojom nje\u017enom izvezenom cvjetnom \u010dipkom koja obavija bokove, slojevito preko mekane crne mre\u017easte tkanine s to\u010dkicama. \u010cipka se susre\u0107e straga kako bi stvorila suptilan efekt prozirnosti, dodaju\u0107i dizajnu zavodljiv dodir.<\/p>\n<p data-start=\"551\" data-end=\"823\">Set <strong data-start=\"555\" data-end=\"580\">Ga\u0107ice visokog struka<\/strong> nudi klasi\u010dnu siluetu inspiriranu vintage stilom, mije\u0161aju\u0107i nje\u017enu cvjetnu \u010dipku i prozirnu mre\u017eastu tkaninu s to\u010dkicama za moderan \u017eenstven i senzualan osje\u0107aj. Njegove prozirne tkanine graciozno nagovje\u0161tavaju \u0161to se krije ispod, utjelovljuju\u0107i i eleganciju i erotiku.<\/p>\n<p data-start=\"825\" data-end=\"1033\">Obje ga\u0107ice su podstavljene certificiranim Oeko-Tex\u00ae pamu\u010dnim jersey-om za prozra\u010dnu udobnost i izdr\u017eljivost. Kombinirajte bilo koji model s Lola bralette-om kako biste upotpunili luksuzan i skladan izgled.<\/p>\n<p>Vezena \u010dipka: 100% poliester<\/p>\n<p>Mre\u017ea: 85% poliamid, 15% elastan<\/p>\n<p>Podstava: 94% pamuk, 6% elastan<\/p>","protected":false},"excerpt":{"rendered":"<p data-start=\"145\" data-end=\"162\"><strong data-start=\"145\" data-end=\"162\">Karakteristike:<\/strong><\/p>\n<ul data-start=\"163\" data-end=\"667\">\n<li data-start=\"163\" data-end=\"366\">\n<p data-start=\"165\" data-end=\"366\">Dva prekrasna stila koje mo\u017eete izabrati:<br data-start=\"200\" data-end=\"203\" \/>\u2022 <strong data-start=\"207\" data-end=\"226\">Leptir ga\u0107ice<\/strong> \u2014 prekrasan cvjetni vez koji se omotava oko bokova<br data-start=\"281\" data-end=\"284\" \/>\u2022 <strong data-start=\"288\" data-end=\"308\">Ga\u0107ice visokog struka<\/strong> \u2014 silueta inspirirana vintage stilom s prozirnom mre\u017eicom na to\u010dkice<\/p>\n<\/li>\n<li data-start=\"367\" data-end=\"420\">\n<p data-start=\"369\" data-end=\"420\">Nje\u017ena cvjetna \u010dipka preko mekane crne mre\u017eice<\/p>\n<\/li>\n<li data-start=\"421\" data-end=\"479\">\n<p data-start=\"423\" data-end=\"479\">Elegantne prozirne tkanine za senzualan, moderan izgled<\/p>\n<\/li>\n<li data-start=\"480\" data-end=\"552\">\n<p data-start=\"482\" data-end=\"552\">Oeko-Tex\u00ae pamu\u010dni jersey za udobnost<\/p>\n<\/li>\n<li data-start=\"630\" data-end=\"667\">\n<p data-start=\"632\" data-end=\"667\">Ru\u010dno ra\u0111eno u Hrvatskoj<\/p>\n<\/li>\n<\/ul>","protected":false},"featured_media":636,"comment_status":"open","ping_status":"closed","template":"","meta":{"inline_featured_image":false,"_uag_custom_page_level_css":"","site-sidebar-layout":"default","site-content-layout":"","ast-site-content-layout":"default","site-content-style":"default","site-sidebar-style":"default","ast-global-header-display":"","ast-banner-title-visibility":"","ast-main-header-display":"","ast-hfb-above-header-display":"","ast-hfb-below-header-display":"","ast-hfb-mobile-header-display":"","site-post-title":"","ast-breadcrumbs-content":"","ast-featured-img":"","footer-sml-layout":"","ast-disable-related-posts":"","theme-transparent-header-meta":"default","adv-header-id-meta":"","stick-header-meta":"","header-above-stick-meta":"","header-main-stick-meta":"","header-below-stick-meta":"","astra-migrate-meta-layouts":"set","ast-page-background-enabled":"default","ast-page-background-meta":{"desktop":{"background-color":"var(--ast-global-color-4)","background-image":"","background-repeat":"repeat","background-position":"center center","background-size":"auto","background-attachment":"scroll","background-type":"","background-media":"","overlay-type":"","overlay-color":"","overlay-opacity":"","overlay-gradient":""},"tablet":{"background-color":"","background-image":"","background-repeat":"repeat","background-position":"center center","background-size":"auto","background-attachment":"scroll","background-type":"","background-media":"","overlay-type":"","overlay-color":"","overlay-opacity":"","overlay-gradient":""},"mobile":{"background-color":"","background-image":"","background-repeat":"repeat","background-position":"center center","background-size":"auto","background-attachment":"scroll","background-type":"","background-media":"","overlay-type":"","overlay-color":"","overlay-opacity":"","overlay-gradient":""}},"ast-content-background-meta":{"desktop":{"background-color":"var(--ast-global-color-5)","background-image":"","background-repeat":"repeat","background-position":"center center","background-size":"auto","background-attachment":"scroll","background-type":"","background-media":"","overlay-type":"","overlay-color":"","overlay-opacity":"","overlay-gradient":""},"tablet":{"background-color":"var(--ast-global-color-5)","background-image":"","background-repeat":"repeat","background-position":"center center","background-size":"auto","background-attachment":"scroll","background-type":"","background-media":"","overlay-type":"","overlay-color":"","overlay-opacity":"","overlay-gradient":""},"mobile":{"background-color":"var(--ast-global-color-5)","background-image":"","background-repeat":"repeat","background-position":"center center","background-size":"auto","background-attachment":"scroll","background-type":"","background-media":"","overlay-type":"","overlay-color":"","overlay-opacity":"","overlay-gradient":""}}},"product_brand":[38],"product_cat":[40],"product_tag":[59,57,58,52],"class_list":{"0":"post-638","1":"product","2":"type-product","3":"status-publish","4":"has-post-thumbnail","6":"product_brand-shobain","7":"product_cat-panties","8":"product_tag-black","9":"product_tag-embroidered-lace","10":"product_tag-lola","11":"product_tag-mesh","12":"desktop-align-center","13":"tablet-align-center","14":"mobile-align-center","16":"first","17":"instock","18":"shipping-taxable","19":"purchasable","20":"product-type-simple"},"aioseo_notices":[],"uagb_featured_image_src":{"full":["https:\/\/shobain.com\/wp-content\/uploads\/2025\/06\/lola-set.jpeg",689,861,false],"thumbnail":["https:\/\/shobain.com\/wp-content\/uploads\/2025\/06\/lola-set-150x150.jpeg",150,150,true],"medium":["https:\/\/shobain.com\/wp-content\/uploads\/2025\/06\/lola-set-240x300.jpeg",240,300,true],"medium_large":["https:\/\/shobain.com\/wp-content\/uploads\/2025\/06\/lola-set.jpeg",689,861,false],"large":["https:\/\/shobain.com\/wp-content\/uploads\/2025\/06\/lola-set.jpeg",689,861,false],"1536x1536":["https:\/\/shobain.com\/wp-content\/uploads\/2025\/06\/lola-set.jpeg",689,861,false],"2048x2048":["https:\/\/shobain.com\/wp-content\/uploads\/2025\/06\/lola-set.jpeg",689,861,false],"trp-custom-language-flag":["https:\/\/shobain.com\/wp-content\/uploads\/2025\/06\/lola-set.jpeg",10,12,false],"mailpoet_newsletter_max":["https:\/\/shobain.com\/wp-content\/uploads\/2025\/06\/lola-set.jpeg",689,861,false],"woocommerce_thumbnail":["https:\/\/shobain.com\/wp-content\/uploads\/2025\/06\/lola-set-300x375.jpeg",300,375,true],"woocommerce_single":["https:\/\/shobain.com\/wp-content\/uploads\/2025\/06\/lola-set-600x750.jpeg",600,750,true],"woocommerce_gallery_thumbnail":["https:\/\/shobain.com\/wp-content\/uploads\/2025\/06\/lola-set-100x100.jpeg",100,100,true]},"uagb_author_info":{"display_name":"Laura Roman","author_link":"https:\/\/shobain.com\/hr\/author\/"},"uagb_comment_info":0,"uagb_excerpt":"Key Features: Two stunning styles to choose from:\u2022 Butterfly Panty \u2014 wraparound floral embroidery with a subtle back peek\u2022 High Waist Panty \u2014 vintage-inspired silhouette with sheer polka dot mesh Delicate floral lace layered over soft black mesh Elegant see-through fabrics for a sensual, modern look Oeko-Tex\u00ae certified cotton jersey gusset for comfort &amp; breathability&hellip;","_links":{"self":[{"href":"https:\/\/shobain.com\/hr\/wp-json\/wp\/v2\/product\/638","targetHints":{"allow":["GET"]}}],"collection":[{"href":"https:\/\/shobain.com\/hr\/wp-json\/wp\/v2\/product"}],"about":[{"href":"https:\/\/shobain.com\/hr\/wp-json\/wp\/v2\/types\/product"}],"replies":[{"embeddable":true,"href":"https:\/\/shobain.com\/hr\/wp-json\/wp\/v2\/comments?post=638"}],"wp:featuredmedia":[{"embeddable":true,"href":"https:\/\/shobain.com\/hr\/wp-json\/wp\/v2\/media\/636"}],"wp:attachment":[{"href":"https:\/\/shobain.com\/hr\/wp-json\/wp\/v2\/media?parent=638"}],"wp:term":[{"taxonomy":"product_brand","embeddable":true,"href":"https:\/\/shobain.com\/hr\/wp-json\/wp\/v2\/product_brand?post=638"},{"taxonomy":"product_cat","embeddable":true,"href":"https:\/\/shobain.com\/hr\/wp-json\/wp\/v2\/product_cat?post=638"},{"taxonomy":"product_tag","embeddable":true,"href":"https:\/\/shobain.com\/hr\/wp-json\/wp\/v2\/product_tag?post=638"}],"curies":[{"name":"wp","href":"https:\/\/api.w.org\/{rel}","templated":true}]}}