{"id":652,"date":"2025-06-22T18:04:16","date_gmt":"2025-06-22T16:04:16","guid":{"rendered":"https:\/\/orchid-weasel-405112.hostingersite.com\/?post_type=product&#038;p=652"},"modified":"2026-02-02T11:11:23","modified_gmt":"2026-02-02T09:11:23","slug":"lola-nightie","status":"publish","type":"product","link":"https:\/\/shobain.com\/hr\/proizvod\/lola-nightie\/","title":{"rendered":"Lola Spava\u0107ica"},"content":{"rendered":"<p data-start=\"182\" data-end=\"525\">Predstavljamo Lola spava\u0107icu \u2014 sanjivi nastavak va\u0161e omiljene Lola cvjetne kolekcije, dizajniran da vam omogu\u0107i da spavate kao kraljica kakva zaista jeste. Ovaj komad spava\u0107ice spaja luksuznu izvezenu cvjetnu \u010dipku i najmek\u0161u, svilenkastu crnu to\u010dkicu za rasko\u0161an dodir elegancije i udobnosti.<\/p>\n<p data-start=\"527\" data-end=\"857\">Spava\u0107ica ima podesive naramenice za savr\u0161eno pristajanje, nje\u017ean rub s volan\u010di\u0107em i prekrasan cvjetni \u010dipkasti panel na le\u0111ima nagla\u0161en suptilnim detaljem zlatnog prstena, koji odra\u017eava dizajn Lola Butterfly ga\u0107ica. Svaka spava\u0107ica je pomno izra\u0111ena prema va\u0161im mjerama, osiguravaju\u0107i personalizirano pristajanje koje se osje\u0107a jednako bo\u017eanstveno kao \u0161to i izgleda.<\/p>\n<p data-start=\"859\" data-end=\"1024\">Uparite s Lola Leptir ga\u0107icama kako biste upotpunili ovaj senzualni, luksuzni ansambl - set stvoren da se osje\u0107ate lijepo i cijenjeno.<\/p>\n<p>Vezena \u010dipka: 100% poliester<\/p>\n<p>Mre\u017eica:\u00a085% poliamid, 15% elastan<\/p>","protected":false},"excerpt":{"rendered":"<p>Spavajte kao kraljica u Lola spava\u0107ici s izvezenom cvjetnom \u010dipkom i svilenkasto mekom crnom to\u010dki\u010dastom mre\u017eicom. Podesive naramenice i nje\u017eni detalji na le\u0111ima stvaraju luksuzni osje\u0107aj no\u0161enja zavodljive spava\u0107ice.<\/p>\n<p><strong data-start=\"140\" data-end=\"157\">Karakteristike:<\/strong><\/p>\n<ul data-start=\"158\" data-end=\"588\">\n<li data-start=\"158\" data-end=\"222\">\n<p data-start=\"160\" data-end=\"222\">Luksuzna izvezena cvjetna \u010dipka<\/p>\n<\/li>\n<li data-start=\"223\" data-end=\"283\">\n<p data-start=\"225\" data-end=\"283\">Mekana, svilenkasta crna mre\u017ea s to\u010dkicama za sanjivu udobnost<\/p>\n<\/li>\n<li data-start=\"338\" data-end=\"387\">\n<p data-start=\"340\" data-end=\"387\">Nje\u017eni volan\u010di\u0107i na rubu<\/p>\n<\/li>\n<li data-start=\"551\" data-end=\"588\">\n<p data-start=\"553\" data-end=\"588\">Ru\u010dno ra\u0111eno u Hrvatskoj<\/p>\n<\/li>\n<\/ul>","protected":false},"featured_media":661,"comment_status":"open","ping_status":"closed","template":"","meta":{"inline_featured_image":false,"_uag_custom_page_level_css":"","site-sidebar-layout":"default","site-content-layout":"","ast-site-content-layout":"default","site-content-style":"default","site-sidebar-style":"default","ast-global-header-display":"","ast-banner-title-visibility":"","ast-main-header-display":"","ast-hfb-above-header-display":"","ast-hfb-below-header-display":"","ast-hfb-mobile-header-display":"","site-post-title":"","ast-breadcrumbs-content":"","ast-featured-img":"","footer-sml-layout":"","ast-disable-related-posts":"","theme-transparent-header-meta":"default","adv-header-id-meta":"","stick-header-meta":"","header-above-stick-meta":"","header-main-stick-meta":"","header-below-stick-meta":"","astra-migrate-meta-layouts":"set","ast-page-background-enabled":"default","ast-page-background-meta":{"desktop":{"background-color":"var(--ast-global-color-4)","background-image":"","background-repeat":"repeat","background-position":"center center","background-size":"auto","background-attachment":"scroll","background-type":"","background-media":"","overlay-type":"","overlay-color":"","overlay-opacity":"","overlay-gradient":""},"tablet":{"background-color":"","background-image":"","background-repeat":"repeat","background-position":"center center","background-size":"auto","background-attachment":"scroll","background-type":"","background-media":"","overlay-type":"","overlay-color":"","overlay-opacity":"","overlay-gradient":""},"mobile":{"background-color":"","background-image":"","background-repeat":"repeat","background-position":"center center","background-size":"auto","background-attachment":"scroll","background-type":"","background-media":"","overlay-type":"","overlay-color":"","overlay-opacity":"","overlay-gradient":""}},"ast-content-background-meta":{"desktop":{"background-color":"var(--ast-global-color-5)","background-image":"","background-repeat":"repeat","background-position":"center center","background-size":"auto","background-attachment":"scroll","background-type":"","background-media":"","overlay-type":"","overlay-color":"","overlay-opacity":"","overlay-gradient":""},"tablet":{"background-color":"var(--ast-global-color-5)","background-image":"","background-repeat":"repeat","background-position":"center center","background-size":"auto","background-attachment":"scroll","background-type":"","background-media":"","overlay-type":"","overlay-color":"","overlay-opacity":"","overlay-gradient":""},"mobile":{"background-color":"var(--ast-global-color-5)","background-image":"","background-repeat":"repeat","background-position":"center center","background-size":"auto","background-attachment":"scroll","background-type":"","background-media":"","overlay-type":"","overlay-color":"","overlay-opacity":"","overlay-gradient":""}}},"product_brand":[38],"product_cat":[41],"product_tag":[59,57,58,52,104],"class_list":{"0":"post-652","1":"product","2":"type-product","3":"status-publish","4":"has-post-thumbnail","6":"product_brand-shobain","7":"product_cat-nightwear","8":"product_tag-black","9":"product_tag-embroidered-lace","10":"product_tag-lola","11":"product_tag-mesh","12":"product_tag-nightie","13":"desktop-align-center","14":"tablet-align-center","15":"mobile-align-center","17":"first","18":"instock","19":"shipping-taxable","20":"purchasable","21":"product-type-simple"},"aioseo_notices":[],"uagb_featured_image_src":{"full":["https:\/\/shobain.com\/wp-content\/uploads\/2025\/06\/Lola-Nightie-3.jpeg",942,1178,false],"thumbnail":["https:\/\/shobain.com\/wp-content\/uploads\/2025\/06\/Lola-Nightie-3-150x150.jpeg",150,150,true],"medium":["https:\/\/shobain.com\/wp-content\/uploads\/2025\/06\/Lola-Nightie-3-240x300.jpeg",240,300,true],"medium_large":["https:\/\/shobain.com\/wp-content\/uploads\/2025\/06\/Lola-Nightie-3-768x960.jpeg",768,960,true],"large":["https:\/\/shobain.com\/wp-content\/uploads\/2025\/06\/Lola-Nightie-3-819x1024.jpeg",819,1024,true],"1536x1536":["https:\/\/shobain.com\/wp-content\/uploads\/2025\/06\/Lola-Nightie-3.jpeg",942,1178,false],"2048x2048":["https:\/\/shobain.com\/wp-content\/uploads\/2025\/06\/Lola-Nightie-3.jpeg",942,1178,false],"trp-custom-language-flag":["https:\/\/shobain.com\/wp-content\/uploads\/2025\/06\/Lola-Nightie-3.jpeg",10,12,false],"mailpoet_newsletter_max":["https:\/\/shobain.com\/wp-content\/uploads\/2025\/06\/Lola-Nightie-3.jpeg",942,1178,false],"woocommerce_thumbnail":["https:\/\/shobain.com\/wp-content\/uploads\/2025\/06\/Lola-Nightie-3-300x375.jpeg",300,375,true],"woocommerce_single":["https:\/\/shobain.com\/wp-content\/uploads\/2025\/06\/Lola-Nightie-3-600x750.jpeg",600,750,true],"woocommerce_gallery_thumbnail":["https:\/\/shobain.com\/wp-content\/uploads\/2025\/06\/Lola-Nightie-3-100x100.jpeg",100,100,true]},"uagb_author_info":{"display_name":"Laura Roman","author_link":"https:\/\/shobain.com\/hr\/author\/"},"uagb_comment_info":0,"uagb_excerpt":"Sleep like royalty in the Lola Nightie, featuring embroidered floral lace with sparkling gemstones and silky soft black polka dot mesh. Adjustable straps and delicate back details create a luxurious, custom-fit nightwear piece that pairs beautifully with the Lola Butterfly Panty. Features: Luxurious embroidered floral lace with tiny gemstone accents Soft, silky-feel black polka dot&hellip;","_links":{"self":[{"href":"https:\/\/shobain.com\/hr\/wp-json\/wp\/v2\/product\/652","targetHints":{"allow":["GET"]}}],"collection":[{"href":"https:\/\/shobain.com\/hr\/wp-json\/wp\/v2\/product"}],"about":[{"href":"https:\/\/shobain.com\/hr\/wp-json\/wp\/v2\/types\/product"}],"replies":[{"embeddable":true,"href":"https:\/\/shobain.com\/hr\/wp-json\/wp\/v2\/comments?post=652"}],"wp:featuredmedia":[{"embeddable":true,"href":"https:\/\/shobain.com\/hr\/wp-json\/wp\/v2\/media\/661"}],"wp:attachment":[{"href":"https:\/\/shobain.com\/hr\/wp-json\/wp\/v2\/media?parent=652"}],"wp:term":[{"taxonomy":"product_brand","embeddable":true,"href":"https:\/\/shobain.com\/hr\/wp-json\/wp\/v2\/product_brand?post=652"},{"taxonomy":"product_cat","embeddable":true,"href":"https:\/\/shobain.com\/hr\/wp-json\/wp\/v2\/product_cat?post=652"},{"taxonomy":"product_tag","embeddable":true,"href":"https:\/\/shobain.com\/hr\/wp-json\/wp\/v2\/product_tag?post=652"}],"curies":[{"name":"wp","href":"https:\/\/api.w.org\/{rel}","templated":true}]}}