{"id":666,"date":"2025-06-22T18:14:26","date_gmt":"2025-06-22T16:14:26","guid":{"rendered":"https:\/\/orchid-weasel-405112.hostingersite.com\/?post_type=product&#038;p=666"},"modified":"2026-02-02T11:11:37","modified_gmt":"2026-02-02T09:11:37","slug":"isabella-bra","status":"publish","type":"product","link":"https:\/\/shobain.com\/hr\/proizvod\/isabella-bra\/","title":{"rendered":"Isabella Grudnjak"},"content":{"rendered":"<p>Grudnjak Isabella mekani je grudnjak bez \u017eica, izra\u0111en od crne mre\u017eice i tila s izvezenim cvjetnim motivom. Grudnjak nudi udobnu podr\u0161ku i uklju\u010duje dva stila naramenica. Prvi stil, koji je prikazan na slikama, odlikuje se zanimljivim dizajnom na le\u0111ima koji pokazuje nje\u017enost i ljepotu izvezenih cvjetova. Cijeli je dizajn podesiv zahvaljuju\u0107i podesivim naramenicama.\nDrugi stil naramenica, koji je tako\u0111er uklju\u010den u cijenu, sadr\u017ei klasi\u010dne crne naramenice koje mo\u017eete nositi u klasi\u010dnom stilu ili ih mo\u017eete nositi u ukr\u0161tenom stilu. Isabella grudnjak je stoga vrlo svestran komad kojeg mo\u017eete nositi kao svakodnevni udoban grudnjak bez \u017eica, te ga u trenu pretvoriti u grudnjak za posebne prilike koji \u0107ete htjeti pokazati kao dio svog outfita.<\/p>\n<p>&nbsp;<\/p>\n<p>Mre\u017ea: 85% poliamid, 15% elastan<\/p>\n<p>Vezena \u010dipka: 100% poliester<\/p>","protected":false},"excerpt":{"rendered":"<p data-start=\"70\" data-end=\"87\"><strong data-start=\"70\" data-end=\"87\">Karakteristike:<\/strong><\/p>\n<ul data-start=\"88\" data-end=\"279\">\n<li data-start=\"88\" data-end=\"154\">\n<p data-start=\"90\" data-end=\"154\">Mekani dizajn ko\u0161arica s mre\u017eicom i nje\u017enim cvjetnim vezom<\/p>\n<\/li>\n<li data-start=\"155\" data-end=\"214\">\n<p data-start=\"157\" data-end=\"214\">Dvije zamjenjive opcije naramenica za svestrano stiliziranje<\/p>\n<\/li>\n<li data-start=\"215\" data-end=\"279\">\n<p data-start=\"217\" data-end=\"279\">Elegantni izvezeni detalj na le\u0111ima za vizualni dojam<\/p>\n<\/li>\n<\/ul>","protected":false},"featured_media":672,"comment_status":"open","ping_status":"closed","template":"","meta":{"inline_featured_image":false,"_uag_custom_page_level_css":"","site-sidebar-layout":"default","site-content-layout":"","ast-site-content-layout":"default","site-content-style":"default","site-sidebar-style":"default","ast-global-header-display":"","ast-banner-title-visibility":"","ast-main-header-display":"","ast-hfb-above-header-display":"","ast-hfb-below-header-display":"","ast-hfb-mobile-header-display":"","site-post-title":"","ast-breadcrumbs-content":"","ast-featured-img":"","footer-sml-layout":"","ast-disable-related-posts":"","theme-transparent-header-meta":"default","adv-header-id-meta":"","stick-header-meta":"","header-above-stick-meta":"","header-main-stick-meta":"","header-below-stick-meta":"","astra-migrate-meta-layouts":"set","ast-page-background-enabled":"default","ast-page-background-meta":{"desktop":{"background-color":"var(--ast-global-color-4)","background-image":"","background-repeat":"repeat","background-position":"center center","background-size":"auto","background-attachment":"scroll","background-type":"","background-media":"","overlay-type":"","overlay-color":"","overlay-opacity":"","overlay-gradient":""},"tablet":{"background-color":"","background-image":"","background-repeat":"repeat","background-position":"center center","background-size":"auto","background-attachment":"scroll","background-type":"","background-media":"","overlay-type":"","overlay-color":"","overlay-opacity":"","overlay-gradient":""},"mobile":{"background-color":"","background-image":"","background-repeat":"repeat","background-position":"center center","background-size":"auto","background-attachment":"scroll","background-type":"","background-media":"","overlay-type":"","overlay-color":"","overlay-opacity":"","overlay-gradient":""}},"ast-content-background-meta":{"desktop":{"background-color":"var(--ast-global-color-5)","background-image":"","background-repeat":"repeat","background-position":"center center","background-size":"auto","background-attachment":"scroll","background-type":"","background-media":"","overlay-type":"","overlay-color":"","overlay-opacity":"","overlay-gradient":""},"tablet":{"background-color":"var(--ast-global-color-5)","background-image":"","background-repeat":"repeat","background-position":"center center","background-size":"auto","background-attachment":"scroll","background-type":"","background-media":"","overlay-type":"","overlay-color":"","overlay-opacity":"","overlay-gradient":""},"mobile":{"background-color":"var(--ast-global-color-5)","background-image":"","background-repeat":"repeat","background-position":"center center","background-size":"auto","background-attachment":"scroll","background-type":"","background-media":"","overlay-type":"","overlay-color":"","overlay-opacity":"","overlay-gradient":""}}},"product_brand":[38],"product_cat":[26],"product_tag":[59,126,57,60,52],"class_list":{"0":"post-666","1":"product","2":"type-product","3":"status-publish","4":"has-post-thumbnail","6":"product_brand-shobain","7":"product_cat-lingerie-sets","8":"product_tag-black","9":"product_tag-bra","10":"product_tag-embroidered-lace","11":"product_tag-isabella","12":"product_tag-mesh","13":"desktop-align-center","14":"tablet-align-center","15":"mobile-align-center","17":"first","18":"instock","19":"shipping-taxable","20":"purchasable","21":"product-type-simple"},"aioseo_notices":[],"uagb_featured_image_src":{"full":["https:\/\/shobain.com\/wp-content\/uploads\/2025\/06\/484437479_670647948648249_1267091914096866522_n-1.jpg",1152,2048,false],"thumbnail":["https:\/\/shobain.com\/wp-content\/uploads\/2025\/06\/484437479_670647948648249_1267091914096866522_n-1-150x150.jpg",150,150,true],"medium":["https:\/\/shobain.com\/wp-content\/uploads\/2025\/06\/484437479_670647948648249_1267091914096866522_n-1-169x300.jpg",169,300,true],"medium_large":["https:\/\/shobain.com\/wp-content\/uploads\/2025\/06\/484437479_670647948648249_1267091914096866522_n-1-768x1365.jpg",768,1365,true],"large":["https:\/\/shobain.com\/wp-content\/uploads\/2025\/06\/484437479_670647948648249_1267091914096866522_n-1-576x1024.jpg",576,1024,true],"1536x1536":["https:\/\/shobain.com\/wp-content\/uploads\/2025\/06\/484437479_670647948648249_1267091914096866522_n-1-864x1536.jpg",864,1536,true],"2048x2048":["https:\/\/shobain.com\/wp-content\/uploads\/2025\/06\/484437479_670647948648249_1267091914096866522_n-1.jpg",1152,2048,false],"trp-custom-language-flag":["https:\/\/shobain.com\/wp-content\/uploads\/2025\/06\/484437479_670647948648249_1267091914096866522_n-1.jpg",7,12,false],"mailpoet_newsletter_max":["https:\/\/shobain.com\/wp-content\/uploads\/2025\/06\/484437479_670647948648249_1267091914096866522_n-1.jpg",1152,2048,false],"woocommerce_thumbnail":["https:\/\/shobain.com\/wp-content\/uploads\/2025\/06\/484437479_670647948648249_1267091914096866522_n-1-300x375.jpg",300,375,true],"woocommerce_single":["https:\/\/shobain.com\/wp-content\/uploads\/2025\/06\/484437479_670647948648249_1267091914096866522_n-1-600x1067.jpg",600,1067,true],"woocommerce_gallery_thumbnail":["https:\/\/shobain.com\/wp-content\/uploads\/2025\/06\/484437479_670647948648249_1267091914096866522_n-1-100x100.jpg",100,100,true]},"uagb_author_info":{"display_name":"Laura Roman","author_link":"https:\/\/shobain.com\/hr\/author\/"},"uagb_comment_info":0,"uagb_excerpt":"Key Features: Soft cup design with sheer mesh and delicate floral embroidery Two interchangeable strap options for versatile styling Elegant embroidered back detail for comfort with visual impact","_links":{"self":[{"href":"https:\/\/shobain.com\/hr\/wp-json\/wp\/v2\/product\/666","targetHints":{"allow":["GET"]}}],"collection":[{"href":"https:\/\/shobain.com\/hr\/wp-json\/wp\/v2\/product"}],"about":[{"href":"https:\/\/shobain.com\/hr\/wp-json\/wp\/v2\/types\/product"}],"replies":[{"embeddable":true,"href":"https:\/\/shobain.com\/hr\/wp-json\/wp\/v2\/comments?post=666"}],"wp:featuredmedia":[{"embeddable":true,"href":"https:\/\/shobain.com\/hr\/wp-json\/wp\/v2\/media\/672"}],"wp:attachment":[{"href":"https:\/\/shobain.com\/hr\/wp-json\/wp\/v2\/media?parent=666"}],"wp:term":[{"taxonomy":"product_brand","embeddable":true,"href":"https:\/\/shobain.com\/hr\/wp-json\/wp\/v2\/product_brand?post=666"},{"taxonomy":"product_cat","embeddable":true,"href":"https:\/\/shobain.com\/hr\/wp-json\/wp\/v2\/product_cat?post=666"},{"taxonomy":"product_tag","embeddable":true,"href":"https:\/\/shobain.com\/hr\/wp-json\/wp\/v2\/product_tag?post=666"}],"curies":[{"name":"wp","href":"https:\/\/api.w.org\/{rel}","templated":true}]}}