{"id":684,"date":"2025-06-22T18:18:14","date_gmt":"2025-06-22T16:18:14","guid":{"rendered":"https:\/\/orchid-weasel-405112.hostingersite.com\/?post_type=product&#038;p=684"},"modified":"2025-07-28T15:17:41","modified_gmt":"2025-07-28T13:17:41","slug":"isabella-ouvert-panty","status":"publish","type":"product","link":"https:\/\/shobain.com\/hr\/proizvod\/isabella-ouvert-panty\/","title":{"rendered":"Isabella Ouvert Ga\u0107ice"},"content":{"rendered":"<p>Ono od \u010dega su cvjetni snovi stvoreni, Isabella ouvert ga\u0107ice pravo su slavlje senzualnosti. Napravljene od crne rastezljive mre\u017eice koja je tako mekana na ko\u017ei i tila s izvezenim cvjetovima, ove ga\u0107ice kao da nje\u017eno posipaju livadsko cvije\u0107e po va\u0161oj ko\u017ei.\n\nTil s izvezenim livadnim cvije\u0107em omata se oko va\u0161ih bokova i sustre\u0107e na prednjoj strain ga\u0107ica, a stra\u017enja strana s otvorenim dijelom dolazi s podesivom trakom kako biste ga\u0107ice po potrebi ja\u010de ili slabije stegnuli.\n\nGa\u0107ice su podstavljene s certificiranim Oeko-Tex\u00ae pamu\u010dnim jerseyom.\n\nUpotpunite set s Isabella grudnjakom i Isabella choker ogrlicom.<\/p>\n<p>&nbsp;<\/p>\n<p>Mre\u017ea: 85% poliamid, 15% elastan<\/p>\n<p>Vezena \u010dipka: 100% poliester<\/p>\n<p>Gusset lining: 94% cotton, 6% elastane<\/p>","protected":false},"excerpt":{"rendered":"<p>Isabella Ouvert ga\u0107ice kombiniraju meku crnu mre\u017eicu i izvezeni cvjetni til s podesivim le\u0111ima koja se otvaraju na pogled za senzualno i prilagodljivo pristajanje. Podstavljene Oeko-Tex\u00ae pamukom, savr\u0161eno se sla\u017eu s Isabella grudnjakom i chokerom.<\/p>\n<p data-start=\"88\" data-end=\"105\"><strong data-start=\"88\" data-end=\"105\">Karakteristike:<\/strong><\/p>\n<ul data-start=\"106\" data-end=\"304\">\n<li data-start=\"106\" data-end=\"169\">\n<p data-start=\"108\" data-end=\"169\">Lagani izvezeni til s nje\u017enim cvjetnim motivima<\/p>\n<\/li>\n<li data-start=\"170\" data-end=\"234\">\n<p data-start=\"172\" data-end=\"234\">Otvorena stra\u017enja strana s podesivom trakicom<\/p>\n<\/li>\n<li data-start=\"235\" data-end=\"304\">\n<p data-start=\"237\" data-end=\"304\">Podstavljene Oeko-Tex\u00ae pamu\u010dnim jersey-om za udobnost<\/p>\n<\/li>\n<\/ul>","protected":false},"featured_media":671,"comment_status":"open","ping_status":"closed","template":"","meta":{"inline_featured_image":false,"_uag_custom_page_level_css":"","site-sidebar-layout":"default","site-content-layout":"","ast-site-content-layout":"default","site-content-style":"default","site-sidebar-style":"default","ast-global-header-display":"","ast-banner-title-visibility":"","ast-main-header-display":"","ast-hfb-above-header-display":"","ast-hfb-below-header-display":"","ast-hfb-mobile-header-display":"","site-post-title":"","ast-breadcrumbs-content":"","ast-featured-img":"","footer-sml-layout":"","ast-disable-related-posts":"","theme-transparent-header-meta":"default","adv-header-id-meta":"","stick-header-meta":"","header-above-stick-meta":"","header-main-stick-meta":"","header-below-stick-meta":"","astra-migrate-meta-layouts":"set","ast-page-background-enabled":"default","ast-page-background-meta":{"desktop":{"background-color":"var(--ast-global-color-4)","background-image":"","background-repeat":"repeat","background-position":"center center","background-size":"auto","background-attachment":"scroll","background-type":"","background-media":"","overlay-type":"","overlay-color":"","overlay-opacity":"","overlay-gradient":""},"tablet":{"background-color":"","background-image":"","background-repeat":"repeat","background-position":"center center","background-size":"auto","background-attachment":"scroll","background-type":"","background-media":"","overlay-type":"","overlay-color":"","overlay-opacity":"","overlay-gradient":""},"mobile":{"background-color":"","background-image":"","background-repeat":"repeat","background-position":"center center","background-size":"auto","background-attachment":"scroll","background-type":"","background-media":"","overlay-type":"","overlay-color":"","overlay-opacity":"","overlay-gradient":""}},"ast-content-background-meta":{"desktop":{"background-color":"var(--ast-global-color-5)","background-image":"","background-repeat":"repeat","background-position":"center center","background-size":"auto","background-attachment":"scroll","background-type":"","background-media":"","overlay-type":"","overlay-color":"","overlay-opacity":"","overlay-gradient":""},"tablet":{"background-color":"var(--ast-global-color-5)","background-image":"","background-repeat":"repeat","background-position":"center center","background-size":"auto","background-attachment":"scroll","background-type":"","background-media":"","overlay-type":"","overlay-color":"","overlay-opacity":"","overlay-gradient":""},"mobile":{"background-color":"var(--ast-global-color-5)","background-image":"","background-repeat":"repeat","background-position":"center center","background-size":"auto","background-attachment":"scroll","background-type":"","background-media":"","overlay-type":"","overlay-color":"","overlay-opacity":"","overlay-gradient":""}}},"product_brand":[38],"product_cat":[40],"product_tag":[57,60,61],"class_list":{"0":"post-684","1":"product","2":"type-product","3":"status-publish","4":"has-post-thumbnail","6":"product_brand-shobain","7":"product_cat-panties","8":"product_tag-embroidered-lace","9":"product_tag-isabella","10":"product_tag-ouvert","11":"desktop-align-center","12":"tablet-align-center","13":"mobile-align-center","15":"first","16":"instock","17":"shipping-taxable","18":"purchasable","19":"product-type-simple"},"aioseo_notices":[],"uagb_featured_image_src":{"full":["https:\/\/shobain.com\/wp-content\/uploads\/2025\/06\/484418261_670647935314917_8526625763031353023_n-1.jpg",1152,2048,false],"thumbnail":["https:\/\/shobain.com\/wp-content\/uploads\/2025\/06\/484418261_670647935314917_8526625763031353023_n-1-150x150.jpg",150,150,true],"medium":["https:\/\/shobain.com\/wp-content\/uploads\/2025\/06\/484418261_670647935314917_8526625763031353023_n-1-169x300.jpg",169,300,true],"medium_large":["https:\/\/shobain.com\/wp-content\/uploads\/2025\/06\/484418261_670647935314917_8526625763031353023_n-1-768x1365.jpg",768,1365,true],"large":["https:\/\/shobain.com\/wp-content\/uploads\/2025\/06\/484418261_670647935314917_8526625763031353023_n-1-576x1024.jpg",576,1024,true],"1536x1536":["https:\/\/shobain.com\/wp-content\/uploads\/2025\/06\/484418261_670647935314917_8526625763031353023_n-1-864x1536.jpg",864,1536,true],"2048x2048":["https:\/\/shobain.com\/wp-content\/uploads\/2025\/06\/484418261_670647935314917_8526625763031353023_n-1.jpg",1152,2048,false],"trp-custom-language-flag":["https:\/\/shobain.com\/wp-content\/uploads\/2025\/06\/484418261_670647935314917_8526625763031353023_n-1.jpg",7,12,false],"mailpoet_newsletter_max":["https:\/\/shobain.com\/wp-content\/uploads\/2025\/06\/484418261_670647935314917_8526625763031353023_n-1.jpg",1152,2048,false],"woocommerce_thumbnail":["https:\/\/shobain.com\/wp-content\/uploads\/2025\/06\/484418261_670647935314917_8526625763031353023_n-1-300x375.jpg",300,375,true],"woocommerce_single":["https:\/\/shobain.com\/wp-content\/uploads\/2025\/06\/484418261_670647935314917_8526625763031353023_n-1-600x1067.jpg",600,1067,true],"woocommerce_gallery_thumbnail":["https:\/\/shobain.com\/wp-content\/uploads\/2025\/06\/484418261_670647935314917_8526625763031353023_n-1-100x100.jpg",100,100,true]},"uagb_author_info":{"display_name":"Laura Roman","author_link":"https:\/\/shobain.com\/hr\/author\/"},"uagb_comment_info":0,"uagb_excerpt":"The Isabella Ouvert Panty combines soft black mesh and embroidered floral tulle with a peek-a-boo adjustable back for a sensual, customizable fit. Lined with Oeko-Tex\u00ae cotton, it pairs perfectly with the Isabella Bra and Choker. Key Features: Feather-light embroidered tulle with delicate floral motifs Peek-a-boo back with fully adjustable strap for a custom fit Lined&hellip;","_links":{"self":[{"href":"https:\/\/shobain.com\/hr\/wp-json\/wp\/v2\/product\/684","targetHints":{"allow":["GET"]}}],"collection":[{"href":"https:\/\/shobain.com\/hr\/wp-json\/wp\/v2\/product"}],"about":[{"href":"https:\/\/shobain.com\/hr\/wp-json\/wp\/v2\/types\/product"}],"replies":[{"embeddable":true,"href":"https:\/\/shobain.com\/hr\/wp-json\/wp\/v2\/comments?post=684"}],"wp:featuredmedia":[{"embeddable":true,"href":"https:\/\/shobain.com\/hr\/wp-json\/wp\/v2\/media\/671"}],"wp:attachment":[{"href":"https:\/\/shobain.com\/hr\/wp-json\/wp\/v2\/media?parent=684"}],"wp:term":[{"taxonomy":"product_brand","embeddable":true,"href":"https:\/\/shobain.com\/hr\/wp-json\/wp\/v2\/product_brand?post=684"},{"taxonomy":"product_cat","embeddable":true,"href":"https:\/\/shobain.com\/hr\/wp-json\/wp\/v2\/product_cat?post=684"},{"taxonomy":"product_tag","embeddable":true,"href":"https:\/\/shobain.com\/hr\/wp-json\/wp\/v2\/product_tag?post=684"}],"curies":[{"name":"wp","href":"https:\/\/api.w.org\/{rel}","templated":true}]}}