{"id":710,"date":"2025-06-22T18:49:03","date_gmt":"2025-06-22T16:49:03","guid":{"rendered":"https:\/\/orchid-weasel-405112.hostingersite.com\/?post_type=product&#038;p=710"},"modified":"2026-02-16T11:07:54","modified_gmt":"2026-02-16T09:07:54","slug":"valentina-set","status":"publish","type":"product","link":"https:\/\/shobain.com\/hr\/proizvod\/valentina-set\/","title":{"rendered":"Valentina Set"},"content":{"rendered":"<p data-start=\"160\" data-end=\"549\">Poja\u010dajte temperaturu uz smjeli i zavodljivi <strong data-start=\"203\" data-end=\"220\">Valentina Set<\/strong> \u2014 vatreno crveni ansambl dizajniran da ostavi dojam u bilo kojem godi\u0161njem dobu. Izra\u0111en od upe\u010datljive geometrijske izvezene \u010dipke, ovaj bralette u halter stilu ostavlja le\u0111a prekrasno golima. Kop\u010danje je s prednje strane sa zlatnom kop\u010dom, i sve je podesivo za najbolji fit. Detalji od \u010dipke uokviruju tijelo na donjem dijelu, dodaju\u0107i dodatni da\u0161ak senzualne elegancije.<\/p>\n<p data-start=\"551\" data-end=\"872\">Set uklju\u010duje zavodljive tange s potpuno podesivim naramenicama sprijeda i straga, nude\u0107i prilago\u0111eno pristajanje koje savr\u0161eno prati va\u0161e obline. Nje\u017ean harness s podesivim trakicama i zlatnim prstenom upotpunjuje izgled - savr\u0161en za kombiniranje s odjevnom kombinacijom ili za podizanje intimnog trenutka na vi\u0161u razinu.<\/p>\n<p data-start=\"874\" data-end=\"1039\">S mekom Oeko-Tex\u00ae certificiranom podstavom od pamu\u010dnog jerseya za udobnost, Valentina set je dizajniran da vam pru\u017ei samopouzdanje i odva\u017enu \u017eenstvenost.<\/p>\n<p>\u010cipka: 100% poliester<\/p>\n<p>Podstava: 94% pamuk, 6% elastan<\/p>","protected":false},"excerpt":{"rendered":"<p>Set Valentina podi\u017ee temperaturu crvenom \u010dipkom s geometrijskim uzorkom, zlatnim detaljima s trakicama, grudnjakom u stilu haltera i podesivim tanga ga\u0107icama \u2014 sve upotpunjeno zavodljivim pripadaju\u0107im harnessom.<\/p>\n<p data-start=\"71\" data-end=\"88\"><strong data-start=\"71\" data-end=\"88\">Karakteristike:<\/strong><\/p>\n<ul data-start=\"89\" data-end=\"318\">\n<li data-start=\"89\" data-end=\"166\">\n<p data-start=\"91\" data-end=\"166\">Prekrasna crvena \u010dipka sa geometrijskim uzorkom i grudnjak s prednjim kop\u010danjem<\/p>\n<\/li>\n<li data-start=\"167\" data-end=\"245\">\n<p data-start=\"169\" data-end=\"245\">Podesiva g-string tranga i pripadaju\u0107i harness sa zlatnim detaljima<\/p>\n<\/li>\n<li data-start=\"246\" data-end=\"318\">\n<p data-start=\"248\" data-end=\"318\">Oeko-Tex\u00ae pamu\u010dni jersey za udobnost<\/p>\n<\/li>\n<\/ul>","protected":false},"featured_media":716,"comment_status":"open","ping_status":"closed","template":"","meta":{"inline_featured_image":false,"_uag_custom_page_level_css":"","site-sidebar-layout":"default","site-content-layout":"","ast-site-content-layout":"default","site-content-style":"default","site-sidebar-style":"default","ast-global-header-display":"","ast-banner-title-visibility":"","ast-main-header-display":"","ast-hfb-above-header-display":"","ast-hfb-below-header-display":"","ast-hfb-mobile-header-display":"","site-post-title":"","ast-breadcrumbs-content":"","ast-featured-img":"","footer-sml-layout":"","ast-disable-related-posts":"","theme-transparent-header-meta":"default","adv-header-id-meta":"","stick-header-meta":"","header-above-stick-meta":"","header-main-stick-meta":"","header-below-stick-meta":"","astra-migrate-meta-layouts":"set","ast-page-background-enabled":"default","ast-page-background-meta":{"desktop":{"background-color":"var(--ast-global-color-4)","background-image":"","background-repeat":"repeat","background-position":"center center","background-size":"auto","background-attachment":"scroll","background-type":"","background-media":"","overlay-type":"","overlay-color":"","overlay-opacity":"","overlay-gradient":""},"tablet":{"background-color":"","background-image":"","background-repeat":"repeat","background-position":"center center","background-size":"auto","background-attachment":"scroll","background-type":"","background-media":"","overlay-type":"","overlay-color":"","overlay-opacity":"","overlay-gradient":""},"mobile":{"background-color":"","background-image":"","background-repeat":"repeat","background-position":"center center","background-size":"auto","background-attachment":"scroll","background-type":"","background-media":"","overlay-type":"","overlay-color":"","overlay-opacity":"","overlay-gradient":""}},"ast-content-background-meta":{"desktop":{"background-color":"var(--ast-global-color-5)","background-image":"","background-repeat":"repeat","background-position":"center center","background-size":"auto","background-attachment":"scroll","background-type":"","background-media":"","overlay-type":"","overlay-color":"","overlay-opacity":"","overlay-gradient":""},"tablet":{"background-color":"var(--ast-global-color-5)","background-image":"","background-repeat":"repeat","background-position":"center center","background-size":"auto","background-attachment":"scroll","background-type":"","background-media":"","overlay-type":"","overlay-color":"","overlay-opacity":"","overlay-gradient":""},"mobile":{"background-color":"var(--ast-global-color-5)","background-image":"","background-repeat":"repeat","background-position":"center center","background-size":"auto","background-attachment":"scroll","background-type":"","background-media":"","overlay-type":"","overlay-color":"","overlay-opacity":"","overlay-gradient":""}}},"product_brand":[38],"product_cat":[26],"product_tag":[96,65,103,64],"class_list":{"0":"post-710","1":"product","2":"type-product","3":"status-publish","4":"has-post-thumbnail","6":"product_brand-shobain","7":"product_cat-lingerie-sets","8":"product_tag-erotic","9":"product_tag-red","10":"product_tag-strappy","11":"product_tag-valentina","12":"desktop-align-center","13":"tablet-align-center","14":"mobile-align-center","16":"first","17":"instock","18":"shipping-taxable","19":"purchasable","20":"product-type-simple"},"aioseo_notices":[],"uagb_featured_image_src":{"full":["https:\/\/shobain.com\/wp-content\/uploads\/2025\/06\/valentina-set-on-model.jpeg",689,861,false],"thumbnail":["https:\/\/shobain.com\/wp-content\/uploads\/2025\/06\/valentina-set-on-model-150x150.jpeg",150,150,true],"medium":["https:\/\/shobain.com\/wp-content\/uploads\/2025\/06\/valentina-set-on-model-240x300.jpeg",240,300,true],"medium_large":["https:\/\/shobain.com\/wp-content\/uploads\/2025\/06\/valentina-set-on-model.jpeg",689,861,false],"large":["https:\/\/shobain.com\/wp-content\/uploads\/2025\/06\/valentina-set-on-model.jpeg",689,861,false],"1536x1536":["https:\/\/shobain.com\/wp-content\/uploads\/2025\/06\/valentina-set-on-model.jpeg",689,861,false],"2048x2048":["https:\/\/shobain.com\/wp-content\/uploads\/2025\/06\/valentina-set-on-model.jpeg",689,861,false],"trp-custom-language-flag":["https:\/\/shobain.com\/wp-content\/uploads\/2025\/06\/valentina-set-on-model.jpeg",10,12,false],"mailpoet_newsletter_max":["https:\/\/shobain.com\/wp-content\/uploads\/2025\/06\/valentina-set-on-model.jpeg",689,861,false],"woocommerce_thumbnail":["https:\/\/shobain.com\/wp-content\/uploads\/2025\/06\/valentina-set-on-model-300x375.jpeg",300,375,true],"woocommerce_single":["https:\/\/shobain.com\/wp-content\/uploads\/2025\/06\/valentina-set-on-model-600x750.jpeg",600,750,true],"woocommerce_gallery_thumbnail":["https:\/\/shobain.com\/wp-content\/uploads\/2025\/06\/valentina-set-on-model-100x100.jpeg",100,100,true]},"uagb_author_info":{"display_name":"Laura Roman","author_link":"https:\/\/shobain.com\/hr\/author\/"},"uagb_comment_info":0,"uagb_excerpt":"The Valentina Set turns up the heat with red geometric lace, strappy gold-accented details, a halter-style bralette, and an adjustable g-string thong \u2014 all completed with a sultry matching harness. Key Features: Bold red geometric lace with halter-style bralette and gold front closure Fully adjustable g-string thong and matching harness with gold ring accent Oeko-Tex\u00ae&hellip;","_links":{"self":[{"href":"https:\/\/shobain.com\/hr\/wp-json\/wp\/v2\/product\/710","targetHints":{"allow":["GET"]}}],"collection":[{"href":"https:\/\/shobain.com\/hr\/wp-json\/wp\/v2\/product"}],"about":[{"href":"https:\/\/shobain.com\/hr\/wp-json\/wp\/v2\/types\/product"}],"replies":[{"embeddable":true,"href":"https:\/\/shobain.com\/hr\/wp-json\/wp\/v2\/comments?post=710"}],"wp:featuredmedia":[{"embeddable":true,"href":"https:\/\/shobain.com\/hr\/wp-json\/wp\/v2\/media\/716"}],"wp:attachment":[{"href":"https:\/\/shobain.com\/hr\/wp-json\/wp\/v2\/media?parent=710"}],"wp:term":[{"taxonomy":"product_brand","embeddable":true,"href":"https:\/\/shobain.com\/hr\/wp-json\/wp\/v2\/product_brand?post=710"},{"taxonomy":"product_cat","embeddable":true,"href":"https:\/\/shobain.com\/hr\/wp-json\/wp\/v2\/product_cat?post=710"},{"taxonomy":"product_tag","embeddable":true,"href":"https:\/\/shobain.com\/hr\/wp-json\/wp\/v2\/product_tag?post=710"}],"curies":[{"name":"wp","href":"https:\/\/api.w.org\/{rel}","templated":true}]}}