{"id":719,"date":"2025-06-22T19:15:13","date_gmt":"2025-06-22T17:15:13","guid":{"rendered":"https:\/\/orchid-weasel-405112.hostingersite.com\/?post_type=product&#038;p=719"},"modified":"2026-02-02T11:12:24","modified_gmt":"2026-02-02T09:12:24","slug":"eione","status":"publish","type":"product","link":"https:\/\/shobain.com\/hr\/proizvod\/eione\/","title":{"rendered":"Eione"},"content":{"rendered":"<p>Topli bijeli pijesak susre\u0107e se s nje\u017enim valovima dok sunce polako zalazi na horizontu. Paleta boja polako se razlijeva dok more ple\u0161e prema obali. Sa svakim poljupcem vala i obale, bijela se pjena povla\u010di u svoj dom, a kapljice se rasipaju u tisu\u0107ama malenih duga.<\/p>\n<p>Eione je bila Nereida, morska nimfa i jedna od pedeset k\u0107eri Nereja, gr\u010dkog boga mora, morskog starca. Bila je nimfa pijeska na pla\u017ei.<\/p>\n<p>Komplet Eione izra\u0111en je od mekog bijelog Oeko-Tex pamu\u010dnog jerseya i nje\u017ene bijele \u010dipke. Ovaj je be\u017ei\u010dni grudnjak podstavljen s bijelom mre\u017eicom te dolazi sa spu\u017evicama koje se po \u017eelji mogu izvu\u0107i i ponovno staviti. Brazilske ga\u0107ice sprijeda imaju prekrasan akvarel print na bijeloj podlozi, a mekana bijela \u010dipka nalazi se straga. Ga\u0107ice su podstavljene Oeko-Tex pamu\u010dnim jerseyem.<\/p>\n<p>&nbsp;<\/p>\n<p>Oeko-Tex\u00ae pamu\u010dni jersey:\u00a094% pamuk, 6% elastan<\/p>\n<p>Mre\u017ea: 85% poliamid, 15% elastan<\/p>\n<p>\u010cipka: 92%najlon, 8% elastan<\/p>\n<p>&nbsp;<\/p>","protected":false},"excerpt":{"rendered":"<p>Inspiriran morskom pjenom i nje\u017enim zalascima sunca, Eione set spaja sanjivi Oeko-Tex\u00ae pamu\u010dni jersey s akvarelnim printom i nje\u017enu bijelu \u010dipku. S mekim grudnjakom s ko\u0161aricama i uklonjivim podstavom i ga\u0107icama brazilskog kroja, to je nje\u017ean set koji \u0107e svaki dan u\u010diniti posebnim.<\/p>\n<p data-start=\"141\" data-end=\"158\"><strong data-start=\"141\" data-end=\"158\">Karakteristike:<\/strong><\/p>\n<ul data-start=\"159\" data-end=\"401\">\n<li data-start=\"159\" data-end=\"246\">\n<p data-start=\"161\" data-end=\"246\">Nje\u017ean cvjetni print u stilu vodenih boja na Oeko-Tex\u00ae pamu\u010dnom jersey-u s nje\u017enom bijelom \u010dipkom<\/p>\n<\/li>\n<li data-start=\"247\" data-end=\"320\">\n<p data-start=\"249\" data-end=\"320\">Mekani grudnjak sa spu\u017evicom koja se mo\u017ee izvaditi<\/p>\n<\/li>\n<li data-start=\"321\" data-end=\"401\">\n<p data-start=\"323\" data-end=\"401\">Ga\u0107ice brazilskog kroja od pamuka i bijele \u010dipke<\/p>\n<\/li>\n<\/ul>","protected":false},"featured_media":726,"comment_status":"open","ping_status":"closed","template":"","meta":{"inline_featured_image":false,"_uag_custom_page_level_css":"","site-sidebar-layout":"default","site-content-layout":"","ast-site-content-layout":"default","site-content-style":"default","site-sidebar-style":"default","ast-global-header-display":"","ast-banner-title-visibility":"","ast-main-header-display":"","ast-hfb-above-header-display":"","ast-hfb-below-header-display":"","ast-hfb-mobile-header-display":"","site-post-title":"","ast-breadcrumbs-content":"","ast-featured-img":"","footer-sml-layout":"","ast-disable-related-posts":"","theme-transparent-header-meta":"default","adv-header-id-meta":"","stick-header-meta":"","header-above-stick-meta":"","header-main-stick-meta":"","header-below-stick-meta":"","astra-migrate-meta-layouts":"set","ast-page-background-enabled":"default","ast-page-background-meta":{"desktop":{"background-color":"var(--ast-global-color-4)","background-image":"","background-repeat":"repeat","background-position":"center center","background-size":"auto","background-attachment":"scroll","background-type":"","background-media":"","overlay-type":"","overlay-color":"","overlay-opacity":"","overlay-gradient":""},"tablet":{"background-color":"","background-image":"","background-repeat":"repeat","background-position":"center center","background-size":"auto","background-attachment":"scroll","background-type":"","background-media":"","overlay-type":"","overlay-color":"","overlay-opacity":"","overlay-gradient":""},"mobile":{"background-color":"","background-image":"","background-repeat":"repeat","background-position":"center center","background-size":"auto","background-attachment":"scroll","background-type":"","background-media":"","overlay-type":"","overlay-color":"","overlay-opacity":"","overlay-gradient":""}},"ast-content-background-meta":{"desktop":{"background-color":"var(--ast-global-color-5)","background-image":"","background-repeat":"repeat","background-position":"center center","background-size":"auto","background-attachment":"scroll","background-type":"","background-media":"","overlay-type":"","overlay-color":"","overlay-opacity":"","overlay-gradient":""},"tablet":{"background-color":"var(--ast-global-color-5)","background-image":"","background-repeat":"repeat","background-position":"center center","background-size":"auto","background-attachment":"scroll","background-type":"","background-media":"","overlay-type":"","overlay-color":"","overlay-opacity":"","overlay-gradient":""},"mobile":{"background-color":"var(--ast-global-color-5)","background-image":"","background-repeat":"repeat","background-position":"center center","background-size":"auto","background-attachment":"scroll","background-type":"","background-media":"","overlay-type":"","overlay-color":"","overlay-opacity":"","overlay-gradient":""}}},"product_brand":[38],"product_cat":[26],"product_tag":[69,68,66,70,67],"class_list":{"0":"post-719","1":"product","2":"type-product","3":"status-publish","4":"has-post-thumbnail","6":"product_brand-shobain","7":"product_cat-lingerie-sets","8":"product_tag-colorful","9":"product_tag-cotton","10":"product_tag-eione","11":"product_tag-everyday","12":"product_tag-spring-nymphs","13":"desktop-align-center","14":"tablet-align-center","15":"mobile-align-center","17":"first","18":"instock","19":"shipping-taxable","20":"purchasable","21":"product-type-simple"},"aioseo_notices":[],"uagb_featured_image_src":{"full":["https:\/\/shobain.com\/wp-content\/uploads\/2025\/06\/Eione-set.jpeg",1021,1277,false],"thumbnail":["https:\/\/shobain.com\/wp-content\/uploads\/2025\/06\/Eione-set-150x150.jpeg",150,150,true],"medium":["https:\/\/shobain.com\/wp-content\/uploads\/2025\/06\/Eione-set-240x300.jpeg",240,300,true],"medium_large":["https:\/\/shobain.com\/wp-content\/uploads\/2025\/06\/Eione-set-768x961.jpeg",768,961,true],"large":["https:\/\/shobain.com\/wp-content\/uploads\/2025\/06\/Eione-set-819x1024.jpeg",819,1024,true],"1536x1536":["https:\/\/shobain.com\/wp-content\/uploads\/2025\/06\/Eione-set.jpeg",1021,1277,false],"2048x2048":["https:\/\/shobain.com\/wp-content\/uploads\/2025\/06\/Eione-set.jpeg",1021,1277,false],"trp-custom-language-flag":["https:\/\/shobain.com\/wp-content\/uploads\/2025\/06\/Eione-set.jpeg",10,12,false],"mailpoet_newsletter_max":["https:\/\/shobain.com\/wp-content\/uploads\/2025\/06\/Eione-set.jpeg",1021,1277,false],"woocommerce_thumbnail":["https:\/\/shobain.com\/wp-content\/uploads\/2025\/06\/Eione-set-300x375.jpeg",300,375,true],"woocommerce_single":["https:\/\/shobain.com\/wp-content\/uploads\/2025\/06\/Eione-set-600x750.jpeg",600,750,true],"woocommerce_gallery_thumbnail":["https:\/\/shobain.com\/wp-content\/uploads\/2025\/06\/Eione-set-100x100.jpeg",100,100,true]},"uagb_author_info":{"display_name":"Laura Roman","author_link":"https:\/\/shobain.com\/hr\/author\/"},"uagb_comment_info":0,"uagb_excerpt":"Inspired by sea foam and soft sunsets, the Eione Set blends dreamy watercolor-print Oeko-Tex\u00ae cotton jersey with delicate white lace. Featuring a soft cup bra with removable padding and a cheeky Brazilian-cut panty, it\u2019s a gentle, ethereal tribute to beachside serenity. Key Features: Soft watercolor print on Oeko-Tex\u00ae certified cotton jersey with delicate white lace&hellip;","_links":{"self":[{"href":"https:\/\/shobain.com\/hr\/wp-json\/wp\/v2\/product\/719","targetHints":{"allow":["GET"]}}],"collection":[{"href":"https:\/\/shobain.com\/hr\/wp-json\/wp\/v2\/product"}],"about":[{"href":"https:\/\/shobain.com\/hr\/wp-json\/wp\/v2\/types\/product"}],"replies":[{"embeddable":true,"href":"https:\/\/shobain.com\/hr\/wp-json\/wp\/v2\/comments?post=719"}],"wp:featuredmedia":[{"embeddable":true,"href":"https:\/\/shobain.com\/hr\/wp-json\/wp\/v2\/media\/726"}],"wp:attachment":[{"href":"https:\/\/shobain.com\/hr\/wp-json\/wp\/v2\/media?parent=719"}],"wp:term":[{"taxonomy":"product_brand","embeddable":true,"href":"https:\/\/shobain.com\/hr\/wp-json\/wp\/v2\/product_brand?post=719"},{"taxonomy":"product_cat","embeddable":true,"href":"https:\/\/shobain.com\/hr\/wp-json\/wp\/v2\/product_cat?post=719"},{"taxonomy":"product_tag","embeddable":true,"href":"https:\/\/shobain.com\/hr\/wp-json\/wp\/v2\/product_tag?post=719"}],"curies":[{"name":"wp","href":"https:\/\/api.w.org\/{rel}","templated":true}]}}