{"id":728,"date":"2025-06-22T19:19:47","date_gmt":"2025-06-22T17:19:47","guid":{"rendered":"https:\/\/orchid-weasel-405112.hostingersite.com\/?post_type=product&#038;p=728"},"modified":"2026-02-02T11:12:28","modified_gmt":"2026-02-02T09:12:28","slug":"aea","status":"publish","type":"product","link":"https:\/\/shobain.com\/hr\/proizvod\/aea\/","title":{"rendered":"Aea"},"content":{"rendered":"<p>Livada koja se netom probudila, okupana ranojutranjom svjetlo\u0161\u0107u i sitnim kapljicama rose. Dok meke su\u010deve zrake obasjavaju tanak sloj magle koja se skupila oko nje\u017enih vlati trave, livada blista. Kolibri\u0107i se hrane slatkim nektarom dok zapo\u010dinje novi dan.<\/p>\n<p>Aea je bila Najada, vrsta nimfe povezane s fontanama, izvorima, potocima i drugim tijelima slatke vode. Ona je bila nimfa grada na Crnom moru. Tako\u0111er se spominje i kao lovkinja koju su bogovi preobrazili u istoimeni otok kako bi je spasili od rije\u010dnog boga.<\/p>\n<p>Komplet Aea izra\u0111en je od mekog Oeko-Tex pamu\u010dnog jerseya i pastelno zelene \u010dipke s botani\u010dkim motivom. Ovaj be\u017ei\u010dni grudnjak podstavljen je bijelom mre\u017eicom te dolazi sa spu\u017evicama koje se po \u017eelji mogu izvu\u0107i i ponovno staviti. Lila jersey ima nje\u017ean botani\u010dki print s kolibri\u0107ima. Print dolazi sa svjetlucavim detaljima zbog kojih komplet blista na svjetlu. Brazilske ga\u0107ice imaju prekrasno nje\u017ean jersey print sprijeda, dok se straga nalazi pastelno zelena mekana \u010dipka. Ga\u0107ice su podstavljene Oeko-Tex pamu\u010dnim jerseyem.<\/p>\n<p>&nbsp;<\/p>\n<p>Oeko-Tex\u00ae pamu\u010dni jersey:\u00a094% pamuk, 6% elastan<\/p>\n<p>Mre\u017ea: 85% poliamid, 15% elastan<\/p>\n<p>\u010cipka: 92%najlon, 8% elastan<\/p>","protected":false},"excerpt":{"rendered":"<p data-start=\"69\" data-end=\"327\">Inspirirana maglovitim livadama i jutarnjim svjetlom, Aea set spaja mekani lila jersey s botani\u010dkim printom i blijedozelenu \u010dipku. S mekanim grudnjakom s uklonjivim podstavom i  brazilskim ga\u0107icama, nje\u017eno blista s ru\u017ei\u010dasto-zlatnim detaljima i eteri\u010dnim \u0161armom.<\/p>\n<p data-start=\"117\" data-end=\"134\"><strong data-start=\"117\" data-end=\"134\">Karakteristike:<\/strong><\/p>\n<ul data-start=\"135\" data-end=\"413\">\n<li data-start=\"135\" data-end=\"221\">\n<p data-start=\"137\" data-end=\"221\">Oeko-Tex\u00ae pamu\u010dni jersey sa svjetlucavim botani\u010dkim motivima i printom kolibri\u0107a<\/p>\n<\/li>\n<li data-start=\"222\" data-end=\"298\">\n<p data-start=\"224\" data-end=\"298\">Mekani grudnjak sa spu\u017evicom koja se mo\u017ee izvaditi<\/p>\n<\/li>\n<li data-start=\"299\" data-end=\"413\">\n<p data-start=\"301\" data-end=\"413\">Ga\u0107ice brazilskog kroja od pamuka i nje\u017eno zelene \u010dipke<\/p>\n<\/li>\n<\/ul>","protected":false},"featured_media":734,"comment_status":"open","ping_status":"closed","template":"","meta":{"inline_featured_image":false,"_uag_custom_page_level_css":"","site-sidebar-layout":"default","site-content-layout":"","ast-site-content-layout":"default","site-content-style":"default","site-sidebar-style":"default","ast-global-header-display":"","ast-banner-title-visibility":"","ast-main-header-display":"","ast-hfb-above-header-display":"","ast-hfb-below-header-display":"","ast-hfb-mobile-header-display":"","site-post-title":"","ast-breadcrumbs-content":"","ast-featured-img":"","footer-sml-layout":"","ast-disable-related-posts":"","theme-transparent-header-meta":"default","adv-header-id-meta":"","stick-header-meta":"","header-above-stick-meta":"","header-main-stick-meta":"","header-below-stick-meta":"","astra-migrate-meta-layouts":"set","ast-page-background-enabled":"default","ast-page-background-meta":{"desktop":{"background-color":"var(--ast-global-color-4)","background-image":"","background-repeat":"repeat","background-position":"center center","background-size":"auto","background-attachment":"scroll","background-type":"","background-media":"","overlay-type":"","overlay-color":"","overlay-opacity":"","overlay-gradient":""},"tablet":{"background-color":"","background-image":"","background-repeat":"repeat","background-position":"center center","background-size":"auto","background-attachment":"scroll","background-type":"","background-media":"","overlay-type":"","overlay-color":"","overlay-opacity":"","overlay-gradient":""},"mobile":{"background-color":"","background-image":"","background-repeat":"repeat","background-position":"center center","background-size":"auto","background-attachment":"scroll","background-type":"","background-media":"","overlay-type":"","overlay-color":"","overlay-opacity":"","overlay-gradient":""}},"ast-content-background-meta":{"desktop":{"background-color":"var(--ast-global-color-5)","background-image":"","background-repeat":"repeat","background-position":"center center","background-size":"auto","background-attachment":"scroll","background-type":"","background-media":"","overlay-type":"","overlay-color":"","overlay-opacity":"","overlay-gradient":""},"tablet":{"background-color":"var(--ast-global-color-5)","background-image":"","background-repeat":"repeat","background-position":"center center","background-size":"auto","background-attachment":"scroll","background-type":"","background-media":"","overlay-type":"","overlay-color":"","overlay-opacity":"","overlay-gradient":""},"mobile":{"background-color":"var(--ast-global-color-5)","background-image":"","background-repeat":"repeat","background-position":"center center","background-size":"auto","background-attachment":"scroll","background-type":"","background-media":"","overlay-type":"","overlay-color":"","overlay-opacity":"","overlay-gradient":""}}},"product_brand":[38],"product_cat":[26],"product_tag":[71,68,67],"class_list":{"0":"post-728","1":"product","2":"type-product","3":"status-publish","4":"has-post-thumbnail","6":"product_brand-shobain","7":"product_cat-lingerie-sets","8":"product_tag-aea","9":"product_tag-cotton","10":"product_tag-spring-nymphs","11":"desktop-align-center","12":"tablet-align-center","13":"mobile-align-center","15":"first","16":"instock","17":"shipping-taxable","18":"purchasable","19":"product-type-simple"},"aioseo_notices":[],"uagb_featured_image_src":{"full":["https:\/\/shobain.com\/wp-content\/uploads\/2025\/06\/aea-with-flowers.jpeg",689,861,false],"thumbnail":["https:\/\/shobain.com\/wp-content\/uploads\/2025\/06\/aea-with-flowers-150x150.jpeg",150,150,true],"medium":["https:\/\/shobain.com\/wp-content\/uploads\/2025\/06\/aea-with-flowers-240x300.jpeg",240,300,true],"medium_large":["https:\/\/shobain.com\/wp-content\/uploads\/2025\/06\/aea-with-flowers.jpeg",689,861,false],"large":["https:\/\/shobain.com\/wp-content\/uploads\/2025\/06\/aea-with-flowers.jpeg",689,861,false],"1536x1536":["https:\/\/shobain.com\/wp-content\/uploads\/2025\/06\/aea-with-flowers.jpeg",689,861,false],"2048x2048":["https:\/\/shobain.com\/wp-content\/uploads\/2025\/06\/aea-with-flowers.jpeg",689,861,false],"trp-custom-language-flag":["https:\/\/shobain.com\/wp-content\/uploads\/2025\/06\/aea-with-flowers.jpeg",10,12,false],"mailpoet_newsletter_max":["https:\/\/shobain.com\/wp-content\/uploads\/2025\/06\/aea-with-flowers.jpeg",689,861,false],"woocommerce_thumbnail":["https:\/\/shobain.com\/wp-content\/uploads\/2025\/06\/aea-with-flowers-300x375.jpeg",300,375,true],"woocommerce_single":["https:\/\/shobain.com\/wp-content\/uploads\/2025\/06\/aea-with-flowers-600x750.jpeg",600,750,true],"woocommerce_gallery_thumbnail":["https:\/\/shobain.com\/wp-content\/uploads\/2025\/06\/aea-with-flowers-100x100.jpeg",100,100,true]},"uagb_author_info":{"display_name":"Laura Roman","author_link":"https:\/\/shobain.com\/hr\/author\/"},"uagb_comment_info":0,"uagb_excerpt":"Inspired by misty meadows and morning light, the Aea Set pairs soft botanical-print lilac jersey with pale green lace. Featuring a soft cup bra with removable padding and a cheeky Brazilian panty, it glistens gently with rose gold details and ethereal charm. Key Features: Soft Oeko-Tex\u00ae cotton jersey with shimmering lilac botanical and hummingbird print&hellip;","_links":{"self":[{"href":"https:\/\/shobain.com\/hr\/wp-json\/wp\/v2\/product\/728","targetHints":{"allow":["GET"]}}],"collection":[{"href":"https:\/\/shobain.com\/hr\/wp-json\/wp\/v2\/product"}],"about":[{"href":"https:\/\/shobain.com\/hr\/wp-json\/wp\/v2\/types\/product"}],"replies":[{"embeddable":true,"href":"https:\/\/shobain.com\/hr\/wp-json\/wp\/v2\/comments?post=728"}],"wp:featuredmedia":[{"embeddable":true,"href":"https:\/\/shobain.com\/hr\/wp-json\/wp\/v2\/media\/734"}],"wp:attachment":[{"href":"https:\/\/shobain.com\/hr\/wp-json\/wp\/v2\/media?parent=728"}],"wp:term":[{"taxonomy":"product_brand","embeddable":true,"href":"https:\/\/shobain.com\/hr\/wp-json\/wp\/v2\/product_brand?post=728"},{"taxonomy":"product_cat","embeddable":true,"href":"https:\/\/shobain.com\/hr\/wp-json\/wp\/v2\/product_cat?post=728"},{"taxonomy":"product_tag","embeddable":true,"href":"https:\/\/shobain.com\/hr\/wp-json\/wp\/v2\/product_tag?post=728"}],"curies":[{"name":"wp","href":"https:\/\/api.w.org\/{rel}","templated":true}]}}