{"id":736,"date":"2025-06-22T19:24:03","date_gmt":"2025-06-22T17:24:03","guid":{"rendered":"https:\/\/orchid-weasel-405112.hostingersite.com\/?post_type=product&#038;p=736"},"modified":"2026-02-02T11:12:33","modified_gmt":"2026-02-02T09:12:33","slug":"daphne","status":"publish","type":"product","link":"https:\/\/shobain.com\/hr\/proizvod\/daphne\/","title":{"rendered":"Daphne"},"content":{"rendered":"<p>Delikatno nje\u017ena, Daphne je poput rascvjetanog ru\u017ei\u010dnjaka u zoru. Dok zrake ranojutarnjeg su\u010dnevog svjetla miluju meke pupoljke ru\u017ea, a sitne se kapljice rose skupljaju na tankim laticama i listovima, zrak je ispunjen bogatim notama prekrasnog cvjetnog mirisa.<\/p>\n<p>U gr\u010dkoj mitologiji Daphne je bila Najada, vrsta nimfe povezana s fontanama, izvorima, potocima i drugim tijelima slatke vode. Volio ju je bog Apolon koji ju je progonio protiv njezinih \u017eelja. Kako bi izbjegla njegove neumoljive progone, zavapila je za pomo\u0107 i bila pretvorena u grm lovora. Apolon je potom usvojio lovor kao svoju svetu biljku.Komplet Daphne izra\u0111en je od mekog Oeko-Tex pamu\u010dnog jerseya i prekrasne plavo-bijele \u010dipke. Ovaj be\u017ei\u010dni grudnjak podstavljen je bijelom mre\u017eicom te dolazi sa spu\u017evicama koje se po \u017eelji mogu izvu\u0107i i ponovno staviti. Brazilske ga\u0107ice sprijeda imaju nje\u017ean print ru\u017ee, dok se straga nalazi mekana \u010dipka. Ga\u0107ice su podstavljene Oeko-Tex pamu\u010dnim jerseyom.<\/p>\n<p>&nbsp;<\/p>\n<p>Oeko-Tex\u00ae pamu\u010dni jersey:\u00a094% pamuk, 6% elastan<\/p>\n<p>Mre\u017ea: 85% poliamid, 15% elastan<\/p>\n<p>\u010cipka: 92%najlon, 8% elastan<\/p>","protected":false},"excerpt":{"rendered":"<p>Inspiriran cvjetnim vrtovima u zoru, Daphne set spaja mekani jersey s cvjetnim printom i nje\u017enu bijelu i plavu \u010dipku. S mekanim grudnjakom s ko\u0161aricama i uklonjivim podstavom i brazilskim ga\u0107icama, nudi udobnost obavijenu cvjetnom elegancijom.<\/p>\n<p data-start=\"118\" data-end=\"135\"><strong data-start=\"118\" data-end=\"135\">Karakteristike:<\/strong><\/p>\n<ul data-start=\"136\" data-end=\"373\">\n<li data-start=\"136\" data-end=\"210\">\n<p data-start=\"138\" data-end=\"210\">Mekani Oeko-Tex\u00ae pamu\u010dni jersey i bijelo plava \u010dipka<\/p>\n<\/li>\n<li data-start=\"211\" data-end=\"284\">\n<p data-start=\"213\" data-end=\"284\">Mekani grudnjak sa spu\u017evicom koja se mo\u017ee izvaditi<\/p>\n<\/li>\n<li data-start=\"285\" data-end=\"373\">\n<p data-start=\"287\" data-end=\"373\">Brazilske ga\u0107ice sa nje\u017enom \u010dipkom sa stra\u017enje strane<\/p>\n<\/li>\n<\/ul>","protected":false},"featured_media":742,"comment_status":"open","ping_status":"closed","template":"","meta":{"inline_featured_image":false,"_uag_custom_page_level_css":"","site-sidebar-layout":"default","site-content-layout":"","ast-site-content-layout":"default","site-content-style":"default","site-sidebar-style":"default","ast-global-header-display":"","ast-banner-title-visibility":"","ast-main-header-display":"","ast-hfb-above-header-display":"","ast-hfb-below-header-display":"","ast-hfb-mobile-header-display":"","site-post-title":"","ast-breadcrumbs-content":"","ast-featured-img":"","footer-sml-layout":"","ast-disable-related-posts":"","theme-transparent-header-meta":"default","adv-header-id-meta":"","stick-header-meta":"","header-above-stick-meta":"","header-main-stick-meta":"","header-below-stick-meta":"","astra-migrate-meta-layouts":"set","ast-page-background-enabled":"default","ast-page-background-meta":{"desktop":{"background-color":"var(--ast-global-color-4)","background-image":"","background-repeat":"repeat","background-position":"center center","background-size":"auto","background-attachment":"scroll","background-type":"","background-media":"","overlay-type":"","overlay-color":"","overlay-opacity":"","overlay-gradient":""},"tablet":{"background-color":"","background-image":"","background-repeat":"repeat","background-position":"center center","background-size":"auto","background-attachment":"scroll","background-type":"","background-media":"","overlay-type":"","overlay-color":"","overlay-opacity":"","overlay-gradient":""},"mobile":{"background-color":"","background-image":"","background-repeat":"repeat","background-position":"center center","background-size":"auto","background-attachment":"scroll","background-type":"","background-media":"","overlay-type":"","overlay-color":"","overlay-opacity":"","overlay-gradient":""}},"ast-content-background-meta":{"desktop":{"background-color":"var(--ast-global-color-5)","background-image":"","background-repeat":"repeat","background-position":"center center","background-size":"auto","background-attachment":"scroll","background-type":"","background-media":"","overlay-type":"","overlay-color":"","overlay-opacity":"","overlay-gradient":""},"tablet":{"background-color":"var(--ast-global-color-5)","background-image":"","background-repeat":"repeat","background-position":"center center","background-size":"auto","background-attachment":"scroll","background-type":"","background-media":"","overlay-type":"","overlay-color":"","overlay-opacity":"","overlay-gradient":""},"mobile":{"background-color":"var(--ast-global-color-5)","background-image":"","background-repeat":"repeat","background-position":"center center","background-size":"auto","background-attachment":"scroll","background-type":"","background-media":"","overlay-type":"","overlay-color":"","overlay-opacity":"","overlay-gradient":""}}},"product_brand":[38],"product_cat":[26],"product_tag":[69,68,72,67],"class_list":{"0":"post-736","1":"product","2":"type-product","3":"status-publish","4":"has-post-thumbnail","6":"product_brand-shobain","7":"product_cat-lingerie-sets","8":"product_tag-colorful","9":"product_tag-cotton","10":"product_tag-daphne","11":"product_tag-spring-nymphs","12":"desktop-align-center","13":"tablet-align-center","14":"mobile-align-center","16":"first","17":"instock","18":"shipping-taxable","19":"purchasable","20":"product-type-simple"},"aioseo_notices":[],"uagb_featured_image_src":{"full":["https:\/\/shobain.com\/wp-content\/uploads\/2025\/06\/daphne-on-model.jpeg",689,861,false],"thumbnail":["https:\/\/shobain.com\/wp-content\/uploads\/2025\/06\/daphne-on-model-150x150.jpeg",150,150,true],"medium":["https:\/\/shobain.com\/wp-content\/uploads\/2025\/06\/daphne-on-model-240x300.jpeg",240,300,true],"medium_large":["https:\/\/shobain.com\/wp-content\/uploads\/2025\/06\/daphne-on-model.jpeg",689,861,false],"large":["https:\/\/shobain.com\/wp-content\/uploads\/2025\/06\/daphne-on-model.jpeg",689,861,false],"1536x1536":["https:\/\/shobain.com\/wp-content\/uploads\/2025\/06\/daphne-on-model.jpeg",689,861,false],"2048x2048":["https:\/\/shobain.com\/wp-content\/uploads\/2025\/06\/daphne-on-model.jpeg",689,861,false],"trp-custom-language-flag":["https:\/\/shobain.com\/wp-content\/uploads\/2025\/06\/daphne-on-model.jpeg",10,12,false],"mailpoet_newsletter_max":["https:\/\/shobain.com\/wp-content\/uploads\/2025\/06\/daphne-on-model.jpeg",689,861,false],"woocommerce_thumbnail":["https:\/\/shobain.com\/wp-content\/uploads\/2025\/06\/daphne-on-model-300x375.jpeg",300,375,true],"woocommerce_single":["https:\/\/shobain.com\/wp-content\/uploads\/2025\/06\/daphne-on-model-600x750.jpeg",600,750,true],"woocommerce_gallery_thumbnail":["https:\/\/shobain.com\/wp-content\/uploads\/2025\/06\/daphne-on-model-100x100.jpeg",100,100,true]},"uagb_author_info":{"display_name":"Laura Roman","author_link":"https:\/\/shobain.com\/hr\/author\/"},"uagb_comment_info":0,"uagb_excerpt":"Inspired by blooming gardens at dawn, the Daphne Set pairs soft rose-printed jersey with delicate white and blue lace. Featuring a soft cup bra with removable padding and a cheeky Brazilian panty, it offers comfort wrapped in floral elegance. Key Features: Soft Oeko-Tex\u00ae cotton jersey with delicate white and blue lace accents Soft cup bra&hellip;","_links":{"self":[{"href":"https:\/\/shobain.com\/hr\/wp-json\/wp\/v2\/product\/736","targetHints":{"allow":["GET"]}}],"collection":[{"href":"https:\/\/shobain.com\/hr\/wp-json\/wp\/v2\/product"}],"about":[{"href":"https:\/\/shobain.com\/hr\/wp-json\/wp\/v2\/types\/product"}],"replies":[{"embeddable":true,"href":"https:\/\/shobain.com\/hr\/wp-json\/wp\/v2\/comments?post=736"}],"wp:featuredmedia":[{"embeddable":true,"href":"https:\/\/shobain.com\/hr\/wp-json\/wp\/v2\/media\/742"}],"wp:attachment":[{"href":"https:\/\/shobain.com\/hr\/wp-json\/wp\/v2\/media?parent=736"}],"wp:term":[{"taxonomy":"product_brand","embeddable":true,"href":"https:\/\/shobain.com\/hr\/wp-json\/wp\/v2\/product_brand?post=736"},{"taxonomy":"product_cat","embeddable":true,"href":"https:\/\/shobain.com\/hr\/wp-json\/wp\/v2\/product_cat?post=736"},{"taxonomy":"product_tag","embeddable":true,"href":"https:\/\/shobain.com\/hr\/wp-json\/wp\/v2\/product_tag?post=736"}],"curies":[{"name":"wp","href":"https:\/\/api.w.org\/{rel}","templated":true}]}}