{"id":756,"date":"2025-06-22T19:33:14","date_gmt":"2025-06-22T17:33:14","guid":{"rendered":"https:\/\/orchid-weasel-405112.hostingersite.com\/?post_type=product&#038;p=756"},"modified":"2026-02-02T11:12:56","modified_gmt":"2026-02-02T09:12:56","slug":"sarah-romper","status":"publish","type":"product","link":"https:\/\/shobain.com\/hr\/proizvod\/sarah-romper\/","title":{"rendered":"Sarah kombinezon za spavanje"},"content":{"rendered":"<p data-start=\"110\" data-end=\"435\">Shobain vam ponosno predstavlja na\u0161 prvi dizajn za spavanje: <strong data-start=\"166\" data-end=\"182\">Sarah kombinezon za spavanje<\/strong> Ovaj razigrano zavodljiv komad izra\u0111en je od mekog jerseya na donjem dijelu, te prekrasne \u010dipke koja krasi gornji dio. Lepr\u0161avi donji dio ple\u0161e uz svaki va\u0161 pokret, te pritom djelomi\u010dno pokazuje va\u0161u ko\u017eu \u0161to ga \u010dini savr\u0161enim za zabavno zavo\u0111enje.<\/p>\n<p data-start=\"437\" data-end=\"839\">Gornji dio izra\u0111en je od prekrasne nje\u017ene \u010dipke, savr\u0161ene za boudoir. Paneli \u010dipke na le\u0111ima susre\u0107u se u sredini, gdje se nalazi i metalni zatvara\u010d. Zavr\u0161ni \u201ctouch\u201d ovom kompleti\u0107u daje satenska vrpca koja se omata oko va\u0161eg struka, \u0161to \u010dini ovaj komad savr\u0161enim za sporo i senzualno skidanje.<\/p>\n<p>&nbsp;<\/p>\n<p>Jersey: 95% viskoza, 5% elastan<\/p>\n<p>\u010cipka: 100% poliester<\/p>","protected":false},"excerpt":{"rendered":"<p>Sarah kombinezon za spavanje je razigrano zavodljiv komad izra\u0111en je od mekog jersey-a na donjem dijelu, te prekrasne \u010dipke koja krasi gornji dio.<\/p>\n<p data-start=\"89\" data-end=\"106\"><strong data-start=\"89\" data-end=\"106\">Karakteristike:<\/strong><\/p>\n<ul data-start=\"107\" data-end=\"321\">\n<li data-start=\"107\" data-end=\"176\">\n<p data-start=\"109\" data-end=\"176\">Zavodljiv donji dio od jersey-a koji se nji\u0161e sa svakim va\u0161im pokretom<\/p>\n<\/li>\n<li data-start=\"177\" data-end=\"251\">\n<p data-start=\"179\" data-end=\"251\">Gornji dio od prekrasne crne \u010dipke sa podesivim naramenicama<\/p>\n<\/li>\n<li data-start=\"252\" data-end=\"321\">\n<p data-start=\"254\" data-end=\"321\">Detalji od \u010dipke na le\u0111ima uz kop\u010danje<\/p>\n<\/li>\n<\/ul>","protected":false},"featured_media":763,"comment_status":"open","ping_status":"closed","template":"","meta":{"inline_featured_image":false,"_uag_custom_page_level_css":"","site-sidebar-layout":"default","site-content-layout":"","ast-site-content-layout":"default","site-content-style":"default","site-sidebar-style":"default","ast-global-header-display":"","ast-banner-title-visibility":"","ast-main-header-display":"","ast-hfb-above-header-display":"","ast-hfb-below-header-display":"","ast-hfb-mobile-header-display":"","site-post-title":"","ast-breadcrumbs-content":"","ast-featured-img":"","footer-sml-layout":"","ast-disable-related-posts":"","theme-transparent-header-meta":"default","adv-header-id-meta":"","stick-header-meta":"","header-above-stick-meta":"","header-main-stick-meta":"","header-below-stick-meta":"","astra-migrate-meta-layouts":"set","ast-page-background-enabled":"default","ast-page-background-meta":{"desktop":{"background-color":"var(--ast-global-color-4)","background-image":"","background-repeat":"repeat","background-position":"center center","background-size":"auto","background-attachment":"scroll","background-type":"","background-media":"","overlay-type":"","overlay-color":"","overlay-opacity":"","overlay-gradient":""},"tablet":{"background-color":"","background-image":"","background-repeat":"repeat","background-position":"center center","background-size":"auto","background-attachment":"scroll","background-type":"","background-media":"","overlay-type":"","overlay-color":"","overlay-opacity":"","overlay-gradient":""},"mobile":{"background-color":"","background-image":"","background-repeat":"repeat","background-position":"center center","background-size":"auto","background-attachment":"scroll","background-type":"","background-media":"","overlay-type":"","overlay-color":"","overlay-opacity":"","overlay-gradient":""}},"ast-content-background-meta":{"desktop":{"background-color":"var(--ast-global-color-5)","background-image":"","background-repeat":"repeat","background-position":"center center","background-size":"auto","background-attachment":"scroll","background-type":"","background-media":"","overlay-type":"","overlay-color":"","overlay-opacity":"","overlay-gradient":""},"tablet":{"background-color":"var(--ast-global-color-5)","background-image":"","background-repeat":"repeat","background-position":"center center","background-size":"auto","background-attachment":"scroll","background-type":"","background-media":"","overlay-type":"","overlay-color":"","overlay-opacity":"","overlay-gradient":""},"mobile":{"background-color":"var(--ast-global-color-5)","background-image":"","background-repeat":"repeat","background-position":"center center","background-size":"auto","background-attachment":"scroll","background-type":"","background-media":"","overlay-type":"","overlay-color":"","overlay-opacity":"","overlay-gradient":""}}},"product_brand":[38],"product_cat":[41],"product_tag":[],"class_list":{"0":"post-756","1":"product","2":"type-product","3":"status-publish","4":"has-post-thumbnail","6":"product_brand-shobain","7":"product_cat-nightwear","8":"desktop-align-center","9":"tablet-align-center","10":"mobile-align-center","12":"first","13":"instock","14":"shipping-taxable","15":"purchasable","16":"product-type-simple"},"aioseo_notices":[],"uagb_featured_image_src":{"full":["https:\/\/shobain.com\/wp-content\/uploads\/2025\/06\/sarah-romper-on-model.jpeg",688,861,false],"thumbnail":["https:\/\/shobain.com\/wp-content\/uploads\/2025\/06\/sarah-romper-on-model-150x150.jpeg",150,150,true],"medium":["https:\/\/shobain.com\/wp-content\/uploads\/2025\/06\/sarah-romper-on-model-240x300.jpeg",240,300,true],"medium_large":["https:\/\/shobain.com\/wp-content\/uploads\/2025\/06\/sarah-romper-on-model.jpeg",688,861,false],"large":["https:\/\/shobain.com\/wp-content\/uploads\/2025\/06\/sarah-romper-on-model.jpeg",688,861,false],"1536x1536":["https:\/\/shobain.com\/wp-content\/uploads\/2025\/06\/sarah-romper-on-model.jpeg",688,861,false],"2048x2048":["https:\/\/shobain.com\/wp-content\/uploads\/2025\/06\/sarah-romper-on-model.jpeg",688,861,false],"trp-custom-language-flag":["https:\/\/shobain.com\/wp-content\/uploads\/2025\/06\/sarah-romper-on-model.jpeg",10,12,false],"mailpoet_newsletter_max":["https:\/\/shobain.com\/wp-content\/uploads\/2025\/06\/sarah-romper-on-model.jpeg",688,861,false],"woocommerce_thumbnail":["https:\/\/shobain.com\/wp-content\/uploads\/2025\/06\/sarah-romper-on-model-300x375.jpeg",300,375,true],"woocommerce_single":["https:\/\/shobain.com\/wp-content\/uploads\/2025\/06\/sarah-romper-on-model-600x751.jpeg",600,751,true],"woocommerce_gallery_thumbnail":["https:\/\/shobain.com\/wp-content\/uploads\/2025\/06\/sarah-romper-on-model-100x100.jpeg",100,100,true]},"uagb_author_info":{"display_name":"Laura Roman","author_link":"https:\/\/shobain.com\/hr\/author\/"},"uagb_comment_info":0,"uagb_excerpt":"The Sarah Romper combines heart-print jersey shorts with a sheer eyelash lace top and satin waist tie \u2014 a flirty, boudoir-ready piece that moves with you and invites slow, sensual moments. Key Features: Flouncy heart-print jersey shorts for a playful, twirl-worthy fit Sheer eyelash lace bodice with adjustable straps and a satin waist tie Back&hellip;","_links":{"self":[{"href":"https:\/\/shobain.com\/hr\/wp-json\/wp\/v2\/product\/756","targetHints":{"allow":["GET"]}}],"collection":[{"href":"https:\/\/shobain.com\/hr\/wp-json\/wp\/v2\/product"}],"about":[{"href":"https:\/\/shobain.com\/hr\/wp-json\/wp\/v2\/types\/product"}],"replies":[{"embeddable":true,"href":"https:\/\/shobain.com\/hr\/wp-json\/wp\/v2\/comments?post=756"}],"wp:featuredmedia":[{"embeddable":true,"href":"https:\/\/shobain.com\/hr\/wp-json\/wp\/v2\/media\/763"}],"wp:attachment":[{"href":"https:\/\/shobain.com\/hr\/wp-json\/wp\/v2\/media?parent=756"}],"wp:term":[{"taxonomy":"product_brand","embeddable":true,"href":"https:\/\/shobain.com\/hr\/wp-json\/wp\/v2\/product_brand?post=756"},{"taxonomy":"product_cat","embeddable":true,"href":"https:\/\/shobain.com\/hr\/wp-json\/wp\/v2\/product_cat?post=756"},{"taxonomy":"product_tag","embeddable":true,"href":"https:\/\/shobain.com\/hr\/wp-json\/wp\/v2\/product_tag?post=756"}],"curies":[{"name":"wp","href":"https:\/\/api.w.org\/{rel}","templated":true}]}}