{"id":765,"date":"2025-06-22T19:37:52","date_gmt":"2025-06-22T17:37:52","guid":{"rendered":"https:\/\/orchid-weasel-405112.hostingersite.com\/?post_type=product&#038;p=765"},"modified":"2026-02-02T11:13:03","modified_gmt":"2026-02-02T09:13:03","slug":"mystery-panty-3-pack","status":"publish","type":"product","link":"https:\/\/shobain.com\/hr\/proizvod\/mystery-panty-3-pack\/","title":{"rendered":"3 Pack: Ga\u0107ice iznena\u0111enja"},"content":{"rendered":"<p>Ovaj misteriozni paket ga\u0107ica najsla\u0111e je i najudobnije iznena\u0111enje!<\/p>\n<p>Paket ga\u0107ica sastoji se od tri jedinstvena para ga\u0107ica \u010diji je kroj jedan od favorita me\u0111u Shobain kupcima: \u010dipkaste ga\u0107ice brazilskog kroja! Kombinacija udobnosti i dizajna ovdje je kako biste se svaki dan osje\u0107ali najbolje u svojoj ko\u017ei!<\/p>\n<p>Sve ga\u0107ice izra\u0111ene su od certificiranog Oeko-Tex\u00ae pamu\u010dnog jerseya koji se nalazi na prednjem dijelu ga\u0107ica, dok se na stra\u017enoj strani nalazi odgovaraju\u0107a mekana i rastezljiva \u010dipka. Ga\u0107ice dolaze u razli\u010ditim bojama i printevima, i uvijek su uparene s delikatnom \u010dipkom koja im estetski najbolje odgovara.<\/p>\n<p>Iako je poanta ovog trodjelnog paketi\u0107a to da bude najsla\u0111e iznena\u0111enje, ukoliko \u017eelite vi\u0161e neutralnu ili razigraniju paletu boja svakako mi to mo\u017eete pripomenuti u narud\u017ebi te \u0107u va\u0161 jedinstveni paket ga\u0107ica izraditi imaju\u0107i va\u0161e \u017eelje u vidu, a misterij \u0107e ve\u0107inom ostati netaknut!<\/p>\n<p>&nbsp;<\/p>\n<p>Oeko-Tex\u00ae pamu\u010dni jersey:\u00a094% pamuk, 6% elastan<\/p>\n<p>\u010cipka: 92%najlon, 8% elastan<\/p>","protected":false},"excerpt":{"rendered":"<p>Tri \u010dipkaste ga\u0107ice brazilskog kroja izra\u0111ene od mekog Oeko-Tex\u00ae pamu\u010dnog jersey-a i nje\u017ene \u010dipke - udobne, laskave i pa\u017eljivo odabrane samo za vas. Dodajte napomenu ako preferirate neutralne ili obojene nijanse i neka misterij po\u010dne!<\/p>\n<p data-start=\"97\" data-end=\"114\"><strong data-start=\"97\" data-end=\"114\">Karakteristike:<\/strong><\/p>\n<ul data-start=\"115\" data-end=\"385\">\n<li data-start=\"115\" data-end=\"185\">\n<p data-start=\"117\" data-end=\"185\">Set od tri ga\u0107ica iznena\u0111enja raznih boja i dezena<\/p>\n<\/li>\n<li data-start=\"186\" data-end=\"285\">\n<p data-start=\"188\" data-end=\"285\">Izra\u0111ene od Oeko-Tex\u00ae pamu\u010dnog jersey-a sprijeda i nje\u017enih \u010dipka sa stra\u017enje strane<\/p>\n<\/li>\n<li data-start=\"286\" data-end=\"385\">\n<p data-start=\"288\" data-end=\"385\">Mo\u017eete ostaviti bilje\u0161ku s bojama koje preferirate (raznobojno, neutralno)<\/p>\n<\/li>\n<\/ul>","protected":false},"featured_media":771,"comment_status":"open","ping_status":"closed","template":"","meta":{"inline_featured_image":false,"_uag_custom_page_level_css":"","site-sidebar-layout":"default","site-content-layout":"","ast-site-content-layout":"default","site-content-style":"default","site-sidebar-style":"default","ast-global-header-display":"","ast-banner-title-visibility":"","ast-main-header-display":"","ast-hfb-above-header-display":"","ast-hfb-below-header-display":"","ast-hfb-mobile-header-display":"","site-post-title":"","ast-breadcrumbs-content":"","ast-featured-img":"","footer-sml-layout":"","ast-disable-related-posts":"","theme-transparent-header-meta":"default","adv-header-id-meta":"","stick-header-meta":"","header-above-stick-meta":"","header-main-stick-meta":"","header-below-stick-meta":"","astra-migrate-meta-layouts":"set","ast-page-background-enabled":"default","ast-page-background-meta":{"desktop":{"background-color":"var(--ast-global-color-4)","background-image":"","background-repeat":"repeat","background-position":"center center","background-size":"auto","background-attachment":"scroll","background-type":"","background-media":"","overlay-type":"","overlay-color":"","overlay-opacity":"","overlay-gradient":""},"tablet":{"background-color":"","background-image":"","background-repeat":"repeat","background-position":"center center","background-size":"auto","background-attachment":"scroll","background-type":"","background-media":"","overlay-type":"","overlay-color":"","overlay-opacity":"","overlay-gradient":""},"mobile":{"background-color":"","background-image":"","background-repeat":"repeat","background-position":"center center","background-size":"auto","background-attachment":"scroll","background-type":"","background-media":"","overlay-type":"","overlay-color":"","overlay-opacity":"","overlay-gradient":""}},"ast-content-background-meta":{"desktop":{"background-color":"var(--ast-global-color-5)","background-image":"","background-repeat":"repeat","background-position":"center center","background-size":"auto","background-attachment":"scroll","background-type":"","background-media":"","overlay-type":"","overlay-color":"","overlay-opacity":"","overlay-gradient":""},"tablet":{"background-color":"var(--ast-global-color-5)","background-image":"","background-repeat":"repeat","background-position":"center center","background-size":"auto","background-attachment":"scroll","background-type":"","background-media":"","overlay-type":"","overlay-color":"","overlay-opacity":"","overlay-gradient":""},"mobile":{"background-color":"var(--ast-global-color-5)","background-image":"","background-repeat":"repeat","background-position":"center center","background-size":"auto","background-attachment":"scroll","background-type":"","background-media":"","overlay-type":"","overlay-color":"","overlay-opacity":"","overlay-gradient":""}}},"product_brand":[38],"product_cat":[40],"product_tag":[68,75,74],"class_list":{"0":"post-765","1":"product","2":"type-product","3":"status-publish","4":"has-post-thumbnail","6":"product_brand-shobain","7":"product_cat-panties","8":"product_tag-cotton","9":"product_tag-multipack","10":"product_tag-mystery","11":"desktop-align-center","12":"tablet-align-center","13":"mobile-align-center","15":"first","16":"instock","17":"shipping-taxable","18":"purchasable","19":"product-type-simple"},"aioseo_notices":[],"uagb_featured_image_src":{"full":["https:\/\/shobain.com\/wp-content\/uploads\/2025\/06\/mystery-panty-pack-on-model.jpeg",689,861,false],"thumbnail":["https:\/\/shobain.com\/wp-content\/uploads\/2025\/06\/mystery-panty-pack-on-model-150x150.jpeg",150,150,true],"medium":["https:\/\/shobain.com\/wp-content\/uploads\/2025\/06\/mystery-panty-pack-on-model-240x300.jpeg",240,300,true],"medium_large":["https:\/\/shobain.com\/wp-content\/uploads\/2025\/06\/mystery-panty-pack-on-model.jpeg",689,861,false],"large":["https:\/\/shobain.com\/wp-content\/uploads\/2025\/06\/mystery-panty-pack-on-model.jpeg",689,861,false],"1536x1536":["https:\/\/shobain.com\/wp-content\/uploads\/2025\/06\/mystery-panty-pack-on-model.jpeg",689,861,false],"2048x2048":["https:\/\/shobain.com\/wp-content\/uploads\/2025\/06\/mystery-panty-pack-on-model.jpeg",689,861,false],"trp-custom-language-flag":["https:\/\/shobain.com\/wp-content\/uploads\/2025\/06\/mystery-panty-pack-on-model.jpeg",10,12,false],"mailpoet_newsletter_max":["https:\/\/shobain.com\/wp-content\/uploads\/2025\/06\/mystery-panty-pack-on-model.jpeg",689,861,false],"woocommerce_thumbnail":["https:\/\/shobain.com\/wp-content\/uploads\/2025\/06\/mystery-panty-pack-on-model-300x375.jpeg",300,375,true],"woocommerce_single":["https:\/\/shobain.com\/wp-content\/uploads\/2025\/06\/mystery-panty-pack-on-model-600x750.jpeg",600,750,true],"woocommerce_gallery_thumbnail":["https:\/\/shobain.com\/wp-content\/uploads\/2025\/06\/mystery-panty-pack-on-model-100x100.jpeg",100,100,true]},"uagb_author_info":{"display_name":"Laura Roman","author_link":"https:\/\/shobain.com\/hr\/author\/"},"uagb_comment_info":0,"uagb_excerpt":"Three surprise lacey Brazilian-cut panties made from soft Oeko-Tex\u00ae cotton jersey and delicate lace \u2014 comfy, flattering, and curated just for you. Add a note if you prefer neutrals or colors, and let the mystery begin! Key Features: Set of 3 lacey Brazilian-cut panties in surprise colors and prints Made with soft Oeko-Tex\u00ae cotton jersey&hellip;","_links":{"self":[{"href":"https:\/\/shobain.com\/hr\/wp-json\/wp\/v2\/product\/765","targetHints":{"allow":["GET"]}}],"collection":[{"href":"https:\/\/shobain.com\/hr\/wp-json\/wp\/v2\/product"}],"about":[{"href":"https:\/\/shobain.com\/hr\/wp-json\/wp\/v2\/types\/product"}],"replies":[{"embeddable":true,"href":"https:\/\/shobain.com\/hr\/wp-json\/wp\/v2\/comments?post=765"}],"wp:featuredmedia":[{"embeddable":true,"href":"https:\/\/shobain.com\/hr\/wp-json\/wp\/v2\/media\/771"}],"wp:attachment":[{"href":"https:\/\/shobain.com\/hr\/wp-json\/wp\/v2\/media?parent=765"}],"wp:term":[{"taxonomy":"product_brand","embeddable":true,"href":"https:\/\/shobain.com\/hr\/wp-json\/wp\/v2\/product_brand?post=765"},{"taxonomy":"product_cat","embeddable":true,"href":"https:\/\/shobain.com\/hr\/wp-json\/wp\/v2\/product_cat?post=765"},{"taxonomy":"product_tag","embeddable":true,"href":"https:\/\/shobain.com\/hr\/wp-json\/wp\/v2\/product_tag?post=765"}],"curies":[{"name":"wp","href":"https:\/\/api.w.org\/{rel}","templated":true}]}}