{"id":790,"date":"2025-06-22T19:52:45","date_gmt":"2025-06-22T17:52:45","guid":{"rendered":"https:\/\/orchid-weasel-405112.hostingersite.com\/?post_type=product&#038;p=790"},"modified":"2026-02-02T11:13:18","modified_gmt":"2026-02-02T09:13:18","slug":"viola-bralette-and-panty-set","status":"publish","type":"product","link":"https:\/\/shobain.com\/hr\/proizvod\/viola-bralette-and-panty-set\/","title":{"rendered":"\/\u00a0Viola Bralette i Ga\u0107ice Set"},"content":{"rendered":"<p data-start=\"220\" data-end=\"563\"><strong data-start=\"220\" data-end=\"261\">Zavodljivo. Sofisticirano. Neo\u010dekivano.<\/strong><br data-start=\"261\" data-end=\"264\" \/>Set <strong data-start=\"268\" data-end=\"281\">Viola<\/strong> je odva\u017ean, ali elegantan set donjeg rublja koji spaja modernu siluetu s bogatim teksturama i upe\u010datljivim detaljima. Izra\u0111en od prekrasne <strong data-start=\"418\" data-end=\"468\">ljubi\u010daste \u010dipke sa zlatnim koncem<\/strong>, u kombinaciji sa <strong data-start=\"486\" data-end=\"511\">mekane crne mre\u017eice<\/strong>, Viola je slavlje suvremene \u017eenstvenosti.<\/p>\n<p data-start=\"565\" data-end=\"838\">Set <strong data-start=\"569\" data-end=\"587\">Viola Bralette<\/strong> features delicate lace cups, long lacey underbust, adjustable shoulder straps, and a hook-and-eye closure for the perfect fit. Black elastic accents and <strong data-start=\"746\" data-end=\"763\">zlatni detalji<\/strong> podi\u017eu dizajn na vi\u0161u razinu, spajaju\u0107i svakodnevnu nosivost s profinjenom senzualno\u0161\u0107u.<\/p>\n<p data-start=\"840\" data-end=\"1109\">Set <strong data-start=\"844\" data-end=\"861\">Viola Ga\u0107ice<\/strong> odra\u017eava eleganciju bralette-a s <strong data-start=\"900\" data-end=\"920\">cheeky mesh back<\/strong> koji uokviruje va\u0161e obline, dok je mekani mre\u017easti prednji dio s detaljima od \u010dipke. Ga\u0107ice su podstavljene s <strong data-start=\"1022\" data-end=\"1059\">Oeko-Tex\u00ae pamu\u010dnim jersey-om<\/strong>, nude\u0107i cjelodnevnu luksuznu udobnost.<\/p>\n<p data-start=\"1111\" data-end=\"1240\">Bilo da se nosi svakodnevno ili se \u010duva za posebne trenutke, Viola Set obe\u0107ava <strong data-start=\"1183\" data-end=\"1223\">modernu eleganciju i suptilnu zavodljivost<\/strong> u svakom \u0161avu.<\/p>","protected":false},"excerpt":{"rendered":"<p>Bogata mje\u0161avina ljubi\u010daste \u010dipke sa zlatnim koncem i mekom crnom mre\u017eicom, Viola set spaja moderni bralette i senzualne ga\u0107ice za izgled koji je odva\u017ean, elegantan i lako nosiv.<\/p>\n<p data-start=\"84\" data-end=\"101\"><strong data-start=\"84\" data-end=\"101\">Karakteristike:<\/strong><\/p>\n<ul data-start=\"102\" data-end=\"369\">\n<li data-start=\"102\" data-end=\"178\">\n<p data-start=\"104\" data-end=\"178\">Rich purple stretch lace with gold shimmer, paired with soft black mesh<\/p>\n<\/li>\n<li data-start=\"179\" data-end=\"279\">\n<p data-start=\"181\" data-end=\"279\">Lacey bralette best suited for<strong> size 75A, panties size M<\/strong><\/p>\n<\/li>\n<li data-start=\"280\" data-end=\"369\">\n<p data-start=\"282\" data-end=\"369\">\u010cipkaste ga\u0107ice brazilskog kroja u kombinaciji sa mre\u017eicom i pamu\u010dnom podstavom<\/p>\n<\/li>\n<\/ul>","protected":false},"featured_media":1797,"comment_status":"open","ping_status":"closed","template":"","meta":{"inline_featured_image":false,"_uag_custom_page_level_css":"","site-sidebar-layout":"default","site-content-layout":"","ast-site-content-layout":"default","site-content-style":"default","site-sidebar-style":"default","ast-global-header-display":"","ast-banner-title-visibility":"","ast-main-header-display":"","ast-hfb-above-header-display":"","ast-hfb-below-header-display":"","ast-hfb-mobile-header-display":"","site-post-title":"","ast-breadcrumbs-content":"","ast-featured-img":"","footer-sml-layout":"","ast-disable-related-posts":"","theme-transparent-header-meta":"default","adv-header-id-meta":"","stick-header-meta":"","header-above-stick-meta":"","header-main-stick-meta":"","header-below-stick-meta":"","astra-migrate-meta-layouts":"set","ast-page-background-enabled":"default","ast-page-background-meta":{"desktop":{"background-color":"var(--ast-global-color-4)","background-image":"","background-repeat":"repeat","background-position":"center center","background-size":"auto","background-attachment":"scroll","background-type":"","background-media":"","overlay-type":"","overlay-color":"","overlay-opacity":"","overlay-gradient":""},"tablet":{"background-color":"","background-image":"","background-repeat":"repeat","background-position":"center center","background-size":"auto","background-attachment":"scroll","background-type":"","background-media":"","overlay-type":"","overlay-color":"","overlay-opacity":"","overlay-gradient":""},"mobile":{"background-color":"","background-image":"","background-repeat":"repeat","background-position":"center center","background-size":"auto","background-attachment":"scroll","background-type":"","background-media":"","overlay-type":"","overlay-color":"","overlay-opacity":"","overlay-gradient":""}},"ast-content-background-meta":{"desktop":{"background-color":"var(--ast-global-color-5)","background-image":"","background-repeat":"repeat","background-position":"center center","background-size":"auto","background-attachment":"scroll","background-type":"","background-media":"","overlay-type":"","overlay-color":"","overlay-opacity":"","overlay-gradient":""},"tablet":{"background-color":"var(--ast-global-color-5)","background-image":"","background-repeat":"repeat","background-position":"center center","background-size":"auto","background-attachment":"scroll","background-type":"","background-media":"","overlay-type":"","overlay-color":"","overlay-opacity":"","overlay-gradient":""},"mobile":{"background-color":"var(--ast-global-color-5)","background-image":"","background-repeat":"repeat","background-position":"center center","background-size":"auto","background-attachment":"scroll","background-type":"","background-media":"","overlay-type":"","overlay-color":"","overlay-opacity":"","overlay-gradient":""}}},"product_brand":[38],"product_cat":[26],"product_tag":[59,49,54,52,78],"class_list":{"0":"post-790","1":"product","2":"type-product","3":"status-publish","4":"has-post-thumbnail","6":"product_brand-shobain","7":"product_cat-lingerie-sets","8":"product_tag-black","9":"product_tag-lace","10":"product_tag-longline-bralette","11":"product_tag-mesh","12":"product_tag-viola","13":"desktop-align-center","14":"tablet-align-center","15":"mobile-align-center","17":"first","18":"instock","19":"shipping-taxable","20":"purchasable","21":"product-type-simple"},"aioseo_notices":[],"uagb_featured_image_src":{"full":["https:\/\/shobain.com\/wp-content\/uploads\/2025\/06\/534566133_788027083577001_561178866781530374_n.jpg",1536,2048,false],"thumbnail":["https:\/\/shobain.com\/wp-content\/uploads\/2025\/06\/534566133_788027083577001_561178866781530374_n-150x150.jpg",150,150,true],"medium":["https:\/\/shobain.com\/wp-content\/uploads\/2025\/06\/534566133_788027083577001_561178866781530374_n-225x300.jpg",225,300,true],"medium_large":["https:\/\/shobain.com\/wp-content\/uploads\/2025\/06\/534566133_788027083577001_561178866781530374_n-768x1024.jpg",768,1024,true],"large":["https:\/\/shobain.com\/wp-content\/uploads\/2025\/06\/534566133_788027083577001_561178866781530374_n-768x1024.jpg",768,1024,true],"1536x1536":["https:\/\/shobain.com\/wp-content\/uploads\/2025\/06\/534566133_788027083577001_561178866781530374_n-1152x1536.jpg",1152,1536,true],"2048x2048":["https:\/\/shobain.com\/wp-content\/uploads\/2025\/06\/534566133_788027083577001_561178866781530374_n.jpg",1536,2048,false],"trp-custom-language-flag":["https:\/\/shobain.com\/wp-content\/uploads\/2025\/06\/534566133_788027083577001_561178866781530374_n-9x12.jpg",9,12,true],"mailpoet_newsletter_max":["https:\/\/shobain.com\/wp-content\/uploads\/2025\/06\/534566133_788027083577001_561178866781530374_n.jpg",1320,1760,false],"woocommerce_thumbnail":["https:\/\/shobain.com\/wp-content\/uploads\/2025\/06\/534566133_788027083577001_561178866781530374_n-300x375.jpg",300,375,true],"woocommerce_single":["https:\/\/shobain.com\/wp-content\/uploads\/2025\/06\/534566133_788027083577001_561178866781530374_n-600x800.jpg",600,800,true],"woocommerce_gallery_thumbnail":["https:\/\/shobain.com\/wp-content\/uploads\/2025\/06\/534566133_788027083577001_561178866781530374_n-100x100.jpg",100,100,true]},"uagb_author_info":{"display_name":"Laura Roman","author_link":"https:\/\/shobain.com\/hr\/author\/"},"uagb_comment_info":0,"uagb_excerpt":"A rich blend of purple lace with gold thread and soft black mesh, the Viola Set pairs a modern bralette and cheeky panty for a look that\u2019s bold, elegant, and effortlessly wearable. Key Features: Rich purple stretch lace with gold shimmer, paired with soft black mesh Lacey bralette best suited for size 75A, panties size&hellip;","_links":{"self":[{"href":"https:\/\/shobain.com\/hr\/wp-json\/wp\/v2\/product\/790","targetHints":{"allow":["GET"]}}],"collection":[{"href":"https:\/\/shobain.com\/hr\/wp-json\/wp\/v2\/product"}],"about":[{"href":"https:\/\/shobain.com\/hr\/wp-json\/wp\/v2\/types\/product"}],"replies":[{"embeddable":true,"href":"https:\/\/shobain.com\/hr\/wp-json\/wp\/v2\/comments?post=790"}],"wp:featuredmedia":[{"embeddable":true,"href":"https:\/\/shobain.com\/hr\/wp-json\/wp\/v2\/media\/1797"}],"wp:attachment":[{"href":"https:\/\/shobain.com\/hr\/wp-json\/wp\/v2\/media?parent=790"}],"wp:term":[{"taxonomy":"product_brand","embeddable":true,"href":"https:\/\/shobain.com\/hr\/wp-json\/wp\/v2\/product_brand?post=790"},{"taxonomy":"product_cat","embeddable":true,"href":"https:\/\/shobain.com\/hr\/wp-json\/wp\/v2\/product_cat?post=790"},{"taxonomy":"product_tag","embeddable":true,"href":"https:\/\/shobain.com\/hr\/wp-json\/wp\/v2\/product_tag?post=790"}],"curies":[{"name":"wp","href":"https:\/\/api.w.org\/{rel}","templated":true}]}}