{"id":802,"date":"2025-06-24T19:45:36","date_gmt":"2025-06-24T17:45:36","guid":{"rendered":"https:\/\/orchid-weasel-405112.hostingersite.com\/?post_type=product&#038;p=802"},"modified":"2026-02-02T11:13:56","modified_gmt":"2026-02-02T09:13:56","slug":"maya-playsuit","status":"publish","type":"product","link":"https:\/\/shobain.com\/hr\/proizvod\/maya-playsuit\/","title":{"rendered":"Maya Playsuit Set"},"content":{"rendered":"<p data-start=\"188\" data-end=\"587\"><strong data-start=\"188\" data-end=\"274\">Zavodljiv, senzualan i beskrajno prilagodljiv - Maya Playsuit set je stvoren za igru.<\/strong><br data-start=\"274\" data-end=\"277\" \/>Vjeran svom imenu, ovaj odva\u017eni trodijelni set izra\u0111en je od <strong data-start=\"344\" data-end=\"367\">nje\u017ene mre\u017eice sa motivom to\u010dkica<\/strong> i dizajniran da rasplamsa va\u0161u unutarnju flert divu. Set uklju\u010duje <strong data-start=\"430\" data-end=\"447\">Maya bralette<\/strong>, senzualan <strong data-start=\"463\" data-end=\"512\">playsuit bodi sa choker harnessom<\/strong>i <strong data-start=\"520\" data-end=\"537\">podvezicu sa razigranim volanom<\/strong> za ekstra dozu \u0161arma i zavodljivosti.<\/p>\n<p data-start=\"589\" data-end=\"896\">Prozra\u010dna mre\u017ea prianja uz va\u0161e tijelo na pravim mjestima, <strong data-start=\"635\" data-end=\"677\">a detalji metalnog prstena i podesivih trakica<\/strong> dodaju razigrani dodir. Odaberite svoju kombinaciju boja:<br data-start=\"719\" data-end=\"722\" \/>\u2013 <strong data-start=\"724\" data-end=\"754\">Bijela<\/strong> (savr\u0161en izbor za medeni mjesec)<br data-start=\"793\" data-end=\"796\" \/>\u2013 <strong data-start=\"798\" data-end=\"843\">Baby plava<\/strong><br data-start=\"843\" data-end=\"846\" \/>\u2013 <strong data-start=\"848\" data-end=\"894\">Zelena<\/strong><\/p>\n<p data-start=\"898\" data-end=\"1084\">Stra\u017enji dio bodija ima <strong data-start=\"935\" data-end=\"966\">podesivu trakicu u stilu g-string tangi<\/strong> ili se mo\u017ee napraviti u <strong data-start=\"984\" data-end=\"1006\">otvorenoj crotchless verziji<\/strong>, nje\u017eno uokvirena volanima koji laskaju va\u0161im oblinama iz svakog kuta.<\/p>\n<p data-start=\"1086\" data-end=\"1190\">Bez obzira nosite li je s bralette-om ili bez njega, Maya vas poziva da se kre\u0107ete s potpunim samopouzdanjem.<\/p>","protected":false},"excerpt":{"rendered":"<p>Odva\u017ean trodijelni set izra\u0111en od mekane mre\u017easte tkanine s to\u010dkicama, <strong data-start=\"1280\" data-end=\"1301\">Maya Playsuit Set<\/strong> sastoji se od bodija sa choker detaljem, podvezicom s volanima i odgovaraju\u0107im grudnjakom. Podesiv, koketan i dostupan u tri sanjive kombinacije boja - uklju\u010duju\u0107i bijelu, idealnu za medeni mjesec.<\/p>\n<p data-start=\"97\" data-end=\"114\"><strong data-start=\"97\" data-end=\"114\">Karakteristike:<\/strong><\/p>\n<ul data-start=\"115\" data-end=\"407\">\n<li data-start=\"115\" data-end=\"198\">\n<p data-start=\"117\" data-end=\"198\">Trodjelni set: bralette, body sa choker harness-om, i podvezica s volanom<\/p>\n<\/li>\n<li data-start=\"199\" data-end=\"303\">\n<p data-start=\"201\" data-end=\"303\">Nje\u017ena tkanina na to\u010dice i podesivi dizajn<\/p>\n<\/li>\n<li data-start=\"304\" data-end=\"407\">\n<p data-start=\"306\" data-end=\"407\">Dostupno u bijeloj, plavoj ili zelenoj boji za koketni, prilagodljivi stil<\/p>\n<\/li>\n<\/ul>","protected":false},"featured_media":810,"comment_status":"open","ping_status":"closed","template":"","meta":{"inline_featured_image":false,"_uag_custom_page_level_css":"","site-sidebar-layout":"default","site-content-layout":"","ast-site-content-layout":"default","site-content-style":"default","site-sidebar-style":"default","ast-global-header-display":"","ast-banner-title-visibility":"","ast-main-header-display":"","ast-hfb-above-header-display":"","ast-hfb-below-header-display":"","ast-hfb-mobile-header-display":"","site-post-title":"","ast-breadcrumbs-content":"","ast-featured-img":"","footer-sml-layout":"","ast-disable-related-posts":"","theme-transparent-header-meta":"default","adv-header-id-meta":"","stick-header-meta":"","header-above-stick-meta":"","header-main-stick-meta":"","header-below-stick-meta":"","astra-migrate-meta-layouts":"set","ast-page-background-enabled":"default","ast-page-background-meta":{"desktop":{"background-color":"var(--ast-global-color-4)","background-image":"","background-repeat":"repeat","background-position":"center center","background-size":"auto","background-attachment":"scroll","background-type":"","background-media":"","overlay-type":"","overlay-color":"","overlay-opacity":"","overlay-gradient":""},"tablet":{"background-color":"","background-image":"","background-repeat":"repeat","background-position":"center center","background-size":"auto","background-attachment":"scroll","background-type":"","background-media":"","overlay-type":"","overlay-color":"","overlay-opacity":"","overlay-gradient":""},"mobile":{"background-color":"","background-image":"","background-repeat":"repeat","background-position":"center center","background-size":"auto","background-attachment":"scroll","background-type":"","background-media":"","overlay-type":"","overlay-color":"","overlay-opacity":"","overlay-gradient":""}},"ast-content-background-meta":{"desktop":{"background-color":"var(--ast-global-color-5)","background-image":"","background-repeat":"repeat","background-position":"center center","background-size":"auto","background-attachment":"scroll","background-type":"","background-media":"","overlay-type":"","overlay-color":"","overlay-opacity":"","overlay-gradient":""},"tablet":{"background-color":"var(--ast-global-color-5)","background-image":"","background-repeat":"repeat","background-position":"center center","background-size":"auto","background-attachment":"scroll","background-type":"","background-media":"","overlay-type":"","overlay-color":"","overlay-opacity":"","overlay-gradient":""},"mobile":{"background-color":"var(--ast-global-color-5)","background-image":"","background-repeat":"repeat","background-position":"center center","background-size":"auto","background-attachment":"scroll","background-type":"","background-media":"","overlay-type":"","overlay-color":"","overlay-opacity":"","overlay-gradient":""}}},"product_brand":[38],"product_cat":[26],"product_tag":[80,81,82,79,35,34],"class_list":{"0":"post-802","1":"product","2":"type-product","3":"status-publish","4":"has-post-thumbnail","6":"product_brand-shobain","7":"product_cat-lingerie-sets","8":"product_tag-crotchless","9":"product_tag-g-string","10":"product_tag-maya","11":"product_tag-playsuit","12":"product_tag-polka-dots","13":"product_tag-ruffles","14":"desktop-align-center","15":"tablet-align-center","16":"mobile-align-center","18":"first","19":"instock","20":"shipping-taxable","21":"purchasable","22":"product-type-simple"},"aioseo_notices":[],"uagb_featured_image_src":{"full":["https:\/\/shobain.com\/wp-content\/uploads\/2025\/06\/maya-playsuit-on-model-with-choker.jpeg",1164,1454,false],"thumbnail":["https:\/\/shobain.com\/wp-content\/uploads\/2025\/06\/maya-playsuit-on-model-with-choker-150x150.jpeg",150,150,true],"medium":["https:\/\/shobain.com\/wp-content\/uploads\/2025\/06\/maya-playsuit-on-model-with-choker-240x300.jpeg",240,300,true],"medium_large":["https:\/\/shobain.com\/wp-content\/uploads\/2025\/06\/maya-playsuit-on-model-with-choker-768x959.jpeg",768,959,true],"large":["https:\/\/shobain.com\/wp-content\/uploads\/2025\/06\/maya-playsuit-on-model-with-choker-820x1024.jpeg",820,1024,true],"1536x1536":["https:\/\/shobain.com\/wp-content\/uploads\/2025\/06\/maya-playsuit-on-model-with-choker.jpeg",1164,1454,false],"2048x2048":["https:\/\/shobain.com\/wp-content\/uploads\/2025\/06\/maya-playsuit-on-model-with-choker.jpeg",1164,1454,false],"trp-custom-language-flag":["https:\/\/shobain.com\/wp-content\/uploads\/2025\/06\/maya-playsuit-on-model-with-choker.jpeg",10,12,false],"mailpoet_newsletter_max":["https:\/\/shobain.com\/wp-content\/uploads\/2025\/06\/maya-playsuit-on-model-with-choker.jpeg",1164,1454,false],"woocommerce_thumbnail":["https:\/\/shobain.com\/wp-content\/uploads\/2025\/06\/maya-playsuit-on-model-with-choker-300x375.jpeg",300,375,true],"woocommerce_single":["https:\/\/shobain.com\/wp-content\/uploads\/2025\/06\/maya-playsuit-on-model-with-choker-600x749.jpeg",600,749,true],"woocommerce_gallery_thumbnail":["https:\/\/shobain.com\/wp-content\/uploads\/2025\/06\/maya-playsuit-on-model-with-choker-100x100.jpeg",100,100,true]},"uagb_author_info":{"display_name":"Laura Roman","author_link":"https:\/\/shobain.com\/hr\/author\/"},"uagb_comment_info":0,"uagb_excerpt":"A daring three-piece set made of soft polka dot mesh, the Maya Playsuit Set features a strappy body with choker, frilly garter, and matching bralette. Adjustable, flirty, and available in three dreamy colorways \u2014 including a honeymoon-ready white. Key Features: Three-piece set: bralette, strappy playsuit body with choker, and frilly garter Soft polka dot mesh&hellip;","_links":{"self":[{"href":"https:\/\/shobain.com\/hr\/wp-json\/wp\/v2\/product\/802","targetHints":{"allow":["GET"]}}],"collection":[{"href":"https:\/\/shobain.com\/hr\/wp-json\/wp\/v2\/product"}],"about":[{"href":"https:\/\/shobain.com\/hr\/wp-json\/wp\/v2\/types\/product"}],"replies":[{"embeddable":true,"href":"https:\/\/shobain.com\/hr\/wp-json\/wp\/v2\/comments?post=802"}],"wp:featuredmedia":[{"embeddable":true,"href":"https:\/\/shobain.com\/hr\/wp-json\/wp\/v2\/media\/810"}],"wp:attachment":[{"href":"https:\/\/shobain.com\/hr\/wp-json\/wp\/v2\/media?parent=802"}],"wp:term":[{"taxonomy":"product_brand","embeddable":true,"href":"https:\/\/shobain.com\/hr\/wp-json\/wp\/v2\/product_brand?post=802"},{"taxonomy":"product_cat","embeddable":true,"href":"https:\/\/shobain.com\/hr\/wp-json\/wp\/v2\/product_cat?post=802"},{"taxonomy":"product_tag","embeddable":true,"href":"https:\/\/shobain.com\/hr\/wp-json\/wp\/v2\/product_tag?post=802"}],"curies":[{"name":"wp","href":"https:\/\/api.w.org\/{rel}","templated":true}]}}