{"id":827,"date":"2025-06-24T20:07:52","date_gmt":"2025-06-24T18:07:52","guid":{"rendered":"https:\/\/orchid-weasel-405112.hostingersite.com\/?post_type=product&#038;p=827"},"modified":"2026-02-02T11:21:12","modified_gmt":"2026-02-02T09:21:12","slug":"ariella-mermaid-set","status":"publish","type":"product","link":"https:\/\/shobain.com\/hr\/proizvod\/ariella-mermaid-set\/","title":{"rendered":"Ariella Sirena Set"},"content":{"rendered":"<p data-start=\"294\" data-end=\"744\"><strong data-start=\"294\" data-end=\"412\">Oslobodite svoju unutarnju sirenu uz Ariella set \u2014 \u017eivahnu proslavu ljeta, senzualnosti i morskih snova.<\/strong><br data-start=\"412\" data-end=\"415\" \/>Izra\u0111en od breskvasto mekane mre\u017eice i rasko\u0161ne izvezene \u010dipke s morskim \u0161koljkama, morskim zvijezdama i koraljima, Ariella set dizajniran je da digne valove. S razigranom paletom boja i koketnim detaljima, ovaj set donjeg rublja savr\u0161en je za one koji \u017eele nositi esenciju suncem obasjanih obala i bezbri\u017enih dana na pla\u017ei gdje god idu.<\/p>\n<p data-start=\"746\" data-end=\"1089\">Set <strong data-start=\"750\" data-end=\"779\">s Ariella Longline Bralette<\/strong> ima potpuno podstavljene ko\u0161arice (pamu\u010dni jersey s Oeko-Tex\u00ae certifikatom) i upe\u010datljiva otvorena le\u0111a, uokvirena podesivim crvenim naramenicama koje se isti\u010du na ko\u017ei okupanoj suncem. <strong data-start=\"938\" data-end=\"957\">Ariella Ga\u0107ice<\/strong> odra\u017eavaju ovaj \u017eivopisni kontrast crvenim elasti\u010dnim obrubom, senzualnim krojem i mre\u017eastim materijalom koji se jedva osje\u0107a - idealno \u010dak i za najtoplije dane.<\/p>\n<p data-start=\"1091\" data-end=\"1106\">Odaberite izme\u0111u:<\/p>\n<ul data-start=\"1107\" data-end=\"1415\">\n<li data-start=\"1107\" data-end=\"1154\">\n<p data-start=\"1109\" data-end=\"1154\"><strong data-start=\"1109\" data-end=\"1134\">Ariella Set (klasi\u010dni)<\/strong>: Bralette + Ga\u0107ice<\/p>\n<\/li>\n<li data-start=\"1155\" data-end=\"1415\">\n<p data-start=\"1157\" data-end=\"1415\"><strong data-start=\"1157\" data-end=\"1190\">Ariella Set s Halter Suknjicom<\/strong>Uklju\u010duje razigranu halter suknjicu s \u010detiri podesive crvene trakice s klipsama i odgovaraju\u0107e podvezice za noge s vezom \u0161koljki. Izra\u0111ena po va\u0161im mjerama, suknja dodaje romanti\u010dan, budoar \u0161tih ovom ve\u0107 \u010darobnom setu.<\/p>\n<\/li>\n<\/ul>\n<p data-start=\"1417\" data-end=\"1552\">Bilo da se vrtite bosi na pla\u017ei ili se obla\u010dite ne\u0161to senzualno samo za sebe, <strong data-start=\"1492\" data-end=\"1551\">Ariella je oda radosti, bojama i bo\u017eici koju mo\u017eete prona\u0107i u sebi<\/strong>.<\/p>\n<p>Mre\u017ea: 85% poliamid, 15% elastan<\/p>\n<p>\u010cipka: 100% poliester<\/p>\n<p>Podstava: 94% pamuk, 6% elastan<\/p>","protected":false},"excerpt":{"rendered":"<p data-start=\"1586\" data-end=\"1764\">\u0160areni set donjeg rublja inspiriran sirenama i ljetnim snovima, s izvezenim morskim motivima, mekom mre\u017eicom i odva\u017enim krojem. Dostupan sa ili bez halter suknjice.<\/p>\n<p data-start=\"114\" data-end=\"133\"><strong data-start=\"114\" data-end=\"131\">Karakteristike:<\/strong><\/p>\n<ul data-start=\"134\" data-end=\"458\">\n<li data-start=\"134\" data-end=\"217\">\n<p data-start=\"136\" data-end=\"217\">Mekana mre\u017easta tkanina boje breskve i izvezena \u010dipka s motivima \u0161koljki, morskih zvijezda i koralja<\/p>\n<\/li>\n<li data-start=\"218\" data-end=\"322\">\n<p data-start=\"220\" data-end=\"322\">Bralette s ko\u0161aricama podstavljenim Oeko-Tex\u00ae pamukom, otvorenim le\u0111ima i podesivim kontrastnim crvenim naramenicama<\/p>\n<\/li>\n<li data-start=\"323\" data-end=\"458\">\n<p data-start=\"325\" data-end=\"458\">Odaberite klasi\u010dni bralette + ga\u0107ice set ili ga upotpunite sa razigrano zavodljivom halter suknjicom i podvezicama za noge<\/p>\n<\/li>\n<\/ul>","protected":false},"featured_media":839,"comment_status":"open","ping_status":"closed","template":"","meta":{"inline_featured_image":false,"_uag_custom_page_level_css":"","site-sidebar-layout":"default","site-content-layout":"","ast-site-content-layout":"default","site-content-style":"default","site-sidebar-style":"default","ast-global-header-display":"","ast-banner-title-visibility":"","ast-main-header-display":"","ast-hfb-above-header-display":"","ast-hfb-below-header-display":"","ast-hfb-mobile-header-display":"","site-post-title":"","ast-breadcrumbs-content":"","ast-featured-img":"","footer-sml-layout":"","ast-disable-related-posts":"","theme-transparent-header-meta":"default","adv-header-id-meta":"","stick-header-meta":"","header-above-stick-meta":"","header-main-stick-meta":"","header-below-stick-meta":"","astra-migrate-meta-layouts":"set","ast-page-background-enabled":"default","ast-page-background-meta":{"desktop":{"background-color":"var(--ast-global-color-4)","background-image":"","background-repeat":"repeat","background-position":"center center","background-size":"auto","background-attachment":"scroll","background-type":"","background-media":"","overlay-type":"","overlay-color":"","overlay-opacity":"","overlay-gradient":""},"tablet":{"background-color":"","background-image":"","background-repeat":"repeat","background-position":"center center","background-size":"auto","background-attachment":"scroll","background-type":"","background-media":"","overlay-type":"","overlay-color":"","overlay-opacity":"","overlay-gradient":""},"mobile":{"background-color":"","background-image":"","background-repeat":"repeat","background-position":"center center","background-size":"auto","background-attachment":"scroll","background-type":"","background-media":"","overlay-type":"","overlay-color":"","overlay-opacity":"","overlay-gradient":""}},"ast-content-background-meta":{"desktop":{"background-color":"var(--ast-global-color-5)","background-image":"","background-repeat":"repeat","background-position":"center center","background-size":"auto","background-attachment":"scroll","background-type":"","background-media":"","overlay-type":"","overlay-color":"","overlay-opacity":"","overlay-gradient":""},"tablet":{"background-color":"var(--ast-global-color-5)","background-image":"","background-repeat":"repeat","background-position":"center center","background-size":"auto","background-attachment":"scroll","background-type":"","background-media":"","overlay-type":"","overlay-color":"","overlay-opacity":"","overlay-gradient":""},"mobile":{"background-color":"var(--ast-global-color-5)","background-image":"","background-repeat":"repeat","background-position":"center center","background-size":"auto","background-attachment":"scroll","background-type":"","background-media":"","overlay-type":"","overlay-color":"","overlay-opacity":"","overlay-gradient":""}}},"product_brand":[38],"product_cat":[26],"product_tag":[],"class_list":{"0":"post-827","1":"product","2":"type-product","3":"status-publish","4":"has-post-thumbnail","6":"product_brand-shobain","7":"product_cat-lingerie-sets","8":"desktop-align-center","9":"tablet-align-center","10":"mobile-align-center","12":"first","13":"instock","14":"shipping-taxable","15":"purchasable","16":"product-type-variable"},"aioseo_notices":[],"uagb_featured_image_src":{"full":["https:\/\/shobain.com\/wp-content\/uploads\/2025\/06\/ariella-set-garter-skirt.jpeg",1188,1485,false],"thumbnail":["https:\/\/shobain.com\/wp-content\/uploads\/2025\/06\/ariella-set-garter-skirt-150x150.jpeg",150,150,true],"medium":["https:\/\/shobain.com\/wp-content\/uploads\/2025\/06\/ariella-set-garter-skirt-240x300.jpeg",240,300,true],"medium_large":["https:\/\/shobain.com\/wp-content\/uploads\/2025\/06\/ariella-set-garter-skirt-768x960.jpeg",768,960,true],"large":["https:\/\/shobain.com\/wp-content\/uploads\/2025\/06\/ariella-set-garter-skirt-819x1024.jpeg",819,1024,true],"1536x1536":["https:\/\/shobain.com\/wp-content\/uploads\/2025\/06\/ariella-set-garter-skirt.jpeg",1188,1485,false],"2048x2048":["https:\/\/shobain.com\/wp-content\/uploads\/2025\/06\/ariella-set-garter-skirt.jpeg",1188,1485,false],"trp-custom-language-flag":["https:\/\/shobain.com\/wp-content\/uploads\/2025\/06\/ariella-set-garter-skirt.jpeg",10,12,false],"mailpoet_newsletter_max":["https:\/\/shobain.com\/wp-content\/uploads\/2025\/06\/ariella-set-garter-skirt.jpeg",1188,1485,false],"woocommerce_thumbnail":["https:\/\/shobain.com\/wp-content\/uploads\/2025\/06\/ariella-set-garter-skirt-300x375.jpeg",300,375,true],"woocommerce_single":["https:\/\/shobain.com\/wp-content\/uploads\/2025\/06\/ariella-set-garter-skirt-600x750.jpeg",600,750,true],"woocommerce_gallery_thumbnail":["https:\/\/shobain.com\/wp-content\/uploads\/2025\/06\/ariella-set-garter-skirt-100x100.jpeg",100,100,true]},"uagb_author_info":{"display_name":"Laura Roman","author_link":"https:\/\/shobain.com\/hr\/author\/"},"uagb_comment_info":0,"uagb_excerpt":"A colorful lingerie set inspired by mermaids and summer dreams, featuring embroidered sea motifs, soft mesh, and a cheeky cut. Available with or without a whimsical garter skirt. Key Features: Peachy soft mesh and embroidered lace with seashell, starfish, and coral motifs Longline bralette with Oeko-Tex\u00ae cotton-lined cups, open back, and adjustable contrasting red straps&hellip;","_links":{"self":[{"href":"https:\/\/shobain.com\/hr\/wp-json\/wp\/v2\/product\/827","targetHints":{"allow":["GET"]}}],"collection":[{"href":"https:\/\/shobain.com\/hr\/wp-json\/wp\/v2\/product"}],"about":[{"href":"https:\/\/shobain.com\/hr\/wp-json\/wp\/v2\/types\/product"}],"replies":[{"embeddable":true,"href":"https:\/\/shobain.com\/hr\/wp-json\/wp\/v2\/comments?post=827"}],"wp:featuredmedia":[{"embeddable":true,"href":"https:\/\/shobain.com\/hr\/wp-json\/wp\/v2\/media\/839"}],"wp:attachment":[{"href":"https:\/\/shobain.com\/hr\/wp-json\/wp\/v2\/media?parent=827"}],"wp:term":[{"taxonomy":"product_brand","embeddable":true,"href":"https:\/\/shobain.com\/hr\/wp-json\/wp\/v2\/product_brand?post=827"},{"taxonomy":"product_cat","embeddable":true,"href":"https:\/\/shobain.com\/hr\/wp-json\/wp\/v2\/product_cat?post=827"},{"taxonomy":"product_tag","embeddable":true,"href":"https:\/\/shobain.com\/hr\/wp-json\/wp\/v2\/product_tag?post=827"}],"curies":[{"name":"wp","href":"https:\/\/api.w.org\/{rel}","templated":true}]}}