{"id":842,"date":"2025-06-24T20:15:31","date_gmt":"2025-06-24T18:15:31","guid":{"rendered":"https:\/\/orchid-weasel-405112.hostingersite.com\/?post_type=product&#038;p=842"},"modified":"2026-02-02T11:14:04","modified_gmt":"2026-02-02T09:14:04","slug":"nea-ouvert","status":"publish","type":"product","link":"https:\/\/shobain.com\/hr\/proizvod\/nea-ouvert\/","title":{"rendered":"Nea Ouvert Set sa Lan\u010di\u0107ima"},"content":{"rendered":"<p data-start=\"195\" data-end=\"290\"><strong data-start=\"195\" data-end=\"290\">Ultimativni spoj svjetlucanja i glamuroznog zavo\u0111enja u budoaru \u2014 upoznajte Nea Ouvert set.<\/strong><\/p>\n<p data-start=\"292\" data-end=\"578\">Izra\u0111en od luksuznog crnog tila sa \u0161ljoki\u010dastim uzorkom, obrubljen mekim volanima i ukra\u0161en svjetlucavim lan\u010di\u0107ima, ovaj upe\u010datljivi set stvoren je za nezaboravne no\u0107i. Bilo da ga nosite za sebe ili za nekog posebnog, Nea u spava\u0107u sobu unosi smjelu dramu i razigranu eleganciju.<\/p>\n<p data-start=\"580\" data-end=\"803\">Otvoreni dizajn nudi zavodljivost, dok svjetlucavi ukrasi hvataju svjetlost sa svakim pokretom. Ovaj set potpuno je podesiv i najbolje odgovara veli\u010dini: <strong data-start=\"767\" data-end=\"802\">AA\u2013B ko\u0161arica i XS\u2013M ga\u0107ica<\/strong>.<\/p>\n<p data-start=\"805\" data-end=\"865\"><strong data-start=\"805\" data-end=\"865\">Ostao je samo jedan set - nemojte propustiti priliku da postane va\u0161!<\/strong><\/p>\n<p data-start=\"805\" data-end=\"865\">Til: 98% poliester, 2% elastan<\/p>","protected":false},"excerpt":{"rendered":"<p data-start=\"903\" data-end=\"1081\">Nea Ouvert je stvoren za zvijezde, sa svjetlucavim tilom i lan\u010di\u0107ima pretvoriti \u0107e va\u0161e boudoir trenutke u nezaboravan performans.<\/p>\n<p data-start=\"88\" data-end=\"105\"><strong data-start=\"88\" data-end=\"105\">Karakteristike:<\/strong><\/p>\n<ul data-start=\"106\" data-end=\"371\">\n<li data-start=\"106\" data-end=\"198\">\n<p data-start=\"108\" data-end=\"198\">Luksuzni crni til sa \u0161ljokicama, mekim volanima i elasti\u010dnim obrubom te svjetlucavim lan\u010di\u0107ima<\/p>\n<\/li>\n<li data-start=\"199\" data-end=\"283\">\n<p data-start=\"201\" data-end=\"283\">Potpuno podesivi otvoreni dizajn za zavo\u0111enje<\/p>\n<\/li>\n<li data-start=\"284\" data-end=\"371\">\n<p data-start=\"286\" data-end=\"371\">Limitirano izdanje, najbolje odgovara veli\u010dinama ko\u0161arica AA\u2013B i donjim dijelovima XS\u2013M \u2014 dostupno samo jedan set<\/p>\n<\/li>\n<\/ul>","protected":false},"featured_media":849,"comment_status":"open","ping_status":"closed","template":"","meta":{"inline_featured_image":false,"_uag_custom_page_level_css":"","site-sidebar-layout":"default","site-content-layout":"","ast-site-content-layout":"default","site-content-style":"default","site-sidebar-style":"default","ast-global-header-display":"","ast-banner-title-visibility":"","ast-main-header-display":"","ast-hfb-above-header-display":"","ast-hfb-below-header-display":"","ast-hfb-mobile-header-display":"","site-post-title":"","ast-breadcrumbs-content":"","ast-featured-img":"","footer-sml-layout":"","ast-disable-related-posts":"","theme-transparent-header-meta":"default","adv-header-id-meta":"","stick-header-meta":"","header-above-stick-meta":"","header-main-stick-meta":"","header-below-stick-meta":"","astra-migrate-meta-layouts":"set","ast-page-background-enabled":"default","ast-page-background-meta":{"desktop":{"background-color":"var(--ast-global-color-4)","background-image":"","background-repeat":"repeat","background-position":"center center","background-size":"auto","background-attachment":"scroll","background-type":"","background-media":"","overlay-type":"","overlay-color":"","overlay-opacity":"","overlay-gradient":""},"tablet":{"background-color":"","background-image":"","background-repeat":"repeat","background-position":"center center","background-size":"auto","background-attachment":"scroll","background-type":"","background-media":"","overlay-type":"","overlay-color":"","overlay-opacity":"","overlay-gradient":""},"mobile":{"background-color":"","background-image":"","background-repeat":"repeat","background-position":"center center","background-size":"auto","background-attachment":"scroll","background-type":"","background-media":"","overlay-type":"","overlay-color":"","overlay-opacity":"","overlay-gradient":""}},"ast-content-background-meta":{"desktop":{"background-color":"var(--ast-global-color-5)","background-image":"","background-repeat":"repeat","background-position":"center center","background-size":"auto","background-attachment":"scroll","background-type":"","background-media":"","overlay-type":"","overlay-color":"","overlay-opacity":"","overlay-gradient":""},"tablet":{"background-color":"var(--ast-global-color-5)","background-image":"","background-repeat":"repeat","background-position":"center center","background-size":"auto","background-attachment":"scroll","background-type":"","background-media":"","overlay-type":"","overlay-color":"","overlay-opacity":"","overlay-gradient":""},"mobile":{"background-color":"var(--ast-global-color-5)","background-image":"","background-repeat":"repeat","background-position":"center center","background-size":"auto","background-attachment":"scroll","background-type":"","background-media":"","overlay-type":"","overlay-color":"","overlay-opacity":"","overlay-gradient":""}}},"product_brand":[38],"product_cat":[26],"product_tag":[94,95,80,96,93,92,61,84],"class_list":{"0":"post-842","1":"product","2":"type-product","3":"status-publish","4":"has-post-thumbnail","6":"product_brand-shobain","7":"product_cat-lingerie-sets","8":"product_tag-cage","9":"product_tag-chain","10":"product_tag-crotchless","11":"product_tag-erotic","12":"product_tag-glitter","13":"product_tag-nea","14":"product_tag-ouvert","15":"product_tag-ready-to-ship","16":"desktop-align-center","17":"tablet-align-center","18":"mobile-align-center","20":"first","21":"instock","22":"shipping-taxable","23":"purchasable","24":"product-type-simple"},"aioseo_notices":[],"uagb_featured_image_src":{"full":["https:\/\/shobain.com\/wp-content\/uploads\/2025\/06\/nea-ouvert.jpg",1292,1722,false],"thumbnail":["https:\/\/shobain.com\/wp-content\/uploads\/2025\/06\/nea-ouvert-150x150.jpg",150,150,true],"medium":["https:\/\/shobain.com\/wp-content\/uploads\/2025\/06\/nea-ouvert-225x300.jpg",225,300,true],"medium_large":["https:\/\/shobain.com\/wp-content\/uploads\/2025\/06\/nea-ouvert-768x1024.jpg",768,1024,true],"large":["https:\/\/shobain.com\/wp-content\/uploads\/2025\/06\/nea-ouvert-768x1024.jpg",768,1024,true],"1536x1536":["https:\/\/shobain.com\/wp-content\/uploads\/2025\/06\/nea-ouvert-1152x1536.jpg",1152,1536,true],"2048x2048":["https:\/\/shobain.com\/wp-content\/uploads\/2025\/06\/nea-ouvert.jpg",1292,1722,false],"trp-custom-language-flag":["https:\/\/shobain.com\/wp-content\/uploads\/2025\/06\/nea-ouvert.jpg",9,12,false],"mailpoet_newsletter_max":["https:\/\/shobain.com\/wp-content\/uploads\/2025\/06\/nea-ouvert.jpg",1292,1722,false],"woocommerce_thumbnail":["https:\/\/shobain.com\/wp-content\/uploads\/2025\/06\/nea-ouvert-300x375.jpg",300,375,true],"woocommerce_single":["https:\/\/shobain.com\/wp-content\/uploads\/2025\/06\/nea-ouvert-600x800.jpg",600,800,true],"woocommerce_gallery_thumbnail":["https:\/\/shobain.com\/wp-content\/uploads\/2025\/06\/nea-ouvert-100x100.jpg",100,100,true]},"uagb_author_info":{"display_name":"Laura Roman","author_link":"https:\/\/shobain.com\/hr\/author\/"},"uagb_comment_info":0,"uagb_excerpt":"A dazzling showstopper crafted from sequined tulle and sparkling chain details, the Nea Ouvert Set is designed for bold, boudoir moments. Key Features: Luxurious black sequined tulle with soft frilly elastic trim and sparkling chain details Fully adjustable ouvert design offering teasing glimpses and shimmering movement Limited-edition, best suited for AA\u2013B cup sizes and XS\u2013M&hellip;","_links":{"self":[{"href":"https:\/\/shobain.com\/hr\/wp-json\/wp\/v2\/product\/842","targetHints":{"allow":["GET"]}}],"collection":[{"href":"https:\/\/shobain.com\/hr\/wp-json\/wp\/v2\/product"}],"about":[{"href":"https:\/\/shobain.com\/hr\/wp-json\/wp\/v2\/types\/product"}],"replies":[{"embeddable":true,"href":"https:\/\/shobain.com\/hr\/wp-json\/wp\/v2\/comments?post=842"}],"wp:featuredmedia":[{"embeddable":true,"href":"https:\/\/shobain.com\/hr\/wp-json\/wp\/v2\/media\/849"}],"wp:attachment":[{"href":"https:\/\/shobain.com\/hr\/wp-json\/wp\/v2\/media?parent=842"}],"wp:term":[{"taxonomy":"product_brand","embeddable":true,"href":"https:\/\/shobain.com\/hr\/wp-json\/wp\/v2\/product_brand?post=842"},{"taxonomy":"product_cat","embeddable":true,"href":"https:\/\/shobain.com\/hr\/wp-json\/wp\/v2\/product_cat?post=842"},{"taxonomy":"product_tag","embeddable":true,"href":"https:\/\/shobain.com\/hr\/wp-json\/wp\/v2\/product_tag?post=842"}],"curies":[{"name":"wp","href":"https:\/\/api.w.org\/{rel}","templated":true}]}}