{"id":851,"date":"2025-06-24T20:21:35","date_gmt":"2025-06-24T18:21:35","guid":{"rendered":"https:\/\/orchid-weasel-405112.hostingersite.com\/?post_type=product&#038;p=851"},"modified":"2026-02-02T11:14:10","modified_gmt":"2026-02-02T09:14:10","slug":"disco-glam-glittery-lingerie-set","status":"publish","type":"product","link":"https:\/\/shobain.com\/hr\/proizvod\/disco-glam-glittery-lingerie-set\/","title":{"rendered":"Disco Glam Set"},"content":{"rendered":"<p data-start=\"194\" data-end=\"299\"><strong data-start=\"194\" data-end=\"299\">Poziv svim plesnim kraljicama: Disco Glam set vas \u010deka da ga odjenete i izvedete u nezaboravnu no\u0107 punu plesa i zabave!<\/strong><\/p>\n<p data-start=\"301\" data-end=\"635\">Kao \u0161to ime ka\u017ee, sa stotinama malenih srebrnih \u0161ljokica na bijeloj mre\u017eici, Disco Glam set sjaji se sa svakim va\u0161im pokretom.  Svi komadi u setu podstavljeni su sa mekanom bijelom mre\u017eicom za najve\u0107u udobnost prilikom no\u0161enja.<\/p>\n<p data-start=\"637\" data-end=\"900\">Set se sastoji od trokutastog bralette-a i podesivih ga\u0107ica. Svi komadi u setu imaju podesive naramenice kako biste set mogli u potpunosti prilagoditi svojem tijelu. Sjajni lan\u010di\u0107i nalaze se i na bralette-u i na ga\u0107icama \u0161to setu daje dodatan da\u0161ak zaigranog glamura.<\/p>\n<p data-start=\"902\" data-end=\"979\"><strong data-start=\"902\" data-end=\"979\">Disco Glam setovi su izra\u0111eni i spremni za dostavu. Odaberite svoju veli\u010dinu i va\u0161 set biti \u0107e poslan odmah.<\/strong><\/p>\n<p>Mre\u017ea sa \u0161ljokicama: 98% poliester, 2% elastan<\/p>\n<p>Mre\u017eica:\u00a085% poliamid, 15% elastan<\/p>\n<p>Jersey: 94% pamuk, 6% elastan<\/p>","protected":false},"excerpt":{"rendered":"<p data-start=\"1016\" data-end=\"1206\">Spremite se zablistati u Disco Glam setu \u2014 sa sjajnim \u0161ljokicama, lan\u010di\u0107ima i potpuno podesivim naramenicama, to je va\u0161a ulaznica za no\u0107 koju ne\u0107ete zaboraviti. Spremno za slanje!<\/p>\n<p data-start=\"96\" data-end=\"115\"><strong data-start=\"96\" data-end=\"113\">Karakteristike:<\/strong><\/p>\n<ul data-start=\"116\" data-end=\"377\">\n<li data-start=\"116\" data-end=\"206\">\n<p data-start=\"118\" data-end=\"206\">Sjajne srebrne \u0161ljokice razasute po mekoj bijeloj mre\u017eici s efektom svjetlucave disko kugle<\/p>\n<\/li>\n<li data-start=\"207\" data-end=\"294\">\n<p data-start=\"209\" data-end=\"294\">Trokutasti bralette i odgovaraju\u0107e ga\u0107ice s potpuno podesivim naramenicama za savr\u0161eno pristajanje<\/p>\n<\/li>\n<li data-start=\"295\" data-end=\"377\">\n<p data-start=\"297\" data-end=\"377\">Razigrani svjetlucavi lan\u010di\u0107i, set je potpuno podstavljen za udobnost i suptilnu neprozirnost<\/p>\n<\/li>\n<\/ul>","protected":false},"featured_media":855,"comment_status":"open","ping_status":"closed","template":"","meta":{"inline_featured_image":false,"_uag_custom_page_level_css":"","site-sidebar-layout":"default","site-content-layout":"","ast-site-content-layout":"default","site-content-style":"default","site-sidebar-style":"default","ast-global-header-display":"","ast-banner-title-visibility":"","ast-main-header-display":"","ast-hfb-above-header-display":"","ast-hfb-below-header-display":"","ast-hfb-mobile-header-display":"","site-post-title":"","ast-breadcrumbs-content":"","ast-featured-img":"","footer-sml-layout":"","ast-disable-related-posts":"","theme-transparent-header-meta":"default","adv-header-id-meta":"","stick-header-meta":"","header-above-stick-meta":"","header-main-stick-meta":"","header-below-stick-meta":"","astra-migrate-meta-layouts":"set","ast-page-background-enabled":"default","ast-page-background-meta":{"desktop":{"background-color":"var(--ast-global-color-4)","background-image":"","background-repeat":"repeat","background-position":"center center","background-size":"auto","background-attachment":"scroll","background-type":"","background-media":"","overlay-type":"","overlay-color":"","overlay-opacity":"","overlay-gradient":""},"tablet":{"background-color":"","background-image":"","background-repeat":"repeat","background-position":"center center","background-size":"auto","background-attachment":"scroll","background-type":"","background-media":"","overlay-type":"","overlay-color":"","overlay-opacity":"","overlay-gradient":""},"mobile":{"background-color":"","background-image":"","background-repeat":"repeat","background-position":"center center","background-size":"auto","background-attachment":"scroll","background-type":"","background-media":"","overlay-type":"","overlay-color":"","overlay-opacity":"","overlay-gradient":""}},"ast-content-background-meta":{"desktop":{"background-color":"var(--ast-global-color-5)","background-image":"","background-repeat":"repeat","background-position":"center center","background-size":"auto","background-attachment":"scroll","background-type":"","background-media":"","overlay-type":"","overlay-color":"","overlay-opacity":"","overlay-gradient":""},"tablet":{"background-color":"var(--ast-global-color-5)","background-image":"","background-repeat":"repeat","background-position":"center center","background-size":"auto","background-attachment":"scroll","background-type":"","background-media":"","overlay-type":"","overlay-color":"","overlay-opacity":"","overlay-gradient":""},"mobile":{"background-color":"var(--ast-global-color-5)","background-image":"","background-repeat":"repeat","background-position":"center center","background-size":"auto","background-attachment":"scroll","background-type":"","background-media":"","overlay-type":"","overlay-color":"","overlay-opacity":"","overlay-gradient":""}}},"product_brand":[38],"product_cat":[26],"product_tag":[98,97,95,93,37,56],"class_list":{"0":"post-851","1":"product","2":"type-product","3":"status-publish","4":"has-post-thumbnail","6":"product_brand-shobain","7":"product_cat-lingerie-sets","8":"product_tag-adjustable","9":"product_tag-brief","10":"product_tag-chain","11":"product_tag-glitter","12":"product_tag-triangle-bralette","13":"product_tag-white","14":"desktop-align-center","15":"tablet-align-center","16":"mobile-align-center","18":"first","19":"instock","20":"sold-individually","21":"shipping-taxable","22":"purchasable","23":"product-type-simple"},"aioseo_notices":[],"uagb_featured_image_src":{"full":["https:\/\/shobain.com\/wp-content\/uploads\/2025\/06\/disco-glam-set-model.jpg",1378,1722,false],"thumbnail":["https:\/\/shobain.com\/wp-content\/uploads\/2025\/06\/disco-glam-set-model-150x150.jpg",150,150,true],"medium":["https:\/\/shobain.com\/wp-content\/uploads\/2025\/06\/disco-glam-set-model-240x300.jpg",240,300,true],"medium_large":["https:\/\/shobain.com\/wp-content\/uploads\/2025\/06\/disco-glam-set-model-768x960.jpg",768,960,true],"large":["https:\/\/shobain.com\/wp-content\/uploads\/2025\/06\/disco-glam-set-model-819x1024.jpg",819,1024,true],"1536x1536":["https:\/\/shobain.com\/wp-content\/uploads\/2025\/06\/disco-glam-set-model-1229x1536.jpg",1229,1536,true],"2048x2048":["https:\/\/shobain.com\/wp-content\/uploads\/2025\/06\/disco-glam-set-model.jpg",1378,1722,false],"trp-custom-language-flag":["https:\/\/shobain.com\/wp-content\/uploads\/2025\/06\/disco-glam-set-model.jpg",10,12,false],"mailpoet_newsletter_max":["https:\/\/shobain.com\/wp-content\/uploads\/2025\/06\/disco-glam-set-model.jpg",1320,1650,false],"woocommerce_thumbnail":["https:\/\/shobain.com\/wp-content\/uploads\/2025\/06\/disco-glam-set-model-300x375.jpg",300,375,true],"woocommerce_single":["https:\/\/shobain.com\/wp-content\/uploads\/2025\/06\/disco-glam-set-model-600x750.jpg",600,750,true],"woocommerce_gallery_thumbnail":["https:\/\/shobain.com\/wp-content\/uploads\/2025\/06\/disco-glam-set-model-100x100.jpg",100,100,true]},"uagb_author_info":{"display_name":"Laura Roman","author_link":"https:\/\/shobain.com\/hr\/author\/"},"uagb_comment_info":0,"uagb_excerpt":"Get ready to shimmer and shake in the Disco Glam Set \u2014 with sparkling paillettes, chain details, and fully adjustable straps, it's your ticket to a night you won\u2019t forget. Ready to ship now! Key Features: Shiny silver paillettes scattered on soft white mesh with a shimmering disco ball vibe Triangle bralette and matching panty&hellip;","_links":{"self":[{"href":"https:\/\/shobain.com\/hr\/wp-json\/wp\/v2\/product\/851","targetHints":{"allow":["GET"]}}],"collection":[{"href":"https:\/\/shobain.com\/hr\/wp-json\/wp\/v2\/product"}],"about":[{"href":"https:\/\/shobain.com\/hr\/wp-json\/wp\/v2\/types\/product"}],"replies":[{"embeddable":true,"href":"https:\/\/shobain.com\/hr\/wp-json\/wp\/v2\/comments?post=851"}],"wp:featuredmedia":[{"embeddable":true,"href":"https:\/\/shobain.com\/hr\/wp-json\/wp\/v2\/media\/855"}],"wp:attachment":[{"href":"https:\/\/shobain.com\/hr\/wp-json\/wp\/v2\/media?parent=851"}],"wp:term":[{"taxonomy":"product_brand","embeddable":true,"href":"https:\/\/shobain.com\/hr\/wp-json\/wp\/v2\/product_brand?post=851"},{"taxonomy":"product_cat","embeddable":true,"href":"https:\/\/shobain.com\/hr\/wp-json\/wp\/v2\/product_cat?post=851"},{"taxonomy":"product_tag","embeddable":true,"href":"https:\/\/shobain.com\/hr\/wp-json\/wp\/v2\/product_tag?post=851"}],"curies":[{"name":"wp","href":"https:\/\/api.w.org\/{rel}","templated":true}]}}