{"id":861,"date":"2025-06-24T20:31:23","date_gmt":"2025-06-24T18:31:23","guid":{"rendered":"https:\/\/orchid-weasel-405112.hostingersite.com\/?post_type=product&#038;p=861"},"modified":"2025-12-02T16:13:47","modified_gmt":"2025-12-02T14:13:47","slug":"dark-forest-set","status":"publish","type":"product","link":"https:\/\/shobain.com\/hr\/proizvod\/dark-forest-set\/","title":{"rendered":"Dark Forest Set"},"content":{"rendered":"<p data-start=\"469\" data-end=\"548\"><strong data-start=\"469\" data-end=\"548\">Cvjetno donje rublje za ljubitelje crne boje: Dark Forest set  izra\u0111en je za vas!<\/strong><\/p>\n<p data-start=\"550\" data-end=\"986\">The Dark Forest set je prekrasno slavlje prolje\u0107a, kreirano za one koji vi\u0161e vole crnu boju od pastelnih boja. Set se sastoji od bralette-a sa trokutastim ko\u0161aricama, koji je u potpunosti podesiv te ga\u0107ica koje se tako\u0111er mogu pode\u0161avati na bokovima.<\/p>\n<p data-start=\"988\" data-end=\"1281\">Svi komadi u setu su podstavljeni mekanim crnim pamu\u010dnim jersey-om \u0161to set \u010dini neprozirnim i osigurava udobnost prilikom no\u0161enja. Ovaj set je stoga pogodan za udobno svakodnevno no\u0161enje.  Stra\u017enja strana ga\u0107ica izra\u0111ena je od mekane crne mre\u017eice sa svilenkastim dodirom, daju\u0107i dozu eroti\u010dnosti ovom senzualnom svakodnevnom setu.<\/p>\n<p>Vezena \u010dipka: 100% poliester<\/p>\n<p>Oeko-Tex pamu\u010dni jersey: 94% pamuk, 6% elastan<\/p>","protected":false},"excerpt":{"rendered":"<p data-start=\"189\" data-end=\"432\">Sanjiva proslava prolje\u0107a za ljubitelje crne boje: Dark Forest set je izra\u0111en i spreman za dostavu. Odaberite svoju veli\u010dinu i ovaj zanosni proljetni set odmah kre\u0107e na svoj put do vas!<\/p>\n<p data-start=\"92\" data-end=\"111\"><strong data-start=\"92\" data-end=\"109\">Karakteristike:<\/strong><\/p>\n<ul data-start=\"112\" data-end=\"400\">\n<li data-start=\"112\" data-end=\"230\">\n<p data-start=\"114\" data-end=\"230\">Nje\u017ean cvjetni vez na crnom tilu, potpuno podstavljen Oeko-Tex\u00ae pamu\u010dnim jersey-om za udobnost i suptilnu neprozirnost<\/p>\n<\/li>\n<li data-start=\"231\" data-end=\"310\">\n<p data-start=\"233\" data-end=\"310\">Bralette s podesivim naramenicama za udobnost no\u0161enja<\/p>\n<\/li>\n<li data-start=\"311\" data-end=\"400\">\n<p data-start=\"313\" data-end=\"400\">Ga\u0107ice s podesivim naramenicama i prozirnom mekom mre\u017eastom stra\u017enjom stranom za senzualan look<\/p>\n<\/li>\n<\/ul>","protected":false},"featured_media":1866,"comment_status":"open","ping_status":"closed","template":"","meta":{"inline_featured_image":false,"_uag_custom_page_level_css":"","site-sidebar-layout":"default","site-content-layout":"","ast-site-content-layout":"default","site-content-style":"default","site-sidebar-style":"default","ast-global-header-display":"","ast-banner-title-visibility":"","ast-main-header-display":"","ast-hfb-above-header-display":"","ast-hfb-below-header-display":"","ast-hfb-mobile-header-display":"","site-post-title":"","ast-breadcrumbs-content":"","ast-featured-img":"","footer-sml-layout":"","ast-disable-related-posts":"","theme-transparent-header-meta":"default","adv-header-id-meta":"","stick-header-meta":"","header-above-stick-meta":"","header-main-stick-meta":"","header-below-stick-meta":"","astra-migrate-meta-layouts":"set","ast-page-background-enabled":"default","ast-page-background-meta":{"desktop":{"background-color":"var(--ast-global-color-4)","background-image":"","background-repeat":"repeat","background-position":"center center","background-size":"auto","background-attachment":"scroll","background-type":"","background-media":"","overlay-type":"","overlay-color":"","overlay-opacity":"","overlay-gradient":""},"tablet":{"background-color":"","background-image":"","background-repeat":"repeat","background-position":"center center","background-size":"auto","background-attachment":"scroll","background-type":"","background-media":"","overlay-type":"","overlay-color":"","overlay-opacity":"","overlay-gradient":""},"mobile":{"background-color":"","background-image":"","background-repeat":"repeat","background-position":"center center","background-size":"auto","background-attachment":"scroll","background-type":"","background-media":"","overlay-type":"","overlay-color":"","overlay-opacity":"","overlay-gradient":""}},"ast-content-background-meta":{"desktop":{"background-color":"var(--ast-global-color-5)","background-image":"","background-repeat":"repeat","background-position":"center center","background-size":"auto","background-attachment":"scroll","background-type":"","background-media":"","overlay-type":"","overlay-color":"","overlay-opacity":"","overlay-gradient":""},"tablet":{"background-color":"var(--ast-global-color-5)","background-image":"","background-repeat":"repeat","background-position":"center center","background-size":"auto","background-attachment":"scroll","background-type":"","background-media":"","overlay-type":"","overlay-color":"","overlay-opacity":"","overlay-gradient":""},"mobile":{"background-color":"var(--ast-global-color-5)","background-image":"","background-repeat":"repeat","background-position":"center center","background-size":"auto","background-attachment":"scroll","background-type":"","background-media":"","overlay-type":"","overlay-color":"","overlay-opacity":"","overlay-gradient":""}}},"product_brand":[38],"product_cat":[26],"product_tag":[59,57,52,37],"class_list":{"0":"post-861","1":"product","2":"type-product","3":"status-publish","4":"has-post-thumbnail","6":"product_brand-shobain","7":"product_cat-lingerie-sets","8":"product_tag-black","9":"product_tag-embroidered-lace","10":"product_tag-mesh","11":"product_tag-triangle-bralette","12":"desktop-align-center","13":"tablet-align-center","14":"mobile-align-center","16":"first","17":"instock","18":"shipping-taxable","19":"purchasable","20":"product-type-simple"},"aioseo_notices":[],"uagb_featured_image_src":{"full":["https:\/\/shobain.com\/wp-content\/uploads\/2025\/06\/591842371_873000795079629_9088369335514944011_n.jpg",1365,2048,false],"thumbnail":["https:\/\/shobain.com\/wp-content\/uploads\/2025\/06\/591842371_873000795079629_9088369335514944011_n-150x150.jpg",150,150,true],"medium":["https:\/\/shobain.com\/wp-content\/uploads\/2025\/06\/591842371_873000795079629_9088369335514944011_n-200x300.jpg",200,300,true],"medium_large":["https:\/\/shobain.com\/wp-content\/uploads\/2025\/06\/591842371_873000795079629_9088369335514944011_n-768x1152.jpg",768,1152,true],"large":["https:\/\/shobain.com\/wp-content\/uploads\/2025\/06\/591842371_873000795079629_9088369335514944011_n-683x1024.jpg",683,1024,true],"1536x1536":["https:\/\/shobain.com\/wp-content\/uploads\/2025\/06\/591842371_873000795079629_9088369335514944011_n-1024x1536.jpg",1024,1536,true],"2048x2048":["https:\/\/shobain.com\/wp-content\/uploads\/2025\/06\/591842371_873000795079629_9088369335514944011_n.jpg",1365,2048,false],"trp-custom-language-flag":["https:\/\/shobain.com\/wp-content\/uploads\/2025\/06\/591842371_873000795079629_9088369335514944011_n-8x12.jpg",8,12,true],"mailpoet_newsletter_max":["https:\/\/shobain.com\/wp-content\/uploads\/2025\/06\/591842371_873000795079629_9088369335514944011_n-1320x1980.jpg",1320,1980,true],"woocommerce_thumbnail":["https:\/\/shobain.com\/wp-content\/uploads\/2025\/06\/591842371_873000795079629_9088369335514944011_n-300x375.jpg",300,375,true],"woocommerce_single":["https:\/\/shobain.com\/wp-content\/uploads\/2025\/06\/591842371_873000795079629_9088369335514944011_n-600x900.jpg",600,900,true],"woocommerce_gallery_thumbnail":["https:\/\/shobain.com\/wp-content\/uploads\/2025\/06\/591842371_873000795079629_9088369335514944011_n-100x100.jpg",100,100,true]},"uagb_author_info":{"display_name":"Laura Roman","author_link":"https:\/\/shobain.com\/hr\/author\/"},"uagb_comment_info":0,"uagb_excerpt":"Floral embroidery meets dark allure in the Dark Forest Set \u2014 a dreamy celebration of spring for lovers of black. Lined with soft cotton jersey for comfort and finished with adjustable straps for a perfect fit. Ready to ship and uniquely yours. Key Features: Delicate floral embroidery on black tulle, fully lined with Oeko-Tex\u00ae cotton&hellip;","_links":{"self":[{"href":"https:\/\/shobain.com\/hr\/wp-json\/wp\/v2\/product\/861","targetHints":{"allow":["GET"]}}],"collection":[{"href":"https:\/\/shobain.com\/hr\/wp-json\/wp\/v2\/product"}],"about":[{"href":"https:\/\/shobain.com\/hr\/wp-json\/wp\/v2\/types\/product"}],"replies":[{"embeddable":true,"href":"https:\/\/shobain.com\/hr\/wp-json\/wp\/v2\/comments?post=861"}],"wp:featuredmedia":[{"embeddable":true,"href":"https:\/\/shobain.com\/hr\/wp-json\/wp\/v2\/media\/1866"}],"wp:attachment":[{"href":"https:\/\/shobain.com\/hr\/wp-json\/wp\/v2\/media?parent=861"}],"wp:term":[{"taxonomy":"product_brand","embeddable":true,"href":"https:\/\/shobain.com\/hr\/wp-json\/wp\/v2\/product_brand?post=861"},{"taxonomy":"product_cat","embeddable":true,"href":"https:\/\/shobain.com\/hr\/wp-json\/wp\/v2\/product_cat?post=861"},{"taxonomy":"product_tag","embeddable":true,"href":"https:\/\/shobain.com\/hr\/wp-json\/wp\/v2\/product_tag?post=861"}],"curies":[{"name":"wp","href":"https:\/\/api.w.org\/{rel}","templated":true}]}}